{"id":3535,"date":"2023-01-25T11:34:29","date_gmt":"2023-01-25T11:34:29","guid":{"rendered":"http:\/\/www.blackrocklaw.com\/?page_id=3535"},"modified":"2023-10-11T09:50:04","modified_gmt":"2023-10-11T09:50:04","slug":"accidentes-de-gasolineras","status":"publish","type":"page","link":"https:\/\/www.personalinjury.blackrocklaw.com\/es\/accidentes-de-gasolineras\/","title":{"rendered":"Accidentes de Gasolineras"},"content":{"rendered":"<p>[vc_row][vc_column][vc_single_image image=\u00bb3564&#8243; img_size=\u00bbfull\u00bb][vc_custom_heading text=\u00bbAbogados de Accidentes de Gasolineras\u00bb font_container=\u00bbtag:h1|font_size:45|text_align:left\u00bb use_theme_fonts=\u00bbyes\u00bb][vc_column_text]Debido a la comodidad, los suministros y la necesidad de gasolina, sobre todo si usted tiene coche, es casi inevitable acudir a las gasolineras. Las gasolineras, aunque convenientes, pueden ser muy peligrosas debido a la naturaleza del entorno. Adem\u00e1s, la mayor\u00eda de las gasolineras est\u00e1n abiertas casi toda la noche y pueden abarrotarse muy f\u00e1cilmente debido a la popularidad de estos negocios, que puede causar condiciones inseguras. Esto puede ser debido a los productos qu\u00edmicos que son frecuentes en el gas, baches, mala iluminaci\u00f3n, derrames de petr\u00f3leo y gas, equipos rotos, y otros peligros.<\/p>\n<p><strong><u>Estos son algunos ejemplos del tipo de lesiones que pueden producirse:<\/u><\/strong><\/p>\n<ul>\n<li>Lesiones en la espalda, el cuello o la columna vertebral<\/li>\n<li>Fracturas \u00f3seas, por ejemplo en brazos o piernas<\/li>\n<li>Quemaduras<\/li>\n<li>Conmociones cerebrales u otras lesiones en la cabeza<\/li>\n<li>Hombro da\u00f1ado o dislocado<\/li>\n<li>Da\u00f1os dentales<\/li>\n<li>Desfiguraci\u00f3n<\/li>\n<li>Lesiones de cadera<\/li>\n<li>Inhalaci\u00f3n de humos t\u00f3xicos<\/li>\n<li>Da\u00f1os pulmonares<\/li>\n<li>Lesiones de tejidos blandos, incluidas laceraciones<\/li>\n<li>Esguince de tobillo<\/li>\n<li>Inhalaci\u00f3n de humo<\/li>\n<li>Esguince\/desgarro de ligamentos<\/li>\n<li>Lesiones traum\u00e1ticas en la cabeza<\/li>\n<li>Lesiones oculares traum\u00e1ticas<\/li>\n<\/ul>\n<p>Estos son s\u00f3lo algunos de los problemas a los que debe enfrentarse y que pueden hacerle dudar:<\/p>\n<p>o \u00bfQui\u00e9n puede ayudarme?<br \/>\n<strong>R: Podemos ayudar inmediatamente<\/strong><\/p>\n<p>o \u00bfCon qu\u00e9 rapidez puedo recibir ayuda?<br \/>\n<strong>R: Inmediatamente. Ll\u00e1menos ahora. Estamos 24 horas al d\u00eda, 7 d\u00edas a la semana.<\/strong><\/p>\n<p>o \u00bfC\u00f3mo puedo recibir tratamiento m\u00e9dico para mi hijo o para m\u00ed?<br \/>\n<strong>R: Inmediatamente, pero ll\u00e1menos para explicarlo<\/strong>.<\/p>\n<p>o \u00bfCu\u00e1nto costar\u00e1 contratar a un abogado?<br \/>\n<strong>R: No hay costo por adelantado.<\/strong>[\/vc_column_text][vc_empty_space height=\u00bb70px\u00bb hide_on_mobile=\u00bb\u00bb][vc_custom_heading text=\u00bbSiga estos 3 pasos:\u00bb font_container=\u00bbtag:h2|font_size:45|text_align:left\u00bb use_theme_fonts=\u00bbyes\u00bb][vc_custom_heading text=\u00bbPASO #1: ACTUAR INMEDIATAMENTE\u00bb font_container=\u00bbtag:h3|font_size:45px|text_align:left\u00bb use_theme_fonts=\u00bbyes\u00bb][vc_column_text]<\/p>\n<ol>\n<li>P\u00f3ngase en contacto con nosotros, 24\/7, para una consulta gratuita de Accidentes de Gasolineras garantizada con el abogado de lesiones personales de la firma.<\/li>\n<li>Le garantizamos que en su primera consulta con el abogado de lesiones personales de la firma le explicaremos todo el proceso de manejo de su caso de Accidente de Gasolineras y responderemos a todas sus preguntas.<\/li>\n<li>Se garantiza que la consulta ser\u00e1 programada inmediatamente con nuestro abogado de lesiones personales para discutir su Lesi\u00f3n de Gasolineras (sin costo alguno).<\/li>\n<li>Ofrecemos consultas por tel\u00e9fono, en la oficina de la firma, en su casa, en el hospital o en cualquier otro lugar conveniente.<\/li>\n<li><strong><u>Haga clic aqu\u00ed<\/u><\/strong> para obtener respuestas detalladas a las preguntas m\u00e1s frecuentes relacionadas con los Accidentes de Gasolineras.<\/li>\n<\/ol>\n<p>[\/vc_column_text][vc_empty_space height=\u00bb70px\u00bb hide_on_mobile=\u00bb\u00bb][vc_custom_heading text=\u00bbPASO #2: LO QUE NECESITA SABER\u00bb font_container=\u00bbtag:h3|font_size:40px|text_align:left\u00bb use_theme_fonts=\u00bbyes\u00bb][vc_column_text]<\/p>\n<ol>\n<li>Es fundamental tomar fotos de su lesi\u00f3n en el Gasolineras y tratar de obtener las declaraciones de los testigos para asegurarnos de preservar las pruebas que causaron la lesi\u00f3n. Junto con eso, usted necesita reportar el incidente al due\u00f1o de la Gasolinera.<\/li>\n<li>Hay que presentar inmediatamente una reclamaci\u00f3n al seguro de Responsabilidad Civil General para preservar tus derechos.<\/li>\n<li>Tenemos que solicitar inmediatamente cualquier v\u00eddeo que pueda haber grabado el incidente.<\/li>\n<li>Casi todos los negocios y propiedades comerciales tienen una cobertura de Responsabilidad General que cubre este tipo de reclamaciones. Por lo general, se ve al menos $ 1,000,000.00 en la cobertura disponible para las reclamaciones de lesiones personales.<\/li>\n<li>Aunque no tengas seguro m\u00e9dico, puedes ser atendido por un m\u00e9dico cualificado a trav\u00e9s de lo que se llama \u00abCarta de Protecci\u00f3n\u00bb.<\/li>\n<li>Aunque el plazo de prescripci\u00f3n para presentar una demanda es de dos (2) a\u00f1os a partir de la fecha de la lesi\u00f3n, puedes perjudicar tu reclamaci\u00f3n si no recibes inmediatamente tratamiento m\u00e9dico para tu lesi\u00f3n o si tienes lagunas en el tratamiento.<\/li>\n<li>Usted no paga ning\u00fan dinero por adelantado para retenernos como su abogado de lesiones personales por Accidentes de Gasolineras. Usted s\u00f3lo paga si recibe una indemnizaci\u00f3n en el momento de la resoluci\u00f3n del caso.<\/li>\n<li>Una vez que usted termina el tratamiento m\u00e9dico de sus lesiones, valoramos su caso y presentamos un acuerdo de conciliaci\u00f3n exhaustiva previa a la demanda.<\/li>\n<li>Si la compa\u00f1\u00eda de seguros no hace una oferta justa y razonable, entonces presentaremos una demanda.<\/li>\n<li>Sin coste alguno, le ayudaremos a coordinar la reparaci\u00f3n o sustituci\u00f3n de sus bienes personales.<\/li>\n<\/ol>\n<p>[\/vc_column_text][vc_empty_space height=\u00bb70px\u00bb hide_on_mobile=\u00bb\u00bb][vc_custom_heading text=\u00bbPASO #3: DA\u00d1OS Y PERJUICIOS QUE PUEDE TENER DERECHO A RECUPERAR\u00bb font_container=\u00bbtag:h3|font_size:40px|text_align:left\u00bb use_theme_fonts=\u00bbyes\u00bb][vc_column_text]<\/p>\n<ol>\n<li>El pago de las facturas y costes actuales y futuros de los proveedores m\u00e9dicos<\/li>\n<li>Tratamiento de atenci\u00f3n m\u00e9dica futura<\/li>\n<li>Salarios de p\u00e9rdidas pasadas, presentes y futuras<\/li>\n<li>Da\u00f1os materiales y personales<\/li>\n<li>Dolor y sufrimiento f\u00edsico<\/li>\n<li>Dolor y sufrimiento emocional<\/li>\n<li>Da\u00f1os punitivos (en circunstancias especiales)<\/li>\n<li>P\u00e9rdida de consorcio<\/li>\n<li>Otros da\u00f1os permitidos por la ley<\/li>\n<\/ol>\n<p>[\/vc_column_text][vc_column_text]<\/p>\n<p class=\"spphone_big\"><a href=\"tel:18003467752\"><strong><span style=\"font-size: 36pt;\">1 800 346 7752<\/span><\/strong><\/a><\/p>\n<p>[\/vc_column_text][\/vc_column][\/vc_row]<\/p>\n","protected":false},"excerpt":{"rendered":"<p>[vc_row][vc_column][vc_single_image image=\u00bb3564&#8243; img_size=\u00bbfull\u00bb][vc_custom_heading text=\u00bbAbogados de Accidentes de Gasolineras\u00bb font_container=\u00bbtag:h1|font_size:45|text_align:left\u00bb use_theme_fonts=\u00bbyes\u00bb][vc_column_text]Debido a la comodidad, los suministros y la necesidad de gasolina, sobre todo si usted tiene coche, es casi inevitable acudir a las gasolineras. Las gasolineras, aunque convenientes, pueden ser muy peligrosas debido a la naturaleza&hellip;<\/p>\n","protected":false},"author":1,"featured_media":0,"parent":0,"menu_order":0,"comment_status":"closed","ping_status":"closed","template":"","meta":{"footnotes":""},"class_list":["post-3535","page","type-page","status-publish","hentry"],"yoast_head":"<!-- This site is optimized with the Yoast SEO Premium plugin v25.3 (Yoast SEO v27.4) - https:\/\/yoast.com\/product\/yoast-seo-premium-wordpress\/ -->\n<title>Abogados de Accidentes de Gasolineras - Black Rock Trial Lawyers<\/title>\n<meta name=\"description\" content=\"\u00bfBusca ayuda experta en caso de accidente en una gasolinera? Nuestros abogados pueden ayudarle a recuperar las p\u00e9rdidas causadas por accidentes en gasolineras.\" \/>\n<meta name=\"robots\" content=\"index, follow, max-snippet:-1, max-image-preview:large, max-video-preview:-1\" \/>\n<link rel=\"canonical\" href=\"https:\/\/www.personalinjury.blackrocklaw.com\/es\/gas-station-accidents\/\" \/>\n<meta property=\"og:locale\" content=\"es_ES\" \/>\n<meta property=\"og:type\" content=\"article\" \/>\n<meta property=\"og:title\" content=\"Accidentes de Gasolineras\" \/>\n<meta property=\"og:description\" content=\"\u00bfBusca ayuda experta en caso de accidente en una gasolinera? Nuestros abogados pueden ayudarle a recuperar las p\u00e9rdidas causadas por accidentes en gasolineras.\" \/>\n<meta property=\"og:url\" content=\"https:\/\/www.personalinjury.blackrocklaw.com\/gas-station-accidents\/\" \/>\n<meta property=\"og:site_name\" content=\"Black Rock Trial Lawyers\" \/>\n<meta property=\"article:publisher\" content=\"https:\/\/www.facebook.com\/blackrocklaw\" \/>\n<meta property=\"article:modified_time\" content=\"2023-10-11T09:50:04+00:00\" \/>\n<meta name=\"twitter:card\" content=\"summary_large_image\" \/>\n<meta name=\"twitter:site\" content=\"@BlackRockLaw\" \/>\n<meta name=\"twitter:label1\" content=\"Tiempo de lectura\" \/>\n\t<meta name=\"twitter:data1\" content=\"5 minutos\" \/>\n<script type=\"application\/ld+json\" class=\"yoast-schema-graph\">{\"@context\":\"https:\\\/\\\/schema.org\",\"@graph\":[{\"@type\":\"WebPage\",\"@id\":\"https:\\\/\\\/www.personalinjury.blackrocklaw.com\\\/gas-station-accidents\\\/\",\"url\":\"https:\\\/\\\/www.personalinjury.blackrocklaw.com\\\/gas-station-accidents\\\/\",\"name\":\"Abogados de Accidentes de Gasolineras - Black Rock Trial Lawyers\",\"isPartOf\":{\"@id\":\"https:\\\/\\\/www.personalinjury.blackrocklaw.com\\\/#website\"},\"datePublished\":\"2023-01-25T11:34:29+00:00\",\"dateModified\":\"2023-10-11T09:50:04+00:00\",\"description\":\"\u00bfBusca ayuda experta en caso de accidente en una gasolinera? Nuestros abogados pueden ayudarle a recuperar las p\u00e9rdidas causadas por accidentes en gasolineras.\",\"breadcrumb\":{\"@id\":\"https:\\\/\\\/www.personalinjury.blackrocklaw.com\\\/gas-station-accidents\\\/#breadcrumb\"},\"inLanguage\":\"es\",\"potentialAction\":[{\"@type\":\"ReadAction\",\"target\":[\"https:\\\/\\\/www.personalinjury.blackrocklaw.com\\\/gas-station-accidents\\\/\"]}]},{\"@type\":\"BreadcrumbList\",\"@id\":\"https:\\\/\\\/www.personalinjury.blackrocklaw.com\\\/gas-station-accidents\\\/#breadcrumb\",\"itemListElement\":[{\"@type\":\"ListItem\",\"position\":1,\"name\":\"Home\",\"item\":\"https:\\\/\\\/www.personalinjury.blackrocklaw.com\\\/es\\\/\"},{\"@type\":\"ListItem\",\"position\":2,\"name\":\"Accidentes de Gasolineras\"}]},{\"@type\":\"WebSite\",\"@id\":\"https:\\\/\\\/www.personalinjury.blackrocklaw.com\\\/#website\",\"url\":\"https:\\\/\\\/www.personalinjury.blackrocklaw.com\\\/\",\"name\":\"Black Rock Trial Lawyers\",\"description\":\"Lawyers Attorneys WordPress Theme\",\"publisher\":{\"@id\":\"https:\\\/\\\/www.personalinjury.blackrocklaw.com\\\/#organization\"},\"potentialAction\":[{\"@type\":\"SearchAction\",\"target\":{\"@type\":\"EntryPoint\",\"urlTemplate\":\"https:\\\/\\\/www.personalinjury.blackrocklaw.com\\\/?s={search_term_string}\"},\"query-input\":{\"@type\":\"PropertyValueSpecification\",\"valueRequired\":true,\"valueName\":\"search_term_string\"}}],\"inLanguage\":\"es\"},{\"@type\":[\"Organization\",\"Place\",\"LegalService\"],\"@id\":\"https:\\\/\\\/www.personalinjury.blackrocklaw.com\\\/#organization\",\"name\":\"Black Rock Trial Lawyers\",\"url\":\"https:\\\/\\\/www.personalinjury.blackrocklaw.com\\\/\",\"logo\":{\"@id\":\"https:\\\/\\\/www.personalinjury.blackrocklaw.com\\\/gas-station-accidents\\\/#local-main-organization-logo\"},\"image\":{\"@id\":\"https:\\\/\\\/www.personalinjury.blackrocklaw.com\\\/gas-station-accidents\\\/#local-main-organization-logo\"},\"sameAs\":[\"https:\\\/\\\/www.facebook.com\\\/blackrocklaw\",\"https:\\\/\\\/x.com\\\/BlackRockLaw\",\"https:\\\/\\\/www.linkedin.com\\\/company\\\/black-rock-trial-lawyers-llc\\\/\",\"https:\\\/\\\/www.instagram.com\\\/blackrocklaw\\\/\",\"https:\\\/\\\/www.youtube.com\\\/channel\\\/UCSHAjhgiXY976HZbWUmYkZg\"],\"description\":\"Black Rock Trial Lawyers will not settle for anything less than the maximum compensation that you deserve and as allowed by law.\",\"legalName\":\"Black Rock Trial Lawyers\",\"address\":{\"@id\":\"https:\\\/\\\/www.personalinjury.blackrocklaw.com\\\/gas-station-accidents\\\/#local-main-place-address\"},\"geo\":{\"@type\":\"GeoCoordinates\",\"latitude\":\"27.943170\",\"longitude\":\"-82.482250\"},\"telephone\":[\"1 (800) 346-7752\"],\"openingHoursSpecification\":{\"@type\":\"OpeningHoursSpecification\",\"dayOfWeek\":[\"Monday\",\"Tuesday\",\"Wednesday\",\"Thursday\",\"Friday\",\"Saturday\",\"Sunday\"],\"opens\":\"00:00\",\"closes\":\"23:59\"},\"email\":\"info@blackrocklaw.com\",\"faxNumber\":\"(813) 254-1777\",\"areaServed\":\"Florida\",\"priceRange\":\"$\",\"currenciesAccepted\":\"Doller\",\"paymentAccepted\":\"All\"},{\"@type\":\"PostalAddress\",\"@id\":\"https:\\\/\\\/www.personalinjury.blackrocklaw.com\\\/gas-station-accidents\\\/#local-main-place-address\",\"streetAddress\":\"201 S. Westland Ave., Tampa, FL 33606\",\"addressLocality\":\"Tampa\",\"postalCode\":\"33606\",\"addressRegion\":\"Florida\",\"addressCountry\":\"US\"},{\"@type\":\"ImageObject\",\"inLanguage\":\"es\",\"@id\":\"https:\\\/\\\/www.personalinjury.blackrocklaw.com\\\/gas-station-accidents\\\/#local-main-organization-logo\",\"url\":\"https:\\\/\\\/www.personalinjury.blackrocklaw.com\\\/wp-content\\\/uploads\\\/2017\\\/02\\\/BlackRockLogoBlack.png\",\"contentUrl\":\"https:\\\/\\\/www.personalinjury.blackrocklaw.com\\\/wp-content\\\/uploads\\\/2017\\\/02\\\/BlackRockLogoBlack.png\",\"width\":5105,\"height\":1024,\"caption\":\"Black Rock Trial Lawyers\"}]}<\/script>\n<meta name=\"geo.placename\" content=\"Tampa\" \/>\n<meta name=\"geo.position\" content=\"27.943170;-82.482250\" \/>\n<meta name=\"geo.region\" content=\"Estados Unidos (EEUU)\" \/>\n<!-- \/ Yoast SEO Premium plugin. -->","yoast_head_json":{"title":"Abogados de Accidentes de Gasolineras - Black Rock Trial Lawyers","description":"\u00bfBusca ayuda experta en caso de accidente en una gasolinera? Nuestros abogados pueden ayudarle a recuperar las p\u00e9rdidas causadas por accidentes en gasolineras.","robots":{"index":"index","follow":"follow","max-snippet":"max-snippet:-1","max-image-preview":"max-image-preview:large","max-video-preview":"max-video-preview:-1"},"canonical":"https:\/\/www.personalinjury.blackrocklaw.com\/es\/gas-station-accidents\/","og_locale":"es_ES","og_type":"article","og_title":"Accidentes de Gasolineras","og_description":"\u00bfBusca ayuda experta en caso de accidente en una gasolinera? Nuestros abogados pueden ayudarle a recuperar las p\u00e9rdidas causadas por accidentes en gasolineras.","og_url":"https:\/\/www.personalinjury.blackrocklaw.com\/gas-station-accidents\/","og_site_name":"Black Rock Trial Lawyers","article_publisher":"https:\/\/www.facebook.com\/blackrocklaw","article_modified_time":"2023-10-11T09:50:04+00:00","twitter_card":"summary_large_image","twitter_site":"@BlackRockLaw","twitter_misc":{"Tiempo de lectura":"5 minutos"},"schema":{"@context":"https:\/\/schema.org","@graph":[{"@type":"WebPage","@id":"https:\/\/www.personalinjury.blackrocklaw.com\/gas-station-accidents\/","url":"https:\/\/www.personalinjury.blackrocklaw.com\/gas-station-accidents\/","name":"Abogados de Accidentes de Gasolineras - Black Rock Trial Lawyers","isPartOf":{"@id":"https:\/\/www.personalinjury.blackrocklaw.com\/#website"},"datePublished":"2023-01-25T11:34:29+00:00","dateModified":"2023-10-11T09:50:04+00:00","description":"\u00bfBusca ayuda experta en caso de accidente en una gasolinera? Nuestros abogados pueden ayudarle a recuperar las p\u00e9rdidas causadas por accidentes en gasolineras.","breadcrumb":{"@id":"https:\/\/www.personalinjury.blackrocklaw.com\/gas-station-accidents\/#breadcrumb"},"inLanguage":"es","potentialAction":[{"@type":"ReadAction","target":["https:\/\/www.personalinjury.blackrocklaw.com\/gas-station-accidents\/"]}]},{"@type":"BreadcrumbList","@id":"https:\/\/www.personalinjury.blackrocklaw.com\/gas-station-accidents\/#breadcrumb","itemListElement":[{"@type":"ListItem","position":1,"name":"Home","item":"https:\/\/www.personalinjury.blackrocklaw.com\/es\/"},{"@type":"ListItem","position":2,"name":"Accidentes de Gasolineras"}]},{"@type":"WebSite","@id":"https:\/\/www.personalinjury.blackrocklaw.com\/#website","url":"https:\/\/www.personalinjury.blackrocklaw.com\/","name":"Black Rock Trial Lawyers","description":"Lawyers Attorneys WordPress Theme","publisher":{"@id":"https:\/\/www.personalinjury.blackrocklaw.com\/#organization"},"potentialAction":[{"@type":"SearchAction","target":{"@type":"EntryPoint","urlTemplate":"https:\/\/www.personalinjury.blackrocklaw.com\/?s={search_term_string}"},"query-input":{"@type":"PropertyValueSpecification","valueRequired":true,"valueName":"search_term_string"}}],"inLanguage":"es"},{"@type":["Organization","Place","LegalService"],"@id":"https:\/\/www.personalinjury.blackrocklaw.com\/#organization","name":"Black Rock Trial Lawyers","url":"https:\/\/www.personalinjury.blackrocklaw.com\/","logo":{"@id":"https:\/\/www.personalinjury.blackrocklaw.com\/gas-station-accidents\/#local-main-organization-logo"},"image":{"@id":"https:\/\/www.personalinjury.blackrocklaw.com\/gas-station-accidents\/#local-main-organization-logo"},"sameAs":["https:\/\/www.facebook.com\/blackrocklaw","https:\/\/x.com\/BlackRockLaw","https:\/\/www.linkedin.com\/company\/black-rock-trial-lawyers-llc\/","https:\/\/www.instagram.com\/blackrocklaw\/","https:\/\/www.youtube.com\/channel\/UCSHAjhgiXY976HZbWUmYkZg"],"description":"Black Rock Trial Lawyers will not settle for anything less than the maximum compensation that you deserve and as allowed by law.","legalName":"Black Rock Trial Lawyers","address":{"@id":"https:\/\/www.personalinjury.blackrocklaw.com\/gas-station-accidents\/#local-main-place-address"},"geo":{"@type":"GeoCoordinates","latitude":"27.943170","longitude":"-82.482250"},"telephone":["1 (800) 346-7752"],"openingHoursSpecification":{"@type":"OpeningHoursSpecification","dayOfWeek":["Monday","Tuesday","Wednesday","Thursday","Friday","Saturday","Sunday"],"opens":"00:00","closes":"23:59"},"email":"info@blackrocklaw.com","faxNumber":"(813) 254-1777","areaServed":"Florida","priceRange":"$","currenciesAccepted":"Doller","paymentAccepted":"All"},{"@type":"PostalAddress","@id":"https:\/\/www.personalinjury.blackrocklaw.com\/gas-station-accidents\/#local-main-place-address","streetAddress":"201 S. Westland Ave., Tampa, FL 33606","addressLocality":"Tampa","postalCode":"33606","addressRegion":"Florida","addressCountry":"US"},{"@type":"ImageObject","inLanguage":"es","@id":"https:\/\/www.personalinjury.blackrocklaw.com\/gas-station-accidents\/#local-main-organization-logo","url":"https:\/\/www.personalinjury.blackrocklaw.com\/wp-content\/uploads\/2017\/02\/BlackRockLogoBlack.png","contentUrl":"https:\/\/www.personalinjury.blackrocklaw.com\/wp-content\/uploads\/2017\/02\/BlackRockLogoBlack.png","width":5105,"height":1024,"caption":"Black Rock Trial Lawyers"}]},"geo.placename":"Tampa","geo.position":{"lat":"27.943170","long":"-82.482250"},"geo.region":"Estados Unidos (EEUU)"},"_links":{"self":[{"href":"https:\/\/www.personalinjury.blackrocklaw.com\/es\/wp-json\/wp\/v2\/pages\/3535","targetHints":{"allow":["GET"]}}],"collection":[{"href":"https:\/\/www.personalinjury.blackrocklaw.com\/es\/wp-json\/wp\/v2\/pages"}],"about":[{"href":"https:\/\/www.personalinjury.blackrocklaw.com\/es\/wp-json\/wp\/v2\/types\/page"}],"author":[{"embeddable":true,"href":"https:\/\/www.personalinjury.blackrocklaw.com\/es\/wp-json\/wp\/v2\/users\/1"}],"replies":[{"embeddable":true,"href":"https:\/\/www.personalinjury.blackrocklaw.com\/es\/wp-json\/wp\/v2\/comments?post=3535"}],"version-history":[{"count":6,"href":"https:\/\/www.personalinjury.blackrocklaw.com\/es\/wp-json\/wp\/v2\/pages\/3535\/revisions"}],"predecessor-version":[{"id":3741,"href":"https:\/\/www.personalinjury.blackrocklaw.com\/es\/wp-json\/wp\/v2\/pages\/3535\/revisions\/3741"}],"wp:attachment":[{"href":"https:\/\/www.personalinjury.blackrocklaw.com\/es\/wp-json\/wp\/v2\/media?parent=3535"}],"curies":[{"name":"wp","href":"https:\/\/api.w.org\/{rel}","templated":true}]}}