{"id":3434,"date":"2023-01-18T10:24:53","date_gmt":"2023-01-18T10:24:53","guid":{"rendered":"https:\/\/www.blackrocklaw.com\/?page_id=3434"},"modified":"2023-10-11T09:49:18","modified_gmt":"2023-10-11T09:49:18","slug":"accidentes-de-peleas-en-bares","status":"publish","type":"page","link":"https:\/\/www.personalinjury.blackrocklaw.com\/es\/accidentes-de-peleas-en-bares\/","title":{"rendered":"Accidentes de Peleas en Bares"},"content":{"rendered":"<p>[vc_row][vc_column][vc_single_image image=\u00bb3471&#8243; img_size=\u00bbfull\u00bb][vc_custom_heading text=\u00bbAbogado de Accidentes de Peleas en Bares\u00bb font_container=\u00bbtag:h1|font_size:45|text_align:left\u00bb use_theme_fonts=\u00bbyes\u00bb][vc_column_text]Los bares son un lugar de entretenimiento y relajaci\u00f3n donde uno puede ir y m\u00e1s despu\u00e9s de un largo d\u00eda en el trabajo. Debido a su naturaleza y popularidad, los bares tienden a llenarse de mucha gente. Desafortunadamente, hay veces en las que la gente se lesiona en estos clubes debido a la negligencia, la falta de seguridad y la intoxicaci\u00f3n severa. Estos negocios pueden suponer un alto riesgo de accidentes y lesiones. Permitir que estos lugares que pueden albergar a cientos de personas est\u00e9n en espacios peque\u00f1os y reducidos puede ser muy peligroso. Ademas, cuando la mayoria de la gente esta intoxicada, los individuos deteriorados pueden tomar malas decisiones poniendo su vida en peligro.<\/p>\n<p><strong><u>Estos son algunos ejemplos del tipo de lesiones que pueden producirse:<\/u><\/strong><\/p>\n<ul>\n<li>Rotura de huesos o ligamentos por ca\u00eddas o resbalones<\/li>\n<li>Contusiones<\/li>\n<li>Cortes y pinchazos<\/li>\n<li>Fractura de huesos<\/li>\n<li>Lesiones y traumatismos craneales<\/li>\n<li>Lesiones en manos y brazos<\/li>\n<li>Laceraciones<\/li>\n<li>Lesiones musculares y de ligamentos<\/li>\n<li>Lesiones de cuello<\/li>\n<li>Lesiones de columna y espalda<\/li>\n<li>Lesiones cerebrales traum\u00e1ticas<\/li>\n<\/ul>\n<p>Estos son s\u00f3lo algunos de los problemas a los que debe enfrentarse y que pueden hacerle dudar:<\/p>\n<p>o \u00bfQui\u00e9n puede ayudarme?<br \/>\n<strong>R: Podemos ayudar inmediatamente<\/strong><\/p>\n<p>o \u00bfCon qu\u00e9 rapidez puedo recibir ayuda?<br \/>\n<strong>R: Inmediatamente. Ll\u00e1menos ahora. Estamos 24 horas al d\u00eda, 7 d\u00edas a la semana.<\/strong><\/p>\n<p>o \u00bfC\u00f3mo puedo recibir tratamiento m\u00e9dico para mi hijo o para m\u00ed?<br \/>\n<strong>R: Inmediatamente, pero ll\u00e1menos para explicarlo<\/strong>.<\/p>\n<p>o \u00bfCu\u00e1nto costar\u00e1 contratar a un abogado?<br \/>\n<strong>R: No hay costo por adelantado.<\/strong>[\/vc_column_text][vc_empty_space height=\u00bb70px\u00bb hide_on_mobile=\u00bb\u00bb][vc_custom_heading text=\u00bbSiga estos 3 pasos:\u00bb font_container=\u00bbtag:h2|font_size:45|text_align:left\u00bb use_theme_fonts=\u00bbyes\u00bb][vc_custom_heading text=\u00bbPASO #1: ACTUAR INMEDIATAMENTE\u00bb font_container=\u00bbtag:h3|font_size:45px|text_align:left\u00bb use_theme_fonts=\u00bbyes\u00bb][vc_column_text]<\/p>\n<ol>\n<li>P\u00f3ngase en contacto con nosotros, 24\/7, para una consulta gratuita de Accidente de Peleas en Bares garantizada con el abogado de lesiones personales de la firma.<\/li>\n<li>Le garantizamos que en su primera consulta con el abogado de lesiones personales de la firma le explicaremos todo el proceso de manejo de su caso de Accidente de Peleas en Bares y responderemos a todas sus preguntas.<\/li>\n<li>Se garantiza que la consulta ser\u00e1 programada inmediatamente con nuestro abogado de lesiones personales para discutir su Lesi\u00f3n de Peleas en Bares (sin costo alguno).<\/li>\n<li>Ofrecemos consultas por tel\u00e9fono, en la oficina de la firma, en su casa, en el hospital o en cualquier otro lugar conveniente.<\/li>\n<li><strong><u>Haga clic aqu\u00ed<\/u><\/strong> para obtener respuestas detalladas a las preguntas m\u00e1s frecuentes relacionadas con los accidentes de Peleas en Bares.<\/li>\n<\/ol>\n<p>[\/vc_column_text][vc_empty_space height=\u00bb70px\u00bb hide_on_mobile=\u00bb\u00bb][vc_custom_heading text=\u00bbPASO #2: LO QUE NECESITA SABER\u00bb font_container=\u00bbtag:h3|font_size:40px|text_align:left\u00bb use_theme_fonts=\u00bbyes\u00bb][vc_column_text]<\/p>\n<ol>\n<li>Es fundamental tomar fotos de su lesi\u00f3n en el Peleas en Bares y tratar de obtener las declaraciones de los testigos para asegurarnos de preservar las pruebas que causaron la lesi\u00f3n. Junto con eso, usted necesita reportar el incidente al due\u00f1o de la discoteca.<\/li>\n<li>Hay que presentar inmediatamente una reclamaci\u00f3n al seguro de Responsabilidad Civil General para preservar tus derechos.<\/li>\n<li>Tenemos que solicitar inmediatamente cualquier v\u00eddeo que pueda haber grabado el incidente.<\/li>\n<li>Casi todos los negocios y propiedades comerciales tienen una cobertura de Responsabilidad General que cubre este tipo de reclamaciones. Por lo general, se ve al menos $ 1,000,000.00 en la cobertura disponible para las reclamaciones de lesiones personales.<\/li>\n<li>Aunque no tengas seguro m\u00e9dico, puedes ser atendido por un m\u00e9dico cualificado a trav\u00e9s de lo que se llama \u00abCarta de Protecci\u00f3n\u00bb.<\/li>\n<li>Aunque el plazo de prescripci\u00f3n para presentar una demanda es de dos (2) a\u00f1os a partir de la fecha de la lesi\u00f3n, puedes perjudicar tu reclamaci\u00f3n si no recibes inmediatamente tratamiento m\u00e9dico para tu lesi\u00f3n o si tienes lagunas en el tratamiento.<\/li>\n<li>Usted no paga ning\u00fan dinero por adelantado para retenernos como su abogado de lesiones personales por accidente de Peleas en Bares. Usted s\u00f3lo paga si recibe una indemnizaci\u00f3n en el momento de la resoluci\u00f3n del caso.<\/li>\n<li>Una vez que usted termina el tratamiento m\u00e9dico de sus lesiones, valoramos su caso y presentamos un acuerdo de conciliaci\u00f3n exhaustiva previa a la demanda.<\/li>\n<li>Si la compa\u00f1\u00eda de seguros no hace una oferta justa y razonable, entonces presentaremos una demanda.<\/li>\n<li>Sin coste alguno, le ayudaremos a coordinar la reparaci\u00f3n o sustituci\u00f3n de sus bienes personales.<\/li>\n<\/ol>\n<p>[\/vc_column_text][vc_empty_space height=\u00bb70px\u00bb hide_on_mobile=\u00bb\u00bb][vc_custom_heading text=\u00bbPASO #3: DA\u00d1OS Y PERJUICIOS QUE PUEDE TENER DERECHO A RECUPERAR\u00bb font_container=\u00bbtag:h3|font_size:40px|text_align:left\u00bb use_theme_fonts=\u00bbyes\u00bb][vc_column_text]<\/p>\n<ol>\n<li>El pago de las facturas y costes actuales y futuros de los proveedores m\u00e9dicos<\/li>\n<li>Tratamiento de atenci\u00f3n m\u00e9dica futura<\/li>\n<li>Salarios de p\u00e9rdidas pasadas, presentes y futuras<\/li>\n<li>Da\u00f1os materiales y personales<\/li>\n<li>Dolor y sufrimiento f\u00edsico<\/li>\n<li>Dolor y sufrimiento emocional<\/li>\n<li>Da\u00f1os punitivos (en circunstancias especiales)<\/li>\n<li>P\u00e9rdida de consorcio<\/li>\n<li>Otros da\u00f1os permitidos por la ley<\/li>\n<\/ol>\n<p>[\/vc_column_text][vc_column_text]<\/p>\n<p class=\"spphone_big\"><a href=\"tel:18003467752\"><strong><span style=\"font-size: 36pt;\">1 800 346 7752<\/span><\/strong><\/a><\/p>\n<p>[\/vc_column_text][\/vc_column][\/vc_row]<\/p>\n","protected":false},"excerpt":{"rendered":"<p>[vc_row][vc_column][vc_single_image image=\u00bb3471&#8243; img_size=\u00bbfull\u00bb][vc_custom_heading text=\u00bbAbogado de Accidentes de Peleas en Bares\u00bb font_container=\u00bbtag:h1|font_size:45|text_align:left\u00bb use_theme_fonts=\u00bbyes\u00bb][vc_column_text]Los bares son un lugar de entretenimiento y relajaci\u00f3n donde uno puede ir y m\u00e1s despu\u00e9s de un largo d\u00eda en el trabajo. Debido a su naturaleza y popularidad, los bares tienden a llenarse&hellip;<\/p>\n","protected":false},"author":1,"featured_media":0,"parent":0,"menu_order":0,"comment_status":"closed","ping_status":"closed","template":"","meta":{"footnotes":""},"class_list":["post-3434","page","type-page","status-publish","hentry"],"yoast_head":"<!-- This site is optimized with the Yoast SEO Premium plugin v25.3 (Yoast SEO v27.3) - https:\/\/yoast.com\/product\/yoast-seo-premium-wordpress\/ -->\n<title>Abogado en Accidentes de Peleas en Bares - Black Rock Trial Lawyers<\/title>\n<meta name=\"description\" content=\"Obtenga representaci\u00f3n legal experimentada para accidentes en peleas de bar en Tampa, Florida \u00a1P\u00f3ngase en contacto con nosotros hoy!\" \/>\n<meta name=\"robots\" content=\"index, follow, max-snippet:-1, max-image-preview:large, max-video-preview:-1\" \/>\n<link rel=\"canonical\" href=\"https:\/\/www.personalinjury.blackrocklaw.com\/es\/bar-fight-accidents\/\" \/>\n<meta property=\"og:locale\" content=\"es_ES\" \/>\n<meta property=\"og:type\" content=\"article\" \/>\n<meta property=\"og:title\" content=\"Accidentes de Peleas en Bares\" \/>\n<meta property=\"og:description\" content=\"Obtenga representaci\u00f3n legal experimentada para accidentes en peleas de bar en Tampa, Florida \u00a1P\u00f3ngase en contacto con nosotros hoy!\" \/>\n<meta property=\"og:url\" content=\"https:\/\/www.personalinjury.blackrocklaw.com\/bar-fight-accidents\/\" \/>\n<meta property=\"og:site_name\" content=\"Black Rock Trial Lawyers\" \/>\n<meta property=\"article:publisher\" content=\"https:\/\/www.facebook.com\/blackrocklaw\" \/>\n<meta property=\"article:modified_time\" content=\"2023-10-11T09:49:18+00:00\" \/>\n<meta name=\"twitter:card\" content=\"summary_large_image\" \/>\n<meta name=\"twitter:site\" content=\"@BlackRockLaw\" \/>\n<meta name=\"twitter:label1\" content=\"Tiempo de lectura\" \/>\n\t<meta name=\"twitter:data1\" content=\"5 minutos\" \/>\n<script type=\"application\/ld+json\" class=\"yoast-schema-graph\">{\"@context\":\"https:\\\/\\\/schema.org\",\"@graph\":[{\"@type\":\"WebPage\",\"@id\":\"https:\\\/\\\/www.personalinjury.blackrocklaw.com\\\/bar-fight-accidents\\\/\",\"url\":\"https:\\\/\\\/www.personalinjury.blackrocklaw.com\\\/bar-fight-accidents\\\/\",\"name\":\"Abogado en Accidentes de Peleas en Bares - Black Rock Trial Lawyers\",\"isPartOf\":{\"@id\":\"https:\\\/\\\/www.personalinjury.blackrocklaw.com\\\/#website\"},\"datePublished\":\"2023-01-18T10:24:53+00:00\",\"dateModified\":\"2023-10-11T09:49:18+00:00\",\"description\":\"Obtenga representaci\u00f3n legal experimentada para accidentes en peleas de bar en Tampa, Florida \u00a1P\u00f3ngase en contacto con nosotros hoy!\",\"breadcrumb\":{\"@id\":\"https:\\\/\\\/www.personalinjury.blackrocklaw.com\\\/bar-fight-accidents\\\/#breadcrumb\"},\"inLanguage\":\"es\",\"potentialAction\":[{\"@type\":\"ReadAction\",\"target\":[\"https:\\\/\\\/www.personalinjury.blackrocklaw.com\\\/bar-fight-accidents\\\/\"]}]},{\"@type\":\"BreadcrumbList\",\"@id\":\"https:\\\/\\\/www.personalinjury.blackrocklaw.com\\\/bar-fight-accidents\\\/#breadcrumb\",\"itemListElement\":[{\"@type\":\"ListItem\",\"position\":1,\"name\":\"Home\",\"item\":\"https:\\\/\\\/www.personalinjury.blackrocklaw.com\\\/es\\\/\"},{\"@type\":\"ListItem\",\"position\":2,\"name\":\"Accidentes de Peleas en Bares\"}]},{\"@type\":\"WebSite\",\"@id\":\"https:\\\/\\\/www.personalinjury.blackrocklaw.com\\\/#website\",\"url\":\"https:\\\/\\\/www.personalinjury.blackrocklaw.com\\\/\",\"name\":\"Black Rock Trial Lawyers\",\"description\":\"Lawyers Attorneys WordPress Theme\",\"publisher\":{\"@id\":\"https:\\\/\\\/www.personalinjury.blackrocklaw.com\\\/#organization\"},\"potentialAction\":[{\"@type\":\"SearchAction\",\"target\":{\"@type\":\"EntryPoint\",\"urlTemplate\":\"https:\\\/\\\/www.personalinjury.blackrocklaw.com\\\/?s={search_term_string}\"},\"query-input\":{\"@type\":\"PropertyValueSpecification\",\"valueRequired\":true,\"valueName\":\"search_term_string\"}}],\"inLanguage\":\"es\"},{\"@type\":[\"Organization\",\"Place\",\"LegalService\"],\"@id\":\"https:\\\/\\\/www.personalinjury.blackrocklaw.com\\\/#organization\",\"name\":\"Black Rock Trial Lawyers\",\"url\":\"https:\\\/\\\/www.personalinjury.blackrocklaw.com\\\/\",\"logo\":{\"@id\":\"https:\\\/\\\/www.personalinjury.blackrocklaw.com\\\/bar-fight-accidents\\\/#local-main-organization-logo\"},\"image\":{\"@id\":\"https:\\\/\\\/www.personalinjury.blackrocklaw.com\\\/bar-fight-accidents\\\/#local-main-organization-logo\"},\"sameAs\":[\"https:\\\/\\\/www.facebook.com\\\/blackrocklaw\",\"https:\\\/\\\/x.com\\\/BlackRockLaw\",\"https:\\\/\\\/www.linkedin.com\\\/company\\\/black-rock-trial-lawyers-llc\\\/\",\"https:\\\/\\\/www.instagram.com\\\/blackrocklaw\\\/\",\"https:\\\/\\\/www.youtube.com\\\/channel\\\/UCSHAjhgiXY976HZbWUmYkZg\"],\"description\":\"Black Rock Trial Lawyers will not settle for anything less than the maximum compensation that you deserve and as allowed by law.\",\"legalName\":\"Black Rock Trial Lawyers\",\"address\":{\"@id\":\"https:\\\/\\\/www.personalinjury.blackrocklaw.com\\\/bar-fight-accidents\\\/#local-main-place-address\"},\"geo\":{\"@type\":\"GeoCoordinates\",\"latitude\":\"27.943170\",\"longitude\":\"-82.482250\"},\"telephone\":[\"1 (800) 346-7752\"],\"openingHoursSpecification\":{\"@type\":\"OpeningHoursSpecification\",\"dayOfWeek\":[\"Monday\",\"Tuesday\",\"Wednesday\",\"Thursday\",\"Friday\",\"Saturday\",\"Sunday\"],\"opens\":\"00:00\",\"closes\":\"23:59\"},\"email\":\"info@blackrocklaw.com\",\"faxNumber\":\"(813) 254-1777\",\"areaServed\":\"Florida\",\"priceRange\":\"$\",\"currenciesAccepted\":\"Doller\",\"paymentAccepted\":\"All\"},{\"@type\":\"PostalAddress\",\"@id\":\"https:\\\/\\\/www.personalinjury.blackrocklaw.com\\\/bar-fight-accidents\\\/#local-main-place-address\",\"streetAddress\":\"201 S. Westland Ave., Tampa, FL 33606\",\"addressLocality\":\"Tampa\",\"postalCode\":\"33606\",\"addressRegion\":\"Florida\",\"addressCountry\":\"US\"},{\"@type\":\"ImageObject\",\"inLanguage\":\"es\",\"@id\":\"https:\\\/\\\/www.personalinjury.blackrocklaw.com\\\/bar-fight-accidents\\\/#local-main-organization-logo\",\"url\":\"https:\\\/\\\/www.personalinjury.blackrocklaw.com\\\/wp-content\\\/uploads\\\/2017\\\/02\\\/BlackRockLogoBlack.png\",\"contentUrl\":\"https:\\\/\\\/www.personalinjury.blackrocklaw.com\\\/wp-content\\\/uploads\\\/2017\\\/02\\\/BlackRockLogoBlack.png\",\"width\":5105,\"height\":1024,\"caption\":\"Black Rock Trial Lawyers\"}]}<\/script>\n<meta name=\"geo.placename\" content=\"Tampa\" \/>\n<meta name=\"geo.position\" content=\"27.943170;-82.482250\" \/>\n<meta name=\"geo.region\" content=\"Estados Unidos (EEUU)\" \/>\n<!-- \/ Yoast SEO Premium plugin. -->","yoast_head_json":{"title":"Abogado en Accidentes de Peleas en Bares - Black Rock Trial Lawyers","description":"Obtenga representaci\u00f3n legal experimentada para accidentes en peleas de bar en Tampa, Florida \u00a1P\u00f3ngase en contacto con nosotros hoy!","robots":{"index":"index","follow":"follow","max-snippet":"max-snippet:-1","max-image-preview":"max-image-preview:large","max-video-preview":"max-video-preview:-1"},"canonical":"https:\/\/www.personalinjury.blackrocklaw.com\/es\/bar-fight-accidents\/","og_locale":"es_ES","og_type":"article","og_title":"Accidentes de Peleas en Bares","og_description":"Obtenga representaci\u00f3n legal experimentada para accidentes en peleas de bar en Tampa, Florida \u00a1P\u00f3ngase en contacto con nosotros hoy!","og_url":"https:\/\/www.personalinjury.blackrocklaw.com\/bar-fight-accidents\/","og_site_name":"Black Rock Trial Lawyers","article_publisher":"https:\/\/www.facebook.com\/blackrocklaw","article_modified_time":"2023-10-11T09:49:18+00:00","twitter_card":"summary_large_image","twitter_site":"@BlackRockLaw","twitter_misc":{"Tiempo de lectura":"5 minutos"},"schema":{"@context":"https:\/\/schema.org","@graph":[{"@type":"WebPage","@id":"https:\/\/www.personalinjury.blackrocklaw.com\/bar-fight-accidents\/","url":"https:\/\/www.personalinjury.blackrocklaw.com\/bar-fight-accidents\/","name":"Abogado en Accidentes de Peleas en Bares - Black Rock Trial Lawyers","isPartOf":{"@id":"https:\/\/www.personalinjury.blackrocklaw.com\/#website"},"datePublished":"2023-01-18T10:24:53+00:00","dateModified":"2023-10-11T09:49:18+00:00","description":"Obtenga representaci\u00f3n legal experimentada para accidentes en peleas de bar en Tampa, Florida \u00a1P\u00f3ngase en contacto con nosotros hoy!","breadcrumb":{"@id":"https:\/\/www.personalinjury.blackrocklaw.com\/bar-fight-accidents\/#breadcrumb"},"inLanguage":"es","potentialAction":[{"@type":"ReadAction","target":["https:\/\/www.personalinjury.blackrocklaw.com\/bar-fight-accidents\/"]}]},{"@type":"BreadcrumbList","@id":"https:\/\/www.personalinjury.blackrocklaw.com\/bar-fight-accidents\/#breadcrumb","itemListElement":[{"@type":"ListItem","position":1,"name":"Home","item":"https:\/\/www.personalinjury.blackrocklaw.com\/es\/"},{"@type":"ListItem","position":2,"name":"Accidentes de Peleas en Bares"}]},{"@type":"WebSite","@id":"https:\/\/www.personalinjury.blackrocklaw.com\/#website","url":"https:\/\/www.personalinjury.blackrocklaw.com\/","name":"Black Rock Trial Lawyers","description":"Lawyers Attorneys WordPress Theme","publisher":{"@id":"https:\/\/www.personalinjury.blackrocklaw.com\/#organization"},"potentialAction":[{"@type":"SearchAction","target":{"@type":"EntryPoint","urlTemplate":"https:\/\/www.personalinjury.blackrocklaw.com\/?s={search_term_string}"},"query-input":{"@type":"PropertyValueSpecification","valueRequired":true,"valueName":"search_term_string"}}],"inLanguage":"es"},{"@type":["Organization","Place","LegalService"],"@id":"https:\/\/www.personalinjury.blackrocklaw.com\/#organization","name":"Black Rock Trial Lawyers","url":"https:\/\/www.personalinjury.blackrocklaw.com\/","logo":{"@id":"https:\/\/www.personalinjury.blackrocklaw.com\/bar-fight-accidents\/#local-main-organization-logo"},"image":{"@id":"https:\/\/www.personalinjury.blackrocklaw.com\/bar-fight-accidents\/#local-main-organization-logo"},"sameAs":["https:\/\/www.facebook.com\/blackrocklaw","https:\/\/x.com\/BlackRockLaw","https:\/\/www.linkedin.com\/company\/black-rock-trial-lawyers-llc\/","https:\/\/www.instagram.com\/blackrocklaw\/","https:\/\/www.youtube.com\/channel\/UCSHAjhgiXY976HZbWUmYkZg"],"description":"Black Rock Trial Lawyers will not settle for anything less than the maximum compensation that you deserve and as allowed by law.","legalName":"Black Rock Trial Lawyers","address":{"@id":"https:\/\/www.personalinjury.blackrocklaw.com\/bar-fight-accidents\/#local-main-place-address"},"geo":{"@type":"GeoCoordinates","latitude":"27.943170","longitude":"-82.482250"},"telephone":["1 (800) 346-7752"],"openingHoursSpecification":{"@type":"OpeningHoursSpecification","dayOfWeek":["Monday","Tuesday","Wednesday","Thursday","Friday","Saturday","Sunday"],"opens":"00:00","closes":"23:59"},"email":"info@blackrocklaw.com","faxNumber":"(813) 254-1777","areaServed":"Florida","priceRange":"$","currenciesAccepted":"Doller","paymentAccepted":"All"},{"@type":"PostalAddress","@id":"https:\/\/www.personalinjury.blackrocklaw.com\/bar-fight-accidents\/#local-main-place-address","streetAddress":"201 S. Westland Ave., Tampa, FL 33606","addressLocality":"Tampa","postalCode":"33606","addressRegion":"Florida","addressCountry":"US"},{"@type":"ImageObject","inLanguage":"es","@id":"https:\/\/www.personalinjury.blackrocklaw.com\/bar-fight-accidents\/#local-main-organization-logo","url":"https:\/\/www.personalinjury.blackrocklaw.com\/wp-content\/uploads\/2017\/02\/BlackRockLogoBlack.png","contentUrl":"https:\/\/www.personalinjury.blackrocklaw.com\/wp-content\/uploads\/2017\/02\/BlackRockLogoBlack.png","width":5105,"height":1024,"caption":"Black Rock Trial Lawyers"}]},"geo.placename":"Tampa","geo.position":{"lat":"27.943170","long":"-82.482250"},"geo.region":"Estados Unidos (EEUU)"},"_links":{"self":[{"href":"https:\/\/www.personalinjury.blackrocklaw.com\/es\/wp-json\/wp\/v2\/pages\/3434","targetHints":{"allow":["GET"]}}],"collection":[{"href":"https:\/\/www.personalinjury.blackrocklaw.com\/es\/wp-json\/wp\/v2\/pages"}],"about":[{"href":"https:\/\/www.personalinjury.blackrocklaw.com\/es\/wp-json\/wp\/v2\/types\/page"}],"author":[{"embeddable":true,"href":"https:\/\/www.personalinjury.blackrocklaw.com\/es\/wp-json\/wp\/v2\/users\/1"}],"replies":[{"embeddable":true,"href":"https:\/\/www.personalinjury.blackrocklaw.com\/es\/wp-json\/wp\/v2\/comments?post=3434"}],"version-history":[{"count":7,"href":"https:\/\/www.personalinjury.blackrocklaw.com\/es\/wp-json\/wp\/v2\/pages\/3434\/revisions"}],"predecessor-version":[{"id":3745,"href":"https:\/\/www.personalinjury.blackrocklaw.com\/es\/wp-json\/wp\/v2\/pages\/3434\/revisions\/3745"}],"wp:attachment":[{"href":"https:\/\/www.personalinjury.blackrocklaw.com\/es\/wp-json\/wp\/v2\/media?parent=3434"}],"curies":[{"name":"wp","href":"https:\/\/api.w.org\/{rel}","templated":true}]}}