{"id":3176,"date":"2022-10-06T10:56:11","date_gmt":"2022-10-06T10:56:11","guid":{"rendered":"https:\/\/www.blackrocklaw.com\/?page_id=3176"},"modified":"2023-10-11T09:48:31","modified_gmt":"2023-10-11T09:48:31","slug":"accidente-de-rama-de-arbol","status":"publish","type":"page","link":"https:\/\/www.personalinjury.blackrocklaw.com\/es\/accidente-de-rama-de-arbol\/","title":{"rendered":"Abogado de Lesiones por Accidente de Rama de \u00c1rbol"},"content":{"rendered":"<p>[vc_row][vc_column][vc_single_image image=\u00bb3211&#8243; img_size=\u00bbfull\u00bb][vc_custom_heading text=\u00bbLesiones por Accidente de Rama de \u00c1rbol\u00bb font_container=\u00bbtag:h1|text_align:left\u00bb use_theme_fonts=\u00bbyes\u00bb][vc_column_text]Los Accidentes de Ramas de \u00c1rboles pueden ser letales de muchas maneras. Un \u00e1rbol peque\u00f1o puede pesar hasta 2.000 libras. 2.000 libras que se caigan sobre usted en la velocidad m\u00e1xima puede causar un n\u00famero interminable de lesiones y casi todas con consecuencias serias. No importa si el \u00e1rbol est\u00e1 en los parques, en las aceras, o en propiedades privadas si no se mantienen, por ejemplo, ramas ca\u00eddas o ra\u00edces expuestas puede ser la raz\u00f3n de dolor severo.<\/p>\n<p><strong><u>Aqu\u00ed hay unos ejemplos de qu\u00e9 tipo de lesiones pueden ocurrir:<\/u><\/strong><\/p>\n<ul>\n<li>Huesos rotos o fracturados<\/li>\n<li>Clav\u00edcula rota<\/li>\n<li>Costillas rotas<\/li>\n<li>Contusi\u00f3n<\/li>\n<li>Cortes y Raspones<\/li>\n<li>Da\u00f1o a los \u00f3rganos internos<\/li>\n<li>Muerte<\/li>\n<li>Laceraciones faciales<\/li>\n<li>Lesiones en la cadera<\/li>\n<li>Laceraciones<\/li>\n<li>Lesiones en el cuello<\/li>\n<li>Da\u00f1o en los nervios<\/li>\n<li>Par\u00e1lisis<\/li>\n<li>Lesiones en el hombro<\/li>\n<li>Fracturas de cr\u00e1neo<\/li>\n<li>Lesiones en la columna vertebral y la espalda<\/li>\n<li>Torceduras en las mu\u00f1ecas o los tobillos<\/li>\n<li>Lesiones traum\u00e1ticas del cerebro<\/li>\n<\/ul>\n<p>Ahora, te estar\u00e1s preguntando:<\/p>\n<p>\u00bfQui\u00e9n me puede ayudar?<br \/>\n<strong>R: Nosotros te podemos ayudar.<\/strong><\/p>\n<p>\u00bfQu\u00e9 tan r\u00e1pido puedo recibir ayuda?<br \/>\n<strong>R: Inmediatamente. Ll\u00e1manos ahora mismo. Somos 24\/7.<\/strong><\/p>\n<p>\u00bfComo podemos m\u00ed hijo o yo recibir tratamiento m\u00e9dico?<br \/>\n<strong>R: Inmediatamente, pero ll\u00e1manos para explicarte.<\/strong><\/p>\n<p>\u00bfCu\u00e1nto va a costar contratar un abogado?<br \/>\n<strong>R: Sin costo inicial.<\/strong>[\/vc_column_text][vc_empty_space height=\u00bb70px\u00bb hide_on_mobile=\u00bb\u00bb][vc_custom_heading text=\u00bbSigue estos 3 pasos:\u00bb][vc_custom_heading text=\u00bbPaso #1: ACTUAR INMEDIATAMENTE\u00bb][vc_column_text]<\/p>\n<ol>\n<li>Ll\u00e1manos, 24\/7, por una consulta sobre Accidentes de Rama de \u00c1rbol gratis. Te garantizamos que ser\u00e1s atendido por un abogado de la firma.<\/li>\n<li>Te garantizamos que, en tu primera consulta con alguno de nuestros abogados, te vamos a explicar el proceso entero de c\u00f3mo vamos a manejar tu accidente y responder todas las preguntas que debes tener.<\/li>\n<li>Garantizamos que tu consulta ser\u00e1 programada inmediatamente con nuestro abogado para hablar sobre tu Accidente de Rama de \u00c1rbol (gratis).<\/li>\n<li>Ofrecemos consultas telef\u00f3nicas, o en nuestra oficina, en tu casa, en el hospital o en cualquier lugar que te resulte m\u00e1s conveniente.<\/li>\n<li><strong><u>Haga clic aqu\u00ed<\/u><\/strong> para obtener respuestas detalladas a las preguntas m\u00e1s frecuentes relacionadas con los Accidentes de Rama de \u00c1rbol.<\/li>\n<\/ol>\n<p>[\/vc_column_text][vc_empty_space height=\u00bb70px\u00bb hide_on_mobile=\u00bb\u00bb][vc_custom_heading text=\u00bbPASO #2: LO QUE TIENES QUE SABER\u00bb][vc_column_text]<\/p>\n<ol>\n<li>Es importante que tomes fotos de tu Accidentes de Rama de \u00c1rbol y anotes los nombres y las declaraciones de los testigos. As\u00ed podemos contar con la evidencia de lo que caus\u00f3 el accidente y la lesi\u00f3n.<\/li>\n<li>Debemos, inmediatamente, presentar una reclamaci\u00f3n con la responsabilidad general del seguro para preservar tus derechos.<\/li>\n<li>Debemos, inmediatamente, solicitar cualquier video que pueda haber grabado el accidente.<\/li>\n<li>Casi todos los negocios y propiedades comerciales poseen responsabilidad general con cobertura para cubrir este tipo de reclamo. Normalmente disponen, por lo menos, de $1,000,000.00 en cobertura para reclamos de da\u00f1os corporales.<\/li>\n<li>Aunque no tenga seguro m\u00e9dico, puede ser atendido por un m\u00e9dico cualificado a trav\u00e9s de lo que se llama \u00abCarta de Protecci\u00f3n\u00bb.<\/li>\n<li>A pesar de que el estatuto de limitaciones para presentar una demanda es dos (2) a\u00f1os a partir de la fecha que ocurri\u00f3 la lesi\u00f3n, igual puedes recibir una compensaci\u00f3n por da\u00f1os y perjuicios por no haber recibido el tratamiento m\u00e9dico inmediatamente despu\u00e9s de la lesi\u00f3n o por no haber gozado de un tratamiento completo.<\/li>\n<li>No hay un costo inicial para representarte como un abogado de lesiones personales de Accidentes de Rama de \u00c1rbol.<\/li>\n<li>Apenas termines el tratamiento m\u00e9dico para tus lesiones, valoramos tu caso y entregamos un acuerdo integral de conciliaci\u00f3n previa a la demanda.<\/li>\n<li>Si el seguro no te ofrece una oferta justa y razonable, presentamos una demanda judicial.<\/li>\n<li>Completamente gratis, le vamos a asistir en coordinar la reparaci\u00f3n o sustituci\u00f3n de sus bienes personales.<\/li>\n<\/ol>\n<p>[\/vc_column_text][vc_empty_space height=\u00bb70px\u00bb hide_on_mobile=\u00bb\u00bb][vc_custom_heading text=\u00bbPASO #3: DA\u00d1OS Y PERJUICIOS QUE PUEDE TENER DERECHO A RECUPERAR\u00bb][vc_column_text]<\/p>\n<ol>\n<li>Dinero por los costos m\u00e9dicos que tuviste que pagar por la lesi\u00f3n y los costos que vas a tener que pagar en el futuro.<\/li>\n<li>Futuro tratamiento m\u00e9dico.<\/li>\n<li>Pasado, presente y futura p\u00e9rdida de sueldo.<\/li>\n<li>Da\u00f1os a la propiedad y personales.<\/li>\n<li>Dolor y sufrimiento f\u00edsico<\/li>\n<li>Dolor y sufrimiento emocional.<\/li>\n<li>Indemnizaci\u00f3n por da\u00f1os y perjuicios (en ciertas ocasiones)<\/li>\n<li>P\u00e9rdida de consorcio.<\/li>\n<li>Otros da\u00f1os y perjuicios que permite la ley.<\/li>\n<\/ol>\n<p>[\/vc_column_text][vc_column_text]<\/p>\n<p class=\"spphone_big\"><a href=\"tel:18003467752\"><strong><span style=\"font-size: 36pt;\">1 800 346 7752<\/span><\/strong><\/a><\/p>\n<p>[\/vc_column_text][\/vc_column][\/vc_row]<\/p>\n","protected":false},"excerpt":{"rendered":"<p>[vc_row][vc_column][vc_single_image image=\u00bb3211&#8243; img_size=\u00bbfull\u00bb][vc_custom_heading text=\u00bbLesiones por Accidente de Rama de \u00c1rbol\u00bb font_container=\u00bbtag:h1|text_align:left\u00bb use_theme_fonts=\u00bbyes\u00bb][vc_column_text]Los Accidentes de Ramas de \u00c1rboles pueden ser letales de muchas maneras. Un \u00e1rbol peque\u00f1o puede pesar hasta 2.000 libras. 2.000 libras que se caigan sobre usted en la velocidad m\u00e1xima puede causar un&hellip;<\/p>\n","protected":false},"author":1,"featured_media":3211,"parent":0,"menu_order":0,"comment_status":"closed","ping_status":"closed","template":"","meta":{"footnotes":""},"class_list":["post-3176","page","type-page","status-publish","has-post-thumbnail","hentry"],"yoast_head":"<!-- This site is optimized with the Yoast SEO Premium plugin v25.3 (Yoast SEO v27.3) - https:\/\/yoast.com\/product\/yoast-seo-premium-wordpress\/ -->\n<title>Abogado de Lesiones por Accidente de Rama de \u00c1rbol | Black Rock Trial Lawyers |Tampa FL<\/title>\n<meta name=\"description\" content=\"Ll\u00e1manos, 24\/7, por una consulta sobre lesiones por accidentes de eama de arbol gratis.ser\u00e1s atendido por un abogado de la firma.\" \/>\n<meta name=\"robots\" content=\"index, follow, max-snippet:-1, max-image-preview:large, max-video-preview:-1\" \/>\n<link rel=\"canonical\" href=\"https:\/\/www.personalinjury.blackrocklaw.com\/es\/tree-branch-accident\/\" \/>\n<meta property=\"og:locale\" content=\"es_ES\" \/>\n<meta property=\"og:type\" content=\"article\" \/>\n<meta property=\"og:title\" content=\"Abogado de Lesiones por Accidente de Rama de \u00c1rbol\" \/>\n<meta property=\"og:description\" content=\"Ll\u00e1manos, 24\/7, por una consulta sobre lesiones por accidentes de eama de arbol gratis.ser\u00e1s atendido por un abogado de la firma.\" \/>\n<meta property=\"og:url\" content=\"https:\/\/www.personalinjury.blackrocklaw.com\/tree-branch-accident\/\" \/>\n<meta property=\"og:site_name\" content=\"Black Rock Trial Lawyers\" \/>\n<meta property=\"article:publisher\" content=\"https:\/\/www.facebook.com\/blackrocklaw\" \/>\n<meta property=\"article:modified_time\" content=\"2023-10-11T09:48:31+00:00\" \/>\n<meta property=\"og:image\" content=\"https:\/\/www.personalinjury.blackrocklaw.com\/wp-content\/uploads\/2022\/10\/Accidente-de-Rama-de-Arbol-1.jpg\" \/>\n\t<meta property=\"og:image:width\" content=\"723\" \/>\n\t<meta property=\"og:image:height\" content=\"446\" \/>\n\t<meta property=\"og:image:type\" content=\"image\/jpeg\" \/>\n<meta name=\"twitter:card\" content=\"summary_large_image\" \/>\n<meta name=\"twitter:site\" content=\"@BlackRockLaw\" \/>\n<meta name=\"twitter:label1\" content=\"Tiempo de lectura\" \/>\n\t<meta name=\"twitter:data1\" content=\"4 minutos\" \/>\n<script type=\"application\/ld+json\" class=\"yoast-schema-graph\">{\"@context\":\"https:\\\/\\\/schema.org\",\"@graph\":[{\"@type\":\"WebPage\",\"@id\":\"https:\\\/\\\/www.personalinjury.blackrocklaw.com\\\/tree-branch-accident\\\/\",\"url\":\"https:\\\/\\\/www.personalinjury.blackrocklaw.com\\\/tree-branch-accident\\\/\",\"name\":\"Abogado de Lesiones por Accidente de Rama de \u00c1rbol | Black Rock Trial Lawyers |Tampa FL\",\"isPartOf\":{\"@id\":\"https:\\\/\\\/www.personalinjury.blackrocklaw.com\\\/#website\"},\"primaryImageOfPage\":{\"@id\":\"https:\\\/\\\/www.personalinjury.blackrocklaw.com\\\/tree-branch-accident\\\/#primaryimage\"},\"image\":{\"@id\":\"https:\\\/\\\/www.personalinjury.blackrocklaw.com\\\/tree-branch-accident\\\/#primaryimage\"},\"thumbnailUrl\":\"https:\\\/\\\/www.personalinjury.blackrocklaw.com\\\/wp-content\\\/uploads\\\/2022\\\/10\\\/Accidente-de-Rama-de-Arbol-1.jpg\",\"datePublished\":\"2022-10-06T10:56:11+00:00\",\"dateModified\":\"2023-10-11T09:48:31+00:00\",\"description\":\"Ll\u00e1manos, 24\\\/7, por una consulta sobre lesiones por accidentes de eama de arbol gratis.ser\u00e1s atendido por un abogado de la firma.\",\"breadcrumb\":{\"@id\":\"https:\\\/\\\/www.personalinjury.blackrocklaw.com\\\/tree-branch-accident\\\/#breadcrumb\"},\"inLanguage\":\"es\",\"potentialAction\":[{\"@type\":\"ReadAction\",\"target\":[\"https:\\\/\\\/www.personalinjury.blackrocklaw.com\\\/tree-branch-accident\\\/\"]}]},{\"@type\":\"ImageObject\",\"inLanguage\":\"es\",\"@id\":\"https:\\\/\\\/www.personalinjury.blackrocklaw.com\\\/tree-branch-accident\\\/#primaryimage\",\"url\":\"https:\\\/\\\/www.personalinjury.blackrocklaw.com\\\/wp-content\\\/uploads\\\/2022\\\/10\\\/Accidente-de-Rama-de-Arbol-1.jpg\",\"contentUrl\":\"https:\\\/\\\/www.personalinjury.blackrocklaw.com\\\/wp-content\\\/uploads\\\/2022\\\/10\\\/Accidente-de-Rama-de-Arbol-1.jpg\",\"width\":723,\"height\":446,\"caption\":\"Lesiones por accidentes de rama de arbol\"},{\"@type\":\"BreadcrumbList\",\"@id\":\"https:\\\/\\\/www.personalinjury.blackrocklaw.com\\\/tree-branch-accident\\\/#breadcrumb\",\"itemListElement\":[{\"@type\":\"ListItem\",\"position\":1,\"name\":\"Home\",\"item\":\"https:\\\/\\\/www.personalinjury.blackrocklaw.com\\\/es\\\/\"},{\"@type\":\"ListItem\",\"position\":2,\"name\":\"Abogado de Lesiones por Accidente de Rama de \u00c1rbol\"}]},{\"@type\":\"WebSite\",\"@id\":\"https:\\\/\\\/www.personalinjury.blackrocklaw.com\\\/#website\",\"url\":\"https:\\\/\\\/www.personalinjury.blackrocklaw.com\\\/\",\"name\":\"Black Rock Trial Lawyers\",\"description\":\"Lawyers Attorneys WordPress Theme\",\"publisher\":{\"@id\":\"https:\\\/\\\/www.personalinjury.blackrocklaw.com\\\/#organization\"},\"potentialAction\":[{\"@type\":\"SearchAction\",\"target\":{\"@type\":\"EntryPoint\",\"urlTemplate\":\"https:\\\/\\\/www.personalinjury.blackrocklaw.com\\\/?s={search_term_string}\"},\"query-input\":{\"@type\":\"PropertyValueSpecification\",\"valueRequired\":true,\"valueName\":\"search_term_string\"}}],\"inLanguage\":\"es\"},{\"@type\":[\"Organization\",\"Place\",\"LegalService\"],\"@id\":\"https:\\\/\\\/www.personalinjury.blackrocklaw.com\\\/#organization\",\"name\":\"Black Rock Trial Lawyers\",\"url\":\"https:\\\/\\\/www.personalinjury.blackrocklaw.com\\\/\",\"logo\":{\"@id\":\"https:\\\/\\\/www.personalinjury.blackrocklaw.com\\\/tree-branch-accident\\\/#local-main-organization-logo\"},\"image\":{\"@id\":\"https:\\\/\\\/www.personalinjury.blackrocklaw.com\\\/tree-branch-accident\\\/#local-main-organization-logo\"},\"sameAs\":[\"https:\\\/\\\/www.facebook.com\\\/blackrocklaw\",\"https:\\\/\\\/x.com\\\/BlackRockLaw\",\"https:\\\/\\\/www.linkedin.com\\\/company\\\/black-rock-trial-lawyers-llc\\\/\",\"https:\\\/\\\/www.instagram.com\\\/blackrocklaw\\\/\",\"https:\\\/\\\/www.youtube.com\\\/channel\\\/UCSHAjhgiXY976HZbWUmYkZg\"],\"description\":\"Black Rock Trial Lawyers will not settle for anything less than the maximum compensation that you deserve and as allowed by law.\",\"legalName\":\"Black Rock Trial Lawyers\",\"address\":{\"@id\":\"https:\\\/\\\/www.personalinjury.blackrocklaw.com\\\/tree-branch-accident\\\/#local-main-place-address\"},\"geo\":{\"@type\":\"GeoCoordinates\",\"latitude\":\"27.943170\",\"longitude\":\"-82.482250\"},\"telephone\":[\"1 (800) 346-7752\"],\"openingHoursSpecification\":{\"@type\":\"OpeningHoursSpecification\",\"dayOfWeek\":[\"Monday\",\"Tuesday\",\"Wednesday\",\"Thursday\",\"Friday\",\"Saturday\",\"Sunday\"],\"opens\":\"00:00\",\"closes\":\"23:59\"},\"email\":\"info@blackrocklaw.com\",\"faxNumber\":\"(813) 254-1777\",\"areaServed\":\"Florida\",\"priceRange\":\"$\",\"currenciesAccepted\":\"Doller\",\"paymentAccepted\":\"All\"},{\"@type\":\"PostalAddress\",\"@id\":\"https:\\\/\\\/www.personalinjury.blackrocklaw.com\\\/tree-branch-accident\\\/#local-main-place-address\",\"streetAddress\":\"201 S. Westland Ave., Tampa, FL 33606\",\"addressLocality\":\"Tampa\",\"postalCode\":\"33606\",\"addressRegion\":\"Florida\",\"addressCountry\":\"US\"},{\"@type\":\"ImageObject\",\"inLanguage\":\"es\",\"@id\":\"https:\\\/\\\/www.personalinjury.blackrocklaw.com\\\/tree-branch-accident\\\/#local-main-organization-logo\",\"url\":\"https:\\\/\\\/www.personalinjury.blackrocklaw.com\\\/wp-content\\\/uploads\\\/2017\\\/02\\\/BlackRockLogoBlack.png\",\"contentUrl\":\"https:\\\/\\\/www.personalinjury.blackrocklaw.com\\\/wp-content\\\/uploads\\\/2017\\\/02\\\/BlackRockLogoBlack.png\",\"width\":5105,\"height\":1024,\"caption\":\"Black Rock Trial Lawyers\"}]}<\/script>\n<meta name=\"geo.placename\" content=\"Tampa\" \/>\n<meta name=\"geo.position\" content=\"27.943170;-82.482250\" \/>\n<meta name=\"geo.region\" content=\"Estados Unidos (EEUU)\" \/>\n<!-- \/ Yoast SEO Premium plugin. -->","yoast_head_json":{"title":"Abogado de Lesiones por Accidente de Rama de \u00c1rbol | Black Rock Trial Lawyers |Tampa FL","description":"Ll\u00e1manos, 24\/7, por una consulta sobre lesiones por accidentes de eama de arbol gratis.ser\u00e1s atendido por un abogado de la firma.","robots":{"index":"index","follow":"follow","max-snippet":"max-snippet:-1","max-image-preview":"max-image-preview:large","max-video-preview":"max-video-preview:-1"},"canonical":"https:\/\/www.personalinjury.blackrocklaw.com\/es\/tree-branch-accident\/","og_locale":"es_ES","og_type":"article","og_title":"Abogado de Lesiones por Accidente de Rama de \u00c1rbol","og_description":"Ll\u00e1manos, 24\/7, por una consulta sobre lesiones por accidentes de eama de arbol gratis.ser\u00e1s atendido por un abogado de la firma.","og_url":"https:\/\/www.personalinjury.blackrocklaw.com\/tree-branch-accident\/","og_site_name":"Black Rock Trial Lawyers","article_publisher":"https:\/\/www.facebook.com\/blackrocklaw","article_modified_time":"2023-10-11T09:48:31+00:00","og_image":[{"width":723,"height":446,"url":"https:\/\/www.personalinjury.blackrocklaw.com\/wp-content\/uploads\/2022\/10\/Accidente-de-Rama-de-Arbol-1.jpg","type":"image\/jpeg"}],"twitter_card":"summary_large_image","twitter_site":"@BlackRockLaw","twitter_misc":{"Tiempo de lectura":"4 minutos"},"schema":{"@context":"https:\/\/schema.org","@graph":[{"@type":"WebPage","@id":"https:\/\/www.personalinjury.blackrocklaw.com\/tree-branch-accident\/","url":"https:\/\/www.personalinjury.blackrocklaw.com\/tree-branch-accident\/","name":"Abogado de Lesiones por Accidente de Rama de \u00c1rbol | Black Rock Trial Lawyers |Tampa FL","isPartOf":{"@id":"https:\/\/www.personalinjury.blackrocklaw.com\/#website"},"primaryImageOfPage":{"@id":"https:\/\/www.personalinjury.blackrocklaw.com\/tree-branch-accident\/#primaryimage"},"image":{"@id":"https:\/\/www.personalinjury.blackrocklaw.com\/tree-branch-accident\/#primaryimage"},"thumbnailUrl":"https:\/\/www.personalinjury.blackrocklaw.com\/wp-content\/uploads\/2022\/10\/Accidente-de-Rama-de-Arbol-1.jpg","datePublished":"2022-10-06T10:56:11+00:00","dateModified":"2023-10-11T09:48:31+00:00","description":"Ll\u00e1manos, 24\/7, por una consulta sobre lesiones por accidentes de eama de arbol gratis.ser\u00e1s atendido por un abogado de la firma.","breadcrumb":{"@id":"https:\/\/www.personalinjury.blackrocklaw.com\/tree-branch-accident\/#breadcrumb"},"inLanguage":"es","potentialAction":[{"@type":"ReadAction","target":["https:\/\/www.personalinjury.blackrocklaw.com\/tree-branch-accident\/"]}]},{"@type":"ImageObject","inLanguage":"es","@id":"https:\/\/www.personalinjury.blackrocklaw.com\/tree-branch-accident\/#primaryimage","url":"https:\/\/www.personalinjury.blackrocklaw.com\/wp-content\/uploads\/2022\/10\/Accidente-de-Rama-de-Arbol-1.jpg","contentUrl":"https:\/\/www.personalinjury.blackrocklaw.com\/wp-content\/uploads\/2022\/10\/Accidente-de-Rama-de-Arbol-1.jpg","width":723,"height":446,"caption":"Lesiones por accidentes de rama de arbol"},{"@type":"BreadcrumbList","@id":"https:\/\/www.personalinjury.blackrocklaw.com\/tree-branch-accident\/#breadcrumb","itemListElement":[{"@type":"ListItem","position":1,"name":"Home","item":"https:\/\/www.personalinjury.blackrocklaw.com\/es\/"},{"@type":"ListItem","position":2,"name":"Abogado de Lesiones por Accidente de Rama de \u00c1rbol"}]},{"@type":"WebSite","@id":"https:\/\/www.personalinjury.blackrocklaw.com\/#website","url":"https:\/\/www.personalinjury.blackrocklaw.com\/","name":"Black Rock Trial Lawyers","description":"Lawyers Attorneys WordPress Theme","publisher":{"@id":"https:\/\/www.personalinjury.blackrocklaw.com\/#organization"},"potentialAction":[{"@type":"SearchAction","target":{"@type":"EntryPoint","urlTemplate":"https:\/\/www.personalinjury.blackrocklaw.com\/?s={search_term_string}"},"query-input":{"@type":"PropertyValueSpecification","valueRequired":true,"valueName":"search_term_string"}}],"inLanguage":"es"},{"@type":["Organization","Place","LegalService"],"@id":"https:\/\/www.personalinjury.blackrocklaw.com\/#organization","name":"Black Rock Trial Lawyers","url":"https:\/\/www.personalinjury.blackrocklaw.com\/","logo":{"@id":"https:\/\/www.personalinjury.blackrocklaw.com\/tree-branch-accident\/#local-main-organization-logo"},"image":{"@id":"https:\/\/www.personalinjury.blackrocklaw.com\/tree-branch-accident\/#local-main-organization-logo"},"sameAs":["https:\/\/www.facebook.com\/blackrocklaw","https:\/\/x.com\/BlackRockLaw","https:\/\/www.linkedin.com\/company\/black-rock-trial-lawyers-llc\/","https:\/\/www.instagram.com\/blackrocklaw\/","https:\/\/www.youtube.com\/channel\/UCSHAjhgiXY976HZbWUmYkZg"],"description":"Black Rock Trial Lawyers will not settle for anything less than the maximum compensation that you deserve and as allowed by law.","legalName":"Black Rock Trial Lawyers","address":{"@id":"https:\/\/www.personalinjury.blackrocklaw.com\/tree-branch-accident\/#local-main-place-address"},"geo":{"@type":"GeoCoordinates","latitude":"27.943170","longitude":"-82.482250"},"telephone":["1 (800) 346-7752"],"openingHoursSpecification":{"@type":"OpeningHoursSpecification","dayOfWeek":["Monday","Tuesday","Wednesday","Thursday","Friday","Saturday","Sunday"],"opens":"00:00","closes":"23:59"},"email":"info@blackrocklaw.com","faxNumber":"(813) 254-1777","areaServed":"Florida","priceRange":"$","currenciesAccepted":"Doller","paymentAccepted":"All"},{"@type":"PostalAddress","@id":"https:\/\/www.personalinjury.blackrocklaw.com\/tree-branch-accident\/#local-main-place-address","streetAddress":"201 S. Westland Ave., Tampa, FL 33606","addressLocality":"Tampa","postalCode":"33606","addressRegion":"Florida","addressCountry":"US"},{"@type":"ImageObject","inLanguage":"es","@id":"https:\/\/www.personalinjury.blackrocklaw.com\/tree-branch-accident\/#local-main-organization-logo","url":"https:\/\/www.personalinjury.blackrocklaw.com\/wp-content\/uploads\/2017\/02\/BlackRockLogoBlack.png","contentUrl":"https:\/\/www.personalinjury.blackrocklaw.com\/wp-content\/uploads\/2017\/02\/BlackRockLogoBlack.png","width":5105,"height":1024,"caption":"Black Rock Trial Lawyers"}]},"geo.placename":"Tampa","geo.position":{"lat":"27.943170","long":"-82.482250"},"geo.region":"Estados Unidos (EEUU)"},"_links":{"self":[{"href":"https:\/\/www.personalinjury.blackrocklaw.com\/es\/wp-json\/wp\/v2\/pages\/3176","targetHints":{"allow":["GET"]}}],"collection":[{"href":"https:\/\/www.personalinjury.blackrocklaw.com\/es\/wp-json\/wp\/v2\/pages"}],"about":[{"href":"https:\/\/www.personalinjury.blackrocklaw.com\/es\/wp-json\/wp\/v2\/types\/page"}],"author":[{"embeddable":true,"href":"https:\/\/www.personalinjury.blackrocklaw.com\/es\/wp-json\/wp\/v2\/users\/1"}],"replies":[{"embeddable":true,"href":"https:\/\/www.personalinjury.blackrocklaw.com\/es\/wp-json\/wp\/v2\/comments?post=3176"}],"version-history":[{"count":6,"href":"https:\/\/www.personalinjury.blackrocklaw.com\/es\/wp-json\/wp\/v2\/pages\/3176\/revisions"}],"predecessor-version":[{"id":3750,"href":"https:\/\/www.personalinjury.blackrocklaw.com\/es\/wp-json\/wp\/v2\/pages\/3176\/revisions\/3750"}],"wp:featuredmedia":[{"embeddable":true,"href":"https:\/\/www.personalinjury.blackrocklaw.com\/es\/wp-json\/wp\/v2\/media\/3211"}],"wp:attachment":[{"href":"https:\/\/www.personalinjury.blackrocklaw.com\/es\/wp-json\/wp\/v2\/media?parent=3176"}],"curies":[{"name":"wp","href":"https:\/\/api.w.org\/{rel}","templated":true}]}}