{"id":3051,"date":"2022-09-20T12:44:34","date_gmt":"2022-09-20T12:44:34","guid":{"rendered":"https:\/\/www.blackrocklaw.com\/?page_id=3051"},"modified":"2023-10-11T09:47:27","modified_gmt":"2023-10-11T09:47:27","slug":"accidentes-relacionados-con-el-deporte","status":"publish","type":"page","link":"https:\/\/www.personalinjury.blackrocklaw.com\/es\/accidentes-relacionados-con-el-deporte\/","title":{"rendered":"Lesiones Personales Relacionados con el Deporte"},"content":{"rendered":"<p>[vc_row][vc_column][vc_single_image image=\u00bb3111&#8243; img_size=\u00bbfull\u00bb][vc_custom_heading text=\u00bbAccidentes Relacionados con el Deporte\u00bb font_container=\u00bbtag:h1|font_size:45px|text_align:left\u00bb][vc_column_text]El deporte y el ejercicio son elementos esenciales de un estilo de vida saludable. Aunque pueden contribuir a una forma de vida positiva, la mezcla de deportes y un entorno inseguro tambi\u00e9n puede ser motivo de lesiones graves. El comportamiento negligente de los entrenadores, como no retirar del campo a un jugador lesionado, un esfuerzo desmedido durante el entrenamiento, pr\u00e1cticas inseguras de los entrenadores, peligros en el campo o en la zona donde se practica el deporte, y agresiones entre entrenadores y atletas, son s\u00f3lo algunas de las causas comunes que pueden producirse al practicar un deporte.<\/p>\n<p><strong><u>Estos son algunos ejemplos del tipo de lesiones que pueden producirse:<\/u><\/strong><\/p>\n<ul>\n<li>Rotura de huesos o de ligamentos<\/li>\n<li>Lesiones por quemaduras<\/li>\n<li>Conmoci\u00f3n cerebral<\/li>\n<li>Deshidrataci\u00f3n grave y agotamiento por calor<\/li>\n<li>Fractura de huesos<\/li>\n<li>Hemorragias internas<\/li>\n<li>Lesiones articulares<\/li>\n<li>Laceraciones<\/li>\n<li>Tensiones musculares<\/li>\n<li>Lesiones de cuello<\/li>\n<li>Lesiones de rodilla<\/li>\n<li>Lesiones\/traumatismos ortop\u00e9dicos, incluidas las roturas del LCA y del LCM<\/li>\n<li>Par\u00e1lisis<\/li>\n<li>Lesiones de la columna vertebral y de la espalda<\/li>\n<li>Lesiones de la m\u00e9dula espinal (SCI)<\/li>\n<li>Lesiones cerebrales traum\u00e1ticas<\/li>\n<\/ul>\n<p>Estos son s\u00f3lo algunos de los problemas a los que debe enfrentarse y que pueden hacerle dudar:<\/p>\n<p>o \u00bfQui\u00e9n puede ayudarme?<br \/>\n<strong>R: Podemos ayudar inmediatamente.<\/strong><\/p>\n<p>o \u00bfCon qu\u00e9 rapidez puedo recibir ayuda?<br \/>\n<strong>R: Inmediatamente. Ll\u00e1menos ahora. Estamos 24 horas al d\u00eda, 7 d\u00edas a la semana.<\/strong><strong>\u00a0<\/strong><\/p>\n<p>o \u00bfC\u00f3mo puedo recibir tratamiento m\u00e9dico para mi hijo o para m\u00ed?<br \/>\n<strong>R: Inmediatamente, pero ll\u00e1menos para explicarlo.<\/strong><\/p>\n<p>o \u00bfCu\u00e1nto costar\u00e1 contratar a un abogado?<br \/>\n<strong>R: No hay costo por adelantado.<\/strong>[\/vc_column_text][vc_empty_space height=\u00bb70px\u00bb hide_on_mobile=\u00bb\u00bb][vc_custom_heading text=\u00bbSigue estos 3 pasos:\u00bb][vc_custom_heading text=\u00bbPaso #1: ACTUAR INMEDIATAMENTE\u00bb][vc_column_text]<\/p>\n<ol>\n<li>P\u00f3ngase en contacto con nosotros, las 24 horas del d\u00eda, para una consulta gratuita garantizada sobre accidentes relacionados con el deporte con el abogado de lesiones personales de la firma.<\/li>\n<li>Garantizamos que en su primera consulta con el abogado de lesiones personales de la firma le explicaremos todo el proceso de manejo de su caso de Accidente Relacionado con el Deporte y responderemos a todas sus preguntas.<\/li>\n<li>Le garantizamos que la consulta ser\u00e1 programada inmediatamente con nuestro abogado de lesiones personales para discutir su Lesi\u00f3n Relacionada con el Deporte (sin costo alguno).<\/li>\n<li>Ofrecemos consultas por tel\u00e9fono, en la oficina de la firma, en su casa, en el hospital o en cualquier otro lugar conveniente.<\/li>\n<li><strong><u>Haga clic aqu\u00ed<\/u><\/strong> para obtener respuestas detalladas a las preguntas m\u00e1s frecuentes relacionadas con un accidente relacionado con el deporte.<\/li>\n<\/ol>\n<p>[\/vc_column_text][vc_empty_space height=\u00bb70px\u00bb hide_on_mobile=\u00bb\u00bb][vc_custom_heading text=\u00bbPASO #2: LO QUE TIENES QUE SABER\u00bb][vc_column_text]<\/p>\n<ol>\n<li>Es fundamental tomar fotos de su Lesi\u00f3n Relacionada con el Deporte y tratar de obtener las declaraciones de los testigos para asegurarnos de preservar la evidencia que caus\u00f3 la lesi\u00f3n.<\/li>\n<li>Tenemos que presentar inmediatamente una reclamaci\u00f3n al seguro de Responsabilidad Civil General para preservar sus derechos.<\/li>\n<li>Tenemos que solicitar inmediatamente cualquier grabaci\u00f3n de v\u00eddeo que pueda haber registrado el incidente.<\/li>\n<li>Casi todos los negocios y propiedades comerciales tienen una cobertura de Responsabilidad General que cubre este tipo de reclamaciones. Por lo general, se ve al menos $ 1,000,000.00 en la cobertura disponible para las reclamaciones de lesiones personales.<\/li>\n<li>Aunque no tengas seguro m\u00e9dico, puedes ser atendido por un m\u00e9dico cualificado a trav\u00e9s de lo que se llama \u00abCarta de Protecci\u00f3n\u00bb.<\/li>\n<li>Aunque el plazo de prescripci\u00f3n para presentar una demanda es de dos (2) a\u00f1os a partir de la fecha de la lesi\u00f3n, puedes perjudicar tu reclamaci\u00f3n si no recibes inmediatamente tratamiento m\u00e9dico para tu lesi\u00f3n o si tienes lagunas en el tratamiento.<\/li>\n<li>Usted no paga ning\u00fan dinero por adelantado para retenernos como su abogado de lesiones personales relacionadas con el deporte. Usted s\u00f3lo paga si recibe una indemnizaci\u00f3n en el momento de la resoluci\u00f3n del caso.<\/li>\n<li>Una vez que usted termina el tratamiento m\u00e9dico de sus lesiones, valoramos su caso y presentamos un acuerdo exhaustivo de conciliaci\u00f3n previa a la demanda.<\/li>\n<li>Si la compa\u00f1\u00eda de seguros no hace una oferta justa y razonable, entonces presentaremos una demanda.<\/li>\n<li>Sin costo alguno, le ayudaremos a coordinar la reparaci\u00f3n o sustituci\u00f3n de sus bienes personales.<\/li>\n<\/ol>\n<p>[\/vc_column_text][vc_empty_space height=\u00bb70px\u00bb hide_on_mobile=\u00bb\u00bb][vc_custom_heading text=\u00bbPASO #3: DA\u00d1OS Y PERJUICIOS QUE PUEDE TENER DERECHO A RECUPERAR\u00bb][vc_column_text]<\/p>\n<ol>\n<li style=\"text-align: justify;\"><span style=\"vertical-align: inherit;\"><span style=\"vertical-align: inherit;\">El pago de las facturas y costos actuales y futuros de los proveedores medicos<\/span><\/span><\/li>\n<li style=\"text-align: justify;\"><span style=\"vertical-align: inherit;\"><span style=\"vertical-align: inherit;\">Tratamiento de atencion medica futura<\/span><\/span><\/li>\n<li style=\"text-align: justify;\"><span style=\"vertical-align: inherit;\"><span style=\"vertical-align: inherit;\">Salarios de perdidas pasadas, presentes y futuras<\/span><\/span><\/li>\n<li style=\"text-align: justify;\"><span style=\"vertical-align: inherit;\"><span style=\"vertical-align: inherit;\">Da\u00f1os materiales y personales<\/span><\/span><\/li>\n<li style=\"text-align: justify;\"><span style=\"vertical-align: inherit;\"><span style=\"vertical-align: inherit;\">Dolor y sufrimiento fisico<\/span><\/span><\/li>\n<li style=\"text-align: justify;\"><span style=\"vertical-align: inherit;\"><span style=\"vertical-align: inherit;\">Dolor y sufrimiento emocional<\/span><\/span><\/li>\n<li style=\"text-align: justify;\"><span style=\"vertical-align: inherit;\"><span style=\"vertical-align: inherit;\">Da\u00f1os punitivos (en circunstancias especiales)<\/span><\/span><\/li>\n<li style=\"text-align: justify;\"><span style=\"vertical-align: inherit;\"><span style=\"vertical-align: inherit;\">p\u00e9rdida de consorcio<\/span><\/span><\/li>\n<li style=\"text-align: justify;\"><span style=\"vertical-align: inherit;\"><span style=\"vertical-align: inherit;\">Otros danos permitidos por la ley<\/span><\/span><\/li>\n<\/ol>\n<p><span style=\"vertical-align: inherit;\"><span style=\"vertical-align: inherit;\">[\/vc_column_text][vc_column_text]<\/span><\/span><\/p>\n<p class=\"spphone_big\"><a href=\"tel:18003467752\"><strong><span style=\"font-size: 36pt;\"><span style=\"vertical-align: inherit;\"><span style=\"vertical-align: inherit;\">1 800 346 7752<\/span><\/span><\/span><\/strong><\/a><\/p>\n<p><span style=\"vertical-align: inherit;\"><span style=\"vertical-align: inherit;\">[\/vc_column_text][\/vc_column][\/vc_row][vc_row][vc_column][vc_column_text]<\/span><\/span>[\/vc_column_text][\/vc_column][\/vc_row]<\/p>\n","protected":false},"excerpt":{"rendered":"<p>[vc_row][vc_column][vc_single_image image=\u00bb3111&#8243; img_size=\u00bbfull\u00bb][vc_custom_heading text=\u00bbAccidentes Relacionados con el Deporte\u00bb font_container=\u00bbtag:h1|font_size:45px|text_align:left\u00bb][vc_column_text]El deporte y el ejercicio son elementos esenciales de un estilo de vida saludable. Aunque pueden contribuir a una forma de vida positiva, la mezcla de deportes y un entorno inseguro tambi\u00e9n puede ser motivo de lesiones&hellip;<\/p>\n","protected":false},"author":1,"featured_media":3111,"parent":0,"menu_order":0,"comment_status":"closed","ping_status":"closed","template":"","meta":{"footnotes":""},"class_list":["post-3051","page","type-page","status-publish","has-post-thumbnail","hentry"],"yoast_head":"<!-- This site is optimized with the Yoast SEO Premium plugin v25.3 (Yoast SEO v27.3) - https:\/\/yoast.com\/product\/yoast-seo-premium-wordpress\/ -->\n<title>Abogado de Accidentes en Deportes | Black Rock Trial Lawyers | Tampa<\/title>\n<meta name=\"description\" content=\"P\u00f3ngase en contacto con nosotros 24\/7, para una consulta gratuita relacionada con Lesiones Personales y Accidentes en Deportes con nuestro abogados.\" \/>\n<meta name=\"robots\" content=\"index, follow, max-snippet:-1, max-image-preview:large, max-video-preview:-1\" \/>\n<link rel=\"canonical\" href=\"https:\/\/www.personalinjury.blackrocklaw.com\/es\/sports-related-accidents\/\" \/>\n<meta property=\"og:locale\" content=\"es_ES\" \/>\n<meta property=\"og:type\" content=\"article\" \/>\n<meta property=\"og:title\" content=\"Lesiones Personales Relacionados con el Deporte\" \/>\n<meta property=\"og:description\" content=\"P\u00f3ngase en contacto con nosotros 24\/7, para una consulta gratuita relacionada con Lesiones Personales y Accidentes en Deportes con nuestro abogados.\" \/>\n<meta property=\"og:url\" content=\"https:\/\/www.personalinjury.blackrocklaw.com\/sports-related-accidents\/\" \/>\n<meta property=\"og:site_name\" content=\"Black Rock Trial Lawyers\" \/>\n<meta property=\"article:publisher\" content=\"https:\/\/www.facebook.com\/blackrocklaw\" \/>\n<meta property=\"article:modified_time\" content=\"2023-10-11T09:47:27+00:00\" \/>\n<meta property=\"og:image\" content=\"https:\/\/www.personalinjury.blackrocklaw.com\/wp-content\/uploads\/2022\/09\/Accidentes-Relacionados-con-el-Deporte.jpg\" \/>\n\t<meta property=\"og:image:width\" content=\"723\" \/>\n\t<meta property=\"og:image:height\" content=\"446\" \/>\n\t<meta property=\"og:image:type\" content=\"image\/jpeg\" \/>\n<meta name=\"twitter:card\" content=\"summary_large_image\" \/>\n<meta name=\"twitter:site\" content=\"@BlackRockLaw\" \/>\n<meta name=\"twitter:label1\" content=\"Tiempo de lectura\" \/>\n\t<meta name=\"twitter:data1\" content=\"4 minutos\" \/>\n<script type=\"application\/ld+json\" class=\"yoast-schema-graph\">{\"@context\":\"https:\\\/\\\/schema.org\",\"@graph\":[{\"@type\":\"WebPage\",\"@id\":\"https:\\\/\\\/www.personalinjury.blackrocklaw.com\\\/sports-related-accidents\\\/\",\"url\":\"https:\\\/\\\/www.personalinjury.blackrocklaw.com\\\/sports-related-accidents\\\/\",\"name\":\"Abogado de Accidentes en Deportes | Black Rock Trial Lawyers | Tampa\",\"isPartOf\":{\"@id\":\"https:\\\/\\\/www.personalinjury.blackrocklaw.com\\\/#website\"},\"primaryImageOfPage\":{\"@id\":\"https:\\\/\\\/www.personalinjury.blackrocklaw.com\\\/sports-related-accidents\\\/#primaryimage\"},\"image\":{\"@id\":\"https:\\\/\\\/www.personalinjury.blackrocklaw.com\\\/sports-related-accidents\\\/#primaryimage\"},\"thumbnailUrl\":\"https:\\\/\\\/www.personalinjury.blackrocklaw.com\\\/wp-content\\\/uploads\\\/2022\\\/09\\\/Accidentes-Relacionados-con-el-Deporte.jpg\",\"datePublished\":\"2022-09-20T12:44:34+00:00\",\"dateModified\":\"2023-10-11T09:47:27+00:00\",\"description\":\"P\u00f3ngase en contacto con nosotros 24\\\/7, para una consulta gratuita relacionada con Lesiones Personales y Accidentes en Deportes con nuestro abogados.\",\"breadcrumb\":{\"@id\":\"https:\\\/\\\/www.personalinjury.blackrocklaw.com\\\/sports-related-accidents\\\/#breadcrumb\"},\"inLanguage\":\"es\",\"potentialAction\":[{\"@type\":\"ReadAction\",\"target\":[\"https:\\\/\\\/www.personalinjury.blackrocklaw.com\\\/sports-related-accidents\\\/\"]}]},{\"@type\":\"ImageObject\",\"inLanguage\":\"es\",\"@id\":\"https:\\\/\\\/www.personalinjury.blackrocklaw.com\\\/sports-related-accidents\\\/#primaryimage\",\"url\":\"https:\\\/\\\/www.personalinjury.blackrocklaw.com\\\/wp-content\\\/uploads\\\/2022\\\/09\\\/Accidentes-Relacionados-con-el-Deporte.jpg\",\"contentUrl\":\"https:\\\/\\\/www.personalinjury.blackrocklaw.com\\\/wp-content\\\/uploads\\\/2022\\\/09\\\/Accidentes-Relacionados-con-el-Deporte.jpg\",\"width\":723,\"height\":446,\"caption\":\"lesiones personales en accidentes relacionados con el deporte\"},{\"@type\":\"BreadcrumbList\",\"@id\":\"https:\\\/\\\/www.personalinjury.blackrocklaw.com\\\/sports-related-accidents\\\/#breadcrumb\",\"itemListElement\":[{\"@type\":\"ListItem\",\"position\":1,\"name\":\"Home\",\"item\":\"https:\\\/\\\/www.personalinjury.blackrocklaw.com\\\/es\\\/\"},{\"@type\":\"ListItem\",\"position\":2,\"name\":\"Lesiones Personales Relacionados con el Deporte\"}]},{\"@type\":\"WebSite\",\"@id\":\"https:\\\/\\\/www.personalinjury.blackrocklaw.com\\\/#website\",\"url\":\"https:\\\/\\\/www.personalinjury.blackrocklaw.com\\\/\",\"name\":\"Black Rock Trial Lawyers\",\"description\":\"Lawyers Attorneys WordPress Theme\",\"publisher\":{\"@id\":\"https:\\\/\\\/www.personalinjury.blackrocklaw.com\\\/#organization\"},\"potentialAction\":[{\"@type\":\"SearchAction\",\"target\":{\"@type\":\"EntryPoint\",\"urlTemplate\":\"https:\\\/\\\/www.personalinjury.blackrocklaw.com\\\/?s={search_term_string}\"},\"query-input\":{\"@type\":\"PropertyValueSpecification\",\"valueRequired\":true,\"valueName\":\"search_term_string\"}}],\"inLanguage\":\"es\"},{\"@type\":[\"Organization\",\"Place\",\"LegalService\"],\"@id\":\"https:\\\/\\\/www.personalinjury.blackrocklaw.com\\\/#organization\",\"name\":\"Black Rock Trial Lawyers\",\"url\":\"https:\\\/\\\/www.personalinjury.blackrocklaw.com\\\/\",\"logo\":{\"@id\":\"https:\\\/\\\/www.personalinjury.blackrocklaw.com\\\/sports-related-accidents\\\/#local-main-organization-logo\"},\"image\":{\"@id\":\"https:\\\/\\\/www.personalinjury.blackrocklaw.com\\\/sports-related-accidents\\\/#local-main-organization-logo\"},\"sameAs\":[\"https:\\\/\\\/www.facebook.com\\\/blackrocklaw\",\"https:\\\/\\\/x.com\\\/BlackRockLaw\",\"https:\\\/\\\/www.linkedin.com\\\/company\\\/black-rock-trial-lawyers-llc\\\/\",\"https:\\\/\\\/www.instagram.com\\\/blackrocklaw\\\/\",\"https:\\\/\\\/www.youtube.com\\\/channel\\\/UCSHAjhgiXY976HZbWUmYkZg\"],\"description\":\"Black Rock Trial Lawyers will not settle for anything less than the maximum compensation that you deserve and as allowed by law.\",\"legalName\":\"Black Rock Trial Lawyers\",\"address\":{\"@id\":\"https:\\\/\\\/www.personalinjury.blackrocklaw.com\\\/sports-related-accidents\\\/#local-main-place-address\"},\"geo\":{\"@type\":\"GeoCoordinates\",\"latitude\":\"27.943170\",\"longitude\":\"-82.482250\"},\"telephone\":[\"1 (800) 346-7752\"],\"openingHoursSpecification\":{\"@type\":\"OpeningHoursSpecification\",\"dayOfWeek\":[\"Monday\",\"Tuesday\",\"Wednesday\",\"Thursday\",\"Friday\",\"Saturday\",\"Sunday\"],\"opens\":\"00:00\",\"closes\":\"23:59\"},\"email\":\"info@blackrocklaw.com\",\"faxNumber\":\"(813) 254-1777\",\"areaServed\":\"Florida\",\"priceRange\":\"$\",\"currenciesAccepted\":\"Doller\",\"paymentAccepted\":\"All\"},{\"@type\":\"PostalAddress\",\"@id\":\"https:\\\/\\\/www.personalinjury.blackrocklaw.com\\\/sports-related-accidents\\\/#local-main-place-address\",\"streetAddress\":\"201 S. Westland Ave., Tampa, FL 33606\",\"addressLocality\":\"Tampa\",\"postalCode\":\"33606\",\"addressRegion\":\"Florida\",\"addressCountry\":\"US\"},{\"@type\":\"ImageObject\",\"inLanguage\":\"es\",\"@id\":\"https:\\\/\\\/www.personalinjury.blackrocklaw.com\\\/sports-related-accidents\\\/#local-main-organization-logo\",\"url\":\"https:\\\/\\\/www.personalinjury.blackrocklaw.com\\\/wp-content\\\/uploads\\\/2017\\\/02\\\/BlackRockLogoBlack.png\",\"contentUrl\":\"https:\\\/\\\/www.personalinjury.blackrocklaw.com\\\/wp-content\\\/uploads\\\/2017\\\/02\\\/BlackRockLogoBlack.png\",\"width\":5105,\"height\":1024,\"caption\":\"Black Rock Trial Lawyers\"}]}<\/script>\n<meta name=\"geo.placename\" content=\"Tampa\" \/>\n<meta name=\"geo.position\" content=\"27.943170;-82.482250\" \/>\n<meta name=\"geo.region\" content=\"Estados Unidos (EEUU)\" \/>\n<!-- \/ Yoast SEO Premium plugin. -->","yoast_head_json":{"title":"Abogado de Accidentes en Deportes | Black Rock Trial Lawyers | Tampa","description":"P\u00f3ngase en contacto con nosotros 24\/7, para una consulta gratuita relacionada con Lesiones Personales y Accidentes en Deportes con nuestro abogados.","robots":{"index":"index","follow":"follow","max-snippet":"max-snippet:-1","max-image-preview":"max-image-preview:large","max-video-preview":"max-video-preview:-1"},"canonical":"https:\/\/www.personalinjury.blackrocklaw.com\/es\/sports-related-accidents\/","og_locale":"es_ES","og_type":"article","og_title":"Lesiones Personales Relacionados con el Deporte","og_description":"P\u00f3ngase en contacto con nosotros 24\/7, para una consulta gratuita relacionada con Lesiones Personales y Accidentes en Deportes con nuestro abogados.","og_url":"https:\/\/www.personalinjury.blackrocklaw.com\/sports-related-accidents\/","og_site_name":"Black Rock Trial Lawyers","article_publisher":"https:\/\/www.facebook.com\/blackrocklaw","article_modified_time":"2023-10-11T09:47:27+00:00","og_image":[{"width":723,"height":446,"url":"https:\/\/www.personalinjury.blackrocklaw.com\/wp-content\/uploads\/2022\/09\/Accidentes-Relacionados-con-el-Deporte.jpg","type":"image\/jpeg"}],"twitter_card":"summary_large_image","twitter_site":"@BlackRockLaw","twitter_misc":{"Tiempo de lectura":"4 minutos"},"schema":{"@context":"https:\/\/schema.org","@graph":[{"@type":"WebPage","@id":"https:\/\/www.personalinjury.blackrocklaw.com\/sports-related-accidents\/","url":"https:\/\/www.personalinjury.blackrocklaw.com\/sports-related-accidents\/","name":"Abogado de Accidentes en Deportes | Black Rock Trial Lawyers | Tampa","isPartOf":{"@id":"https:\/\/www.personalinjury.blackrocklaw.com\/#website"},"primaryImageOfPage":{"@id":"https:\/\/www.personalinjury.blackrocklaw.com\/sports-related-accidents\/#primaryimage"},"image":{"@id":"https:\/\/www.personalinjury.blackrocklaw.com\/sports-related-accidents\/#primaryimage"},"thumbnailUrl":"https:\/\/www.personalinjury.blackrocklaw.com\/wp-content\/uploads\/2022\/09\/Accidentes-Relacionados-con-el-Deporte.jpg","datePublished":"2022-09-20T12:44:34+00:00","dateModified":"2023-10-11T09:47:27+00:00","description":"P\u00f3ngase en contacto con nosotros 24\/7, para una consulta gratuita relacionada con Lesiones Personales y Accidentes en Deportes con nuestro abogados.","breadcrumb":{"@id":"https:\/\/www.personalinjury.blackrocklaw.com\/sports-related-accidents\/#breadcrumb"},"inLanguage":"es","potentialAction":[{"@type":"ReadAction","target":["https:\/\/www.personalinjury.blackrocklaw.com\/sports-related-accidents\/"]}]},{"@type":"ImageObject","inLanguage":"es","@id":"https:\/\/www.personalinjury.blackrocklaw.com\/sports-related-accidents\/#primaryimage","url":"https:\/\/www.personalinjury.blackrocklaw.com\/wp-content\/uploads\/2022\/09\/Accidentes-Relacionados-con-el-Deporte.jpg","contentUrl":"https:\/\/www.personalinjury.blackrocklaw.com\/wp-content\/uploads\/2022\/09\/Accidentes-Relacionados-con-el-Deporte.jpg","width":723,"height":446,"caption":"lesiones personales en accidentes relacionados con el deporte"},{"@type":"BreadcrumbList","@id":"https:\/\/www.personalinjury.blackrocklaw.com\/sports-related-accidents\/#breadcrumb","itemListElement":[{"@type":"ListItem","position":1,"name":"Home","item":"https:\/\/www.personalinjury.blackrocklaw.com\/es\/"},{"@type":"ListItem","position":2,"name":"Lesiones Personales Relacionados con el Deporte"}]},{"@type":"WebSite","@id":"https:\/\/www.personalinjury.blackrocklaw.com\/#website","url":"https:\/\/www.personalinjury.blackrocklaw.com\/","name":"Black Rock Trial Lawyers","description":"Lawyers Attorneys WordPress Theme","publisher":{"@id":"https:\/\/www.personalinjury.blackrocklaw.com\/#organization"},"potentialAction":[{"@type":"SearchAction","target":{"@type":"EntryPoint","urlTemplate":"https:\/\/www.personalinjury.blackrocklaw.com\/?s={search_term_string}"},"query-input":{"@type":"PropertyValueSpecification","valueRequired":true,"valueName":"search_term_string"}}],"inLanguage":"es"},{"@type":["Organization","Place","LegalService"],"@id":"https:\/\/www.personalinjury.blackrocklaw.com\/#organization","name":"Black Rock Trial Lawyers","url":"https:\/\/www.personalinjury.blackrocklaw.com\/","logo":{"@id":"https:\/\/www.personalinjury.blackrocklaw.com\/sports-related-accidents\/#local-main-organization-logo"},"image":{"@id":"https:\/\/www.personalinjury.blackrocklaw.com\/sports-related-accidents\/#local-main-organization-logo"},"sameAs":["https:\/\/www.facebook.com\/blackrocklaw","https:\/\/x.com\/BlackRockLaw","https:\/\/www.linkedin.com\/company\/black-rock-trial-lawyers-llc\/","https:\/\/www.instagram.com\/blackrocklaw\/","https:\/\/www.youtube.com\/channel\/UCSHAjhgiXY976HZbWUmYkZg"],"description":"Black Rock Trial Lawyers will not settle for anything less than the maximum compensation that you deserve and as allowed by law.","legalName":"Black Rock Trial Lawyers","address":{"@id":"https:\/\/www.personalinjury.blackrocklaw.com\/sports-related-accidents\/#local-main-place-address"},"geo":{"@type":"GeoCoordinates","latitude":"27.943170","longitude":"-82.482250"},"telephone":["1 (800) 346-7752"],"openingHoursSpecification":{"@type":"OpeningHoursSpecification","dayOfWeek":["Monday","Tuesday","Wednesday","Thursday","Friday","Saturday","Sunday"],"opens":"00:00","closes":"23:59"},"email":"info@blackrocklaw.com","faxNumber":"(813) 254-1777","areaServed":"Florida","priceRange":"$","currenciesAccepted":"Doller","paymentAccepted":"All"},{"@type":"PostalAddress","@id":"https:\/\/www.personalinjury.blackrocklaw.com\/sports-related-accidents\/#local-main-place-address","streetAddress":"201 S. Westland Ave., Tampa, FL 33606","addressLocality":"Tampa","postalCode":"33606","addressRegion":"Florida","addressCountry":"US"},{"@type":"ImageObject","inLanguage":"es","@id":"https:\/\/www.personalinjury.blackrocklaw.com\/sports-related-accidents\/#local-main-organization-logo","url":"https:\/\/www.personalinjury.blackrocklaw.com\/wp-content\/uploads\/2017\/02\/BlackRockLogoBlack.png","contentUrl":"https:\/\/www.personalinjury.blackrocklaw.com\/wp-content\/uploads\/2017\/02\/BlackRockLogoBlack.png","width":5105,"height":1024,"caption":"Black Rock Trial Lawyers"}]},"geo.placename":"Tampa","geo.position":{"lat":"27.943170","long":"-82.482250"},"geo.region":"Estados Unidos (EEUU)"},"_links":{"self":[{"href":"https:\/\/www.personalinjury.blackrocklaw.com\/es\/wp-json\/wp\/v2\/pages\/3051","targetHints":{"allow":["GET"]}}],"collection":[{"href":"https:\/\/www.personalinjury.blackrocklaw.com\/es\/wp-json\/wp\/v2\/pages"}],"about":[{"href":"https:\/\/www.personalinjury.blackrocklaw.com\/es\/wp-json\/wp\/v2\/types\/page"}],"author":[{"embeddable":true,"href":"https:\/\/www.personalinjury.blackrocklaw.com\/es\/wp-json\/wp\/v2\/users\/1"}],"replies":[{"embeddable":true,"href":"https:\/\/www.personalinjury.blackrocklaw.com\/es\/wp-json\/wp\/v2\/comments?post=3051"}],"version-history":[{"count":10,"href":"https:\/\/www.personalinjury.blackrocklaw.com\/es\/wp-json\/wp\/v2\/pages\/3051\/revisions"}],"predecessor-version":[{"id":3755,"href":"https:\/\/www.personalinjury.blackrocklaw.com\/es\/wp-json\/wp\/v2\/pages\/3051\/revisions\/3755"}],"wp:featuredmedia":[{"embeddable":true,"href":"https:\/\/www.personalinjury.blackrocklaw.com\/es\/wp-json\/wp\/v2\/media\/3111"}],"wp:attachment":[{"href":"https:\/\/www.personalinjury.blackrocklaw.com\/es\/wp-json\/wp\/v2\/media?parent=3051"}],"curies":[{"name":"wp","href":"https:\/\/api.w.org\/{rel}","templated":true}]}}