{"id":3042,"date":"2022-09-20T12:28:49","date_gmt":"2022-09-20T12:28:49","guid":{"rendered":"https:\/\/www.blackrocklaw.com\/?page_id=3042"},"modified":"2023-10-11T09:47:58","modified_gmt":"2023-10-11T09:47:58","slug":"accidentes-en-aparcamientos-o-estacionamientos","status":"publish","type":"page","link":"https:\/\/www.personalinjury.blackrocklaw.com\/es\/accidentes-en-aparcamientos-o-estacionamientos\/","title":{"rendered":"Lesiones Personales en Aparcamientos o Estacionamientos"},"content":{"rendered":"<p>[vc_row][vc_column][vc_single_image image=\u00bb3113&#8243; img_size=\u00bbfull\u00bb][vc_custom_heading text=\u00bbLesiones Personales en Aparcamientos o Estacionamientos\u00bb][vc_column_text]Los Accidentes en Aparcamientos son muy comunes debido a lo mucho que puede ocurrir en tan poco tiempo en un entorno inseguro si hay conductores inseguros. Un error com\u00fan que comete mucha gente es, asumir que el estacionamiento es propiedad privada y que no hay no hay opciones legales. Sin embargo, eso no es cierto en casi ning\u00fan caso. Despu\u00e9s del accidente se puede presentar una reclamaci\u00f3n y pedir una indemnizaci\u00f3n. Hay muchas causas de estos desafortunados accidentes como la conducci\u00f3n distra\u00edda, no estar atento en la marcha atr\u00e1s, el exceso de velocidad, el mal mantenimiento de los aparcamientos, incluida la se\u00f1alizaci\u00f3n de los carriles y el incumplimiento de la ley que establece que se debe ceder el paso a los peatones y<br \/>\nrespetar las se\u00f1ales.<\/p>\n<p><strong><u>Estos son algunos ejemplos del tipo de lesiones que pueden producirse<\/u><\/strong><strong>:<\/strong><\/p>\n<ul>\n<li>Lesiones relacionadas con el airbag, como abrasiones y fracturas de huesos faciales<\/li>\n<li>Rotura o fractura de huesos<\/li>\n<li>Contusiones<\/li>\n<li>Cortes y raspaduras<\/li>\n<li>Lesiones faciales<\/li>\n<li>Lesiones de cadera y pelvis<\/li>\n<li>Laceraciones<\/li>\n<li>Lesiones de cuello por latigazo cervical<\/li>\n<li>Da\u00f1os en los nervios<\/li>\n<li>Lesiones de peatones, como lesiones de pies y rodillas<\/li>\n<li>Cicatrices<\/li>\n<li>Lesiones de tejidos blandos<\/li>\n<li>Lesiones de la columna vertebral y de la espalda<\/li>\n<li>Esguinces<\/li>\n<li>Lesiones cerebrales traum\u00e1ticas<\/li>\n<\/ul>\n<p>Estos son s\u00f3lo algunos de los problemas a los que debe enfrentarse y que pueden dejarle con la duda:<\/p>\n<p>o \u00bfQui\u00e9n puede ayudarme?<br \/>\n<strong>R: Nosotros Podemos.<\/strong><\/p>\n<p>o \u00bfCon qu\u00e9 rapidez puedo recibir ayuda?<br \/>\n<strong>R: Inmediatamente. Ll\u00e1menos ahora. Estamos 24 horas al d\u00eda, 7 d\u00edas a la semana.<\/strong><\/p>\n<p>o \u00bfC\u00f3mo puedo recibir tratamiento m\u00e9dico para mi hijo o para m\u00ed?<br \/>\n<strong>R: Inmediatamente, pero ll\u00e1menos para explicarlo.<\/strong><\/p>\n<p>o \u00bfCu\u00e1nto costar\u00e1 contratar a un abogado?<br \/>\n<strong>R: No hay costo por adelantado.<\/strong>[\/vc_column_text][vc_empty_space height=\u00bb70px\u00bb hide_on_mobile=\u00bb\u00bb][vc_custom_heading text=\u00bbSigue estos 3 pasos:\u00bb][vc_custom_heading text=\u00bbPaso #1: ACTUAR INMEDIATAMENTE\u00bb][vc_column_text]<\/p>\n<ol>\n<li>P\u00f3ngase en contacto con nosotros, las 24 horas del d\u00eda, para una consulta gratuita garantizada de Accidente de Estacionamiento con el abogado de lesiones personales de la firma.<\/li>\n<li>Garantizamos que en su primera consulta con el abogado de lesiones personales de la firma le explicaremos todo el proceso de manejo de su caso de lesiones en el estacionamiento y responderemos a todas sus preguntas.<\/li>\n<li>Garantizamos que la consulta ser\u00e1 programada inmediatamente con nuestro abogado de lesiones personales para discutir su Lesi\u00f3n de Estacionamiento (sin costo alguno).<\/li>\n<li>Ofrecemos consultas por tel\u00e9fono, en la oficina de la firma, en su casa, hospital, o cualquier otro lugar conveniente.<\/li>\n<li><strong><u>Haga clic aqu\u00ed<\/u><\/strong> para obtener respuestas detalladas a las preguntas m\u00e1s frecuentes relacionadas con los Accidentes en Estacionamientos.<\/li>\n<\/ol>\n<p>[\/vc_column_text][vc_empty_space height=\u00bb70px\u00bb hide_on_mobile=\u00bb\u00bb][vc_custom_heading text=\u00bbPASO #2: LO QUE TIENES QUE SABER\u00bb][vc_column_text]<\/p>\n<ol>\n<li>Es cr\u00edtico tomar fotos de su lesi\u00f3n en el estacionamiento y tratar de obtener declaraciones de testigos para asegurarnos de preservar la evidencia que caus\u00f3 la lesi\u00f3n.<\/li>\n<li>Tenemos que presentar inmediatamente una reclamaci\u00f3n al seguro de Responsabilidad Civil General para preservar sus derechos.<\/li>\n<li>Necesitamos solicitar inmediatamente cualquier video que pueda haber grabado el incidente.<\/li>\n<li>Casi todos los negocios y locales comerciales tienen una cobertura de Responsabilidad Civil General que cubre este tipo de reclamaciones. Normalmente se ve al menos 1.000.000 de d\u00f3lares de cobertura disponible para reclamaciones por da\u00f1os personales.<\/li>\n<li>Aunque no tenga seguro m\u00e9dico, puede ser atendido por un m\u00e9dico calificado a trav\u00e9s de lo que se llama una \u00abCarta de Protecci\u00f3n\u00bb.<\/li>\n<li>Aunque el plazo de prescripci\u00f3n para presentar una demanda es de dos (2) a\u00f1os desde la fecha de la lesi\u00f3n, usted puede perjudicar su demanda si no recibe inmediatamente tratamiento m\u00e9dico para su lesi\u00f3n o tener lagunas en el tratamiento.<\/li>\n<li>Usted no paga ning\u00fan dinero por adelantado para retenernos como su abogado de Accidente de Aparcamiento. Usted s\u00f3lo paga si recibe una compensaci\u00f3n en el momento en que se resuelva el caso.<\/li>\n<li>Una vez que haya completado el tratamiento m\u00e9dico de sus lesiones, valoramos su caso y presentamos un amplio acuerdo de conciliaci\u00f3n previa a la demanda.<\/li>\n<li>Si la compa\u00f1\u00eda de seguros no hace una oferta justa y razonable, entonces presentaremos una demanda judicial.<\/li>\n<li>Sin costo alguno, le ayudaremos a coordinar la reparaci\u00f3n o sustituci\u00f3n de sus bienes personales.<\/li>\n<\/ol>\n<p>[\/vc_column_text][vc_empty_space height=\u00bb70px\u00bb hide_on_mobile=\u00bb\u00bb][vc_custom_heading text=\u00bbPASO #3: DA\u00d1OS Y PERJUICIOS QUE PUEDE TENER DERECHO A RECUPERAR\u00bb][vc_column_text]<\/p>\n<ol>\n<li style=\"text-align: justify;\">El pago de las facturas y costos actuales y futuros de los proveedores m\u00e9dicos<\/li>\n<li style=\"text-align: justify;\">Tratamiento de atenci\u00f3n m\u00e9dica futura<\/li>\n<li style=\"text-align: justify;\">Salarios de p\u00e9rdidas pasadas, presentes y futuras<\/li>\n<li style=\"text-align: justify;\">Da\u00f1os materiales y personales<\/li>\n<li style=\"text-align: justify;\">Dolor y sufrimiento f\u00edsico<\/li>\n<li style=\"text-align: justify;\">Dolor y sufrimiento emocional<\/li>\n<li style=\"text-align: justify;\">Da\u00f1os punitivos (en circunstancias especiales)<\/li>\n<li style=\"text-align: justify;\">P\u00e9rdida de consorcio<\/li>\n<li style=\"text-align: justify;\">Otros da\u00f1os permitidos por la ley<\/li>\n<\/ol>\n<p>[\/vc_column_text][vc_column_text]<\/p>\n<p class=\"spphone_big\"><a href=\"tel:18003467752\"><strong><span style=\"font-size: 36pt;\">1 800 346 7752<\/span><\/strong><\/a><\/p>\n<p>[\/vc_column_text][vc_empty_space height=\u00bb48px\u00bb hide_on_mobile=\u00bb\u00bb][vc_column_text]<\/p>\n<h3>Abogado de Lesiones Personales en Aparcamientos o Estacionamientos<\/h3>\n<p>[\/vc_column_text][\/vc_column][\/vc_row]<\/p>\n","protected":false},"excerpt":{"rendered":"<p>[vc_row][vc_column][vc_single_image image=\u00bb3113&#8243; img_size=\u00bbfull\u00bb][vc_custom_heading text=\u00bbLesiones Personales en Aparcamientos o Estacionamientos\u00bb][vc_column_text]Los Accidentes en Aparcamientos son muy comunes debido a lo mucho que puede ocurrir en tan poco tiempo en un entorno inseguro si hay conductores inseguros. Un error com\u00fan que comete mucha gente es, asumir que el&hellip;<\/p>\n","protected":false},"author":1,"featured_media":3113,"parent":0,"menu_order":0,"comment_status":"closed","ping_status":"closed","template":"","meta":{"footnotes":""},"class_list":["post-3042","page","type-page","status-publish","has-post-thumbnail","hentry"],"yoast_head":"<!-- This site is optimized with the Yoast SEO Premium plugin v25.3 (Yoast SEO v27.3) - https:\/\/yoast.com\/product\/yoast-seo-premium-wordpress\/ -->\n<title>Lesiones Personales en Aparcamientos | Black Rock Trial Lawyers | Tampa<\/title>\n<meta name=\"description\" content=\"P\u00f3ngase en contacto con nosotros 24\/7, para una consulta gratuita garantizada de accidentes de estacionamiento con el abogado de lesiones personales\" \/>\n<meta name=\"robots\" content=\"index, follow, max-snippet:-1, max-image-preview:large, max-video-preview:-1\" \/>\n<link rel=\"canonical\" href=\"https:\/\/www.personalinjury.blackrocklaw.com\/es\/parking-lot-accidents\/\" \/>\n<meta property=\"og:locale\" content=\"es_ES\" \/>\n<meta property=\"og:type\" content=\"article\" \/>\n<meta property=\"og:title\" content=\"Lesiones Personales en Aparcamientos o Estacionamientos\" \/>\n<meta property=\"og:description\" content=\"P\u00f3ngase en contacto con nosotros 24\/7, para una consulta gratuita garantizada de accidentes de estacionamiento con el abogado de lesiones personales\" \/>\n<meta property=\"og:url\" content=\"https:\/\/www.personalinjury.blackrocklaw.com\/parking-lot-accidents\/\" \/>\n<meta property=\"og:site_name\" content=\"Black Rock Trial Lawyers\" \/>\n<meta property=\"article:publisher\" content=\"https:\/\/www.facebook.com\/blackrocklaw\" \/>\n<meta property=\"article:modified_time\" content=\"2023-10-11T09:47:58+00:00\" \/>\n<meta property=\"og:image\" content=\"https:\/\/www.personalinjury.blackrocklaw.com\/wp-content\/uploads\/2022\/09\/Accidentes-en-Estacionamientos.jpg\" \/>\n\t<meta property=\"og:image:width\" content=\"723\" \/>\n\t<meta property=\"og:image:height\" content=\"446\" \/>\n\t<meta property=\"og:image:type\" content=\"image\/jpeg\" \/>\n<meta name=\"twitter:card\" content=\"summary_large_image\" \/>\n<meta name=\"twitter:site\" content=\"@BlackRockLaw\" \/>\n<meta name=\"twitter:label1\" content=\"Tiempo de lectura\" \/>\n\t<meta name=\"twitter:data1\" content=\"4 minutos\" \/>\n<script type=\"application\/ld+json\" class=\"yoast-schema-graph\">{\"@context\":\"https:\\\/\\\/schema.org\",\"@graph\":[{\"@type\":\"WebPage\",\"@id\":\"https:\\\/\\\/www.personalinjury.blackrocklaw.com\\\/parking-lot-accidents\\\/\",\"url\":\"https:\\\/\\\/www.personalinjury.blackrocklaw.com\\\/parking-lot-accidents\\\/\",\"name\":\"Lesiones Personales en Aparcamientos | Black Rock Trial Lawyers | Tampa\",\"isPartOf\":{\"@id\":\"https:\\\/\\\/www.personalinjury.blackrocklaw.com\\\/#website\"},\"primaryImageOfPage\":{\"@id\":\"https:\\\/\\\/www.personalinjury.blackrocklaw.com\\\/parking-lot-accidents\\\/#primaryimage\"},\"image\":{\"@id\":\"https:\\\/\\\/www.personalinjury.blackrocklaw.com\\\/parking-lot-accidents\\\/#primaryimage\"},\"thumbnailUrl\":\"https:\\\/\\\/www.personalinjury.blackrocklaw.com\\\/wp-content\\\/uploads\\\/2022\\\/09\\\/Accidentes-en-Estacionamientos.jpg\",\"datePublished\":\"2022-09-20T12:28:49+00:00\",\"dateModified\":\"2023-10-11T09:47:58+00:00\",\"description\":\"P\u00f3ngase en contacto con nosotros 24\\\/7, para una consulta gratuita garantizada de accidentes de estacionamiento con el abogado de lesiones personales\",\"breadcrumb\":{\"@id\":\"https:\\\/\\\/www.personalinjury.blackrocklaw.com\\\/parking-lot-accidents\\\/#breadcrumb\"},\"inLanguage\":\"es\",\"potentialAction\":[{\"@type\":\"ReadAction\",\"target\":[\"https:\\\/\\\/www.personalinjury.blackrocklaw.com\\\/parking-lot-accidents\\\/\"]}]},{\"@type\":\"ImageObject\",\"inLanguage\":\"es\",\"@id\":\"https:\\\/\\\/www.personalinjury.blackrocklaw.com\\\/parking-lot-accidents\\\/#primaryimage\",\"url\":\"https:\\\/\\\/www.personalinjury.blackrocklaw.com\\\/wp-content\\\/uploads\\\/2022\\\/09\\\/Accidentes-en-Estacionamientos.jpg\",\"contentUrl\":\"https:\\\/\\\/www.personalinjury.blackrocklaw.com\\\/wp-content\\\/uploads\\\/2022\\\/09\\\/Accidentes-en-Estacionamientos.jpg\",\"width\":723,\"height\":446,\"caption\":\"abogado de lesiones personales en accidentes en estaciamientos tampa Fl\"},{\"@type\":\"BreadcrumbList\",\"@id\":\"https:\\\/\\\/www.personalinjury.blackrocklaw.com\\\/parking-lot-accidents\\\/#breadcrumb\",\"itemListElement\":[{\"@type\":\"ListItem\",\"position\":1,\"name\":\"Home\",\"item\":\"https:\\\/\\\/www.personalinjury.blackrocklaw.com\\\/es\\\/\"},{\"@type\":\"ListItem\",\"position\":2,\"name\":\"Lesiones Personales en Aparcamientos o Estacionamientos\"}]},{\"@type\":\"WebSite\",\"@id\":\"https:\\\/\\\/www.personalinjury.blackrocklaw.com\\\/#website\",\"url\":\"https:\\\/\\\/www.personalinjury.blackrocklaw.com\\\/\",\"name\":\"Black Rock Trial Lawyers\",\"description\":\"Lawyers Attorneys WordPress Theme\",\"publisher\":{\"@id\":\"https:\\\/\\\/www.personalinjury.blackrocklaw.com\\\/#organization\"},\"potentialAction\":[{\"@type\":\"SearchAction\",\"target\":{\"@type\":\"EntryPoint\",\"urlTemplate\":\"https:\\\/\\\/www.personalinjury.blackrocklaw.com\\\/?s={search_term_string}\"},\"query-input\":{\"@type\":\"PropertyValueSpecification\",\"valueRequired\":true,\"valueName\":\"search_term_string\"}}],\"inLanguage\":\"es\"},{\"@type\":[\"Organization\",\"Place\",\"LegalService\"],\"@id\":\"https:\\\/\\\/www.personalinjury.blackrocklaw.com\\\/#organization\",\"name\":\"Black Rock Trial Lawyers\",\"url\":\"https:\\\/\\\/www.personalinjury.blackrocklaw.com\\\/\",\"logo\":{\"@id\":\"https:\\\/\\\/www.personalinjury.blackrocklaw.com\\\/parking-lot-accidents\\\/#local-main-organization-logo\"},\"image\":{\"@id\":\"https:\\\/\\\/www.personalinjury.blackrocklaw.com\\\/parking-lot-accidents\\\/#local-main-organization-logo\"},\"sameAs\":[\"https:\\\/\\\/www.facebook.com\\\/blackrocklaw\",\"https:\\\/\\\/x.com\\\/BlackRockLaw\",\"https:\\\/\\\/www.linkedin.com\\\/company\\\/black-rock-trial-lawyers-llc\\\/\",\"https:\\\/\\\/www.instagram.com\\\/blackrocklaw\\\/\",\"https:\\\/\\\/www.youtube.com\\\/channel\\\/UCSHAjhgiXY976HZbWUmYkZg\"],\"description\":\"Black Rock Trial Lawyers will not settle for anything less than the maximum compensation that you deserve and as allowed by law.\",\"legalName\":\"Black Rock Trial Lawyers\",\"address\":{\"@id\":\"https:\\\/\\\/www.personalinjury.blackrocklaw.com\\\/parking-lot-accidents\\\/#local-main-place-address\"},\"geo\":{\"@type\":\"GeoCoordinates\",\"latitude\":\"27.943170\",\"longitude\":\"-82.482250\"},\"telephone\":[\"1 (800) 346-7752\"],\"openingHoursSpecification\":{\"@type\":\"OpeningHoursSpecification\",\"dayOfWeek\":[\"Monday\",\"Tuesday\",\"Wednesday\",\"Thursday\",\"Friday\",\"Saturday\",\"Sunday\"],\"opens\":\"00:00\",\"closes\":\"23:59\"},\"email\":\"info@blackrocklaw.com\",\"faxNumber\":\"(813) 254-1777\",\"areaServed\":\"Florida\",\"priceRange\":\"$\",\"currenciesAccepted\":\"Doller\",\"paymentAccepted\":\"All\"},{\"@type\":\"PostalAddress\",\"@id\":\"https:\\\/\\\/www.personalinjury.blackrocklaw.com\\\/parking-lot-accidents\\\/#local-main-place-address\",\"streetAddress\":\"201 S. Westland Ave., Tampa, FL 33606\",\"addressLocality\":\"Tampa\",\"postalCode\":\"33606\",\"addressRegion\":\"Florida\",\"addressCountry\":\"US\"},{\"@type\":\"ImageObject\",\"inLanguage\":\"es\",\"@id\":\"https:\\\/\\\/www.personalinjury.blackrocklaw.com\\\/parking-lot-accidents\\\/#local-main-organization-logo\",\"url\":\"https:\\\/\\\/www.personalinjury.blackrocklaw.com\\\/wp-content\\\/uploads\\\/2017\\\/02\\\/BlackRockLogoBlack.png\",\"contentUrl\":\"https:\\\/\\\/www.personalinjury.blackrocklaw.com\\\/wp-content\\\/uploads\\\/2017\\\/02\\\/BlackRockLogoBlack.png\",\"width\":5105,\"height\":1024,\"caption\":\"Black Rock Trial Lawyers\"}]}<\/script>\n<meta name=\"geo.placename\" content=\"Tampa\" \/>\n<meta name=\"geo.position\" content=\"27.943170;-82.482250\" \/>\n<meta name=\"geo.region\" content=\"Estados Unidos (EEUU)\" \/>\n<!-- \/ Yoast SEO Premium plugin. -->","yoast_head_json":{"title":"Lesiones Personales en Aparcamientos | Black Rock Trial Lawyers | Tampa","description":"P\u00f3ngase en contacto con nosotros 24\/7, para una consulta gratuita garantizada de accidentes de estacionamiento con el abogado de lesiones personales","robots":{"index":"index","follow":"follow","max-snippet":"max-snippet:-1","max-image-preview":"max-image-preview:large","max-video-preview":"max-video-preview:-1"},"canonical":"https:\/\/www.personalinjury.blackrocklaw.com\/es\/parking-lot-accidents\/","og_locale":"es_ES","og_type":"article","og_title":"Lesiones Personales en Aparcamientos o Estacionamientos","og_description":"P\u00f3ngase en contacto con nosotros 24\/7, para una consulta gratuita garantizada de accidentes de estacionamiento con el abogado de lesiones personales","og_url":"https:\/\/www.personalinjury.blackrocklaw.com\/parking-lot-accidents\/","og_site_name":"Black Rock Trial Lawyers","article_publisher":"https:\/\/www.facebook.com\/blackrocklaw","article_modified_time":"2023-10-11T09:47:58+00:00","og_image":[{"width":723,"height":446,"url":"https:\/\/www.personalinjury.blackrocklaw.com\/wp-content\/uploads\/2022\/09\/Accidentes-en-Estacionamientos.jpg","type":"image\/jpeg"}],"twitter_card":"summary_large_image","twitter_site":"@BlackRockLaw","twitter_misc":{"Tiempo de lectura":"4 minutos"},"schema":{"@context":"https:\/\/schema.org","@graph":[{"@type":"WebPage","@id":"https:\/\/www.personalinjury.blackrocklaw.com\/parking-lot-accidents\/","url":"https:\/\/www.personalinjury.blackrocklaw.com\/parking-lot-accidents\/","name":"Lesiones Personales en Aparcamientos | Black Rock Trial Lawyers | Tampa","isPartOf":{"@id":"https:\/\/www.personalinjury.blackrocklaw.com\/#website"},"primaryImageOfPage":{"@id":"https:\/\/www.personalinjury.blackrocklaw.com\/parking-lot-accidents\/#primaryimage"},"image":{"@id":"https:\/\/www.personalinjury.blackrocklaw.com\/parking-lot-accidents\/#primaryimage"},"thumbnailUrl":"https:\/\/www.personalinjury.blackrocklaw.com\/wp-content\/uploads\/2022\/09\/Accidentes-en-Estacionamientos.jpg","datePublished":"2022-09-20T12:28:49+00:00","dateModified":"2023-10-11T09:47:58+00:00","description":"P\u00f3ngase en contacto con nosotros 24\/7, para una consulta gratuita garantizada de accidentes de estacionamiento con el abogado de lesiones personales","breadcrumb":{"@id":"https:\/\/www.personalinjury.blackrocklaw.com\/parking-lot-accidents\/#breadcrumb"},"inLanguage":"es","potentialAction":[{"@type":"ReadAction","target":["https:\/\/www.personalinjury.blackrocklaw.com\/parking-lot-accidents\/"]}]},{"@type":"ImageObject","inLanguage":"es","@id":"https:\/\/www.personalinjury.blackrocklaw.com\/parking-lot-accidents\/#primaryimage","url":"https:\/\/www.personalinjury.blackrocklaw.com\/wp-content\/uploads\/2022\/09\/Accidentes-en-Estacionamientos.jpg","contentUrl":"https:\/\/www.personalinjury.blackrocklaw.com\/wp-content\/uploads\/2022\/09\/Accidentes-en-Estacionamientos.jpg","width":723,"height":446,"caption":"abogado de lesiones personales en accidentes en estaciamientos tampa Fl"},{"@type":"BreadcrumbList","@id":"https:\/\/www.personalinjury.blackrocklaw.com\/parking-lot-accidents\/#breadcrumb","itemListElement":[{"@type":"ListItem","position":1,"name":"Home","item":"https:\/\/www.personalinjury.blackrocklaw.com\/es\/"},{"@type":"ListItem","position":2,"name":"Lesiones Personales en Aparcamientos o Estacionamientos"}]},{"@type":"WebSite","@id":"https:\/\/www.personalinjury.blackrocklaw.com\/#website","url":"https:\/\/www.personalinjury.blackrocklaw.com\/","name":"Black Rock Trial Lawyers","description":"Lawyers Attorneys WordPress Theme","publisher":{"@id":"https:\/\/www.personalinjury.blackrocklaw.com\/#organization"},"potentialAction":[{"@type":"SearchAction","target":{"@type":"EntryPoint","urlTemplate":"https:\/\/www.personalinjury.blackrocklaw.com\/?s={search_term_string}"},"query-input":{"@type":"PropertyValueSpecification","valueRequired":true,"valueName":"search_term_string"}}],"inLanguage":"es"},{"@type":["Organization","Place","LegalService"],"@id":"https:\/\/www.personalinjury.blackrocklaw.com\/#organization","name":"Black Rock Trial Lawyers","url":"https:\/\/www.personalinjury.blackrocklaw.com\/","logo":{"@id":"https:\/\/www.personalinjury.blackrocklaw.com\/parking-lot-accidents\/#local-main-organization-logo"},"image":{"@id":"https:\/\/www.personalinjury.blackrocklaw.com\/parking-lot-accidents\/#local-main-organization-logo"},"sameAs":["https:\/\/www.facebook.com\/blackrocklaw","https:\/\/x.com\/BlackRockLaw","https:\/\/www.linkedin.com\/company\/black-rock-trial-lawyers-llc\/","https:\/\/www.instagram.com\/blackrocklaw\/","https:\/\/www.youtube.com\/channel\/UCSHAjhgiXY976HZbWUmYkZg"],"description":"Black Rock Trial Lawyers will not settle for anything less than the maximum compensation that you deserve and as allowed by law.","legalName":"Black Rock Trial Lawyers","address":{"@id":"https:\/\/www.personalinjury.blackrocklaw.com\/parking-lot-accidents\/#local-main-place-address"},"geo":{"@type":"GeoCoordinates","latitude":"27.943170","longitude":"-82.482250"},"telephone":["1 (800) 346-7752"],"openingHoursSpecification":{"@type":"OpeningHoursSpecification","dayOfWeek":["Monday","Tuesday","Wednesday","Thursday","Friday","Saturday","Sunday"],"opens":"00:00","closes":"23:59"},"email":"info@blackrocklaw.com","faxNumber":"(813) 254-1777","areaServed":"Florida","priceRange":"$","currenciesAccepted":"Doller","paymentAccepted":"All"},{"@type":"PostalAddress","@id":"https:\/\/www.personalinjury.blackrocklaw.com\/parking-lot-accidents\/#local-main-place-address","streetAddress":"201 S. Westland Ave., Tampa, FL 33606","addressLocality":"Tampa","postalCode":"33606","addressRegion":"Florida","addressCountry":"US"},{"@type":"ImageObject","inLanguage":"es","@id":"https:\/\/www.personalinjury.blackrocklaw.com\/parking-lot-accidents\/#local-main-organization-logo","url":"https:\/\/www.personalinjury.blackrocklaw.com\/wp-content\/uploads\/2017\/02\/BlackRockLogoBlack.png","contentUrl":"https:\/\/www.personalinjury.blackrocklaw.com\/wp-content\/uploads\/2017\/02\/BlackRockLogoBlack.png","width":5105,"height":1024,"caption":"Black Rock Trial Lawyers"}]},"geo.placename":"Tampa","geo.position":{"lat":"27.943170","long":"-82.482250"},"geo.region":"Estados Unidos (EEUU)"},"_links":{"self":[{"href":"https:\/\/www.personalinjury.blackrocklaw.com\/es\/wp-json\/wp\/v2\/pages\/3042","targetHints":{"allow":["GET"]}}],"collection":[{"href":"https:\/\/www.personalinjury.blackrocklaw.com\/es\/wp-json\/wp\/v2\/pages"}],"about":[{"href":"https:\/\/www.personalinjury.blackrocklaw.com\/es\/wp-json\/wp\/v2\/types\/page"}],"author":[{"embeddable":true,"href":"https:\/\/www.personalinjury.blackrocklaw.com\/es\/wp-json\/wp\/v2\/users\/1"}],"replies":[{"embeddable":true,"href":"https:\/\/www.personalinjury.blackrocklaw.com\/es\/wp-json\/wp\/v2\/comments?post=3042"}],"version-history":[{"count":9,"href":"https:\/\/www.personalinjury.blackrocklaw.com\/es\/wp-json\/wp\/v2\/pages\/3042\/revisions"}],"predecessor-version":[{"id":3753,"href":"https:\/\/www.personalinjury.blackrocklaw.com\/es\/wp-json\/wp\/v2\/pages\/3042\/revisions\/3753"}],"wp:featuredmedia":[{"embeddable":true,"href":"https:\/\/www.personalinjury.blackrocklaw.com\/es\/wp-json\/wp\/v2\/media\/3113"}],"wp:attachment":[{"href":"https:\/\/www.personalinjury.blackrocklaw.com\/es\/wp-json\/wp\/v2\/media?parent=3042"}],"curies":[{"name":"wp","href":"https:\/\/api.w.org\/{rel}","templated":true}]}}