{"id":3030,"date":"2022-09-20T11:57:08","date_gmt":"2022-09-20T11:57:08","guid":{"rendered":"https:\/\/www.blackrocklaw.com\/?page_id=3030"},"modified":"2023-10-11T09:33:38","modified_gmt":"2023-10-11T09:33:38","slug":"accidentes-de-autobus","status":"publish","type":"page","link":"https:\/\/www.personalinjury.blackrocklaw.com\/es\/accidentes-de-autobus\/","title":{"rendered":"Lesiones Personales en Autob\u00fas"},"content":{"rendered":"<p>[vc_row][vc_column][vc_single_image image=\u00bb3119&#8243; img_size=\u00bbfull\u00bb][vc_custom_heading text=\u00bbAbogado en Accidentes de Autob\u00fas en Tampa FL\u00bb font_container=\u00bbtag:h1|text_align:left\u00bb use_theme_fonts=\u00bbyes\u00bb][vc_column_text]Los Accidentes de Autob\u00fas son la causa m\u00e1s com\u00fan de miles de muertes en todo el mundo. Existe un nivel de riesgo cuando pone su seguridad y su vida en las manos de un extra\u00f1o. Desafortunadamente, muchas personas resultan heridas o mueren en Accidentes de Autob\u00fas cada a\u00f1o debido a colisiones de autobuses, errores del operador, conductores distra\u00eddos, fatiga del conductor, pr\u00e1cticas de conducci\u00f3n inseguras como la conducci\u00f3n agresiva o el exceso de velocidad y por \u00faltimo, pero no menos importante, el mantenimiento inadecuado. No importa si se trata de un ni\u00f1o en un autob\u00fas escolar o un adulto en un autob\u00fas p\u00fablico tratando de llegar al trabajo, ambos arriesgan sus vidas en estos autobuses todos los d\u00edas.<\/p>\n<p><strong><u>Aqu\u00ed hay un par de ejemplos de qu\u00e9 tipo de lesiones pueden ocurrir:<\/u><\/strong><\/p>\n<ul>\n<li>Amputaciones<\/li>\n<li>Huesos o costillas rotas<\/li>\n<li>Magulladuras y laceraciones<\/li>\n<li>Discos intervertebrales abultados o herniados<\/li>\n<li>Quemaduras<\/li>\n<li>Conmociones cerebrales<\/li>\n<li>Hemorragias internas u \u00f3rganos da\u00f1ados<\/li>\n<li>Laceraciones<\/li>\n<li>Da\u00f1os musculares<\/li>\n<li>Par\u00e1lisis<\/li>\n<li>Lesiones de la m\u00e9dula espinal<\/li>\n<li>Lesiones cerebrales traum\u00e1ticas<\/li>\n<\/ul>\n<p>Estos son s\u00f3lo algunos de los problemas a los que debe enfrentarse y que pueden dejarle con la duda:<\/p>\n<p>o \u00bfQui\u00e9n puede ayudarme?<br \/>\n<strong>R: Nosotros podemos. Sin embargo, es crucial que justo despu\u00e9s del accidente llame al 911 y presente un informe policial.<\/strong><\/p>\n<p>o \u00bfQu\u00e9 tan r\u00e1pido puedo recibir ayuda?<br \/>\n<strong>R: Inmediatamente. Ll\u00e1menos ahora. Estamos 24\/7.<\/strong><\/p>\n<p>o \u00bfC\u00f3mo puedo recibir tratamiento m\u00e9dico para mi hijo o para m\u00ed?<br \/>\n<strong>R: Inmediatamente, pero ll\u00e1menos para explicarlo.<\/strong><\/p>\n<p>o \u00bfCu\u00e1nto costar\u00e1 contratar a un abogado en lesiones personales?<br \/>\n<strong>R: No hay costo por adelantado<\/strong>[\/vc_column_text][vc_empty_space height=\u00bb70px\u00bb hide_on_mobile=\u00bb\u00bb][vc_custom_heading text=\u00bbSigue estos 3 pasos:\u00bb][vc_custom_heading text=\u00bbPaso #1: ACTUAR INMEDIATAMENTE\u00bb][vc_column_text]<\/p>\n<ol>\n<li>P\u00f3ngase en contacto con nosotros, 24\/7, para una consulta gratuita de Accidente de Autob\u00fas garantizada con el abogado de lesiones personales de la firma.<\/li>\n<li>Le garantizamos que en su primera consulta con el abogado de lesiones personales de la firma le explicaremos todo el proceso de manejo de su caso de Accidente de Autob\u00fas y responderemos a todas sus preguntas.<\/li>\n<li>Le garantizamos que la consulta ser\u00e1 programada inmediatamente con nuestro abogado de lesiones personales para discutir su Lesi\u00f3n por Accidente de Autob\u00fas (sin costo alguno).<\/li>\n<li>Ofrecemos consultas por tel\u00e9fono, en la oficina de la firma, en su casa, en el hospital o en cualquier otro lugar conveniente.<\/li>\n<li><strong><u>Haga clic aqu\u00ed<\/u><\/strong> para obtener respuestas detalladas a las preguntas m\u00e1s frecuentes relacionadas con los Accidentes de Autob\u00fas.<\/li>\n<\/ol>\n<p>[\/vc_column_text][vc_empty_space height=\u00bb70px\u00bb hide_on_mobile=\u00bb\u00bb][vc_custom_heading text=\u00bbPASO #2: LO QUE TIENES QUE SABER\u00bb][vc_column_text]<\/p>\n<ol>\n<li>Es cr\u00edtico tomar fotos de su lesi\u00f3n de Acidente de Autob\u00fas y tratar de obtener las declaraciones de los testigos para asegurarnos de preservar la evidencia que caus\u00f3 la lesi\u00f3n. Aseg\u00farese de obtener tambi\u00e9n la identificaci\u00f3n del conductor del autob\u00fas y la informaci\u00f3n sobre la compa\u00f1\u00eda de autobuses.<\/li>\n<li>Tenemos que presentar inmediatamente una reclamaci\u00f3n al seguro de Responsabilidad Civil General para preservar sus derechos.<\/li>\n<li>Tenemos que solicitar inmediatamente cualquier v\u00eddeo que pueda haber grabado el incidente.<\/li>\n<li>Casi todos los negocios y propiedades comerciales tienen una cobertura de Responsabilidad General que cubre este tipo de reclamaciones. Por lo general, se ve al menos $ 1,000,000.00 en la cobertura disponible para las reclamaciones de lesiones personales.<\/li>\n<li>Aunque no tenga seguro m\u00e9dico, puede ser atendido por un m\u00e9dico cualificado a trav\u00e9s de lo que se llama \u00abCarta de Protecci\u00f3n\u00bb.<\/li>\n<li>Aunque el plazo de prescripci\u00f3n para presentar una demanda es de dos (2) a\u00f1os a partir de la fecha de la lesi\u00f3n, puede perjudicar su reclamaci\u00f3n si no recibe inmediatamente tratamiento m\u00e9dico para su lesi\u00f3n o si tiene lagunas en el tratamiento.<\/li>\n<li>Usted no paga ning\u00fan dinero por adelantado para retenernos como su abogado de lesiones personales por Accidente de Autob\u00fas. Usted s\u00f3lo paga si recibe una compensaci\u00f3n en el momento en que se resuelve el caso.<\/li>\n<li>Una vez que usted complete el tratamiento m\u00e9dico de sus lesiones, valoramos su caso y presentamos un acuerdo de conciliaci\u00f3n exhaustiva previa a la demanda.<\/li>\n<li>Si la compa\u00f1\u00eda de seguros no hace una oferta justa y razonable, entonces presentaremos una demanda.<\/li>\n<li>Sin costo alguno, le ayudaremos a coordinar la reparaci\u00f3n o sustituci\u00f3n de sus bienes personales.<\/li>\n<\/ol>\n<p>[\/vc_column_text][vc_empty_space height=\u00bb70px\u00bb hide_on_mobile=\u00bb\u00bb][vc_custom_heading text=\u00bbPASO #3: DA\u00d1OS Y PERJUICIOS QUE PUEDE TENER DERECHO A RECUPERAR\u00bb][vc_column_text]<\/p>\n<ol>\n<li style=\"text-align: justify;\">El pago de las facturas y costos actuales y futuros de los proveedores m\u00e9dicos<\/li>\n<li style=\"text-align: justify;\">Tratamiento de atenci\u00f3n m\u00e9dica futura<\/li>\n<li style=\"text-align: justify;\">Salarios de p\u00e9rdidas pasadas, presentes y futuras<\/li>\n<li style=\"text-align: justify;\">Da\u00f1os materiales y personales<\/li>\n<li style=\"text-align: justify;\">Dolor y sufrimiento f\u00edsico<\/li>\n<li style=\"text-align: justify;\">Dolor y sufrimiento emocional<\/li>\n<li style=\"text-align: justify;\">Da\u00f1os punitivos (en circunstancias especiales)<\/li>\n<li style=\"text-align: justify;\">P\u00e9rdida de consorcio<\/li>\n<li style=\"text-align: justify;\">Otros da\u00f1os permitidos por la ley<\/li>\n<\/ol>\n<p>[\/vc_column_text][vc_column_text]<\/p>\n<p class=\"spphone_big\"><a href=\"tel:18003467752\"><strong><span style=\"font-size: 36pt;\">1 800 346 7752<\/span><\/strong><\/a><\/p>\n<p>[\/vc_column_text][\/vc_column][\/vc_row]<\/p>\n","protected":false},"excerpt":{"rendered":"<p>[vc_row][vc_column][vc_single_image image=\u00bb3119&#8243; img_size=\u00bbfull\u00bb][vc_custom_heading text=\u00bbAbogado en Accidentes de Autob\u00fas en Tampa FL\u00bb font_container=\u00bbtag:h1|text_align:left\u00bb use_theme_fonts=\u00bbyes\u00bb][vc_column_text]Los Accidentes de Autob\u00fas son la causa m\u00e1s com\u00fan de miles de muertes en todo el mundo. Existe un nivel de riesgo cuando pone su seguridad y su vida en las manos de&hellip;<\/p>\n","protected":false},"author":1,"featured_media":3109,"parent":0,"menu_order":0,"comment_status":"closed","ping_status":"closed","template":"","meta":{"footnotes":""},"class_list":["post-3030","page","type-page","status-publish","has-post-thumbnail","hentry"],"yoast_head":"<!-- This site is optimized with the Yoast SEO Premium plugin v25.3 (Yoast SEO v27.3) - https:\/\/yoast.com\/product\/yoast-seo-premium-wordpress\/ -->\n<title>Abogado en Accidentes de Autob\u00fas | Black Rock Trial Lawyers | Tampa Fl<\/title>\n<meta name=\"description\" content=\"P\u00f3ngase en contacto con nosotros 24\/7, Agende una consulta gratuita sobre accidentes de autob\u00fas con el abogado de lesiones personales\" \/>\n<meta name=\"robots\" content=\"index, follow, max-snippet:-1, max-image-preview:large, max-video-preview:-1\" \/>\n<link rel=\"canonical\" href=\"https:\/\/www.personalinjury.blackrocklaw.com\/es\/bus-accidents\/\" \/>\n<meta property=\"og:locale\" content=\"es_ES\" \/>\n<meta property=\"og:type\" content=\"article\" \/>\n<meta property=\"og:title\" content=\"Lesiones Personales en Autob\u00fas\" \/>\n<meta property=\"og:description\" content=\"P\u00f3ngase en contacto con nosotros 24\/7, Agende una consulta gratuita sobre accidentes de autob\u00fas con el abogado de lesiones personales\" \/>\n<meta property=\"og:url\" content=\"https:\/\/www.personalinjury.blackrocklaw.com\/bus-accidents\/\" \/>\n<meta property=\"og:site_name\" content=\"Black Rock Trial Lawyers\" \/>\n<meta property=\"article:publisher\" content=\"https:\/\/www.facebook.com\/blackrocklaw\" \/>\n<meta property=\"article:modified_time\" content=\"2023-10-11T09:33:38+00:00\" \/>\n<meta property=\"og:image\" content=\"https:\/\/www.personalinjury.blackrocklaw.com\/wp-content\/uploads\/2022\/09\/Bus-Accidents.jpg\" \/>\n\t<meta property=\"og:image:width\" content=\"723\" \/>\n\t<meta property=\"og:image:height\" content=\"446\" \/>\n\t<meta property=\"og:image:type\" content=\"image\/jpeg\" \/>\n<meta name=\"twitter:card\" content=\"summary_large_image\" \/>\n<meta name=\"twitter:site\" content=\"@BlackRockLaw\" \/>\n<meta name=\"twitter:label1\" content=\"Tiempo de lectura\" \/>\n\t<meta name=\"twitter:data1\" content=\"5 minutos\" \/>\n<script type=\"application\/ld+json\" class=\"yoast-schema-graph\">{\"@context\":\"https:\\\/\\\/schema.org\",\"@graph\":[{\"@type\":\"WebPage\",\"@id\":\"https:\\\/\\\/www.personalinjury.blackrocklaw.com\\\/bus-accidents\\\/\",\"url\":\"https:\\\/\\\/www.personalinjury.blackrocklaw.com\\\/bus-accidents\\\/\",\"name\":\"Abogado en Accidentes de Autob\u00fas | Black Rock Trial Lawyers | Tampa Fl\",\"isPartOf\":{\"@id\":\"https:\\\/\\\/www.personalinjury.blackrocklaw.com\\\/#website\"},\"primaryImageOfPage\":{\"@id\":\"https:\\\/\\\/www.personalinjury.blackrocklaw.com\\\/bus-accidents\\\/#primaryimage\"},\"image\":{\"@id\":\"https:\\\/\\\/www.personalinjury.blackrocklaw.com\\\/bus-accidents\\\/#primaryimage\"},\"thumbnailUrl\":\"https:\\\/\\\/www.personalinjury.blackrocklaw.com\\\/wp-content\\\/uploads\\\/2022\\\/09\\\/Bus-Accidents.jpg\",\"datePublished\":\"2022-09-20T11:57:08+00:00\",\"dateModified\":\"2023-10-11T09:33:38+00:00\",\"description\":\"P\u00f3ngase en contacto con nosotros 24\\\/7, Agende una consulta gratuita sobre accidentes de autob\u00fas con el abogado de lesiones personales\",\"breadcrumb\":{\"@id\":\"https:\\\/\\\/www.personalinjury.blackrocklaw.com\\\/bus-accidents\\\/#breadcrumb\"},\"inLanguage\":\"es\",\"potentialAction\":[{\"@type\":\"ReadAction\",\"target\":[\"https:\\\/\\\/www.personalinjury.blackrocklaw.com\\\/bus-accidents\\\/\"]}]},{\"@type\":\"ImageObject\",\"inLanguage\":\"es\",\"@id\":\"https:\\\/\\\/www.personalinjury.blackrocklaw.com\\\/bus-accidents\\\/#primaryimage\",\"url\":\"https:\\\/\\\/www.personalinjury.blackrocklaw.com\\\/wp-content\\\/uploads\\\/2022\\\/09\\\/Bus-Accidents.jpg\",\"contentUrl\":\"https:\\\/\\\/www.personalinjury.blackrocklaw.com\\\/wp-content\\\/uploads\\\/2022\\\/09\\\/Bus-Accidents.jpg\",\"width\":723,\"height\":446},{\"@type\":\"BreadcrumbList\",\"@id\":\"https:\\\/\\\/www.personalinjury.blackrocklaw.com\\\/bus-accidents\\\/#breadcrumb\",\"itemListElement\":[{\"@type\":\"ListItem\",\"position\":1,\"name\":\"Home\",\"item\":\"https:\\\/\\\/www.personalinjury.blackrocklaw.com\\\/es\\\/\"},{\"@type\":\"ListItem\",\"position\":2,\"name\":\"Lesiones Personales en Autob\u00fas\"}]},{\"@type\":\"WebSite\",\"@id\":\"https:\\\/\\\/www.personalinjury.blackrocklaw.com\\\/#website\",\"url\":\"https:\\\/\\\/www.personalinjury.blackrocklaw.com\\\/\",\"name\":\"Black Rock Trial Lawyers\",\"description\":\"Lawyers Attorneys WordPress Theme\",\"publisher\":{\"@id\":\"https:\\\/\\\/www.personalinjury.blackrocklaw.com\\\/#organization\"},\"potentialAction\":[{\"@type\":\"SearchAction\",\"target\":{\"@type\":\"EntryPoint\",\"urlTemplate\":\"https:\\\/\\\/www.personalinjury.blackrocklaw.com\\\/?s={search_term_string}\"},\"query-input\":{\"@type\":\"PropertyValueSpecification\",\"valueRequired\":true,\"valueName\":\"search_term_string\"}}],\"inLanguage\":\"es\"},{\"@type\":[\"Organization\",\"Place\",\"LegalService\"],\"@id\":\"https:\\\/\\\/www.personalinjury.blackrocklaw.com\\\/#organization\",\"name\":\"Black Rock Trial Lawyers\",\"url\":\"https:\\\/\\\/www.personalinjury.blackrocklaw.com\\\/\",\"logo\":{\"@id\":\"https:\\\/\\\/www.personalinjury.blackrocklaw.com\\\/bus-accidents\\\/#local-main-organization-logo\"},\"image\":{\"@id\":\"https:\\\/\\\/www.personalinjury.blackrocklaw.com\\\/bus-accidents\\\/#local-main-organization-logo\"},\"sameAs\":[\"https:\\\/\\\/www.facebook.com\\\/blackrocklaw\",\"https:\\\/\\\/x.com\\\/BlackRockLaw\",\"https:\\\/\\\/www.linkedin.com\\\/company\\\/black-rock-trial-lawyers-llc\\\/\",\"https:\\\/\\\/www.instagram.com\\\/blackrocklaw\\\/\",\"https:\\\/\\\/www.youtube.com\\\/channel\\\/UCSHAjhgiXY976HZbWUmYkZg\"],\"description\":\"Black Rock Trial Lawyers will not settle for anything less than the maximum compensation that you deserve and as allowed by law.\",\"legalName\":\"Black Rock Trial Lawyers\",\"address\":{\"@id\":\"https:\\\/\\\/www.personalinjury.blackrocklaw.com\\\/bus-accidents\\\/#local-main-place-address\"},\"geo\":{\"@type\":\"GeoCoordinates\",\"latitude\":\"27.943170\",\"longitude\":\"-82.482250\"},\"telephone\":[\"1 (800) 346-7752\"],\"openingHoursSpecification\":{\"@type\":\"OpeningHoursSpecification\",\"dayOfWeek\":[\"Monday\",\"Tuesday\",\"Wednesday\",\"Thursday\",\"Friday\",\"Saturday\",\"Sunday\"],\"opens\":\"00:00\",\"closes\":\"23:59\"},\"email\":\"info@blackrocklaw.com\",\"faxNumber\":\"(813) 254-1777\",\"areaServed\":\"Florida\",\"priceRange\":\"$\",\"currenciesAccepted\":\"Doller\",\"paymentAccepted\":\"All\"},{\"@type\":\"PostalAddress\",\"@id\":\"https:\\\/\\\/www.personalinjury.blackrocklaw.com\\\/bus-accidents\\\/#local-main-place-address\",\"streetAddress\":\"201 S. Westland Ave., Tampa, FL 33606\",\"addressLocality\":\"Tampa\",\"postalCode\":\"33606\",\"addressRegion\":\"Florida\",\"addressCountry\":\"US\"},{\"@type\":\"ImageObject\",\"inLanguage\":\"es\",\"@id\":\"https:\\\/\\\/www.personalinjury.blackrocklaw.com\\\/bus-accidents\\\/#local-main-organization-logo\",\"url\":\"https:\\\/\\\/www.personalinjury.blackrocklaw.com\\\/wp-content\\\/uploads\\\/2017\\\/02\\\/BlackRockLogoBlack.png\",\"contentUrl\":\"https:\\\/\\\/www.personalinjury.blackrocklaw.com\\\/wp-content\\\/uploads\\\/2017\\\/02\\\/BlackRockLogoBlack.png\",\"width\":5105,\"height\":1024,\"caption\":\"Black Rock Trial Lawyers\"}]}<\/script>\n<meta name=\"geo.placename\" content=\"Tampa\" \/>\n<meta name=\"geo.position\" content=\"27.943170;-82.482250\" \/>\n<meta name=\"geo.region\" content=\"Estados Unidos (EEUU)\" \/>\n<!-- \/ Yoast SEO Premium plugin. -->","yoast_head_json":{"title":"Abogado en Accidentes de Autob\u00fas | Black Rock Trial Lawyers | Tampa Fl","description":"P\u00f3ngase en contacto con nosotros 24\/7, Agende una consulta gratuita sobre accidentes de autob\u00fas con el abogado de lesiones personales","robots":{"index":"index","follow":"follow","max-snippet":"max-snippet:-1","max-image-preview":"max-image-preview:large","max-video-preview":"max-video-preview:-1"},"canonical":"https:\/\/www.personalinjury.blackrocklaw.com\/es\/bus-accidents\/","og_locale":"es_ES","og_type":"article","og_title":"Lesiones Personales en Autob\u00fas","og_description":"P\u00f3ngase en contacto con nosotros 24\/7, Agende una consulta gratuita sobre accidentes de autob\u00fas con el abogado de lesiones personales","og_url":"https:\/\/www.personalinjury.blackrocklaw.com\/bus-accidents\/","og_site_name":"Black Rock Trial Lawyers","article_publisher":"https:\/\/www.facebook.com\/blackrocklaw","article_modified_time":"2023-10-11T09:33:38+00:00","og_image":[{"width":723,"height":446,"url":"https:\/\/www.personalinjury.blackrocklaw.com\/wp-content\/uploads\/2022\/09\/Bus-Accidents.jpg","type":"image\/jpeg"}],"twitter_card":"summary_large_image","twitter_site":"@BlackRockLaw","twitter_misc":{"Tiempo de lectura":"5 minutos"},"schema":{"@context":"https:\/\/schema.org","@graph":[{"@type":"WebPage","@id":"https:\/\/www.personalinjury.blackrocklaw.com\/bus-accidents\/","url":"https:\/\/www.personalinjury.blackrocklaw.com\/bus-accidents\/","name":"Abogado en Accidentes de Autob\u00fas | Black Rock Trial Lawyers | Tampa Fl","isPartOf":{"@id":"https:\/\/www.personalinjury.blackrocklaw.com\/#website"},"primaryImageOfPage":{"@id":"https:\/\/www.personalinjury.blackrocklaw.com\/bus-accidents\/#primaryimage"},"image":{"@id":"https:\/\/www.personalinjury.blackrocklaw.com\/bus-accidents\/#primaryimage"},"thumbnailUrl":"https:\/\/www.personalinjury.blackrocklaw.com\/wp-content\/uploads\/2022\/09\/Bus-Accidents.jpg","datePublished":"2022-09-20T11:57:08+00:00","dateModified":"2023-10-11T09:33:38+00:00","description":"P\u00f3ngase en contacto con nosotros 24\/7, Agende una consulta gratuita sobre accidentes de autob\u00fas con el abogado de lesiones personales","breadcrumb":{"@id":"https:\/\/www.personalinjury.blackrocklaw.com\/bus-accidents\/#breadcrumb"},"inLanguage":"es","potentialAction":[{"@type":"ReadAction","target":["https:\/\/www.personalinjury.blackrocklaw.com\/bus-accidents\/"]}]},{"@type":"ImageObject","inLanguage":"es","@id":"https:\/\/www.personalinjury.blackrocklaw.com\/bus-accidents\/#primaryimage","url":"https:\/\/www.personalinjury.blackrocklaw.com\/wp-content\/uploads\/2022\/09\/Bus-Accidents.jpg","contentUrl":"https:\/\/www.personalinjury.blackrocklaw.com\/wp-content\/uploads\/2022\/09\/Bus-Accidents.jpg","width":723,"height":446},{"@type":"BreadcrumbList","@id":"https:\/\/www.personalinjury.blackrocklaw.com\/bus-accidents\/#breadcrumb","itemListElement":[{"@type":"ListItem","position":1,"name":"Home","item":"https:\/\/www.personalinjury.blackrocklaw.com\/es\/"},{"@type":"ListItem","position":2,"name":"Lesiones Personales en Autob\u00fas"}]},{"@type":"WebSite","@id":"https:\/\/www.personalinjury.blackrocklaw.com\/#website","url":"https:\/\/www.personalinjury.blackrocklaw.com\/","name":"Black Rock Trial Lawyers","description":"Lawyers Attorneys WordPress Theme","publisher":{"@id":"https:\/\/www.personalinjury.blackrocklaw.com\/#organization"},"potentialAction":[{"@type":"SearchAction","target":{"@type":"EntryPoint","urlTemplate":"https:\/\/www.personalinjury.blackrocklaw.com\/?s={search_term_string}"},"query-input":{"@type":"PropertyValueSpecification","valueRequired":true,"valueName":"search_term_string"}}],"inLanguage":"es"},{"@type":["Organization","Place","LegalService"],"@id":"https:\/\/www.personalinjury.blackrocklaw.com\/#organization","name":"Black Rock Trial Lawyers","url":"https:\/\/www.personalinjury.blackrocklaw.com\/","logo":{"@id":"https:\/\/www.personalinjury.blackrocklaw.com\/bus-accidents\/#local-main-organization-logo"},"image":{"@id":"https:\/\/www.personalinjury.blackrocklaw.com\/bus-accidents\/#local-main-organization-logo"},"sameAs":["https:\/\/www.facebook.com\/blackrocklaw","https:\/\/x.com\/BlackRockLaw","https:\/\/www.linkedin.com\/company\/black-rock-trial-lawyers-llc\/","https:\/\/www.instagram.com\/blackrocklaw\/","https:\/\/www.youtube.com\/channel\/UCSHAjhgiXY976HZbWUmYkZg"],"description":"Black Rock Trial Lawyers will not settle for anything less than the maximum compensation that you deserve and as allowed by law.","legalName":"Black Rock Trial Lawyers","address":{"@id":"https:\/\/www.personalinjury.blackrocklaw.com\/bus-accidents\/#local-main-place-address"},"geo":{"@type":"GeoCoordinates","latitude":"27.943170","longitude":"-82.482250"},"telephone":["1 (800) 346-7752"],"openingHoursSpecification":{"@type":"OpeningHoursSpecification","dayOfWeek":["Monday","Tuesday","Wednesday","Thursday","Friday","Saturday","Sunday"],"opens":"00:00","closes":"23:59"},"email":"info@blackrocklaw.com","faxNumber":"(813) 254-1777","areaServed":"Florida","priceRange":"$","currenciesAccepted":"Doller","paymentAccepted":"All"},{"@type":"PostalAddress","@id":"https:\/\/www.personalinjury.blackrocklaw.com\/bus-accidents\/#local-main-place-address","streetAddress":"201 S. Westland Ave., Tampa, FL 33606","addressLocality":"Tampa","postalCode":"33606","addressRegion":"Florida","addressCountry":"US"},{"@type":"ImageObject","inLanguage":"es","@id":"https:\/\/www.personalinjury.blackrocklaw.com\/bus-accidents\/#local-main-organization-logo","url":"https:\/\/www.personalinjury.blackrocklaw.com\/wp-content\/uploads\/2017\/02\/BlackRockLogoBlack.png","contentUrl":"https:\/\/www.personalinjury.blackrocklaw.com\/wp-content\/uploads\/2017\/02\/BlackRockLogoBlack.png","width":5105,"height":1024,"caption":"Black Rock Trial Lawyers"}]},"geo.placename":"Tampa","geo.position":{"lat":"27.943170","long":"-82.482250"},"geo.region":"Estados Unidos (EEUU)"},"_links":{"self":[{"href":"https:\/\/www.personalinjury.blackrocklaw.com\/es\/wp-json\/wp\/v2\/pages\/3030","targetHints":{"allow":["GET"]}}],"collection":[{"href":"https:\/\/www.personalinjury.blackrocklaw.com\/es\/wp-json\/wp\/v2\/pages"}],"about":[{"href":"https:\/\/www.personalinjury.blackrocklaw.com\/es\/wp-json\/wp\/v2\/types\/page"}],"author":[{"embeddable":true,"href":"https:\/\/www.personalinjury.blackrocklaw.com\/es\/wp-json\/wp\/v2\/users\/1"}],"replies":[{"embeddable":true,"href":"https:\/\/www.personalinjury.blackrocklaw.com\/es\/wp-json\/wp\/v2\/comments?post=3030"}],"version-history":[{"count":11,"href":"https:\/\/www.personalinjury.blackrocklaw.com\/es\/wp-json\/wp\/v2\/pages\/3030\/revisions"}],"predecessor-version":[{"id":3736,"href":"https:\/\/www.personalinjury.blackrocklaw.com\/es\/wp-json\/wp\/v2\/pages\/3030\/revisions\/3736"}],"wp:featuredmedia":[{"embeddable":true,"href":"https:\/\/www.personalinjury.blackrocklaw.com\/es\/wp-json\/wp\/v2\/media\/3109"}],"wp:attachment":[{"href":"https:\/\/www.personalinjury.blackrocklaw.com\/es\/wp-json\/wp\/v2\/media?parent=3030"}],"curies":[{"name":"wp","href":"https:\/\/api.w.org\/{rel}","templated":true}]}}