{"id":2854,"date":"2022-06-26T04:08:20","date_gmt":"2022-06-26T04:08:20","guid":{"rendered":"https:\/\/www.blackrocklaw.com\/?page_id=2854"},"modified":"2023-10-11T09:45:19","modified_gmt":"2023-10-11T09:45:19","slug":"lesiones-en-cuidado-de-ninos-y-guarderia","status":"publish","type":"page","link":"https:\/\/www.personalinjury.blackrocklaw.com\/es\/lesiones-en-cuidado-de-ninos-y-guarderia\/","title":{"rendered":"LESIONES EN CUIDADO DE NI\u00d1OS Y GUARDER\u00cdA"},"content":{"rendered":"<p>[vc_row][vc_column][vc_column_text]<a rel=\"noreferrer\" href=\"https:\/\/www.youtube.com\/watch?v=tSVUhj0eHfs\" class=\"vp-a vp-yt-type vp-modal-click vp-modal-click_shortcode vp-has-img\"><img decoding=\"async\" class=\"vp-img lazyload\" data-src=\"https:\/\/www.blackrocklaw.com\/wp-content\/uploads\/2022\/06\/Childcare-Injury.jpg\" src=\"data:image\/svg+xml;base64,PHN2ZyB3aWR0aD0iMSIgaGVpZ2h0PSIxIiB4bWxucz0iaHR0cDovL3d3dy53My5vcmcvMjAwMC9zdmciPjwvc3ZnPg==\"><\/a>[\/vc_column_text][vc_custom_heading text=\u00bbLESIONES EN CUIDADO DE NI\u00d1OS Y GUARDER\u00cdA\u00bb][vc_column_text]Pr\u00e1cticamente todas las familias con ni\u00f1os llevan a sus hijos a guarder\u00edas\/guarder\u00edas. No tenemos otra opci\u00f3n que depositar una fe ciega en las personas que cuidan de nuestros hijos. Desafortunadamente, muchas veces, nuestros ni\u00f1os se lesionan a causa de su maestro, cuidador o incluso un visitante.<\/p>\n<p><strong><u>Aqu\u00ed hay algunos ejemplos de c\u00f3mo ocurren estas lesiones:<\/u><\/strong><\/p>\n<ul>\n<li>Entrenamiento inadecuado<\/li>\n<li>Atenci\u00f3n m\u00e9dica inadecuada<\/li>\n<li>Condiciones antihigi\u00e9nicas<\/li>\n<li>Agresiones sexuales y abuso<\/li>\n<li>Falta de protecci\u00f3n para ni\u00f1os<\/li>\n<li>Contrataci\u00f3n negligente\/falta de personal<\/li>\n<li>Abuso general<\/li>\n<li>Ca\u00eddas o lesiones en el patio de recreo<\/li>\n<li>Comida envenenada<\/li>\n<li>Cortes y amp; laceraciones<\/li>\n<li>Errores de medicaci\u00f3n<\/li>\n<li>asfixia<\/li>\n<li>Agotamiento por calor<\/li>\n<li>Ahogo<\/li>\n<\/ul>\n<p>Estos son solo algunos de los problemas con los que debe lidiar y pueden quedarse pregunt\u00e1ndose:<\/p>\n<ul>\n<li style=\"list-style-type: none;\">\n<ul>\n<li>\u00bfQui\u00e9n puede ayudarme?<br \/>\n<strong>R: Podemos ayudarlo de inmediato, pero tambi\u00e9n considere comunicarse de inmediato con una l\u00ednea directa de abuso, la polic\u00eda, los servicios de protecci\u00f3n infantil o las agencias de licencias de cuidado infantil.<\/strong><\/li>\n<\/ul>\n<\/li>\n<\/ul>\n<ul>\n<li style=\"list-style-type: none;\">\n<ul>\n<li>\u00bfQu\u00e9 tan r\u00e1pido puedo recibir ayuda?<br \/>\n<strong>R: Inmediatamente. Ll\u00e1manos ahora. Estamos 24\/7.<\/strong><\/li>\n<\/ul>\n<\/li>\n<\/ul>\n<ul>\n<li style=\"list-style-type: none;\">\n<ul>\n<li>\u00bfC\u00f3mo puede mi hijo recibir tratamiento m\u00e9dico?<br \/>\n<strong>R: Inmediatamente, pero ll\u00e1menos para explicarle.<\/strong><\/li>\n<\/ul>\n<\/li>\n<\/ul>\n<ul>\n<li style=\"list-style-type: none;\">\n<ul>\n<li>\u00bfCu\u00e1nto costar\u00e1 contratar a una abogada?<br \/>\n<strong>R: Sin costo inicial.<\/strong><\/li>\n<\/ul>\n<\/li>\n<\/ul>\n<p>Sigue estos 3 pasos:[\/vc_column_text][vc_empty_space height=\u00bb70px\u00bb hide_on_mobile=\u00bb\u00bb][vc_custom_heading text=\u00bbPaso #1: Tome Acci\u00f3n Inmediata:\u00bb][vc_column_text]<\/p>\n<ol>\n<li style=\"text-align: justify;\">Comun\u00edquese con nosotros las 24 horas del d\u00eda, los 7 d\u00edas de la semana para obtener una consulta gratuita garantizada con el abogado de lesiones personales de la firma con respecto a accidentes con lesiones en el cuidado de ni\u00f1os y guarder\u00edas.<\/li>\n<li style=\"text-align: justify;\">Le garantizamos que en su primera consulta con el abogado de lesiones personales de la firma, le explicaremos todo el proceso de manejo de su caso de accidente de cuidado de ni\u00f1os y guarder\u00eda y responderemos todas sus preguntas.<\/li>\n<li style=\"text-align: justify;\">Se garantiza que su consulta se programar\u00e1 de inmediato con un abogado para analizar su accidente de cuidado de ni\u00f1os y lesiones en la guarder\u00eda (sin costo alguno).<\/li>\n<li style=\"text-align: justify;\">Ofrecemos consultas por tel\u00e9fono, en la oficina, en su casa, hospital o cualquier otro lugar que sea conveniente<\/li>\n<li style=\"text-align: justify;\">Haga <a href=\"https:\/\/www.blackrocklaw.com\/es\/blog-de-lesiones-personales\/\">clic aqu\u00ed<\/a> para obtener respuestas detalladas a las preguntas frecuentes relacionadas con accidentes con lesiones en el cuidado de ni\u00f1os y guarder\u00edas.<\/li>\n<\/ol>\n<p>[\/vc_column_text][vc_empty_space height=\u00bb40px\u00bb hide_on_mobile=\u00bb\u00bb][vc_column_text]<\/p>\n<p class=\"spphone_big\"><a href=\"tel:18003467752\"><strong><span style=\"font-size: 36pt;\">1 800 346 7752<\/span><\/strong><\/a><\/p>\n<p>[\/vc_column_text][vc_empty_space height=\u00bb40px\u00bb hide_on_mobile=\u00bb\u00bb][vc_custom_heading text=\u00bbPaso #2: Lo que necesita saber:\u00bb][vc_column_text]<\/p>\n<ol>\n<li>Es fundamental tomar fotograf\u00edas de su lesi\u00f3n por arma de fuego e intentar obtener declaraciones de testigos para asegurarnos de preservar la evidencia que caus\u00f3 la lesi\u00f3n.<\/li>\n<li>Necesitamos presentar inmediatamente un reclamo con el seguro de Responsabilidad Civil General para preservar sus derechos.<\/li>\n<li>Necesitamos solicitar de inmediato cualquier video que pueda haber registrado el incidente.<\/li>\n<li>Casi todas las empresas y propiedades comerciales tienen cobertura de responsabilidad civil general que cubre este tipo de reclamo. Por lo general, ver\u00e1 al menos $ 1,000,000.00 en cobertura disponible para reclamos por lesiones personales.<\/li>\n<li>Incluso si no tiene seguro m\u00e9dico, a\u00fan puede ser tratado por un m\u00e9dico calificado a trav\u00e9s de lo que se llama una \u00abCarta de protecci\u00f3n\u00bb.<\/li>\n<li>Aunque el estatuto de limitaciones para presentar una demanda es de dos (2) a\u00f1os a partir de la fecha de la lesi\u00f3n, puede da\u00f1ar su reclamo si no recibe tratamiento m\u00e9dico de inmediato por su lesi\u00f3n o si tiene interrupciones en el tratamiento.<\/li>\n<li>Usted no paga ning\u00fan dinero por adelantado a nosotros como su abogado de lesiones personales por lesiones con armas de fuego). Solo paga si recibe una compensaci\u00f3n en el momento en que se resuelve el caso.<\/li>\n<li>Una vez que complete el tratamiento m\u00e9dico por sus lesiones, valoramos su caso y presentamos una demanda de acuerdo integral previa a la demanda.<\/li>\n<li>Si la compa\u00f1\u00eda de seguros no hace una oferta justa y razonable, presentaremos una demanda.<\/li>\n<li>Sin costo alguno, lo ayudaremos a coordinar la reparaci\u00f3n o el reemplazo de su propiedad personal.<\/li>\n<\/ol>\n<p>[\/vc_column_text][vc_empty_space height=\u00bb70px\u00bb hide_on_mobile=\u00bb\u00bb][vc_column_text]<\/p>\n<p class=\"spphone_big\"><a href=\"tel:18003467752\"><strong><span style=\"font-size: 36pt;\">1 800 346 7752<\/span><\/strong><\/a><\/p>\n<p>[\/vc_column_text][vc_empty_space height=\u00bb70px\u00bb hide_on_mobile=\u00bb\u00bb][vc_custom_heading text=\u00bbPaso #3: Da\u00f1os que puede tener derecho a recuperar:\u00bb][vc_column_text]<\/p>\n<ol>\n<li>Pago de facturas y costos de proveedores m\u00e9dicos pasados \u200b\u200by presentes<\/li>\n<li>Tratamiento futuro de atenci\u00f3n m\u00e9dica<\/li>\n<li>Salarios perdidos pasados, presentes y futuros<\/li>\n<li>Dolor y angustia f\u00edsica<\/li>\n<li>Dolor y angustia emocional<\/li>\n<li>Da\u00f1os personales y a la propiedad<\/li>\n<li>Da\u00f1os punitivos (en circunstancias especiales)<\/li>\n<li>P\u00e9rdida de consorcio<\/li>\n<li>Y otros da\u00f1os seg\u00fan lo permita la ley<\/li>\n<\/ol>\n<p>[\/vc_column_text][vc_column_text]<\/p>\n<p class=\"spphone_big\"><a href=\"tel:18003467752\"><strong><span style=\"font-size: 36pt;\">1 800 346 7752<\/span><\/strong><\/a><\/p>\n<p>[\/vc_column_text][\/vc_column][\/vc_row]<\/p>\n","protected":false},"excerpt":{"rendered":"<p>[vc_row][vc_column][vc_column_text][\/vc_column_text][vc_custom_heading text=\u00bbLESIONES EN CUIDADO DE NI\u00d1OS Y GUARDER\u00cdA\u00bb][vc_column_text]Pr\u00e1cticamente todas las familias con ni\u00f1os llevan a sus hijos a guarder\u00edas\/guarder\u00edas. No tenemos otra opci\u00f3n que depositar una fe ciega en las personas que cuidan de nuestros hijos. Desafortunadamente, muchas veces, nuestros ni\u00f1os se lesionan a causa&hellip;<\/p>\n","protected":false},"author":1,"featured_media":0,"parent":0,"menu_order":0,"comment_status":"closed","ping_status":"closed","template":"","meta":{"footnotes":""},"class_list":["post-2854","page","type-page","status-publish","hentry"],"yoast_head":"<!-- This site is optimized with the Yoast SEO Premium plugin v25.3 (Yoast SEO v27.3) - https:\/\/yoast.com\/product\/yoast-seo-premium-wordpress\/ -->\n<title>LESIONES EN CUIDADO DE NI\u00d1OS Y GUARDER\u00cdA | Black Rock Trial Lawyers<\/title>\n<meta name=\"description\" content=\"\u00bfSufri\u00f3 usted o su hijo una lesi\u00f3n en cuidado de ni\u00f1os o guarder\u00eda? Nuestros Abogados pueden ayudarle tenemos Abogados especializados en materia\" \/>\n<meta name=\"robots\" content=\"index, follow, max-snippet:-1, max-image-preview:large, max-video-preview:-1\" \/>\n<link rel=\"canonical\" href=\"https:\/\/www.personalinjury.blackrocklaw.com\/es\/childcare-daycare-injury\/\" \/>\n<meta property=\"og:locale\" content=\"es_ES\" \/>\n<meta property=\"og:type\" content=\"article\" \/>\n<meta property=\"og:title\" content=\"LESIONES EN CUIDADO DE NI\u00d1OS Y GUARDER\u00cdA\" \/>\n<meta property=\"og:description\" content=\"\u00bfSufri\u00f3 usted o su hijo una lesi\u00f3n en cuidado de ni\u00f1os o guarder\u00eda? Nuestros Abogados pueden ayudarle tenemos Abogados especializados en materia\" \/>\n<meta property=\"og:url\" content=\"https:\/\/www.personalinjury.blackrocklaw.com\/childcare-daycare-injury\/\" \/>\n<meta property=\"og:site_name\" content=\"Black Rock Trial Lawyers\" \/>\n<meta property=\"article:publisher\" content=\"https:\/\/www.facebook.com\/blackrocklaw\" \/>\n<meta property=\"article:modified_time\" content=\"2023-10-11T09:45:19+00:00\" \/>\n<meta name=\"twitter:card\" content=\"summary_large_image\" \/>\n<meta name=\"twitter:site\" content=\"@BlackRockLaw\" \/>\n<meta name=\"twitter:label1\" content=\"Tiempo de lectura\" \/>\n\t<meta name=\"twitter:data1\" content=\"4 minutos\" \/>\n<script type=\"application\/ld+json\" class=\"yoast-schema-graph\">{\"@context\":\"https:\\\/\\\/schema.org\",\"@graph\":[{\"@type\":\"WebPage\",\"@id\":\"https:\\\/\\\/www.personalinjury.blackrocklaw.com\\\/childcare-daycare-injury\\\/\",\"url\":\"https:\\\/\\\/www.personalinjury.blackrocklaw.com\\\/childcare-daycare-injury\\\/\",\"name\":\"LESIONES EN CUIDADO DE NI\u00d1OS Y GUARDER\u00cdA | Black Rock Trial Lawyers\",\"isPartOf\":{\"@id\":\"https:\\\/\\\/www.personalinjury.blackrocklaw.com\\\/#website\"},\"datePublished\":\"2022-06-26T04:08:20+00:00\",\"dateModified\":\"2023-10-11T09:45:19+00:00\",\"description\":\"\u00bfSufri\u00f3 usted o su hijo una lesi\u00f3n en cuidado de ni\u00f1os o guarder\u00eda? Nuestros Abogados pueden ayudarle tenemos Abogados especializados en materia\",\"breadcrumb\":{\"@id\":\"https:\\\/\\\/www.personalinjury.blackrocklaw.com\\\/childcare-daycare-injury\\\/#breadcrumb\"},\"inLanguage\":\"es\",\"potentialAction\":[{\"@type\":\"ReadAction\",\"target\":[\"https:\\\/\\\/www.personalinjury.blackrocklaw.com\\\/childcare-daycare-injury\\\/\"]}]},{\"@type\":\"BreadcrumbList\",\"@id\":\"https:\\\/\\\/www.personalinjury.blackrocklaw.com\\\/childcare-daycare-injury\\\/#breadcrumb\",\"itemListElement\":[{\"@type\":\"ListItem\",\"position\":1,\"name\":\"Home\",\"item\":\"https:\\\/\\\/www.personalinjury.blackrocklaw.com\\\/es\\\/\"},{\"@type\":\"ListItem\",\"position\":2,\"name\":\"LESIONES EN CUIDADO DE NI\u00d1OS Y GUARDER\u00cdA\"}]},{\"@type\":\"WebSite\",\"@id\":\"https:\\\/\\\/www.personalinjury.blackrocklaw.com\\\/#website\",\"url\":\"https:\\\/\\\/www.personalinjury.blackrocklaw.com\\\/\",\"name\":\"Black Rock Trial Lawyers\",\"description\":\"Lawyers Attorneys WordPress Theme\",\"publisher\":{\"@id\":\"https:\\\/\\\/www.personalinjury.blackrocklaw.com\\\/#organization\"},\"potentialAction\":[{\"@type\":\"SearchAction\",\"target\":{\"@type\":\"EntryPoint\",\"urlTemplate\":\"https:\\\/\\\/www.personalinjury.blackrocklaw.com\\\/?s={search_term_string}\"},\"query-input\":{\"@type\":\"PropertyValueSpecification\",\"valueRequired\":true,\"valueName\":\"search_term_string\"}}],\"inLanguage\":\"es\"},{\"@type\":[\"Organization\",\"Place\",\"LegalService\"],\"@id\":\"https:\\\/\\\/www.personalinjury.blackrocklaw.com\\\/#organization\",\"name\":\"Black Rock Trial Lawyers\",\"url\":\"https:\\\/\\\/www.personalinjury.blackrocklaw.com\\\/\",\"logo\":{\"@id\":\"https:\\\/\\\/www.personalinjury.blackrocklaw.com\\\/childcare-daycare-injury\\\/#local-main-organization-logo\"},\"image\":{\"@id\":\"https:\\\/\\\/www.personalinjury.blackrocklaw.com\\\/childcare-daycare-injury\\\/#local-main-organization-logo\"},\"sameAs\":[\"https:\\\/\\\/www.facebook.com\\\/blackrocklaw\",\"https:\\\/\\\/x.com\\\/BlackRockLaw\",\"https:\\\/\\\/www.linkedin.com\\\/company\\\/black-rock-trial-lawyers-llc\\\/\",\"https:\\\/\\\/www.instagram.com\\\/blackrocklaw\\\/\",\"https:\\\/\\\/www.youtube.com\\\/channel\\\/UCSHAjhgiXY976HZbWUmYkZg\"],\"description\":\"Black Rock Trial Lawyers will not settle for anything less than the maximum compensation that you deserve and as allowed by law.\",\"legalName\":\"Black Rock Trial Lawyers\",\"address\":{\"@id\":\"https:\\\/\\\/www.personalinjury.blackrocklaw.com\\\/childcare-daycare-injury\\\/#local-main-place-address\"},\"geo\":{\"@type\":\"GeoCoordinates\",\"latitude\":\"27.943170\",\"longitude\":\"-82.482250\"},\"telephone\":[\"1 (800) 346-7752\"],\"openingHoursSpecification\":{\"@type\":\"OpeningHoursSpecification\",\"dayOfWeek\":[\"Monday\",\"Tuesday\",\"Wednesday\",\"Thursday\",\"Friday\",\"Saturday\",\"Sunday\"],\"opens\":\"00:00\",\"closes\":\"23:59\"},\"email\":\"info@blackrocklaw.com\",\"faxNumber\":\"(813) 254-1777\",\"areaServed\":\"Florida\",\"priceRange\":\"$\",\"currenciesAccepted\":\"Doller\",\"paymentAccepted\":\"All\"},{\"@type\":\"PostalAddress\",\"@id\":\"https:\\\/\\\/www.personalinjury.blackrocklaw.com\\\/childcare-daycare-injury\\\/#local-main-place-address\",\"streetAddress\":\"201 S. Westland Ave., Tampa, FL 33606\",\"addressLocality\":\"Tampa\",\"postalCode\":\"33606\",\"addressRegion\":\"Florida\",\"addressCountry\":\"US\"},{\"@type\":\"ImageObject\",\"inLanguage\":\"es\",\"@id\":\"https:\\\/\\\/www.personalinjury.blackrocklaw.com\\\/childcare-daycare-injury\\\/#local-main-organization-logo\",\"url\":\"https:\\\/\\\/www.personalinjury.blackrocklaw.com\\\/wp-content\\\/uploads\\\/2017\\\/02\\\/BlackRockLogoBlack.png\",\"contentUrl\":\"https:\\\/\\\/www.personalinjury.blackrocklaw.com\\\/wp-content\\\/uploads\\\/2017\\\/02\\\/BlackRockLogoBlack.png\",\"width\":5105,\"height\":1024,\"caption\":\"Black Rock Trial Lawyers\"}]}<\/script>\n<meta name=\"geo.placename\" content=\"Tampa\" \/>\n<meta name=\"geo.position\" content=\"27.943170;-82.482250\" \/>\n<meta name=\"geo.region\" content=\"Estados Unidos (EEUU)\" \/>\n<!-- \/ Yoast SEO Premium plugin. -->","yoast_head_json":{"title":"LESIONES EN CUIDADO DE NI\u00d1OS Y GUARDER\u00cdA | Black Rock Trial Lawyers","description":"\u00bfSufri\u00f3 usted o su hijo una lesi\u00f3n en cuidado de ni\u00f1os o guarder\u00eda? Nuestros Abogados pueden ayudarle tenemos Abogados especializados en materia","robots":{"index":"index","follow":"follow","max-snippet":"max-snippet:-1","max-image-preview":"max-image-preview:large","max-video-preview":"max-video-preview:-1"},"canonical":"https:\/\/www.personalinjury.blackrocklaw.com\/es\/childcare-daycare-injury\/","og_locale":"es_ES","og_type":"article","og_title":"LESIONES EN CUIDADO DE NI\u00d1OS Y GUARDER\u00cdA","og_description":"\u00bfSufri\u00f3 usted o su hijo una lesi\u00f3n en cuidado de ni\u00f1os o guarder\u00eda? Nuestros Abogados pueden ayudarle tenemos Abogados especializados en materia","og_url":"https:\/\/www.personalinjury.blackrocklaw.com\/childcare-daycare-injury\/","og_site_name":"Black Rock Trial Lawyers","article_publisher":"https:\/\/www.facebook.com\/blackrocklaw","article_modified_time":"2023-10-11T09:45:19+00:00","twitter_card":"summary_large_image","twitter_site":"@BlackRockLaw","twitter_misc":{"Tiempo de lectura":"4 minutos"},"schema":{"@context":"https:\/\/schema.org","@graph":[{"@type":"WebPage","@id":"https:\/\/www.personalinjury.blackrocklaw.com\/childcare-daycare-injury\/","url":"https:\/\/www.personalinjury.blackrocklaw.com\/childcare-daycare-injury\/","name":"LESIONES EN CUIDADO DE NI\u00d1OS Y GUARDER\u00cdA | Black Rock Trial Lawyers","isPartOf":{"@id":"https:\/\/www.personalinjury.blackrocklaw.com\/#website"},"datePublished":"2022-06-26T04:08:20+00:00","dateModified":"2023-10-11T09:45:19+00:00","description":"\u00bfSufri\u00f3 usted o su hijo una lesi\u00f3n en cuidado de ni\u00f1os o guarder\u00eda? Nuestros Abogados pueden ayudarle tenemos Abogados especializados en materia","breadcrumb":{"@id":"https:\/\/www.personalinjury.blackrocklaw.com\/childcare-daycare-injury\/#breadcrumb"},"inLanguage":"es","potentialAction":[{"@type":"ReadAction","target":["https:\/\/www.personalinjury.blackrocklaw.com\/childcare-daycare-injury\/"]}]},{"@type":"BreadcrumbList","@id":"https:\/\/www.personalinjury.blackrocklaw.com\/childcare-daycare-injury\/#breadcrumb","itemListElement":[{"@type":"ListItem","position":1,"name":"Home","item":"https:\/\/www.personalinjury.blackrocklaw.com\/es\/"},{"@type":"ListItem","position":2,"name":"LESIONES EN CUIDADO DE NI\u00d1OS Y GUARDER\u00cdA"}]},{"@type":"WebSite","@id":"https:\/\/www.personalinjury.blackrocklaw.com\/#website","url":"https:\/\/www.personalinjury.blackrocklaw.com\/","name":"Black Rock Trial Lawyers","description":"Lawyers Attorneys WordPress Theme","publisher":{"@id":"https:\/\/www.personalinjury.blackrocklaw.com\/#organization"},"potentialAction":[{"@type":"SearchAction","target":{"@type":"EntryPoint","urlTemplate":"https:\/\/www.personalinjury.blackrocklaw.com\/?s={search_term_string}"},"query-input":{"@type":"PropertyValueSpecification","valueRequired":true,"valueName":"search_term_string"}}],"inLanguage":"es"},{"@type":["Organization","Place","LegalService"],"@id":"https:\/\/www.personalinjury.blackrocklaw.com\/#organization","name":"Black Rock Trial Lawyers","url":"https:\/\/www.personalinjury.blackrocklaw.com\/","logo":{"@id":"https:\/\/www.personalinjury.blackrocklaw.com\/childcare-daycare-injury\/#local-main-organization-logo"},"image":{"@id":"https:\/\/www.personalinjury.blackrocklaw.com\/childcare-daycare-injury\/#local-main-organization-logo"},"sameAs":["https:\/\/www.facebook.com\/blackrocklaw","https:\/\/x.com\/BlackRockLaw","https:\/\/www.linkedin.com\/company\/black-rock-trial-lawyers-llc\/","https:\/\/www.instagram.com\/blackrocklaw\/","https:\/\/www.youtube.com\/channel\/UCSHAjhgiXY976HZbWUmYkZg"],"description":"Black Rock Trial Lawyers will not settle for anything less than the maximum compensation that you deserve and as allowed by law.","legalName":"Black Rock Trial Lawyers","address":{"@id":"https:\/\/www.personalinjury.blackrocklaw.com\/childcare-daycare-injury\/#local-main-place-address"},"geo":{"@type":"GeoCoordinates","latitude":"27.943170","longitude":"-82.482250"},"telephone":["1 (800) 346-7752"],"openingHoursSpecification":{"@type":"OpeningHoursSpecification","dayOfWeek":["Monday","Tuesday","Wednesday","Thursday","Friday","Saturday","Sunday"],"opens":"00:00","closes":"23:59"},"email":"info@blackrocklaw.com","faxNumber":"(813) 254-1777","areaServed":"Florida","priceRange":"$","currenciesAccepted":"Doller","paymentAccepted":"All"},{"@type":"PostalAddress","@id":"https:\/\/www.personalinjury.blackrocklaw.com\/childcare-daycare-injury\/#local-main-place-address","streetAddress":"201 S. Westland Ave., Tampa, FL 33606","addressLocality":"Tampa","postalCode":"33606","addressRegion":"Florida","addressCountry":"US"},{"@type":"ImageObject","inLanguage":"es","@id":"https:\/\/www.personalinjury.blackrocklaw.com\/childcare-daycare-injury\/#local-main-organization-logo","url":"https:\/\/www.personalinjury.blackrocklaw.com\/wp-content\/uploads\/2017\/02\/BlackRockLogoBlack.png","contentUrl":"https:\/\/www.personalinjury.blackrocklaw.com\/wp-content\/uploads\/2017\/02\/BlackRockLogoBlack.png","width":5105,"height":1024,"caption":"Black Rock Trial Lawyers"}]},"geo.placename":"Tampa","geo.position":{"lat":"27.943170","long":"-82.482250"},"geo.region":"Estados Unidos (EEUU)"},"_links":{"self":[{"href":"https:\/\/www.personalinjury.blackrocklaw.com\/es\/wp-json\/wp\/v2\/pages\/2854","targetHints":{"allow":["GET"]}}],"collection":[{"href":"https:\/\/www.personalinjury.blackrocklaw.com\/es\/wp-json\/wp\/v2\/pages"}],"about":[{"href":"https:\/\/www.personalinjury.blackrocklaw.com\/es\/wp-json\/wp\/v2\/types\/page"}],"author":[{"embeddable":true,"href":"https:\/\/www.personalinjury.blackrocklaw.com\/es\/wp-json\/wp\/v2\/users\/1"}],"replies":[{"embeddable":true,"href":"https:\/\/www.personalinjury.blackrocklaw.com\/es\/wp-json\/wp\/v2\/comments?post=2854"}],"version-history":[{"count":2,"href":"https:\/\/www.personalinjury.blackrocklaw.com\/es\/wp-json\/wp\/v2\/pages\/2854\/revisions"}],"predecessor-version":[{"id":3762,"href":"https:\/\/www.personalinjury.blackrocklaw.com\/es\/wp-json\/wp\/v2\/pages\/2854\/revisions\/3762"}],"wp:attachment":[{"href":"https:\/\/www.personalinjury.blackrocklaw.com\/es\/wp-json\/wp\/v2\/media?parent=2854"}],"curies":[{"name":"wp","href":"https:\/\/api.w.org\/{rel}","templated":true}]}}