{"id":2677,"date":"2022-02-22T14:49:00","date_gmt":"2022-02-22T14:49:00","guid":{"rendered":"https:\/\/www.blackrocklaw.com\/?page_id=2677"},"modified":"2022-02-22T14:58:24","modified_gmt":"2022-02-22T14:58:24","slug":"politica-de-privacidad","status":"publish","type":"page","link":"https:\/\/www.personalinjury.blackrocklaw.com\/es\/politica-de-privacidad\/","title":{"rendered":"Pol\u00edtica de privacidad"},"content":{"rendered":"<p>[vc_row full_width=\u00bbstretch_row_content_no_spaces\u00bb css=\u00bb.vc_custom_1645541108627{margin-bottom: 25px !important;padding-top: 10px !important;padding-bottom: 10px !important;background-color: #e7e7e7 !important;}\u00bb][vc_column][vc_custom_heading text=\u00bbPol\u00edtica de privacidad\u00bb font_container=\u00bbtag:h2|text_align:center\u00bb use_theme_fonts=\u00bbyes\u00bb css=\u00bb.vc_custom_1645541255504{margin-top: 35px !important;margin-bottom: 35px !important;}\u00bb][\/vc_column][\/vc_row][vc_row][vc_column][vc_column_text]<\/p>\n<p style=\"text-align: justify;\">Reconocemos que puede estar preocupado por nuestro uso y divulgaci\u00f3n de su informaci\u00f3n personal. Su privacidad es muy importante para nosotros, y lo siguiente le informar\u00e1 sobre la informaci\u00f3n que nosotros, Black Rock Trial Lawyers, PLLC, podemos recopilar de usted y c\u00f3mo se utiliza. Al utilizar nuestro sitio web, www.tempusbusiness.com, usted acepta las pr\u00e1cticas descritas en esta pol\u00edtica.<\/p>\n<h3 style=\"text-align: justify;\"><strong>Recopilaci\u00f3n de informaci\u00f3n<\/strong><\/h3>\n<p style=\"text-align: justify;\">Podemos recopilar informaci\u00f3n no personal, como un nombre de dominio y una direcci\u00f3n IP. El nombre de dominio y la direcci\u00f3n IP no revelan nada personal sobre usted m\u00e1s que la direcci\u00f3n IP desde la que accedi\u00f3 a nuestro sitio. Tambi\u00e9n podemos recopilar informaci\u00f3n sobre el tipo de navegador de Internet que est\u00e1 utilizando, el sistema operativo, lo que lo trajo a nuestro sitio web, as\u00ed como a cu\u00e1les de nuestras p\u00e1ginas web ha accedido.<\/p>\n<p>Adem\u00e1s, si se comunica con nosotros con respecto a nuestro sitio web o nuestros servicios, recopilaremos cualquier informaci\u00f3n que nos proporcione en dicha comunicaci\u00f3n.<\/p>\n<p>Es posible que nos comuniquemos con usted por correo electr\u00f3nico en el futuro para informarle sobre ofertas especiales, nuevos productos o servicios, o cambios en esta pol\u00edtica de privacidad.<\/p>\n<h3 style=\"text-align: justify;\"><strong>Uso de la informaci\u00f3n<\/strong><\/h3>\n<p style=\"text-align: justify;\">Utilizamos la informaci\u00f3n recopilada principalmente para nuestros propios fines internos, como proporcionar, mantener, evaluar y mejorar nuestros servicios y sitio web, cumplir con las solicitudes de informaci\u00f3n y brindar atenci\u00f3n al cliente.<\/p>\n<h3 style=\"text-align: justify;\"><strong>Seguridad<\/strong><\/h3>\n<p style=\"text-align: justify;\">Seguimos los est\u00e1ndares de la industria generalmente aceptados para proteger la informaci\u00f3n que se nos env\u00eda, tanto durante la transmisi\u00f3n como una vez que la recibimos.<\/p>\n<p>Si recopilamos informaci\u00f3n confidencial (como datos de tarjetas de cr\u00e9dito), esa informaci\u00f3n se cifra y se nos transmite de forma segura. Puede verificar esto buscando un \u00edcono de candado cerrado en la parte inferior de su navegador web, o buscando \u00abhttps\u00bb al comienzo de la direcci\u00f3n de la p\u00e1gina web.<\/p>\n<p>Si bien utilizamos el cifrado para proteger la informaci\u00f3n confidencial transmitida en l\u00ednea, tambi\u00e9n protegemos su informaci\u00f3n fuera de l\u00ednea. Solo los empleados que necesitan la informaci\u00f3n para realizar un trabajo espec\u00edfico (por ejemplo, facturaci\u00f3n o servicio al cliente) tienen acceso a la informaci\u00f3n de identificaci\u00f3n personal. Las computadoras\/servidores en los que almacenamos informaci\u00f3n de identificaci\u00f3n personal se mantienen en un entorno seguro.<\/p>\n<h3 style=\"text-align: justify;\"><strong>Cookies<\/strong><\/h3>\n<p style=\"text-align: justify;\">En este sitio web usamos cookies. Una cookie es una pieza de datos almacenada en el disco duro de un visitante del sitio para ayudarnos a mejorar su acceso a nuestro sitio e identificar a los visitantes que repiten en nuestro sitio. Por ejemplo, cuando usamos una cookie para identificarlo, no tendr\u00e1 que iniciar sesi\u00f3n con una contrase\u00f1a m\u00e1s de una vez, lo que le ahorrar\u00e1 tiempo mientras est\u00e9 en nuestro sitio. Las cookies tambi\u00e9n pueden permitirnos rastrear y orientar los intereses de nuestros usuarios para mejorar la experiencia en nuestro sitio. El uso de una cookie no est\u00e1 vinculado de ninguna manera a ninguna informaci\u00f3n de identificaci\u00f3n personal en nuestro sitio.<\/p>\n<h3 style=\"text-align: justify;\"><strong>Intercambio<\/strong><\/h3>\n<p style=\"text-align: justify;\">No venderemos ni proporcionaremos de otro modo la informaci\u00f3n que recopilamos a terceros externos con el fin de marketing masivo directo o indirecto por correo electr\u00f3nico.<\/p>\n<p>Divulgaremos informaci\u00f3n personal y\/o una direcci\u00f3n IP, cuando as\u00ed lo exija la ley o cuando creamos de buena fe que dicha acci\u00f3n es necesaria para:<\/p>\n<ul style=\"text-align: justify;\">\n<li style=\"list-style-type: none;\">\n<ul style=\"text-align: justify;\">\n<li><strong>Cooperar con las investigaciones de supuestas actividades il\u00edcitas y cumplir con los edictos de la ley o cumplir con los procesos legales que se presentan a nuestra empresa.<\/strong><\/li>\n<li><strong>Proteger y defender los derechos o la propiedad de nuestro sitio web y las propiedades relacionadas<\/strong><\/li>\n<li><strong>Identificar a las personas que pueden estar violando la ley, los derechos de terceros o haciendo un mal uso de nuestro sitio web o sus propiedades relacionadas<\/strong><\/li>\n<\/ul>\n<\/li>\n<\/ul>\n<p style=\"text-align: justify;\">Tenga en cuenta que cada vez que divulgue voluntariamente informaci\u00f3n personal en l\u00ednea, por ejemplo, a trav\u00e9s de correo electr\u00f3nico, foros de discusi\u00f3n o en cualquier otro lugar, esa informaci\u00f3n puede ser recopilada y utilizada por otros. En resumen, si publica informaci\u00f3n personal en l\u00ednea que es accesible al p\u00fablico, puede recibir mensajes no solicitados de otras partes a cambio.<\/p>\n<p>En \u00faltima instancia, usted es el \u00fanico responsable de mantener en secreto su informaci\u00f3n personal. Por favor, sea cuidadoso y responsable cuando est\u00e9 en l\u00ednea.<\/p>\n<h3 style=\"text-align: justify;\"><strong>Enlaces<\/strong><\/h3>\n<p style=\"text-align: justify;\">Este sitio web puede contener enlaces a otros sitios. Tenga en cuenta que no somos responsables del contenido o las pr\u00e1cticas de privacidad de dichos otros sitios. Alentamos a nuestros usuarios a estar atentos cuando abandonan nuestro sitio y a leer las declaraciones de privacidad de cualquier otro sitio que recopile informaci\u00f3n de identificaci\u00f3n personal.<\/p>\n<h3 style=\"text-align: justify;\"><strong>Encuestas y Concursos<\/strong><\/h3>\n<p style=\"text-align: justify;\">De vez en cuando, nuestro sitio puede solicitar informaci\u00f3n a trav\u00e9s de encuestas o concursos. La participaci\u00f3n en estas encuestas o concursos es completamente voluntaria y usted puede elegir participar o no y, por lo tanto, divulgar esta informaci\u00f3n. La informaci\u00f3n solicitada puede incluir informaci\u00f3n de contacto (como nombre y direcci\u00f3n de env\u00edo) e informaci\u00f3n demogr\u00e1fica (como c\u00f3digo postal, edad). La informaci\u00f3n de contacto se utilizar\u00e1 para notificar a los ganadores y otorgar premios. La informaci\u00f3n de la encuesta se utilizar\u00e1 con el fin de monitorear o mejorar el uso y la satisfacci\u00f3n de este sitio.<\/p>\n<h3 style=\"text-align: justify;\"><strong>Consentimiento<\/strong><\/h3>\n<p style=\"text-align: justify;\">Al usar este sitio web, usted acepta la recopilaci\u00f3n y el uso de informaci\u00f3n como se especifica anteriormente. Si hacemos cambios a nuestra Pol\u00edtica de privacidad, publicaremos esos cambios en esta p\u00e1gina. Revise esta p\u00e1gina con frecuencia para mantenerse actualizado con la informaci\u00f3n que recopilamos, c\u00f3mo la usamos y en qu\u00e9 circunstancias la divulgamos. Debe revisar la nueva Pol\u00edtica de privacidad detenidamente para asegurarse de que comprende nuestras pr\u00e1cticas y procedimientos.<\/p>\n<p style=\"text-align: justify;\"><strong>Si cree que no cumplimos con esta pol\u00edtica de privacidad, debe comunicarse con nosotros de inmediato por tel\u00e9fono al (813) 254-1777 o por correo electr\u00f3nico: info@blackrocklaw.com<\/strong><\/p>\n<p>[\/vc_column_text][\/vc_column][\/vc_row]<\/p>\n","protected":false},"excerpt":{"rendered":"<p>[vc_row full_width=\u00bbstretch_row_content_no_spaces\u00bb css=\u00bb.vc_custom_1645541108627{margin-bottom: 25px !important;padding-top: 10px !important;padding-bottom: 10px !important;background-color: #e7e7e7 !important;}\u00bb][vc_column][vc_custom_heading text=\u00bbPol\u00edtica de privacidad\u00bb font_container=\u00bbtag:h2|text_align:center\u00bb use_theme_fonts=\u00bbyes\u00bb css=\u00bb.vc_custom_1645541255504{margin-top: 35px !important;margin-bottom: 35px !important;}\u00bb][\/vc_column][\/vc_row][vc_row][vc_column][vc_column_text] Reconocemos que puede estar preocupado por nuestro uso y divulgaci\u00f3n de su informaci\u00f3n personal. Su privacidad es muy importante para nosotros, y lo siguiente&hellip;<\/p>\n","protected":false},"author":1,"featured_media":0,"parent":0,"menu_order":0,"comment_status":"closed","ping_status":"closed","template":"","meta":{"footnotes":""},"class_list":["post-2677","page","type-page","status-publish","hentry"],"yoast_head":"<!-- This site is optimized with the Yoast SEO Premium plugin v25.3 (Yoast SEO v27.4) - https:\/\/yoast.com\/product\/yoast-seo-premium-wordpress\/ -->\n<title>Pol\u00edtica de privacidad - Black Rock Trial Lawyers<\/title>\n<meta name=\"robots\" content=\"index, follow, max-snippet:-1, max-image-preview:large, max-video-preview:-1\" \/>\n<link rel=\"canonical\" href=\"https:\/\/www.personalinjury.blackrocklaw.com\/es\/privacy-policy\/\" \/>\n<meta property=\"og:locale\" content=\"es_ES\" \/>\n<meta property=\"og:type\" content=\"article\" \/>\n<meta property=\"og:title\" content=\"Pol\u00edtica de privacidad\" \/>\n<meta property=\"og:description\" content=\"[vc_row full_width=\u00bbstretch_row_content_no_spaces\u00bb css=\u00bb.vc_custom_1645541108627{margin-bottom: 25px !important;padding-top: 10px !important;padding-bottom: 10px !important;background-color: #e7e7e7 !important;}\u00bb][vc_column][vc_custom_heading text=\u00bbPol\u00edtica de privacidad\u00bb font_container=\u00bbtag:h2|text_align:center\u00bb use_theme_fonts=\u00bbyes\u00bb css=\u00bb.vc_custom_1645541255504{margin-top: 35px !important;margin-bottom: 35px !important;}\u00bb][\/vc_column][\/vc_row][vc_row][vc_column][vc_column_text] Reconocemos que puede estar preocupado por nuestro uso y divulgaci\u00f3n de su informaci\u00f3n personal. Su privacidad es muy importante para nosotros, y lo siguiente&hellip;\" \/>\n<meta property=\"og:url\" content=\"https:\/\/www.personalinjury.blackrocklaw.com\/privacy-policy\/\" \/>\n<meta property=\"og:site_name\" content=\"Black Rock Trial Lawyers\" \/>\n<meta property=\"article:publisher\" content=\"https:\/\/www.facebook.com\/blackrocklaw\" \/>\n<meta property=\"article:modified_time\" content=\"2022-02-22T14:58:24+00:00\" \/>\n<meta name=\"twitter:card\" content=\"summary_large_image\" \/>\n<meta name=\"twitter:site\" content=\"@BlackRockLaw\" \/>\n<meta name=\"twitter:label1\" content=\"Tiempo de lectura\" \/>\n\t<meta name=\"twitter:data1\" content=\"6 minutos\" \/>\n<script type=\"application\/ld+json\" class=\"yoast-schema-graph\">{\"@context\":\"https:\\\/\\\/schema.org\",\"@graph\":[{\"@type\":\"WebPage\",\"@id\":\"https:\\\/\\\/www.personalinjury.blackrocklaw.com\\\/privacy-policy\\\/\",\"url\":\"https:\\\/\\\/www.personalinjury.blackrocklaw.com\\\/privacy-policy\\\/\",\"name\":\"Pol\u00edtica de privacidad - Black Rock Trial Lawyers\",\"isPartOf\":{\"@id\":\"https:\\\/\\\/www.personalinjury.blackrocklaw.com\\\/#website\"},\"datePublished\":\"2022-02-22T14:49:00+00:00\",\"dateModified\":\"2022-02-22T14:58:24+00:00\",\"breadcrumb\":{\"@id\":\"https:\\\/\\\/www.personalinjury.blackrocklaw.com\\\/privacy-policy\\\/#breadcrumb\"},\"inLanguage\":\"es\",\"potentialAction\":[{\"@type\":\"ReadAction\",\"target\":[\"https:\\\/\\\/www.personalinjury.blackrocklaw.com\\\/privacy-policy\\\/\"]}]},{\"@type\":\"BreadcrumbList\",\"@id\":\"https:\\\/\\\/www.personalinjury.blackrocklaw.com\\\/privacy-policy\\\/#breadcrumb\",\"itemListElement\":[{\"@type\":\"ListItem\",\"position\":1,\"name\":\"Home\",\"item\":\"https:\\\/\\\/www.personalinjury.blackrocklaw.com\\\/es\\\/\"},{\"@type\":\"ListItem\",\"position\":2,\"name\":\"Pol\u00edtica de privacidad\"}]},{\"@type\":\"WebSite\",\"@id\":\"https:\\\/\\\/www.personalinjury.blackrocklaw.com\\\/#website\",\"url\":\"https:\\\/\\\/www.personalinjury.blackrocklaw.com\\\/\",\"name\":\"Black Rock Trial Lawyers\",\"description\":\"Lawyers Attorneys WordPress Theme\",\"publisher\":{\"@id\":\"https:\\\/\\\/www.personalinjury.blackrocklaw.com\\\/#organization\"},\"potentialAction\":[{\"@type\":\"SearchAction\",\"target\":{\"@type\":\"EntryPoint\",\"urlTemplate\":\"https:\\\/\\\/www.personalinjury.blackrocklaw.com\\\/?s={search_term_string}\"},\"query-input\":{\"@type\":\"PropertyValueSpecification\",\"valueRequired\":true,\"valueName\":\"search_term_string\"}}],\"inLanguage\":\"es\"},{\"@type\":[\"Organization\",\"Place\",\"LegalService\"],\"@id\":\"https:\\\/\\\/www.personalinjury.blackrocklaw.com\\\/#organization\",\"name\":\"Black Rock Trial Lawyers\",\"url\":\"https:\\\/\\\/www.personalinjury.blackrocklaw.com\\\/\",\"logo\":{\"@id\":\"https:\\\/\\\/www.personalinjury.blackrocklaw.com\\\/privacy-policy\\\/#local-main-organization-logo\"},\"image\":{\"@id\":\"https:\\\/\\\/www.personalinjury.blackrocklaw.com\\\/privacy-policy\\\/#local-main-organization-logo\"},\"sameAs\":[\"https:\\\/\\\/www.facebook.com\\\/blackrocklaw\",\"https:\\\/\\\/x.com\\\/BlackRockLaw\",\"https:\\\/\\\/www.linkedin.com\\\/company\\\/black-rock-trial-lawyers-llc\\\/\",\"https:\\\/\\\/www.instagram.com\\\/blackrocklaw\\\/\",\"https:\\\/\\\/www.youtube.com\\\/channel\\\/UCSHAjhgiXY976HZbWUmYkZg\"],\"description\":\"Black Rock Trial Lawyers will not settle for anything less than the maximum compensation that you deserve and as allowed by law.\",\"legalName\":\"Black Rock Trial Lawyers\",\"address\":{\"@id\":\"https:\\\/\\\/www.personalinjury.blackrocklaw.com\\\/privacy-policy\\\/#local-main-place-address\"},\"geo\":{\"@type\":\"GeoCoordinates\",\"latitude\":\"27.943170\",\"longitude\":\"-82.482250\"},\"telephone\":[\"1 (800) 346-7752\"],\"openingHoursSpecification\":{\"@type\":\"OpeningHoursSpecification\",\"dayOfWeek\":[\"Monday\",\"Tuesday\",\"Wednesday\",\"Thursday\",\"Friday\",\"Saturday\",\"Sunday\"],\"opens\":\"00:00\",\"closes\":\"23:59\"},\"email\":\"info@blackrocklaw.com\",\"faxNumber\":\"(813) 254-1777\",\"areaServed\":\"Florida\",\"priceRange\":\"$\",\"currenciesAccepted\":\"Doller\",\"paymentAccepted\":\"All\"},{\"@type\":\"PostalAddress\",\"@id\":\"https:\\\/\\\/www.personalinjury.blackrocklaw.com\\\/privacy-policy\\\/#local-main-place-address\",\"streetAddress\":\"201 S. Westland Ave., Tampa, FL 33606\",\"addressLocality\":\"Tampa\",\"postalCode\":\"33606\",\"addressRegion\":\"Florida\",\"addressCountry\":\"US\"},{\"@type\":\"ImageObject\",\"inLanguage\":\"es\",\"@id\":\"https:\\\/\\\/www.personalinjury.blackrocklaw.com\\\/privacy-policy\\\/#local-main-organization-logo\",\"url\":\"https:\\\/\\\/www.personalinjury.blackrocklaw.com\\\/wp-content\\\/uploads\\\/2017\\\/02\\\/BlackRockLogoBlack.png\",\"contentUrl\":\"https:\\\/\\\/www.personalinjury.blackrocklaw.com\\\/wp-content\\\/uploads\\\/2017\\\/02\\\/BlackRockLogoBlack.png\",\"width\":5105,\"height\":1024,\"caption\":\"Black Rock Trial Lawyers\"}]}<\/script>\n<meta name=\"geo.placename\" content=\"Tampa\" \/>\n<meta name=\"geo.position\" content=\"27.943170;-82.482250\" \/>\n<meta name=\"geo.region\" content=\"Estados Unidos (EEUU)\" \/>\n<!-- \/ Yoast SEO Premium plugin. -->","yoast_head_json":{"title":"Pol\u00edtica de privacidad - Black Rock Trial Lawyers","robots":{"index":"index","follow":"follow","max-snippet":"max-snippet:-1","max-image-preview":"max-image-preview:large","max-video-preview":"max-video-preview:-1"},"canonical":"https:\/\/www.personalinjury.blackrocklaw.com\/es\/privacy-policy\/","og_locale":"es_ES","og_type":"article","og_title":"Pol\u00edtica de privacidad","og_description":"[vc_row full_width=\u00bbstretch_row_content_no_spaces\u00bb css=\u00bb.vc_custom_1645541108627{margin-bottom: 25px !important;padding-top: 10px !important;padding-bottom: 10px !important;background-color: #e7e7e7 !important;}\u00bb][vc_column][vc_custom_heading text=\u00bbPol\u00edtica de privacidad\u00bb font_container=\u00bbtag:h2|text_align:center\u00bb use_theme_fonts=\u00bbyes\u00bb css=\u00bb.vc_custom_1645541255504{margin-top: 35px !important;margin-bottom: 35px !important;}\u00bb][\/vc_column][\/vc_row][vc_row][vc_column][vc_column_text] Reconocemos que puede estar preocupado por nuestro uso y divulgaci\u00f3n de su informaci\u00f3n personal. Su privacidad es muy importante para nosotros, y lo siguiente&hellip;","og_url":"https:\/\/www.personalinjury.blackrocklaw.com\/privacy-policy\/","og_site_name":"Black Rock Trial Lawyers","article_publisher":"https:\/\/www.facebook.com\/blackrocklaw","article_modified_time":"2022-02-22T14:58:24+00:00","twitter_card":"summary_large_image","twitter_site":"@BlackRockLaw","twitter_misc":{"Tiempo de lectura":"6 minutos"},"schema":{"@context":"https:\/\/schema.org","@graph":[{"@type":"WebPage","@id":"https:\/\/www.personalinjury.blackrocklaw.com\/privacy-policy\/","url":"https:\/\/www.personalinjury.blackrocklaw.com\/privacy-policy\/","name":"Pol\u00edtica de privacidad - Black Rock Trial Lawyers","isPartOf":{"@id":"https:\/\/www.personalinjury.blackrocklaw.com\/#website"},"datePublished":"2022-02-22T14:49:00+00:00","dateModified":"2022-02-22T14:58:24+00:00","breadcrumb":{"@id":"https:\/\/www.personalinjury.blackrocklaw.com\/privacy-policy\/#breadcrumb"},"inLanguage":"es","potentialAction":[{"@type":"ReadAction","target":["https:\/\/www.personalinjury.blackrocklaw.com\/privacy-policy\/"]}]},{"@type":"BreadcrumbList","@id":"https:\/\/www.personalinjury.blackrocklaw.com\/privacy-policy\/#breadcrumb","itemListElement":[{"@type":"ListItem","position":1,"name":"Home","item":"https:\/\/www.personalinjury.blackrocklaw.com\/es\/"},{"@type":"ListItem","position":2,"name":"Pol\u00edtica de privacidad"}]},{"@type":"WebSite","@id":"https:\/\/www.personalinjury.blackrocklaw.com\/#website","url":"https:\/\/www.personalinjury.blackrocklaw.com\/","name":"Black Rock Trial Lawyers","description":"Lawyers Attorneys WordPress Theme","publisher":{"@id":"https:\/\/www.personalinjury.blackrocklaw.com\/#organization"},"potentialAction":[{"@type":"SearchAction","target":{"@type":"EntryPoint","urlTemplate":"https:\/\/www.personalinjury.blackrocklaw.com\/?s={search_term_string}"},"query-input":{"@type":"PropertyValueSpecification","valueRequired":true,"valueName":"search_term_string"}}],"inLanguage":"es"},{"@type":["Organization","Place","LegalService"],"@id":"https:\/\/www.personalinjury.blackrocklaw.com\/#organization","name":"Black Rock Trial Lawyers","url":"https:\/\/www.personalinjury.blackrocklaw.com\/","logo":{"@id":"https:\/\/www.personalinjury.blackrocklaw.com\/privacy-policy\/#local-main-organization-logo"},"image":{"@id":"https:\/\/www.personalinjury.blackrocklaw.com\/privacy-policy\/#local-main-organization-logo"},"sameAs":["https:\/\/www.facebook.com\/blackrocklaw","https:\/\/x.com\/BlackRockLaw","https:\/\/www.linkedin.com\/company\/black-rock-trial-lawyers-llc\/","https:\/\/www.instagram.com\/blackrocklaw\/","https:\/\/www.youtube.com\/channel\/UCSHAjhgiXY976HZbWUmYkZg"],"description":"Black Rock Trial Lawyers will not settle for anything less than the maximum compensation that you deserve and as allowed by law.","legalName":"Black Rock Trial Lawyers","address":{"@id":"https:\/\/www.personalinjury.blackrocklaw.com\/privacy-policy\/#local-main-place-address"},"geo":{"@type":"GeoCoordinates","latitude":"27.943170","longitude":"-82.482250"},"telephone":["1 (800) 346-7752"],"openingHoursSpecification":{"@type":"OpeningHoursSpecification","dayOfWeek":["Monday","Tuesday","Wednesday","Thursday","Friday","Saturday","Sunday"],"opens":"00:00","closes":"23:59"},"email":"info@blackrocklaw.com","faxNumber":"(813) 254-1777","areaServed":"Florida","priceRange":"$","currenciesAccepted":"Doller","paymentAccepted":"All"},{"@type":"PostalAddress","@id":"https:\/\/www.personalinjury.blackrocklaw.com\/privacy-policy\/#local-main-place-address","streetAddress":"201 S. Westland Ave., Tampa, FL 33606","addressLocality":"Tampa","postalCode":"33606","addressRegion":"Florida","addressCountry":"US"},{"@type":"ImageObject","inLanguage":"es","@id":"https:\/\/www.personalinjury.blackrocklaw.com\/privacy-policy\/#local-main-organization-logo","url":"https:\/\/www.personalinjury.blackrocklaw.com\/wp-content\/uploads\/2017\/02\/BlackRockLogoBlack.png","contentUrl":"https:\/\/www.personalinjury.blackrocklaw.com\/wp-content\/uploads\/2017\/02\/BlackRockLogoBlack.png","width":5105,"height":1024,"caption":"Black Rock Trial Lawyers"}]},"geo.placename":"Tampa","geo.position":{"lat":"27.943170","long":"-82.482250"},"geo.region":"Estados Unidos (EEUU)"},"_links":{"self":[{"href":"https:\/\/www.personalinjury.blackrocklaw.com\/es\/wp-json\/wp\/v2\/pages\/2677","targetHints":{"allow":["GET"]}}],"collection":[{"href":"https:\/\/www.personalinjury.blackrocklaw.com\/es\/wp-json\/wp\/v2\/pages"}],"about":[{"href":"https:\/\/www.personalinjury.blackrocklaw.com\/es\/wp-json\/wp\/v2\/types\/page"}],"author":[{"embeddable":true,"href":"https:\/\/www.personalinjury.blackrocklaw.com\/es\/wp-json\/wp\/v2\/users\/1"}],"replies":[{"embeddable":true,"href":"https:\/\/www.personalinjury.blackrocklaw.com\/es\/wp-json\/wp\/v2\/comments?post=2677"}],"version-history":[{"count":4,"href":"https:\/\/www.personalinjury.blackrocklaw.com\/es\/wp-json\/wp\/v2\/pages\/2677\/revisions"}],"predecessor-version":[{"id":2682,"href":"https:\/\/www.personalinjury.blackrocklaw.com\/es\/wp-json\/wp\/v2\/pages\/2677\/revisions\/2682"}],"wp:attachment":[{"href":"https:\/\/www.personalinjury.blackrocklaw.com\/es\/wp-json\/wp\/v2\/media?parent=2677"}],"curies":[{"name":"wp","href":"https:\/\/api.w.org\/{rel}","templated":true}]}}