{"id":2086,"date":"2021-10-20T09:18:55","date_gmt":"2021-10-20T09:18:55","guid":{"rendered":"https:\/\/blackrocklaw.com\/new\/?page_id=2086"},"modified":"2023-10-11T10:37:09","modified_gmt":"2023-10-11T10:37:09","slug":"veridicos-y-acuerdos","status":"publish","type":"page","link":"https:\/\/www.personalinjury.blackrocklaw.com\/es\/veridicos-y-acuerdos\/","title":{"rendered":"VER\u00cdDICOS Y ACUERDOS"},"content":{"rendered":"<p>[vc_row full_width=\u00bbstretch_row_content_no_spaces\u00bb css=\u00bb.vc_custom_1632384976760{margin-bottom: 25px !important;padding-top: 10px !important;padding-bottom: 10px !important;background-color: #e7e7e7 !important;}\u00bb][vc_column][vc_custom_heading text=\u00bbVER\u00cdDICOS Y ACUERDOS\u00bb font_container=\u00bbtag:h2|text_align:center\u00bb css=\u00bb.vc_custom_1634721529231{margin-top: 35px !important;margin-bottom: 35px !important;}\u00bb][\/vc_column][\/vc_row][vc_row full_width=\u00bbstretch_row_content\u00bb triangle_shape=\u00bbno\u00bb][vc_column width=\u00bb1\/2&#8243;][vc_empty_space height=\u00bb20px\u00bb][vc_single_image image=\u00bb1263&#8243; img_size=\u00bbfull\u00bb alignment=\u00bbcenter\u00bb][vc_empty_space height=\u00bb20px\u00bb][\/vc_column][vc_column width=\u00bb1\/2&#8243; css=\u00bb.vc_custom_1554896218406{padding-right: 35px !important;}\u00bb][vc_empty_space height=\u00bb20px\u00bb][vc_row_inner css=\u00bb.vc_custom_1556040250264{padding-top: 6px !important;padding-bottom: 6px !important;background-color: #e7e7e7 !important;}\u00bb][vc_column_inner][vc_column_text]<\/p>\n<p style=\"text-align: left;\"><span style=\"font-size: 14pt;\">Plaintiff Verdict in Hillsborough County (Garcia v. H.A.R.T Personal Injury <span style=\"color: #c18f59;\">(Attorney Gil Sanchez)<\/span><\/span><\/p>\n<p>[\/vc_column_text][\/vc_column_inner][\/vc_row_inner][vc_row_inner css=\u00bb.vc_custom_1556040263779{padding-top: 6px !important;padding-bottom: 6px !important;}\u00bb][vc_column_inner][vc_column_text]<\/p>\n<p style=\"text-align: left;\"><span style=\"font-size: 14pt;\">Plaintiff Verdict in Middle District of Florida (Pilipajc v. Atria) Employee Rights &amp; Commercial Litigation <span style=\"color: #c18f59;\">(Attorney Gil Sanchez)<\/span><\/span><\/p>\n<p>[\/vc_column_text][\/vc_column_inner][\/vc_row_inner][vc_row_inner css=\u00bb.vc_custom_1556040272351{padding-top: 6px !important;padding-bottom: 6px !important;background-color: #e7e7e7 !important;}\u00bb][vc_column_inner][vc_column_text]<\/p>\n<p style=\"text-align: left;\"><span style=\"font-size: 14pt;\">$2,000,000.00 Settlement in Pre-Litigation <span style=\"color: #c18f59;\">(Traumatic Brain Injury in Auto Accident)<\/span><\/span><\/p>\n<p>[\/vc_column_text][\/vc_column_inner][\/vc_row_inner][vc_row_inner css=\u00bb.vc_custom_1556040280015{padding-top: 6px !important;padding-bottom: 6px !important;}\u00bb][vc_column_inner][vc_column_text]<\/p>\n<p style=\"text-align: left;\"><span style=\"font-size: 14pt;\">$1,275,000.00 Settlement in Litigation <span style=\"color: #c18f59;\"> (Wrongful Death in Auto Accident<\/span><\/span><\/p>\n<p>[\/vc_column_text][\/vc_column_inner][\/vc_row_inner][vc_row_inner css=\u00bb.vc_custom_1556040299595{padding-top: 6px !important;padding-bottom: 6px !important;background-color: #e7e7e7 !important;}\u00bb][vc_column_inner][vc_column_text]<\/p>\n<p style=\"text-align: left;\"><span style=\"font-size: 14pt;\">$950,000.00 Settlement in Litigation <span style=\"color: #c18f59;\">(Wrongful Foreclosure &amp; Complex Litigation) <\/span><\/span><\/p>\n<p>[\/vc_column_text][\/vc_column_inner][\/vc_row_inner][vc_row_inner css=\u00bb.vc_custom_1556040308079{padding-top: 6px !important;padding-bottom: 6px !important;}\u00bb][vc_column_inner][vc_column_text]<\/p>\n<p style=\"text-align: left;\"><span style=\"font-size: 14pt;\">$500,000.00 Settlement in Litigation <span style=\"color: #c18f59;\">(Lumbar Fusion in Auto Accident)<\/span><\/span><\/p>\n<p>[\/vc_column_text][\/vc_column_inner][\/vc_row_inner][vc_row_inner css=\u00bb.vc_custom_1556040317585{padding-top: 6px !important;padding-bottom: 6px !important;background-color: #e7e7e7 !important;}\u00bb][vc_column_inner][vc_column_text]<\/p>\n<p style=\"text-align: left;\"><span style=\"font-size: 14pt;\">$300,000.00 Settlement in Pre-Litigation <span style=\"color: #c18f59;\">(Multiple Skeletal Fractures in Trucking Accident) <\/span><\/span><\/p>\n<p>[\/vc_column_text][\/vc_column_inner][\/vc_row_inner][vc_row_inner css=\u00bb.vc_custom_1556040332093{padding-top: 6px !important;padding-bottom: 6px !important;}\u00bb][vc_column_inner][vc_column_text]<\/p>\n<p style=\"text-align: left;\"><span style=\"font-size: 14pt;\">$125,000.00 Settlement in Litigation <span style=\"color: #c18f59;\">(Slip &amp; Fall in Premises Liability)<\/span><\/span><\/p>\n<p>[\/vc_column_text][\/vc_column_inner][\/vc_row_inner][vc_row_inner css=\u00bb.vc_custom_1556040346201{padding-top: 6px !important;padding-bottom: 6px !important;background-color: #e7e7e7 !important;}\u00bb][vc_column_inner][vc_column_text]<\/p>\n<p style=\"text-align: left;\"><span style=\"font-size: 14pt;\">$90,000.00 Settlement in Litigation <span style=\"color: #c18f59;\">(Cervical Herniation in Auto Accident) <\/span><\/span><\/p>\n<p>[\/vc_column_text][\/vc_column_inner][\/vc_row_inner][vc_row_inner css=\u00bb.vc_custom_1556040361553{padding-top: 6px !important;padding-bottom: 6px !important;}\u00bb][vc_column_inner][vc_column_text]<\/p>\n<p style=\"text-align: left;\"><span style=\"font-size: 14pt;\">$25,000.00 <span style=\"color: #c18f59;\">(v. Pepsi in Employee Rights)<\/span><\/span><\/p>\n<p>[\/vc_column_text][\/vc_column_inner][\/vc_row_inner][vc_row_inner css=\u00bb.vc_custom_1555517960454{padding-top: 10px !important;padding-bottom: 10px !important;background-color: #e7e7e7 !important;}\u00bb][vc_column_inner][vc_column_text]<\/p>\n<p style=\"text-align: left;\"><span style=\"font-size: 14pt;\">$15,000.00 <span style=\"color: #c18f59;\">(v. Wal-Mart in Employee Rights) <\/span><\/span><\/p>\n<p>[\/vc_column_text][\/vc_column_inner][\/vc_row_inner][vc_row_inner css=\u00bb.vc_custom_1556040369104{padding-top: 6px !important;padding-bottom: 6px !important;}\u00bb][vc_column_inner][vc_column_text]<\/p>\n<p style=\"text-align: left;\"><span style=\"font-size: 14pt;\">$70,000.00 Settlement In Litigation <span style=\"color: #c18f59;\">(Burn Injury)<\/span><\/span><\/p>\n<p>[\/vc_column_text][\/vc_column_inner][\/vc_row_inner][vc_row_inner css=\u00bb.vc_custom_1556040384341{padding-top: 6px !important;padding-bottom: 6px !important;background-color: #e7e7e7 !important;}\u00bb][vc_column_inner][vc_column_text]<\/p>\n<p style=\"text-align: left;\"><span style=\"font-size: 14pt;\">$300,000.00 Class Action Settlement in Federal Court <span style=\"color: #c18f59;\"> (Employee Rights) <\/span><\/span><\/p>\n<p>[\/vc_column_text][\/vc_column_inner][\/vc_row_inner][vc_row_inner css=\u00bb.vc_custom_1556040369104{padding-top: 6px !important;padding-bottom: 6px !important;}\u00bb][vc_column_inner][vc_column_text]<\/p>\n<p style=\"text-align: left;\"><span style=\"font-size: 14pt;\"> $25,000.00 Settlement in Pre-Litigation <span style=\"color: #c18f59;\">(Excessive Force Civil Rights Violation)<\/span><\/span><\/p>\n<p>[\/vc_column_text][\/vc_column_inner][\/vc_row_inner][vc_row_inner css=\u00bb.vc_custom_1556040384341{padding-top: 6px !important;padding-bottom: 6px !important;background-color: #e7e7e7 !important;}\u00bb][vc_column_inner][vc_column_text]<\/p>\n<p style=\"text-align: left;\"><span style=\"font-size: 14pt;\">$225,000.00 Settlement in Litigation <span style=\"color: #c18f59;\"> (Lumbar Surgery in Auto Accident)<\/span><\/span><\/p>\n<p>[\/vc_column_text][\/vc_column_inner][\/vc_row_inner][vc_row_inner css=\u00bb.vc_custom_1556040369104{padding-top: 6px !important;padding-bottom: 6px !important;}\u00bb][vc_column_inner][vc_column_text]<\/p>\n<p style=\"text-align: left;\"><span style=\"font-size: 14pt;\"> $240,000.00 Settlement 5 Days before Trial <span style=\"color: #c18f59;\">(Cervical Surgery in Auto Accident)<\/span><\/span><\/p>\n<p>[\/vc_column_text][\/vc_column_inner][\/vc_row_inner][vc_row_inner css=\u00bb.vc_custom_1556040384341{padding-top: 6px !important;padding-bottom: 6px !important;background-color: #e7e7e7 !important;}\u00bb][vc_column_inner][vc_column_text]<\/p>\n<p style=\"text-align: left;\"><span style=\"font-size: 14pt;\">$45,000.000 Settlement in Pre-Litigation <span style=\"color: #c18f59;\"> (Consumer Discrimination)<\/span><\/span><\/p>\n<p>[\/vc_column_text][\/vc_column_inner][\/vc_row_inner][vc_row_inner css=\u00bb.vc_custom_1556040369104{padding-top: 6px !important;padding-bottom: 6px !important;}\u00bb][vc_column_inner][vc_column_text]<\/p>\n<p style=\"text-align: left;\"><span style=\"font-size: 14pt;\"> $20,000.000 Settlement in Litigation <span style=\"color: #c18f59;\">(Consumer Discrimination)<\/span><\/span><\/p>\n<p>[\/vc_column_text][\/vc_column_inner][\/vc_row_inner][vc_row_inner css=\u00bb.vc_custom_1556040384341{padding-top: 6px !important;padding-bottom: 6px !important;background-color: #e7e7e7 !important;}\u00bb][vc_column_inner][vc_column_text]<\/p>\n<p style=\"text-align: left;\"><span style=\"font-size: 14pt;\">$90,000.00 Settlement in Litigation <span style=\"color: #c18f59;\"> (Childcare Abuse &amp; Neglect)<\/span><\/span><\/p>\n<p>[\/vc_column_text][\/vc_column_inner][\/vc_row_inner][vc_row_inner css=\u00bb.vc_custom_1556040369104{padding-top: 6px !important;padding-bottom: 6px !important;}\u00bb][vc_column_inner][vc_column_text]<\/p>\n<p style=\"text-align: left;\"><span style=\"font-size: 14pt;\"> $110,000.00 Settlement in Pre-Suit <span style=\"color: #c18f59;\">(Gunshot in Premises Liability)<\/span><\/span><\/p>\n<p>[\/vc_column_text][\/vc_column_inner][\/vc_row_inner][vc_empty_space height=\u00bb50px\u00bb][\/vc_column][\/vc_row]<\/p>\n","protected":false},"excerpt":{"rendered":"<p>[vc_row full_width=\u00bbstretch_row_content_no_spaces\u00bb css=\u00bb.vc_custom_1632384976760{margin-bottom: 25px !important;padding-top: 10px !important;padding-bottom: 10px !important;background-color: #e7e7e7 !important;}\u00bb][vc_column][vc_custom_heading text=\u00bbVER\u00cdDICOS Y ACUERDOS\u00bb font_container=\u00bbtag:h2|text_align:center\u00bb css=\u00bb.vc_custom_1634721529231{margin-top: 35px !important;margin-bottom: 35px !important;}\u00bb][\/vc_column][\/vc_row][vc_row full_width=\u00bbstretch_row_content\u00bb triangle_shape=\u00bbno\u00bb][vc_column width=\u00bb1\/2&#8243;][vc_empty_space height=\u00bb20px\u00bb][vc_single_image image=\u00bb1263&#8243; img_size=\u00bbfull\u00bb alignment=\u00bbcenter\u00bb][vc_empty_space height=\u00bb20px\u00bb][\/vc_column][vc_column width=\u00bb1\/2&#8243; css=\u00bb.vc_custom_1554896218406{padding-right: 35px !important;}\u00bb][vc_empty_space height=\u00bb20px\u00bb][vc_row_inner css=\u00bb.vc_custom_1556040250264{padding-top: 6px !important;padding-bottom: 6px !important;background-color: #e7e7e7 !important;}\u00bb][vc_column_inner][vc_column_text] Plaintiff Verdict in Hillsborough County&hellip;<\/p>\n","protected":false},"author":1,"featured_media":0,"parent":0,"menu_order":0,"comment_status":"closed","ping_status":"closed","template":"","meta":{"footnotes":""},"class_list":["post-2086","page","type-page","status-publish","hentry"],"yoast_head":"<!-- This site is optimized with the Yoast SEO Premium plugin v25.3 (Yoast SEO v27.3) - https:\/\/yoast.com\/product\/yoast-seo-premium-wordpress\/ -->\n<title>Ver\u00eddicos y Acuerdos | Black Rock Trial Lawyers | Tampa Florida<\/title>\n<meta name=\"description\" content=\"Conoce m\u00e1s sobre los Ver\u00eddicos y los Acuerdos que hemos conseguido ennuestros casos de Florida. Obt\u00e9n una consulta gratuita y ponte en contactocon Black Rock Trial Lawyers en Tampa\" \/>\n<meta name=\"robots\" content=\"index, follow, max-snippet:-1, max-image-preview:large, max-video-preview:-1\" \/>\n<link rel=\"canonical\" href=\"https:\/\/www.personalinjury.blackrocklaw.com\/es\/verdicts-settlements\/\" \/>\n<meta property=\"og:locale\" content=\"es_ES\" \/>\n<meta property=\"og:type\" content=\"article\" \/>\n<meta property=\"og:title\" content=\"VER\u00cdDICOS Y ACUERDOS\" \/>\n<meta property=\"og:description\" content=\"Conoce m\u00e1s sobre los Ver\u00eddicos y los Acuerdos que hemos conseguido ennuestros casos de Florida. Obt\u00e9n una consulta gratuita y ponte en contactocon Black Rock Trial Lawyers en Tampa\" \/>\n<meta property=\"og:url\" content=\"https:\/\/www.personalinjury.blackrocklaw.com\/verdicts-settlements\/\" \/>\n<meta property=\"og:site_name\" content=\"Black Rock Trial Lawyers\" \/>\n<meta property=\"article:publisher\" content=\"https:\/\/www.facebook.com\/blackrocklaw\" \/>\n<meta property=\"article:modified_time\" content=\"2023-10-11T10:37:09+00:00\" \/>\n<meta name=\"twitter:card\" content=\"summary_large_image\" \/>\n<meta name=\"twitter:site\" content=\"@BlackRockLaw\" \/>\n<meta name=\"twitter:label1\" content=\"Tiempo de lectura\" \/>\n\t<meta name=\"twitter:data1\" content=\"4 minutos\" \/>\n<script type=\"application\/ld+json\" class=\"yoast-schema-graph\">{\"@context\":\"https:\\\/\\\/schema.org\",\"@graph\":[{\"@type\":\"WebPage\",\"@id\":\"https:\\\/\\\/www.personalinjury.blackrocklaw.com\\\/verdicts-settlements\\\/\",\"url\":\"https:\\\/\\\/www.personalinjury.blackrocklaw.com\\\/verdicts-settlements\\\/\",\"name\":\"Ver\u00eddicos y Acuerdos | Black Rock Trial Lawyers | Tampa Florida\",\"isPartOf\":{\"@id\":\"https:\\\/\\\/www.personalinjury.blackrocklaw.com\\\/#website\"},\"datePublished\":\"2021-10-20T09:18:55+00:00\",\"dateModified\":\"2023-10-11T10:37:09+00:00\",\"description\":\"Conoce m\u00e1s sobre los Ver\u00eddicos y los Acuerdos que hemos conseguido ennuestros casos de Florida. Obt\u00e9n una consulta gratuita y ponte en contactocon Black Rock Trial Lawyers en Tampa\",\"breadcrumb\":{\"@id\":\"https:\\\/\\\/www.personalinjury.blackrocklaw.com\\\/verdicts-settlements\\\/#breadcrumb\"},\"inLanguage\":\"es\",\"potentialAction\":[{\"@type\":\"ReadAction\",\"target\":[\"https:\\\/\\\/www.personalinjury.blackrocklaw.com\\\/verdicts-settlements\\\/\"]}]},{\"@type\":\"BreadcrumbList\",\"@id\":\"https:\\\/\\\/www.personalinjury.blackrocklaw.com\\\/verdicts-settlements\\\/#breadcrumb\",\"itemListElement\":[{\"@type\":\"ListItem\",\"position\":1,\"name\":\"Home\",\"item\":\"https:\\\/\\\/www.personalinjury.blackrocklaw.com\\\/es\\\/\"},{\"@type\":\"ListItem\",\"position\":2,\"name\":\"VER\u00cdDICOS Y ACUERDOS\"}]},{\"@type\":\"WebSite\",\"@id\":\"https:\\\/\\\/www.personalinjury.blackrocklaw.com\\\/#website\",\"url\":\"https:\\\/\\\/www.personalinjury.blackrocklaw.com\\\/\",\"name\":\"Black Rock Trial Lawyers\",\"description\":\"Lawyers Attorneys WordPress Theme\",\"publisher\":{\"@id\":\"https:\\\/\\\/www.personalinjury.blackrocklaw.com\\\/#organization\"},\"potentialAction\":[{\"@type\":\"SearchAction\",\"target\":{\"@type\":\"EntryPoint\",\"urlTemplate\":\"https:\\\/\\\/www.personalinjury.blackrocklaw.com\\\/?s={search_term_string}\"},\"query-input\":{\"@type\":\"PropertyValueSpecification\",\"valueRequired\":true,\"valueName\":\"search_term_string\"}}],\"inLanguage\":\"es\"},{\"@type\":[\"Organization\",\"Place\",\"LegalService\"],\"@id\":\"https:\\\/\\\/www.personalinjury.blackrocklaw.com\\\/#organization\",\"name\":\"Black Rock Trial Lawyers\",\"url\":\"https:\\\/\\\/www.personalinjury.blackrocklaw.com\\\/\",\"logo\":{\"@id\":\"https:\\\/\\\/www.personalinjury.blackrocklaw.com\\\/verdicts-settlements\\\/#local-main-organization-logo\"},\"image\":{\"@id\":\"https:\\\/\\\/www.personalinjury.blackrocklaw.com\\\/verdicts-settlements\\\/#local-main-organization-logo\"},\"sameAs\":[\"https:\\\/\\\/www.facebook.com\\\/blackrocklaw\",\"https:\\\/\\\/x.com\\\/BlackRockLaw\",\"https:\\\/\\\/www.linkedin.com\\\/company\\\/black-rock-trial-lawyers-llc\\\/\",\"https:\\\/\\\/www.instagram.com\\\/blackrocklaw\\\/\",\"https:\\\/\\\/www.youtube.com\\\/channel\\\/UCSHAjhgiXY976HZbWUmYkZg\"],\"description\":\"Black Rock Trial Lawyers will not settle for anything less than the maximum compensation that you deserve and as allowed by law.\",\"legalName\":\"Black Rock Trial Lawyers\",\"address\":{\"@id\":\"https:\\\/\\\/www.personalinjury.blackrocklaw.com\\\/verdicts-settlements\\\/#local-main-place-address\"},\"geo\":{\"@type\":\"GeoCoordinates\",\"latitude\":\"27.943170\",\"longitude\":\"-82.482250\"},\"telephone\":[\"1 (800) 346-7752\"],\"openingHoursSpecification\":{\"@type\":\"OpeningHoursSpecification\",\"dayOfWeek\":[\"Monday\",\"Tuesday\",\"Wednesday\",\"Thursday\",\"Friday\",\"Saturday\",\"Sunday\"],\"opens\":\"00:00\",\"closes\":\"23:59\"},\"email\":\"info@blackrocklaw.com\",\"faxNumber\":\"(813) 254-1777\",\"areaServed\":\"Florida\",\"priceRange\":\"$\",\"currenciesAccepted\":\"Doller\",\"paymentAccepted\":\"All\"},{\"@type\":\"PostalAddress\",\"@id\":\"https:\\\/\\\/www.personalinjury.blackrocklaw.com\\\/verdicts-settlements\\\/#local-main-place-address\",\"streetAddress\":\"201 S. Westland Ave., Tampa, FL 33606\",\"addressLocality\":\"Tampa\",\"postalCode\":\"33606\",\"addressRegion\":\"Florida\",\"addressCountry\":\"US\"},{\"@type\":\"ImageObject\",\"inLanguage\":\"es\",\"@id\":\"https:\\\/\\\/www.personalinjury.blackrocklaw.com\\\/verdicts-settlements\\\/#local-main-organization-logo\",\"url\":\"https:\\\/\\\/www.personalinjury.blackrocklaw.com\\\/wp-content\\\/uploads\\\/2017\\\/02\\\/BlackRockLogoBlack.png\",\"contentUrl\":\"https:\\\/\\\/www.personalinjury.blackrocklaw.com\\\/wp-content\\\/uploads\\\/2017\\\/02\\\/BlackRockLogoBlack.png\",\"width\":5105,\"height\":1024,\"caption\":\"Black Rock Trial Lawyers\"}]}<\/script>\n<meta name=\"geo.placename\" content=\"Tampa\" \/>\n<meta name=\"geo.position\" content=\"27.943170;-82.482250\" \/>\n<meta name=\"geo.region\" content=\"Estados Unidos (EEUU)\" \/>\n<!-- \/ Yoast SEO Premium plugin. -->","yoast_head_json":{"title":"Ver\u00eddicos y Acuerdos | Black Rock Trial Lawyers | Tampa Florida","description":"Conoce m\u00e1s sobre los Ver\u00eddicos y los Acuerdos que hemos conseguido ennuestros casos de Florida. Obt\u00e9n una consulta gratuita y ponte en contactocon Black Rock Trial Lawyers en Tampa","robots":{"index":"index","follow":"follow","max-snippet":"max-snippet:-1","max-image-preview":"max-image-preview:large","max-video-preview":"max-video-preview:-1"},"canonical":"https:\/\/www.personalinjury.blackrocklaw.com\/es\/verdicts-settlements\/","og_locale":"es_ES","og_type":"article","og_title":"VER\u00cdDICOS Y ACUERDOS","og_description":"Conoce m\u00e1s sobre los Ver\u00eddicos y los Acuerdos que hemos conseguido ennuestros casos de Florida. Obt\u00e9n una consulta gratuita y ponte en contactocon Black Rock Trial Lawyers en Tampa","og_url":"https:\/\/www.personalinjury.blackrocklaw.com\/verdicts-settlements\/","og_site_name":"Black Rock Trial Lawyers","article_publisher":"https:\/\/www.facebook.com\/blackrocklaw","article_modified_time":"2023-10-11T10:37:09+00:00","twitter_card":"summary_large_image","twitter_site":"@BlackRockLaw","twitter_misc":{"Tiempo de lectura":"4 minutos"},"schema":{"@context":"https:\/\/schema.org","@graph":[{"@type":"WebPage","@id":"https:\/\/www.personalinjury.blackrocklaw.com\/verdicts-settlements\/","url":"https:\/\/www.personalinjury.blackrocklaw.com\/verdicts-settlements\/","name":"Ver\u00eddicos y Acuerdos | Black Rock Trial Lawyers | Tampa Florida","isPartOf":{"@id":"https:\/\/www.personalinjury.blackrocklaw.com\/#website"},"datePublished":"2021-10-20T09:18:55+00:00","dateModified":"2023-10-11T10:37:09+00:00","description":"Conoce m\u00e1s sobre los Ver\u00eddicos y los Acuerdos que hemos conseguido ennuestros casos de Florida. Obt\u00e9n una consulta gratuita y ponte en contactocon Black Rock Trial Lawyers en Tampa","breadcrumb":{"@id":"https:\/\/www.personalinjury.blackrocklaw.com\/verdicts-settlements\/#breadcrumb"},"inLanguage":"es","potentialAction":[{"@type":"ReadAction","target":["https:\/\/www.personalinjury.blackrocklaw.com\/verdicts-settlements\/"]}]},{"@type":"BreadcrumbList","@id":"https:\/\/www.personalinjury.blackrocklaw.com\/verdicts-settlements\/#breadcrumb","itemListElement":[{"@type":"ListItem","position":1,"name":"Home","item":"https:\/\/www.personalinjury.blackrocklaw.com\/es\/"},{"@type":"ListItem","position":2,"name":"VER\u00cdDICOS Y ACUERDOS"}]},{"@type":"WebSite","@id":"https:\/\/www.personalinjury.blackrocklaw.com\/#website","url":"https:\/\/www.personalinjury.blackrocklaw.com\/","name":"Black Rock Trial Lawyers","description":"Lawyers Attorneys WordPress Theme","publisher":{"@id":"https:\/\/www.personalinjury.blackrocklaw.com\/#organization"},"potentialAction":[{"@type":"SearchAction","target":{"@type":"EntryPoint","urlTemplate":"https:\/\/www.personalinjury.blackrocklaw.com\/?s={search_term_string}"},"query-input":{"@type":"PropertyValueSpecification","valueRequired":true,"valueName":"search_term_string"}}],"inLanguage":"es"},{"@type":["Organization","Place","LegalService"],"@id":"https:\/\/www.personalinjury.blackrocklaw.com\/#organization","name":"Black Rock Trial Lawyers","url":"https:\/\/www.personalinjury.blackrocklaw.com\/","logo":{"@id":"https:\/\/www.personalinjury.blackrocklaw.com\/verdicts-settlements\/#local-main-organization-logo"},"image":{"@id":"https:\/\/www.personalinjury.blackrocklaw.com\/verdicts-settlements\/#local-main-organization-logo"},"sameAs":["https:\/\/www.facebook.com\/blackrocklaw","https:\/\/x.com\/BlackRockLaw","https:\/\/www.linkedin.com\/company\/black-rock-trial-lawyers-llc\/","https:\/\/www.instagram.com\/blackrocklaw\/","https:\/\/www.youtube.com\/channel\/UCSHAjhgiXY976HZbWUmYkZg"],"description":"Black Rock Trial Lawyers will not settle for anything less than the maximum compensation that you deserve and as allowed by law.","legalName":"Black Rock Trial Lawyers","address":{"@id":"https:\/\/www.personalinjury.blackrocklaw.com\/verdicts-settlements\/#local-main-place-address"},"geo":{"@type":"GeoCoordinates","latitude":"27.943170","longitude":"-82.482250"},"telephone":["1 (800) 346-7752"],"openingHoursSpecification":{"@type":"OpeningHoursSpecification","dayOfWeek":["Monday","Tuesday","Wednesday","Thursday","Friday","Saturday","Sunday"],"opens":"00:00","closes":"23:59"},"email":"info@blackrocklaw.com","faxNumber":"(813) 254-1777","areaServed":"Florida","priceRange":"$","currenciesAccepted":"Doller","paymentAccepted":"All"},{"@type":"PostalAddress","@id":"https:\/\/www.personalinjury.blackrocklaw.com\/verdicts-settlements\/#local-main-place-address","streetAddress":"201 S. Westland Ave., Tampa, FL 33606","addressLocality":"Tampa","postalCode":"33606","addressRegion":"Florida","addressCountry":"US"},{"@type":"ImageObject","inLanguage":"es","@id":"https:\/\/www.personalinjury.blackrocklaw.com\/verdicts-settlements\/#local-main-organization-logo","url":"https:\/\/www.personalinjury.blackrocklaw.com\/wp-content\/uploads\/2017\/02\/BlackRockLogoBlack.png","contentUrl":"https:\/\/www.personalinjury.blackrocklaw.com\/wp-content\/uploads\/2017\/02\/BlackRockLogoBlack.png","width":5105,"height":1024,"caption":"Black Rock Trial Lawyers"}]},"geo.placename":"Tampa","geo.position":{"lat":"27.943170","long":"-82.482250"},"geo.region":"Estados Unidos (EEUU)"},"_links":{"self":[{"href":"https:\/\/www.personalinjury.blackrocklaw.com\/es\/wp-json\/wp\/v2\/pages\/2086","targetHints":{"allow":["GET"]}}],"collection":[{"href":"https:\/\/www.personalinjury.blackrocklaw.com\/es\/wp-json\/wp\/v2\/pages"}],"about":[{"href":"https:\/\/www.personalinjury.blackrocklaw.com\/es\/wp-json\/wp\/v2\/types\/page"}],"author":[{"embeddable":true,"href":"https:\/\/www.personalinjury.blackrocklaw.com\/es\/wp-json\/wp\/v2\/users\/1"}],"replies":[{"embeddable":true,"href":"https:\/\/www.personalinjury.blackrocklaw.com\/es\/wp-json\/wp\/v2\/comments?post=2086"}],"version-history":[{"count":8,"href":"https:\/\/www.personalinjury.blackrocklaw.com\/es\/wp-json\/wp\/v2\/pages\/2086\/revisions"}],"predecessor-version":[{"id":4112,"href":"https:\/\/www.personalinjury.blackrocklaw.com\/es\/wp-json\/wp\/v2\/pages\/2086\/revisions\/4112"}],"wp:attachment":[{"href":"https:\/\/www.personalinjury.blackrocklaw.com\/es\/wp-json\/wp\/v2\/media?parent=2086"}],"curies":[{"name":"wp","href":"https:\/\/api.w.org\/{rel}","templated":true}]}}