{"id":2063,"date":"2021-10-17T12:34:33","date_gmt":"2021-10-17T12:34:33","guid":{"rendered":"https:\/\/blackrocklaw.com\/new\/?page_id=2063"},"modified":"2023-10-11T10:36:06","modified_gmt":"2023-10-11T10:36:06","slug":"derechos-del-empleado","status":"publish","type":"page","link":"https:\/\/www.personalinjury.blackrocklaw.com\/es\/areas-de-practicas\/derechos-del-empleado\/","title":{"rendered":"DERECHOS DEL EMPLEADO"},"content":{"rendered":"<p>[vc_row][vc_column][vc_column_text]<a rel=\"noreferrer\" href=\"https:\/\/www.youtube.com\/watch?v=0CDcO18_Q-U\" class=\"vp-a vp-yt-type vp-modal-click vp-modal-click_shortcode vp-has-img\"><img decoding=\"async\" class=\"vp-img lazyload\" data-src=\"https:\/\/www.blackrocklaw.com\/wp-content\/uploads\/2021\/10\/Employee-Rights-ES.jpg\" src=\"data:image\/svg+xml;base64,PHN2ZyB3aWR0aD0iMSIgaGVpZ2h0PSIxIiB4bWxucz0iaHR0cDovL3d3dy53My5vcmcvMjAwMC9zdmciPjwvc3ZnPg==\"><\/a>[\/vc_column_text][vc_custom_heading text=\u00bbDERECHOS DEL EMPLEADO\u00bb][vc_column_text]El trabajo no debe definir qui\u00e9nes somos, pero s\u00ed define c\u00f3mo vivimos. Debido a que define c\u00f3mo vivimos, debemos protegerlo a toda costa. Representamos personas a lo largo de todo el estado de Florida y nos aseguramos de que sus derechos laborales se apliquen en los tribunales estatales y federales.<\/p>\n<p>Estamos orgullosos de nuestro historial de lucha en nombre de nuestros clientes contra peque\u00f1as y grandes corporaciones que incumplen las reglas. Hemos resuelto casos y presentado demandas contra compa\u00f1\u00edas como: Marriott, Wal-Mart, Bank of America, Cushman Wakefield y Target.<\/p>\n<p>Sobre todo, nuestro bufete de abogados ha presentado y resuelto con \u00e9xito las <strong><em>Demandas Colectivas De Empleo<\/em><\/strong> en el Tribunal Federal.<\/p>\n<p>Abajo est\u00e1n los diferentes tipos de casos de ley laboral que la firma maneja en representaci\u00f3n de los empleados:<\/p>\n<ul>\n<li><strong>Discriminaci\u00f3n<\/strong>: Raza, Edad, Sexo, Religi\u00f3n, Origen Nacional, Discapacidad<\/li>\n<li>Ley de licencia m\u00e9dica familiar FMLA<\/li>\n<li>Acoso sexual<\/li>\n<li>Discriminaci\u00f3n por embarazo<\/li>\n<li>Salarios impagos<\/li>\n<li>Horas extraordinarias no pagadas<\/li>\n<li>Represalias<\/li>\n<li>Terminaci\u00f3n Injusta<\/li>\n<li>Violaciones de derechos LGBTQ<\/li>\n<\/ul>\n<p>[\/vc_column_text][vc_empty_space height=\u00bb70px\u00bb hide_on_mobile=\u00bb\u00bb][vc_column_text]<\/p>\n<p class=\"spphone_big\"><a href=\"tel:18003467752\"><strong><span style=\"font-size: 36pt;\">1 800 346 7752<\/span><\/strong><\/a><\/p>\n<p>[\/vc_column_text][vc_empty_space height=\u00bb70px\u00bb hide_on_mobile=\u00bb\u00bb][vc_column_text]<strong><em>Cero Pago Inicial Para Contratarnos<\/em><\/strong><\/p>\n<p>Si la ley utilizada en su caso establece que el Empleador debe pagar los honorarios y costos de sus abogados, o si tomamos su caso en caso de contingencia, en cualquier caso, no tiene que pagar para contratarnos.<\/p>\n<p>Manejar su caso en caso de contingencia significa que no recibimos compensaci\u00f3n a menos que usted reciba una compensaci\u00f3n. Tambi\u00e9n cubrimos todos los gastos iniciales asociados a su caso.<\/p>\n<p><strong><em>Consulta Legal &amp; Confidencial<\/em><\/strong><\/p>\n<p>Cont\u00e1ctenos 24\/7 al 800-346-7752 para programar una cita gratis y confidencial.[\/vc_column_text][vc_column_text]<\/p>\n<p class=\"spphone_big\"><a href=\"tel:18003467752\"><strong><span style=\"font-size: 36pt;\">1 800 346 7752<\/span><\/strong><\/a><\/p>\n<p>[\/vc_column_text][vc_empty_space height=\u00bb40px\u00bb hide_on_mobile=\u00bb\u00bb][\/vc_column][\/vc_row]<\/p>\n","protected":false},"excerpt":{"rendered":"<p>[vc_row][vc_column][vc_column_text][\/vc_column_text][vc_custom_heading text=\u00bbDERECHOS DEL EMPLEADO\u00bb][vc_column_text]El trabajo no debe definir qui\u00e9nes somos, pero s\u00ed define c\u00f3mo vivimos. Debido a que define c\u00f3mo vivimos, debemos protegerlo a toda costa. Representamos personas a lo largo de todo el estado de Florida y nos aseguramos de que sus derechos laborales&hellip;<\/p>\n","protected":false},"author":1,"featured_media":0,"parent":2041,"menu_order":0,"comment_status":"closed","ping_status":"closed","template":"","meta":{"footnotes":""},"class_list":["post-2063","page","type-page","status-publish","hentry"],"yoast_head":"<!-- This site is optimized with the Yoast SEO Premium plugin v25.3 (Yoast SEO v27.3) - https:\/\/yoast.com\/product\/yoast-seo-premium-wordpress\/ -->\n<title>DERECHOS DEL EMPLEADO - Black Rock Trial Lawyers<\/title>\n<meta name=\"description\" content=\"nuestros abogados luchan por un trato justo en el trabajo Abogamos por los derechos del empleado a lo largo de todo el estado de Florida\" \/>\n<meta name=\"robots\" content=\"index, follow, max-snippet:-1, max-image-preview:large, max-video-preview:-1\" \/>\n<link rel=\"canonical\" href=\"https:\/\/www.personalinjury.blackrocklaw.com\/es\/practice-area\/employee-rights\/\" \/>\n<meta property=\"og:locale\" content=\"es_ES\" \/>\n<meta property=\"og:type\" content=\"article\" \/>\n<meta property=\"og:title\" content=\"DERECHOS DEL EMPLEADO\" \/>\n<meta property=\"og:description\" content=\"nuestros abogados luchan por un trato justo en el trabajo Abogamos por los derechos del empleado a lo largo de todo el estado de Florida\" \/>\n<meta property=\"og:url\" content=\"https:\/\/www.personalinjury.blackrocklaw.com\/practice-area\/employee-rights\/\" \/>\n<meta property=\"og:site_name\" content=\"Black Rock Trial Lawyers\" \/>\n<meta property=\"article:publisher\" content=\"https:\/\/www.facebook.com\/blackrocklaw\" \/>\n<meta property=\"article:modified_time\" content=\"2023-10-11T10:36:06+00:00\" \/>\n<meta name=\"twitter:card\" content=\"summary_large_image\" \/>\n<meta name=\"twitter:site\" content=\"@BlackRockLaw\" \/>\n<meta name=\"twitter:label1\" content=\"Tiempo de lectura\" \/>\n\t<meta name=\"twitter:data1\" content=\"2 minutos\" \/>\n<script type=\"application\/ld+json\" class=\"yoast-schema-graph\">{\"@context\":\"https:\\\/\\\/schema.org\",\"@graph\":[{\"@type\":\"WebPage\",\"@id\":\"https:\\\/\\\/www.personalinjury.blackrocklaw.com\\\/practice-area\\\/employee-rights\\\/\",\"url\":\"https:\\\/\\\/www.personalinjury.blackrocklaw.com\\\/practice-area\\\/employee-rights\\\/\",\"name\":\"DERECHOS DEL EMPLEADO - Black Rock Trial Lawyers\",\"isPartOf\":{\"@id\":\"https:\\\/\\\/www.personalinjury.blackrocklaw.com\\\/#website\"},\"datePublished\":\"2021-10-17T12:34:33+00:00\",\"dateModified\":\"2023-10-11T10:36:06+00:00\",\"description\":\"nuestros abogados luchan por un trato justo en el trabajo Abogamos por los derechos del empleado a lo largo de todo el estado de Florida\",\"breadcrumb\":{\"@id\":\"https:\\\/\\\/www.personalinjury.blackrocklaw.com\\\/practice-area\\\/employee-rights\\\/#breadcrumb\"},\"inLanguage\":\"es\",\"potentialAction\":[{\"@type\":\"ReadAction\",\"target\":[\"https:\\\/\\\/www.personalinjury.blackrocklaw.com\\\/practice-area\\\/employee-rights\\\/\"]}]},{\"@type\":\"BreadcrumbList\",\"@id\":\"https:\\\/\\\/www.personalinjury.blackrocklaw.com\\\/practice-area\\\/employee-rights\\\/#breadcrumb\",\"itemListElement\":[{\"@type\":\"ListItem\",\"position\":1,\"name\":\"Home\",\"item\":\"https:\\\/\\\/www.personalinjury.blackrocklaw.com\\\/es\\\/\"},{\"@type\":\"ListItem\",\"position\":2,\"name\":\"\u00c1REAS DE PR\u00c1CTICAS\",\"item\":\"https:\\\/\\\/www.personalinjury.blackrocklaw.com\\\/practice-area\\\/\"},{\"@type\":\"ListItem\",\"position\":3,\"name\":\"DERECHOS DEL EMPLEADO\"}]},{\"@type\":\"WebSite\",\"@id\":\"https:\\\/\\\/www.personalinjury.blackrocklaw.com\\\/#website\",\"url\":\"https:\\\/\\\/www.personalinjury.blackrocklaw.com\\\/\",\"name\":\"Black Rock Trial Lawyers\",\"description\":\"Lawyers Attorneys WordPress Theme\",\"publisher\":{\"@id\":\"https:\\\/\\\/www.personalinjury.blackrocklaw.com\\\/#organization\"},\"potentialAction\":[{\"@type\":\"SearchAction\",\"target\":{\"@type\":\"EntryPoint\",\"urlTemplate\":\"https:\\\/\\\/www.personalinjury.blackrocklaw.com\\\/?s={search_term_string}\"},\"query-input\":{\"@type\":\"PropertyValueSpecification\",\"valueRequired\":true,\"valueName\":\"search_term_string\"}}],\"inLanguage\":\"es\"},{\"@type\":[\"Organization\",\"Place\",\"LegalService\"],\"@id\":\"https:\\\/\\\/www.personalinjury.blackrocklaw.com\\\/#organization\",\"name\":\"Black Rock Trial Lawyers\",\"url\":\"https:\\\/\\\/www.personalinjury.blackrocklaw.com\\\/\",\"logo\":{\"@id\":\"https:\\\/\\\/www.personalinjury.blackrocklaw.com\\\/practice-area\\\/employee-rights\\\/#local-main-organization-logo\"},\"image\":{\"@id\":\"https:\\\/\\\/www.personalinjury.blackrocklaw.com\\\/practice-area\\\/employee-rights\\\/#local-main-organization-logo\"},\"sameAs\":[\"https:\\\/\\\/www.facebook.com\\\/blackrocklaw\",\"https:\\\/\\\/x.com\\\/BlackRockLaw\",\"https:\\\/\\\/www.linkedin.com\\\/company\\\/black-rock-trial-lawyers-llc\\\/\",\"https:\\\/\\\/www.instagram.com\\\/blackrocklaw\\\/\",\"https:\\\/\\\/www.youtube.com\\\/channel\\\/UCSHAjhgiXY976HZbWUmYkZg\"],\"description\":\"Black Rock Trial Lawyers will not settle for anything less than the maximum compensation that you deserve and as allowed by law.\",\"legalName\":\"Black Rock Trial Lawyers\",\"address\":{\"@id\":\"https:\\\/\\\/www.personalinjury.blackrocklaw.com\\\/practice-area\\\/employee-rights\\\/#local-main-place-address\"},\"geo\":{\"@type\":\"GeoCoordinates\",\"latitude\":\"27.943170\",\"longitude\":\"-82.482250\"},\"telephone\":[\"1 (800) 346-7752\"],\"openingHoursSpecification\":{\"@type\":\"OpeningHoursSpecification\",\"dayOfWeek\":[\"Monday\",\"Tuesday\",\"Wednesday\",\"Thursday\",\"Friday\",\"Saturday\",\"Sunday\"],\"opens\":\"00:00\",\"closes\":\"23:59\"},\"email\":\"info@blackrocklaw.com\",\"faxNumber\":\"(813) 254-1777\",\"areaServed\":\"Florida\",\"priceRange\":\"$\",\"currenciesAccepted\":\"Doller\",\"paymentAccepted\":\"All\"},{\"@type\":\"PostalAddress\",\"@id\":\"https:\\\/\\\/www.personalinjury.blackrocklaw.com\\\/practice-area\\\/employee-rights\\\/#local-main-place-address\",\"streetAddress\":\"201 S. Westland Ave., Tampa, FL 33606\",\"addressLocality\":\"Tampa\",\"postalCode\":\"33606\",\"addressRegion\":\"Florida\",\"addressCountry\":\"US\"},{\"@type\":\"ImageObject\",\"inLanguage\":\"es\",\"@id\":\"https:\\\/\\\/www.personalinjury.blackrocklaw.com\\\/practice-area\\\/employee-rights\\\/#local-main-organization-logo\",\"url\":\"https:\\\/\\\/www.personalinjury.blackrocklaw.com\\\/wp-content\\\/uploads\\\/2017\\\/02\\\/BlackRockLogoBlack.png\",\"contentUrl\":\"https:\\\/\\\/www.personalinjury.blackrocklaw.com\\\/wp-content\\\/uploads\\\/2017\\\/02\\\/BlackRockLogoBlack.png\",\"width\":5105,\"height\":1024,\"caption\":\"Black Rock Trial Lawyers\"}]}<\/script>\n<meta name=\"geo.placename\" content=\"Tampa\" \/>\n<meta name=\"geo.position\" content=\"27.943170;-82.482250\" \/>\n<meta name=\"geo.region\" content=\"Estados Unidos (EEUU)\" \/>\n<!-- \/ Yoast SEO Premium plugin. -->","yoast_head_json":{"title":"DERECHOS DEL EMPLEADO - Black Rock Trial Lawyers","description":"nuestros abogados luchan por un trato justo en el trabajo Abogamos por los derechos del empleado a lo largo de todo el estado de Florida","robots":{"index":"index","follow":"follow","max-snippet":"max-snippet:-1","max-image-preview":"max-image-preview:large","max-video-preview":"max-video-preview:-1"},"canonical":"https:\/\/www.personalinjury.blackrocklaw.com\/es\/practice-area\/employee-rights\/","og_locale":"es_ES","og_type":"article","og_title":"DERECHOS DEL EMPLEADO","og_description":"nuestros abogados luchan por un trato justo en el trabajo Abogamos por los derechos del empleado a lo largo de todo el estado de Florida","og_url":"https:\/\/www.personalinjury.blackrocklaw.com\/practice-area\/employee-rights\/","og_site_name":"Black Rock Trial Lawyers","article_publisher":"https:\/\/www.facebook.com\/blackrocklaw","article_modified_time":"2023-10-11T10:36:06+00:00","twitter_card":"summary_large_image","twitter_site":"@BlackRockLaw","twitter_misc":{"Tiempo de lectura":"2 minutos"},"schema":{"@context":"https:\/\/schema.org","@graph":[{"@type":"WebPage","@id":"https:\/\/www.personalinjury.blackrocklaw.com\/practice-area\/employee-rights\/","url":"https:\/\/www.personalinjury.blackrocklaw.com\/practice-area\/employee-rights\/","name":"DERECHOS DEL EMPLEADO - Black Rock Trial Lawyers","isPartOf":{"@id":"https:\/\/www.personalinjury.blackrocklaw.com\/#website"},"datePublished":"2021-10-17T12:34:33+00:00","dateModified":"2023-10-11T10:36:06+00:00","description":"nuestros abogados luchan por un trato justo en el trabajo Abogamos por los derechos del empleado a lo largo de todo el estado de Florida","breadcrumb":{"@id":"https:\/\/www.personalinjury.blackrocklaw.com\/practice-area\/employee-rights\/#breadcrumb"},"inLanguage":"es","potentialAction":[{"@type":"ReadAction","target":["https:\/\/www.personalinjury.blackrocklaw.com\/practice-area\/employee-rights\/"]}]},{"@type":"BreadcrumbList","@id":"https:\/\/www.personalinjury.blackrocklaw.com\/practice-area\/employee-rights\/#breadcrumb","itemListElement":[{"@type":"ListItem","position":1,"name":"Home","item":"https:\/\/www.personalinjury.blackrocklaw.com\/es\/"},{"@type":"ListItem","position":2,"name":"\u00c1REAS DE PR\u00c1CTICAS","item":"https:\/\/www.personalinjury.blackrocklaw.com\/practice-area\/"},{"@type":"ListItem","position":3,"name":"DERECHOS DEL EMPLEADO"}]},{"@type":"WebSite","@id":"https:\/\/www.personalinjury.blackrocklaw.com\/#website","url":"https:\/\/www.personalinjury.blackrocklaw.com\/","name":"Black Rock Trial Lawyers","description":"Lawyers Attorneys WordPress Theme","publisher":{"@id":"https:\/\/www.personalinjury.blackrocklaw.com\/#organization"},"potentialAction":[{"@type":"SearchAction","target":{"@type":"EntryPoint","urlTemplate":"https:\/\/www.personalinjury.blackrocklaw.com\/?s={search_term_string}"},"query-input":{"@type":"PropertyValueSpecification","valueRequired":true,"valueName":"search_term_string"}}],"inLanguage":"es"},{"@type":["Organization","Place","LegalService"],"@id":"https:\/\/www.personalinjury.blackrocklaw.com\/#organization","name":"Black Rock Trial Lawyers","url":"https:\/\/www.personalinjury.blackrocklaw.com\/","logo":{"@id":"https:\/\/www.personalinjury.blackrocklaw.com\/practice-area\/employee-rights\/#local-main-organization-logo"},"image":{"@id":"https:\/\/www.personalinjury.blackrocklaw.com\/practice-area\/employee-rights\/#local-main-organization-logo"},"sameAs":["https:\/\/www.facebook.com\/blackrocklaw","https:\/\/x.com\/BlackRockLaw","https:\/\/www.linkedin.com\/company\/black-rock-trial-lawyers-llc\/","https:\/\/www.instagram.com\/blackrocklaw\/","https:\/\/www.youtube.com\/channel\/UCSHAjhgiXY976HZbWUmYkZg"],"description":"Black Rock Trial Lawyers will not settle for anything less than the maximum compensation that you deserve and as allowed by law.","legalName":"Black Rock Trial Lawyers","address":{"@id":"https:\/\/www.personalinjury.blackrocklaw.com\/practice-area\/employee-rights\/#local-main-place-address"},"geo":{"@type":"GeoCoordinates","latitude":"27.943170","longitude":"-82.482250"},"telephone":["1 (800) 346-7752"],"openingHoursSpecification":{"@type":"OpeningHoursSpecification","dayOfWeek":["Monday","Tuesday","Wednesday","Thursday","Friday","Saturday","Sunday"],"opens":"00:00","closes":"23:59"},"email":"info@blackrocklaw.com","faxNumber":"(813) 254-1777","areaServed":"Florida","priceRange":"$","currenciesAccepted":"Doller","paymentAccepted":"All"},{"@type":"PostalAddress","@id":"https:\/\/www.personalinjury.blackrocklaw.com\/practice-area\/employee-rights\/#local-main-place-address","streetAddress":"201 S. Westland Ave., Tampa, FL 33606","addressLocality":"Tampa","postalCode":"33606","addressRegion":"Florida","addressCountry":"US"},{"@type":"ImageObject","inLanguage":"es","@id":"https:\/\/www.personalinjury.blackrocklaw.com\/practice-area\/employee-rights\/#local-main-organization-logo","url":"https:\/\/www.personalinjury.blackrocklaw.com\/wp-content\/uploads\/2017\/02\/BlackRockLogoBlack.png","contentUrl":"https:\/\/www.personalinjury.blackrocklaw.com\/wp-content\/uploads\/2017\/02\/BlackRockLogoBlack.png","width":5105,"height":1024,"caption":"Black Rock Trial Lawyers"}]},"geo.placename":"Tampa","geo.position":{"lat":"27.943170","long":"-82.482250"},"geo.region":"Estados Unidos (EEUU)"},"_links":{"self":[{"href":"https:\/\/www.personalinjury.blackrocklaw.com\/es\/wp-json\/wp\/v2\/pages\/2063","targetHints":{"allow":["GET"]}}],"collection":[{"href":"https:\/\/www.personalinjury.blackrocklaw.com\/es\/wp-json\/wp\/v2\/pages"}],"about":[{"href":"https:\/\/www.personalinjury.blackrocklaw.com\/es\/wp-json\/wp\/v2\/types\/page"}],"author":[{"embeddable":true,"href":"https:\/\/www.personalinjury.blackrocklaw.com\/es\/wp-json\/wp\/v2\/users\/1"}],"replies":[{"embeddable":true,"href":"https:\/\/www.personalinjury.blackrocklaw.com\/es\/wp-json\/wp\/v2\/comments?post=2063"}],"version-history":[{"count":4,"href":"https:\/\/www.personalinjury.blackrocklaw.com\/es\/wp-json\/wp\/v2\/pages\/2063\/revisions"}],"predecessor-version":[{"id":3830,"href":"https:\/\/www.personalinjury.blackrocklaw.com\/es\/wp-json\/wp\/v2\/pages\/2063\/revisions\/3830"}],"up":[{"embeddable":true,"href":"https:\/\/www.personalinjury.blackrocklaw.com\/es\/wp-json\/wp\/v2\/pages\/2041"}],"wp:attachment":[{"href":"https:\/\/www.personalinjury.blackrocklaw.com\/es\/wp-json\/wp\/v2\/media?parent=2063"}],"curies":[{"name":"wp","href":"https:\/\/api.w.org\/{rel}","templated":true}]}}