{"id":1942,"date":"2021-10-12T18:13:14","date_gmt":"2021-10-12T18:13:14","guid":{"rendered":"https:\/\/blackrocklaw.com\/new\/?page_id=1942"},"modified":"2023-10-11T09:46:25","modified_gmt":"2023-10-11T09:46:25","slug":"accidentes-de-camiones","status":"publish","type":"page","link":"https:\/\/www.personalinjury.blackrocklaw.com\/es\/accidentes-de-camiones\/","title":{"rendered":"ACCIDENTES DE CAMIONES"},"content":{"rendered":"<p>[vc_row][vc_column][vc_raw_html]JTNDYSUyMGhyZWYlM0QlMjIlMjMlMjIlMjBvbmNsaWNrJTNEJTIyd2luZG93Lm9wZW4lMjglMjdodHRwcyUzQSUyRiUyRnd3dy55b3V0dWJlLmNvbSUyRndhdGNoJTNGdiUzRFlhazNwSEMyYllZJTI3JTJDJTIwJTI3cG9wdXAlMjclMkMlMjAlMjd3aWR0aCUzRDgwMCUyQ2hlaWdodCUzRDYwMCUyNyUyOSUzQiUyMHJldHVybiUyMGZhbHNlJTNCJTIyJTNFJTBBJTIwJTIwJTNDaW1nJTIwc3JjJTNEJTIyaHR0cHMlM0ElMkYlMkZ3d3cuYmxhY2tyb2NrbGF3LmNvbSUyRndwLWNvbnRlbnQlMkZ1cGxvYWRzJTJGMjAyMSUyRjEwJTJGQUNDSURFTlRFUy1ERS1DQU1JT05FUy1lcy5qcGclMjIlMjBhbHQlM0QlMjJBYm9nYWRvcyUyMGVuJTIwQWNjaWRlbnRlcyUyMGRlJTIwQ2FtaW9uZXMlMjIlMjAlMkYlM0UlMEElM0MlMkZhJTNF[\/vc_raw_html][vc_custom_heading text=\u00bbABOGADOS EN ACCIDENTES DE CAMIONES\u00bb font_container=\u00bbtag:h1|text_align:left\u00bb use_theme_fonts=\u00bbyes\u00bb][vc_column_text]<\/p>\n<p style=\"text-align: justify;\">Usted est\u00e1 manejando su autom\u00f3vil tranquilamente por la autopista y sufre lesiones personales. Ahora tiene dolor f\u00edsico debido a las lesiones y no sabe c\u00f3mo pagar el tratamiento m\u00e9dico ni qu\u00e9 tipo de m\u00e9dico necesita. Perdi\u00f3 d\u00edas de trabajo, salarios y tiene un autom\u00f3vil roto.<\/p>\n<p style=\"text-align: justify;\">Estos son solo algunos de los problemas con los que tiene que lidiar y dudas que pueden surgir:<\/p>\n<ul>\n<li style=\"text-align: justify;\">\u00bfQui\u00e9n puede ayudarme? <strong> Nosotros podemos<\/strong><\/li>\n<li style=\"text-align: justify;\">\u00bfCu\u00e1n pronto puedo obtener ayuda?<strong> Inmediatamente. Ll\u00e1menos<\/strong><\/li>\n<li style=\"text-align: justify;\">\u00bfComo puedo recibir tratamiento m\u00e9dico? <strong>Inmediatamente, pero ll\u00e1menos para explicar.<\/strong><\/li>\n<li style=\"text-align: justify;\">\u00bfComo puedo arreglar o reemplazar mi veh\u00edculo? <strong>Podemos asistirle con eso.<\/strong><\/li>\n<li style=\"text-align: justify;\">\u00bfCu\u00e1nto costar\u00eda contratar al abogado? <strong>No cobramos pagos iniciales.<\/strong><\/li>\n<\/ul>\n<p>[\/vc_column_text][vc_empty_space height=\u00bb70px\u00bb hide_on_mobile=\u00bb\u00bb][vc_custom_heading text=\u00bbPaso #1: Tome Acci\u00f3n Inmediata:\u00bb][vc_column_text]<\/p>\n<ol>\n<li style=\"text-align: justify;\">P\u00f3ngase en contacto con nosotros las 24 horas del d\u00eda, los 7 d\u00edas de la semana, para una consulta gratuita garantizada con el abogado de lesiones personales de la firma sobre accidentes de Cami\u00f3n.<\/li>\n<li style=\"text-align: justify;\">Le garantizamos que en su primera consulta con el abogado de lesiones personales de la firma le explicaremos todo el proceso de manejo de su caso de accidente de Cami\u00f3n y contestaremos sus preguntas.<\/li>\n<li style=\"text-align: justify;\">Se garantiza que la consulta se programar\u00e1 inmediatamente con un abogado para analizar su accidente de Cami\u00f3n (sin costo).<\/li>\n<li style=\"text-align: justify;\">Ofrecemos consultas por tel\u00e9fono, en la oficina, en su casa, hospital o cualquier otro lugar que sea conveniente<\/li>\n<li style=\"text-align: justify;\">Haga <a href=\"https:\/\/www.blackrocklaw.com\/es\/blog-de-lesiones-personales\/\">clic aqu\u00ed<\/a> para obtener respuestas detalladas sobre las preguntas m\u00e1s frecuentes relacionadas con accidentes de Cami\u00f3n.<\/li>\n<\/ol>\n<p>[\/vc_column_text][vc_empty_space height=\u00bb70px\u00bb hide_on_mobile=\u00bb\u00bb][vc_custom_heading text=\u00bbPaso #2: Lo que necesita saber:\u00bb][vc_column_text]<\/p>\n<ol>\n<li style=\"text-align: justify;\">Florida es un estado \u00absin culpa\u00bb. Esto significa que: a) todos los conductores en Florida deben tener un seguro de responsabilidad civil con un m\u00ednimo de $ 10,000.00 en Protecci\u00f3n contra lesiones personales (PIP) y, b) incluso si no caus\u00f3 el accidente y\/o \u00abno es su culpa\u00bb, a\u00fan debe presentar un reclamo con su seguro de auto para que paguen sus facturas m\u00e9dicas (y potencialmente salarios perdidos).<\/li>\n<li style=\"text-align: justify;\">Tiene 14 d\u00edas a partir de la fecha del accidente para ver a un proveedor m\u00e9dico calificado, obtener un diagn\u00f3stico de condici\u00f3n m\u00e9dica de emergencia y solicitar la protecci\u00f3n de lesiones personales (PIP) para pagar inicialmente su tratamiento m\u00e9dico (seg\u00fan lo exige la ley de Florida).<\/li>\n<li style=\"text-align: justify;\">La persona o compa\u00f1\u00eda que caus\u00f3 el accidente de Cami\u00f3n puede tener una p\u00f3liza de seguro de autom\u00f3vil comercial, t\u00edpicamente $ 1,000,000.00 en cobertura corporal. Configuraremos sus reclamos de inmediato.<\/li>\n<li style=\"text-align: justify;\">Incluso si no tiene seguro de salud, a\u00fan puede ser tratado por un m\u00e9dico calificado a trav\u00e9s de lo que se llama una \u00abCarta de Protecci\u00f3n\u00bb.<\/li>\n<li style=\"text-align: justify;\">Aunque el plazo de prescripci\u00f3n para presentar una demanda es de dos (2) a\u00f1os a partir de la fecha del accidente, usted puede da\u00f1ar su reclamo si no recibe tratamiento m\u00e9dico inmediato por su lesi\u00f3n o si tiene lagunas en el tratamiento.<\/li>\n<li style=\"text-align: justify;\">Usted no paga ning\u00fan dinero por adelantado para retenernos como su abogado de lesiones personales de accidentes de Cami\u00f3n. Solo paga si recibe una compensaci\u00f3n en el momento en que se resuelve el caso.<\/li>\n<li style=\"text-align: justify;\">Debe presentar un reclamo tanto con su seguro como con el seguro de la parte culpable inmediatamente despu\u00e9s del accidente para preservar sus derechos y beneficiarse de ellos.<\/li>\n<li style=\"text-align: justify;\">Una vez que complete el tratamiento m\u00e9dico para sus lesiones, valoramos su caso y presentamos una demanda integral de liquidaci\u00f3n previa a la demanda.<\/li>\n<li style=\"text-align: justify;\">Si la compa\u00f1\u00eda de seguros no hace una oferta justa y razonable, entonces presentaremos una demanda.<\/li>\n<li style=\"text-align: justify;\">Sin costo alguno, lo ayudaremos a coordinar la reparaci\u00f3n, arreglo o reemplazo (da\u00f1os a la propiedad) de su autom\u00f3vil.<\/li>\n<\/ol>\n<p>[\/vc_column_text][vc_empty_space height=\u00bb70px\u00bb hide_on_mobile=\u00bb\u00bb][vc_custom_heading text=\u00bbPaso #3: Da\u00f1os que puede tener derecho a recuperar:\u00bb][vc_column_text]<\/p>\n<ol>\n<li>Pago de facturas y costos de proveedores m\u00e9dicos pasados \u200b\u200by presentes<\/li>\n<li>Tratamiento futuro de atenci\u00f3n m\u00e9dica<\/li>\n<li>Salarios perdidos pasados, presentes y futuros<\/li>\n<li>Dolor y angustia f\u00edsica<\/li>\n<li>Dolor y angustia emocional<\/li>\n<li>Da\u00f1os personales y a la propiedad<\/li>\n<li>Da\u00f1os punitivos (en circunstancias especiales)<\/li>\n<li>P\u00e9rdida de consorcio<\/li>\n<li>Y otros da\u00f1os seg\u00fan lo permita la ley<\/li>\n<\/ol>\n<p>[\/vc_column_text][vc_column_text]<\/p>\n<p class=\"spphone_big\"><a href=\"tel:18003467752\"><strong><span style=\"font-size: 36pt;\">1 800 346 7752<\/span><\/strong><\/a><\/p>\n<p>[\/vc_column_text][\/vc_column][\/vc_row]<\/p>\n","protected":false},"excerpt":{"rendered":"<p>[vc_row][vc_column][vc_raw_html]JTNDYSUyMGhyZWYlM0QlMjIlMjMlMjIlMjBvbmNsaWNrJTNEJTIyd2luZG93Lm9wZW4lMjglMjdodHRwcyUzQSUyRiUyRnd3dy55b3V0dWJlLmNvbSUyRndhdGNoJTNGdiUzRFlhazNwSEMyYllZJTI3JTJDJTIwJTI3cG9wdXAlMjclMkMlMjAlMjd3aWR0aCUzRDgwMCUyQ2hlaWdodCUzRDYwMCUyNyUyOSUzQiUyMHJldHVybiUyMGZhbHNlJTNCJTIyJTNFJTBBJTIwJTIwJTNDaW1nJTIwc3JjJTNEJTIyaHR0cHMlM0ElMkYlMkZ3d3cuYmxhY2tyb2NrbGF3LmNvbSUyRndwLWNvbnRlbnQlMkZ1cGxvYWRzJTJGMjAyMSUyRjEwJTJGQUNDSURFTlRFUy1ERS1DQU1JT05FUy1lcy5qcGclMjIlMjBhbHQlM0QlMjJBYm9nYWRvcyUyMGVuJTIwQWNjaWRlbnRlcyUyMGRlJTIwQ2FtaW9uZXMlMjIlMjAlMkYlM0UlMEElM0MlMkZhJTNF[\/vc_raw_html][vc_custom_heading text=\u00bbABOGADOS EN ACCIDENTES DE CAMIONES\u00bb font_container=\u00bbtag:h1|text_align:left\u00bb use_theme_fonts=\u00bbyes\u00bb][vc_column_text] Usted est\u00e1 manejando su autom\u00f3vil tranquilamente por la autopista y sufre lesiones personales. Ahora tiene dolor f\u00edsico debido a las lesiones y no sabe c\u00f3mo pagar el tratamiento m\u00e9dico ni qu\u00e9 tipo de m\u00e9dico necesita. Perdi\u00f3 d\u00edas&hellip;<\/p>\n","protected":false},"author":1,"featured_media":0,"parent":0,"menu_order":0,"comment_status":"closed","ping_status":"closed","template":"","meta":{"footnotes":""},"class_list":["post-1942","page","type-page","status-publish","hentry"],"yoast_head":"<!-- This site is optimized with the Yoast SEO Premium plugin v25.3 (Yoast SEO v27.3) - https:\/\/yoast.com\/product\/yoast-seo-premium-wordpress\/ -->\n<title>ABOGADOS EN ACCIDENTES DE CAMIONES - Black Rock Trial Lawyers<\/title>\n<meta name=\"description\" content=\"Black Rock Lawyer abogados de accidentes de Camiones representamos a las v\u00edctimas de accidentes de Camiones en todo el estado de Florida.\" \/>\n<meta name=\"robots\" content=\"index, follow, max-snippet:-1, max-image-preview:large, max-video-preview:-1\" \/>\n<link rel=\"canonical\" href=\"https:\/\/www.personalinjury.blackrocklaw.com\/es\/truck-accidents\/\" \/>\n<meta property=\"og:locale\" content=\"es_ES\" \/>\n<meta property=\"og:type\" content=\"article\" \/>\n<meta property=\"og:title\" content=\"ACCIDENTES DE CAMIONES\" \/>\n<meta property=\"og:description\" content=\"Black Rock Lawyer abogados de accidentes de Camiones representamos a las v\u00edctimas de accidentes de Camiones en todo el estado de Florida.\" \/>\n<meta property=\"og:url\" content=\"https:\/\/www.personalinjury.blackrocklaw.com\/truck-accidents\/\" \/>\n<meta property=\"og:site_name\" content=\"Black Rock Trial Lawyers\" \/>\n<meta property=\"article:publisher\" content=\"https:\/\/www.facebook.com\/blackrocklaw\" \/>\n<meta property=\"article:modified_time\" content=\"2023-10-11T09:46:25+00:00\" \/>\n<meta name=\"twitter:card\" content=\"summary_large_image\" \/>\n<meta name=\"twitter:site\" content=\"@BlackRockLaw\" \/>\n<meta name=\"twitter:label1\" content=\"Tiempo de lectura\" \/>\n\t<meta name=\"twitter:data1\" content=\"4 minutos\" \/>\n<script type=\"application\/ld+json\" class=\"yoast-schema-graph\">{\"@context\":\"https:\\\/\\\/schema.org\",\"@graph\":[{\"@type\":\"WebPage\",\"@id\":\"https:\\\/\\\/www.personalinjury.blackrocklaw.com\\\/truck-accidents\\\/\",\"url\":\"https:\\\/\\\/www.personalinjury.blackrocklaw.com\\\/truck-accidents\\\/\",\"name\":\"ABOGADOS EN ACCIDENTES DE CAMIONES - Black Rock Trial Lawyers\",\"isPartOf\":{\"@id\":\"https:\\\/\\\/www.personalinjury.blackrocklaw.com\\\/#website\"},\"datePublished\":\"2021-10-12T18:13:14+00:00\",\"dateModified\":\"2023-10-11T09:46:25+00:00\",\"description\":\"Black Rock Lawyer abogados de accidentes de Camiones representamos a las v\u00edctimas de accidentes de Camiones en todo el estado de Florida.\",\"breadcrumb\":{\"@id\":\"https:\\\/\\\/www.personalinjury.blackrocklaw.com\\\/truck-accidents\\\/#breadcrumb\"},\"inLanguage\":\"es\",\"potentialAction\":[{\"@type\":\"ReadAction\",\"target\":[\"https:\\\/\\\/www.personalinjury.blackrocklaw.com\\\/truck-accidents\\\/\"]}]},{\"@type\":\"BreadcrumbList\",\"@id\":\"https:\\\/\\\/www.personalinjury.blackrocklaw.com\\\/truck-accidents\\\/#breadcrumb\",\"itemListElement\":[{\"@type\":\"ListItem\",\"position\":1,\"name\":\"Home\",\"item\":\"https:\\\/\\\/www.personalinjury.blackrocklaw.com\\\/es\\\/\"},{\"@type\":\"ListItem\",\"position\":2,\"name\":\"ACCIDENTES DE CAMIONES\"}]},{\"@type\":\"WebSite\",\"@id\":\"https:\\\/\\\/www.personalinjury.blackrocklaw.com\\\/#website\",\"url\":\"https:\\\/\\\/www.personalinjury.blackrocklaw.com\\\/\",\"name\":\"Black Rock Trial Lawyers\",\"description\":\"Lawyers Attorneys WordPress Theme\",\"publisher\":{\"@id\":\"https:\\\/\\\/www.personalinjury.blackrocklaw.com\\\/#organization\"},\"potentialAction\":[{\"@type\":\"SearchAction\",\"target\":{\"@type\":\"EntryPoint\",\"urlTemplate\":\"https:\\\/\\\/www.personalinjury.blackrocklaw.com\\\/?s={search_term_string}\"},\"query-input\":{\"@type\":\"PropertyValueSpecification\",\"valueRequired\":true,\"valueName\":\"search_term_string\"}}],\"inLanguage\":\"es\"},{\"@type\":[\"Organization\",\"Place\",\"LegalService\"],\"@id\":\"https:\\\/\\\/www.personalinjury.blackrocklaw.com\\\/#organization\",\"name\":\"Black Rock Trial Lawyers\",\"url\":\"https:\\\/\\\/www.personalinjury.blackrocklaw.com\\\/\",\"logo\":{\"@id\":\"https:\\\/\\\/www.personalinjury.blackrocklaw.com\\\/truck-accidents\\\/#local-main-organization-logo\"},\"image\":{\"@id\":\"https:\\\/\\\/www.personalinjury.blackrocklaw.com\\\/truck-accidents\\\/#local-main-organization-logo\"},\"sameAs\":[\"https:\\\/\\\/www.facebook.com\\\/blackrocklaw\",\"https:\\\/\\\/x.com\\\/BlackRockLaw\",\"https:\\\/\\\/www.linkedin.com\\\/company\\\/black-rock-trial-lawyers-llc\\\/\",\"https:\\\/\\\/www.instagram.com\\\/blackrocklaw\\\/\",\"https:\\\/\\\/www.youtube.com\\\/channel\\\/UCSHAjhgiXY976HZbWUmYkZg\"],\"description\":\"Black Rock Trial Lawyers will not settle for anything less than the maximum compensation that you deserve and as allowed by law.\",\"legalName\":\"Black Rock Trial Lawyers\",\"address\":{\"@id\":\"https:\\\/\\\/www.personalinjury.blackrocklaw.com\\\/truck-accidents\\\/#local-main-place-address\"},\"geo\":{\"@type\":\"GeoCoordinates\",\"latitude\":\"27.943170\",\"longitude\":\"-82.482250\"},\"telephone\":[\"1 (800) 346-7752\"],\"openingHoursSpecification\":{\"@type\":\"OpeningHoursSpecification\",\"dayOfWeek\":[\"Monday\",\"Tuesday\",\"Wednesday\",\"Thursday\",\"Friday\",\"Saturday\",\"Sunday\"],\"opens\":\"00:00\",\"closes\":\"23:59\"},\"email\":\"info@blackrocklaw.com\",\"faxNumber\":\"(813) 254-1777\",\"areaServed\":\"Florida\",\"priceRange\":\"$\",\"currenciesAccepted\":\"Doller\",\"paymentAccepted\":\"All\"},{\"@type\":\"PostalAddress\",\"@id\":\"https:\\\/\\\/www.personalinjury.blackrocklaw.com\\\/truck-accidents\\\/#local-main-place-address\",\"streetAddress\":\"201 S. Westland Ave., Tampa, FL 33606\",\"addressLocality\":\"Tampa\",\"postalCode\":\"33606\",\"addressRegion\":\"Florida\",\"addressCountry\":\"US\"},{\"@type\":\"ImageObject\",\"inLanguage\":\"es\",\"@id\":\"https:\\\/\\\/www.personalinjury.blackrocklaw.com\\\/truck-accidents\\\/#local-main-organization-logo\",\"url\":\"https:\\\/\\\/www.personalinjury.blackrocklaw.com\\\/wp-content\\\/uploads\\\/2017\\\/02\\\/BlackRockLogoBlack.png\",\"contentUrl\":\"https:\\\/\\\/www.personalinjury.blackrocklaw.com\\\/wp-content\\\/uploads\\\/2017\\\/02\\\/BlackRockLogoBlack.png\",\"width\":5105,\"height\":1024,\"caption\":\"Black Rock Trial Lawyers\"}]}<\/script>\n<meta name=\"geo.placename\" content=\"Tampa\" \/>\n<meta name=\"geo.position\" content=\"27.943170;-82.482250\" \/>\n<meta name=\"geo.region\" content=\"Estados Unidos (EEUU)\" \/>\n<!-- \/ Yoast SEO Premium plugin. -->","yoast_head_json":{"title":"ABOGADOS EN ACCIDENTES DE CAMIONES - Black Rock Trial Lawyers","description":"Black Rock Lawyer abogados de accidentes de Camiones representamos a las v\u00edctimas de accidentes de Camiones en todo el estado de Florida.","robots":{"index":"index","follow":"follow","max-snippet":"max-snippet:-1","max-image-preview":"max-image-preview:large","max-video-preview":"max-video-preview:-1"},"canonical":"https:\/\/www.personalinjury.blackrocklaw.com\/es\/truck-accidents\/","og_locale":"es_ES","og_type":"article","og_title":"ACCIDENTES DE CAMIONES","og_description":"Black Rock Lawyer abogados de accidentes de Camiones representamos a las v\u00edctimas de accidentes de Camiones en todo el estado de Florida.","og_url":"https:\/\/www.personalinjury.blackrocklaw.com\/truck-accidents\/","og_site_name":"Black Rock Trial Lawyers","article_publisher":"https:\/\/www.facebook.com\/blackrocklaw","article_modified_time":"2023-10-11T09:46:25+00:00","twitter_card":"summary_large_image","twitter_site":"@BlackRockLaw","twitter_misc":{"Tiempo de lectura":"4 minutos"},"schema":{"@context":"https:\/\/schema.org","@graph":[{"@type":"WebPage","@id":"https:\/\/www.personalinjury.blackrocklaw.com\/truck-accidents\/","url":"https:\/\/www.personalinjury.blackrocklaw.com\/truck-accidents\/","name":"ABOGADOS EN ACCIDENTES DE CAMIONES - Black Rock Trial Lawyers","isPartOf":{"@id":"https:\/\/www.personalinjury.blackrocklaw.com\/#website"},"datePublished":"2021-10-12T18:13:14+00:00","dateModified":"2023-10-11T09:46:25+00:00","description":"Black Rock Lawyer abogados de accidentes de Camiones representamos a las v\u00edctimas de accidentes de Camiones en todo el estado de Florida.","breadcrumb":{"@id":"https:\/\/www.personalinjury.blackrocklaw.com\/truck-accidents\/#breadcrumb"},"inLanguage":"es","potentialAction":[{"@type":"ReadAction","target":["https:\/\/www.personalinjury.blackrocklaw.com\/truck-accidents\/"]}]},{"@type":"BreadcrumbList","@id":"https:\/\/www.personalinjury.blackrocklaw.com\/truck-accidents\/#breadcrumb","itemListElement":[{"@type":"ListItem","position":1,"name":"Home","item":"https:\/\/www.personalinjury.blackrocklaw.com\/es\/"},{"@type":"ListItem","position":2,"name":"ACCIDENTES DE CAMIONES"}]},{"@type":"WebSite","@id":"https:\/\/www.personalinjury.blackrocklaw.com\/#website","url":"https:\/\/www.personalinjury.blackrocklaw.com\/","name":"Black Rock Trial Lawyers","description":"Lawyers Attorneys WordPress Theme","publisher":{"@id":"https:\/\/www.personalinjury.blackrocklaw.com\/#organization"},"potentialAction":[{"@type":"SearchAction","target":{"@type":"EntryPoint","urlTemplate":"https:\/\/www.personalinjury.blackrocklaw.com\/?s={search_term_string}"},"query-input":{"@type":"PropertyValueSpecification","valueRequired":true,"valueName":"search_term_string"}}],"inLanguage":"es"},{"@type":["Organization","Place","LegalService"],"@id":"https:\/\/www.personalinjury.blackrocklaw.com\/#organization","name":"Black Rock Trial Lawyers","url":"https:\/\/www.personalinjury.blackrocklaw.com\/","logo":{"@id":"https:\/\/www.personalinjury.blackrocklaw.com\/truck-accidents\/#local-main-organization-logo"},"image":{"@id":"https:\/\/www.personalinjury.blackrocklaw.com\/truck-accidents\/#local-main-organization-logo"},"sameAs":["https:\/\/www.facebook.com\/blackrocklaw","https:\/\/x.com\/BlackRockLaw","https:\/\/www.linkedin.com\/company\/black-rock-trial-lawyers-llc\/","https:\/\/www.instagram.com\/blackrocklaw\/","https:\/\/www.youtube.com\/channel\/UCSHAjhgiXY976HZbWUmYkZg"],"description":"Black Rock Trial Lawyers will not settle for anything less than the maximum compensation that you deserve and as allowed by law.","legalName":"Black Rock Trial Lawyers","address":{"@id":"https:\/\/www.personalinjury.blackrocklaw.com\/truck-accidents\/#local-main-place-address"},"geo":{"@type":"GeoCoordinates","latitude":"27.943170","longitude":"-82.482250"},"telephone":["1 (800) 346-7752"],"openingHoursSpecification":{"@type":"OpeningHoursSpecification","dayOfWeek":["Monday","Tuesday","Wednesday","Thursday","Friday","Saturday","Sunday"],"opens":"00:00","closes":"23:59"},"email":"info@blackrocklaw.com","faxNumber":"(813) 254-1777","areaServed":"Florida","priceRange":"$","currenciesAccepted":"Doller","paymentAccepted":"All"},{"@type":"PostalAddress","@id":"https:\/\/www.personalinjury.blackrocklaw.com\/truck-accidents\/#local-main-place-address","streetAddress":"201 S. Westland Ave., Tampa, FL 33606","addressLocality":"Tampa","postalCode":"33606","addressRegion":"Florida","addressCountry":"US"},{"@type":"ImageObject","inLanguage":"es","@id":"https:\/\/www.personalinjury.blackrocklaw.com\/truck-accidents\/#local-main-organization-logo","url":"https:\/\/www.personalinjury.blackrocklaw.com\/wp-content\/uploads\/2017\/02\/BlackRockLogoBlack.png","contentUrl":"https:\/\/www.personalinjury.blackrocklaw.com\/wp-content\/uploads\/2017\/02\/BlackRockLogoBlack.png","width":5105,"height":1024,"caption":"Black Rock Trial Lawyers"}]},"geo.placename":"Tampa","geo.position":{"lat":"27.943170","long":"-82.482250"},"geo.region":"Estados Unidos (EEUU)"},"_links":{"self":[{"href":"https:\/\/www.personalinjury.blackrocklaw.com\/es\/wp-json\/wp\/v2\/pages\/1942","targetHints":{"allow":["GET"]}}],"collection":[{"href":"https:\/\/www.personalinjury.blackrocklaw.com\/es\/wp-json\/wp\/v2\/pages"}],"about":[{"href":"https:\/\/www.personalinjury.blackrocklaw.com\/es\/wp-json\/wp\/v2\/types\/page"}],"author":[{"embeddable":true,"href":"https:\/\/www.personalinjury.blackrocklaw.com\/es\/wp-json\/wp\/v2\/users\/1"}],"replies":[{"embeddable":true,"href":"https:\/\/www.personalinjury.blackrocklaw.com\/es\/wp-json\/wp\/v2\/comments?post=1942"}],"version-history":[{"count":10,"href":"https:\/\/www.personalinjury.blackrocklaw.com\/es\/wp-json\/wp\/v2\/pages\/1942\/revisions"}],"predecessor-version":[{"id":3923,"href":"https:\/\/www.personalinjury.blackrocklaw.com\/es\/wp-json\/wp\/v2\/pages\/1942\/revisions\/3923"}],"wp:attachment":[{"href":"https:\/\/www.personalinjury.blackrocklaw.com\/es\/wp-json\/wp\/v2\/media?parent=1942"}],"curies":[{"name":"wp","href":"https:\/\/api.w.org\/{rel}","templated":true}]}}