{"id":1928,"date":"2021-10-12T17:50:09","date_gmt":"2021-10-12T17:50:09","guid":{"rendered":"https:\/\/blackrocklaw.com\/new\/?page_id=1928"},"modified":"2023-10-11T09:45:55","modified_gmt":"2023-10-11T09:45:55","slug":"agresion-sexual","status":"publish","type":"page","link":"https:\/\/www.personalinjury.blackrocklaw.com\/es\/agresion-sexual\/","title":{"rendered":"Abogados de Agresi\u00f3n Sexual"},"content":{"rendered":"<p>[vc_row][vc_column][vc_column_text]<a href=\"#\"><br \/>\n<img decoding=\"async\" data-src=\"https:\/\/www.blackrocklaw.com\/wp-content\/uploads\/2021\/10\/SexualAssault-es.jpg\" alt=\"Sexual Assault Lawyers\" src=\"data:image\/svg+xml;base64,PHN2ZyB3aWR0aD0iMSIgaGVpZ2h0PSIxIiB4bWxucz0iaHR0cDovL3d3dy53My5vcmcvMjAwMC9zdmciPjwvc3ZnPg==\" class=\"lazyload\" \/><br \/>\n<\/a>[\/vc_column_text][vc_custom_heading text=\u00bbAbogados de Agresi\u00f3n Sexual\u00bb font_container=\u00bbtag:h1|text_align:left\u00bb use_theme_fonts=\u00bbyes\u00bb][vc_column_text]En la desafortunada situaci\u00f3n en la que sea agredido sexualmente, usted tiene derechos. Primero, el perpetuador tendr\u00e1 que encarar cargos criminales ya sea por parte del Fiscal Estatal o Federal. Segundo, tiene el derecho de presentar una demanda en un tribunal civil para buscar compensaci\u00f3n por los da\u00f1os que sufri\u00f3 tanto f\u00edsicamente como emocionalmente. Propiamente dicho, no hay causa de acci\u00f3n llamada Agresi\u00f3n Sexual, s\u00ed tenemos muchas causas de la acci\u00f3n que lo cubre como: asalto, agresi\u00f3n, encarcelamiento falso, traspaso y conversi\u00f3n. Tambi\u00e9n tendr\u00e1 derecho a solicitar da\u00f1os punitivos que, en esencia, castigan financieramente a la persona o empresa que caus\u00f3 o permiti\u00f3 que esto sucediera.<\/p>\n<p>Se estar\u00e1 preguntando:<\/p>\n<ul style=\"text-align: justify;\">\n<li>\u00bfQui\u00e9n Me Puede Ayudar? <strong>R: Nosotros Podemos.<\/strong><\/li>\n<li>\u00bfQu\u00e9 Tan R\u00e1pido Puedo Recibir Ayuda? <strong>R: Inmediatamente Ll\u00e1menos Ahora.<\/strong><\/li>\n<li>\u00bfC\u00f3mo Puedo Recibir Tratamiento M\u00e9dico? <strong>R: Inmediatamente Pero Ll\u00e1menos Para Explicarle.<\/strong><\/li>\n<li>\u00bfCu\u00e1nto Me Costar\u00e1 Contratar A Un Abogado? <strong>R: Ning\u00fan Costo Inicial.<\/strong><\/li>\n<\/ul>\n<p>[\/vc_column_text][vc_empty_space height=\u00bb70px\u00bb hide_on_mobile=\u00bb\u00bb][vc_custom_heading text=\u00bbPaso #1: Tome Acci\u00f3n Inmediata:\u00bb][vc_column_text]<\/p>\n<ol>\n<li>Cont\u00e1ctenos, 24\/7, para una consulta gratis y confidencial garantizada con el abogado de lesiones personales de la firma.<\/li>\n<li>Garantizamos que en su primera consulta con el abogado de lesiones personales de la firma le explicaremos el proceso entero sobre c\u00f3mo manejar su caso por agresi\u00f3n sexual y resolveremos todas sus preguntas.<\/li>\n<li>Ofrecemos consultas a trav\u00e9s del tel\u00e9fono, en la oficina de la firma, en su casa, hospital o cualquier lugar que sea conveniente.<\/li>\n<\/ol>\n<p>[\/vc_column_text][vc_empty_space height=\u00bb70px\u00bb hide_on_mobile=\u00bb\u00bb][vc_custom_heading text=\u00bbPaso #2: Lo que necesita saber:\u00bb][vc_column_text]<\/p>\n<ol>\n<li>Llame inmediatamente a las autoridades para reportar la agresi\u00f3n sexual.<\/li>\n<li>Tome fotos de cualquier lesi\u00f3n visible como golpes.<\/li>\n<li>A pesar de que sea doloroso, escriba qu\u00e9 sucedi\u00f3 con detalle, incluyendo la fecha, hora y lugar.<\/li>\n<li>Aunque no cuente con seguro m\u00e9dico, a\u00fan puede ser tratada por un doctor calificado a trav\u00e9s de lo que se llama \u201cCarta de Protecci\u00f3n\u201d.<\/li>\n<li>A pesar de que el estatuto de limitaciones para presentar una demanda es de (4) a\u00f1os desde el d\u00eda del accidente, puede da\u00f1ar su reclamo al no recibir tratamiento m\u00e9dico por su lesi\u00f3n inmediatamente o al tener espacios entre los tratamientos.<\/li>\n<li>No paga alg\u00fan dinero inicial para retenernos como sus abogados por lesiones personales. Solamente paga si recibe compensaci\u00f3n una vez que se resuelva el caso.<\/li>\n<li>Una vez completado el tratamiento m\u00e9dico por sus lesiones, valoramos su caso y presentamos una demanda integral de liquidaci\u00f3n previa a la demanda o presentamos una demanda de inmediato.<\/li>\n<\/ol>\n<p>[\/vc_column_text][vc_empty_space height=\u00bb70px\u00bb hide_on_mobile=\u00bb\u00bb][vc_custom_heading text=\u00bbPaso #3: Da\u00f1os que puede tener derecho a recuperar:\u00bb][vc_column_text]<\/p>\n<ol>\n<li>Costos &amp; Pago de Facturas M\u00e9dicas Pasadas, Presentes y Futuras<\/li>\n<li>Salarios Perdidos Pasados, Presentes y Futuros<\/li>\n<li>Da\u00f1o a Propiedad y Personal<\/li>\n<li>Dolor F\u00edsico &amp; Sufrimiento<\/li>\n<li>Dolor Emocional &amp; Sufrimiento<\/li>\n<li>Da\u00f1os Punitivos<\/li>\n<li>P\u00e9rdida de Consorcio<\/li>\n<li>Y Otros Da\u00f1os Seg\u00fan lo Permita la Ley<\/li>\n<\/ol>\n<p>[\/vc_column_text][vc_column_text]<\/p>\n<p class=\"spphone_big\"><a href=\"tel:18003467752\"><strong><span style=\"font-size: 36pt;\">1 800 346 7752<\/span><\/strong><\/a><\/p>\n<p>[\/vc_column_text][\/vc_column][\/vc_row]<\/p>\n","protected":false},"excerpt":{"rendered":"<p>[vc_row][vc_column][vc_column_text] [\/vc_column_text][vc_custom_heading text=\u00bbAbogados de Agresi\u00f3n Sexual\u00bb font_container=\u00bbtag:h1|text_align:left\u00bb use_theme_fonts=\u00bbyes\u00bb][vc_column_text]En la desafortunada situaci\u00f3n en la que sea agredido sexualmente, usted tiene derechos. Primero, el perpetuador tendr\u00e1 que encarar cargos criminales ya sea por parte del Fiscal Estatal o Federal. Segundo, tiene el derecho de presentar una demanda&hellip;<\/p>\n","protected":false},"author":1,"featured_media":1929,"parent":0,"menu_order":0,"comment_status":"closed","ping_status":"closed","template":"","meta":{"footnotes":""},"class_list":["post-1928","page","type-page","status-publish","has-post-thumbnail","hentry"],"yoast_head":"<!-- This site is optimized with the Yoast SEO Premium plugin v25.3 (Yoast SEO v27.3) - https:\/\/yoast.com\/product\/yoast-seo-premium-wordpress\/ -->\n<title>Abogados de Agresi\u00f3n Sexual - Black Rock Trial Lawyers<\/title>\n<meta name=\"description\" content=\"\u00a1Los Abogados de Agresi\u00f3n Sexual en Black Rock Trial Lawyers est\u00e1n listos para ayudarle! Podemos representarlo en juicio y defender sus derechos.\" \/>\n<meta name=\"robots\" content=\"index, follow, max-snippet:-1, max-image-preview:large, max-video-preview:-1\" \/>\n<link rel=\"canonical\" href=\"https:\/\/www.personalinjury.blackrocklaw.com\/es\/sexual-assault\/\" \/>\n<meta property=\"og:locale\" content=\"es_ES\" \/>\n<meta property=\"og:type\" content=\"article\" \/>\n<meta property=\"og:title\" content=\"Abogados de Agresi\u00f3n Sexual\" \/>\n<meta property=\"og:description\" content=\"\u00a1Los Abogados de Agresi\u00f3n Sexual en Black Rock Trial Lawyers est\u00e1n listos para ayudarle! Podemos representarlo en juicio y defender sus derechos.\" \/>\n<meta property=\"og:url\" content=\"https:\/\/www.personalinjury.blackrocklaw.com\/sexual-assault\/\" \/>\n<meta property=\"og:site_name\" content=\"Black Rock Trial Lawyers\" \/>\n<meta property=\"article:publisher\" content=\"https:\/\/www.facebook.com\/blackrocklaw\" \/>\n<meta property=\"article:modified_time\" content=\"2023-10-11T09:45:55+00:00\" \/>\n<meta property=\"og:image\" content=\"https:\/\/www.personalinjury.blackrocklaw.com\/wp-content\/uploads\/2021\/10\/SexualAssault-es.jpg\" \/>\n\t<meta property=\"og:image:width\" content=\"723\" \/>\n\t<meta property=\"og:image:height\" content=\"445\" \/>\n\t<meta property=\"og:image:type\" content=\"image\/jpeg\" \/>\n<meta name=\"twitter:card\" content=\"summary_large_image\" \/>\n<meta name=\"twitter:site\" content=\"@BlackRockLaw\" \/>\n<meta name=\"twitter:label1\" content=\"Tiempo de lectura\" \/>\n\t<meta name=\"twitter:data1\" content=\"3 minutos\" \/>\n<script type=\"application\/ld+json\" class=\"yoast-schema-graph\">{\"@context\":\"https:\\\/\\\/schema.org\",\"@graph\":[{\"@type\":\"WebPage\",\"@id\":\"https:\\\/\\\/www.personalinjury.blackrocklaw.com\\\/sexual-assault\\\/\",\"url\":\"https:\\\/\\\/www.personalinjury.blackrocklaw.com\\\/sexual-assault\\\/\",\"name\":\"Abogados de Agresi\u00f3n Sexual - Black Rock Trial Lawyers\",\"isPartOf\":{\"@id\":\"https:\\\/\\\/www.personalinjury.blackrocklaw.com\\\/#website\"},\"primaryImageOfPage\":{\"@id\":\"https:\\\/\\\/www.personalinjury.blackrocklaw.com\\\/sexual-assault\\\/#primaryimage\"},\"image\":{\"@id\":\"https:\\\/\\\/www.personalinjury.blackrocklaw.com\\\/sexual-assault\\\/#primaryimage\"},\"thumbnailUrl\":\"https:\\\/\\\/www.personalinjury.blackrocklaw.com\\\/wp-content\\\/uploads\\\/2021\\\/10\\\/SexualAssault-es.jpg\",\"datePublished\":\"2021-10-12T17:50:09+00:00\",\"dateModified\":\"2023-10-11T09:45:55+00:00\",\"description\":\"\u00a1Los Abogados de Agresi\u00f3n Sexual en Black Rock Trial Lawyers est\u00e1n listos para ayudarle! Podemos representarlo en juicio y defender sus derechos.\",\"breadcrumb\":{\"@id\":\"https:\\\/\\\/www.personalinjury.blackrocklaw.com\\\/sexual-assault\\\/#breadcrumb\"},\"inLanguage\":\"es\",\"potentialAction\":[{\"@type\":\"ReadAction\",\"target\":[\"https:\\\/\\\/www.personalinjury.blackrocklaw.com\\\/sexual-assault\\\/\"]}]},{\"@type\":\"ImageObject\",\"inLanguage\":\"es\",\"@id\":\"https:\\\/\\\/www.personalinjury.blackrocklaw.com\\\/sexual-assault\\\/#primaryimage\",\"url\":\"https:\\\/\\\/www.personalinjury.blackrocklaw.com\\\/wp-content\\\/uploads\\\/2021\\\/10\\\/SexualAssault-es.jpg\",\"contentUrl\":\"https:\\\/\\\/www.personalinjury.blackrocklaw.com\\\/wp-content\\\/uploads\\\/2021\\\/10\\\/SexualAssault-es.jpg\",\"width\":723,\"height\":445,\"caption\":\"Abogados de agresion sexual\"},{\"@type\":\"BreadcrumbList\",\"@id\":\"https:\\\/\\\/www.personalinjury.blackrocklaw.com\\\/sexual-assault\\\/#breadcrumb\",\"itemListElement\":[{\"@type\":\"ListItem\",\"position\":1,\"name\":\"Home\",\"item\":\"https:\\\/\\\/www.personalinjury.blackrocklaw.com\\\/es\\\/\"},{\"@type\":\"ListItem\",\"position\":2,\"name\":\"Abogados de Agresi\u00f3n Sexual\"}]},{\"@type\":\"WebSite\",\"@id\":\"https:\\\/\\\/www.personalinjury.blackrocklaw.com\\\/#website\",\"url\":\"https:\\\/\\\/www.personalinjury.blackrocklaw.com\\\/\",\"name\":\"Black Rock Trial Lawyers\",\"description\":\"Lawyers Attorneys WordPress Theme\",\"publisher\":{\"@id\":\"https:\\\/\\\/www.personalinjury.blackrocklaw.com\\\/#organization\"},\"potentialAction\":[{\"@type\":\"SearchAction\",\"target\":{\"@type\":\"EntryPoint\",\"urlTemplate\":\"https:\\\/\\\/www.personalinjury.blackrocklaw.com\\\/?s={search_term_string}\"},\"query-input\":{\"@type\":\"PropertyValueSpecification\",\"valueRequired\":true,\"valueName\":\"search_term_string\"}}],\"inLanguage\":\"es\"},{\"@type\":[\"Organization\",\"Place\",\"LegalService\"],\"@id\":\"https:\\\/\\\/www.personalinjury.blackrocklaw.com\\\/#organization\",\"name\":\"Black Rock Trial Lawyers\",\"url\":\"https:\\\/\\\/www.personalinjury.blackrocklaw.com\\\/\",\"logo\":{\"@id\":\"https:\\\/\\\/www.personalinjury.blackrocklaw.com\\\/sexual-assault\\\/#local-main-organization-logo\"},\"image\":{\"@id\":\"https:\\\/\\\/www.personalinjury.blackrocklaw.com\\\/sexual-assault\\\/#local-main-organization-logo\"},\"sameAs\":[\"https:\\\/\\\/www.facebook.com\\\/blackrocklaw\",\"https:\\\/\\\/x.com\\\/BlackRockLaw\",\"https:\\\/\\\/www.linkedin.com\\\/company\\\/black-rock-trial-lawyers-llc\\\/\",\"https:\\\/\\\/www.instagram.com\\\/blackrocklaw\\\/\",\"https:\\\/\\\/www.youtube.com\\\/channel\\\/UCSHAjhgiXY976HZbWUmYkZg\"],\"description\":\"Black Rock Trial Lawyers will not settle for anything less than the maximum compensation that you deserve and as allowed by law.\",\"legalName\":\"Black Rock Trial Lawyers\",\"address\":{\"@id\":\"https:\\\/\\\/www.personalinjury.blackrocklaw.com\\\/sexual-assault\\\/#local-main-place-address\"},\"geo\":{\"@type\":\"GeoCoordinates\",\"latitude\":\"27.943170\",\"longitude\":\"-82.482250\"},\"telephone\":[\"1 (800) 346-7752\"],\"openingHoursSpecification\":{\"@type\":\"OpeningHoursSpecification\",\"dayOfWeek\":[\"Monday\",\"Tuesday\",\"Wednesday\",\"Thursday\",\"Friday\",\"Saturday\",\"Sunday\"],\"opens\":\"00:00\",\"closes\":\"23:59\"},\"email\":\"info@blackrocklaw.com\",\"faxNumber\":\"(813) 254-1777\",\"areaServed\":\"Florida\",\"priceRange\":\"$\",\"currenciesAccepted\":\"Doller\",\"paymentAccepted\":\"All\"},{\"@type\":\"PostalAddress\",\"@id\":\"https:\\\/\\\/www.personalinjury.blackrocklaw.com\\\/sexual-assault\\\/#local-main-place-address\",\"streetAddress\":\"201 S. Westland Ave., Tampa, FL 33606\",\"addressLocality\":\"Tampa\",\"postalCode\":\"33606\",\"addressRegion\":\"Florida\",\"addressCountry\":\"US\"},{\"@type\":\"ImageObject\",\"inLanguage\":\"es\",\"@id\":\"https:\\\/\\\/www.personalinjury.blackrocklaw.com\\\/sexual-assault\\\/#local-main-organization-logo\",\"url\":\"https:\\\/\\\/www.personalinjury.blackrocklaw.com\\\/wp-content\\\/uploads\\\/2017\\\/02\\\/BlackRockLogoBlack.png\",\"contentUrl\":\"https:\\\/\\\/www.personalinjury.blackrocklaw.com\\\/wp-content\\\/uploads\\\/2017\\\/02\\\/BlackRockLogoBlack.png\",\"width\":5105,\"height\":1024,\"caption\":\"Black Rock Trial Lawyers\"}]}<\/script>\n<meta name=\"geo.placename\" content=\"Tampa\" \/>\n<meta name=\"geo.position\" content=\"27.943170;-82.482250\" \/>\n<meta name=\"geo.region\" content=\"Estados Unidos (EEUU)\" \/>\n<!-- \/ Yoast SEO Premium plugin. -->","yoast_head_json":{"title":"Abogados de Agresi\u00f3n Sexual - Black Rock Trial Lawyers","description":"\u00a1Los Abogados de Agresi\u00f3n Sexual en Black Rock Trial Lawyers est\u00e1n listos para ayudarle! Podemos representarlo en juicio y defender sus derechos.","robots":{"index":"index","follow":"follow","max-snippet":"max-snippet:-1","max-image-preview":"max-image-preview:large","max-video-preview":"max-video-preview:-1"},"canonical":"https:\/\/www.personalinjury.blackrocklaw.com\/es\/sexual-assault\/","og_locale":"es_ES","og_type":"article","og_title":"Abogados de Agresi\u00f3n Sexual","og_description":"\u00a1Los Abogados de Agresi\u00f3n Sexual en Black Rock Trial Lawyers est\u00e1n listos para ayudarle! Podemos representarlo en juicio y defender sus derechos.","og_url":"https:\/\/www.personalinjury.blackrocklaw.com\/sexual-assault\/","og_site_name":"Black Rock Trial Lawyers","article_publisher":"https:\/\/www.facebook.com\/blackrocklaw","article_modified_time":"2023-10-11T09:45:55+00:00","og_image":[{"width":723,"height":445,"url":"https:\/\/www.personalinjury.blackrocklaw.com\/wp-content\/uploads\/2021\/10\/SexualAssault-es.jpg","type":"image\/jpeg"}],"twitter_card":"summary_large_image","twitter_site":"@BlackRockLaw","twitter_misc":{"Tiempo de lectura":"3 minutos"},"schema":{"@context":"https:\/\/schema.org","@graph":[{"@type":"WebPage","@id":"https:\/\/www.personalinjury.blackrocklaw.com\/sexual-assault\/","url":"https:\/\/www.personalinjury.blackrocklaw.com\/sexual-assault\/","name":"Abogados de Agresi\u00f3n Sexual - Black Rock Trial Lawyers","isPartOf":{"@id":"https:\/\/www.personalinjury.blackrocklaw.com\/#website"},"primaryImageOfPage":{"@id":"https:\/\/www.personalinjury.blackrocklaw.com\/sexual-assault\/#primaryimage"},"image":{"@id":"https:\/\/www.personalinjury.blackrocklaw.com\/sexual-assault\/#primaryimage"},"thumbnailUrl":"https:\/\/www.personalinjury.blackrocklaw.com\/wp-content\/uploads\/2021\/10\/SexualAssault-es.jpg","datePublished":"2021-10-12T17:50:09+00:00","dateModified":"2023-10-11T09:45:55+00:00","description":"\u00a1Los Abogados de Agresi\u00f3n Sexual en Black Rock Trial Lawyers est\u00e1n listos para ayudarle! Podemos representarlo en juicio y defender sus derechos.","breadcrumb":{"@id":"https:\/\/www.personalinjury.blackrocklaw.com\/sexual-assault\/#breadcrumb"},"inLanguage":"es","potentialAction":[{"@type":"ReadAction","target":["https:\/\/www.personalinjury.blackrocklaw.com\/sexual-assault\/"]}]},{"@type":"ImageObject","inLanguage":"es","@id":"https:\/\/www.personalinjury.blackrocklaw.com\/sexual-assault\/#primaryimage","url":"https:\/\/www.personalinjury.blackrocklaw.com\/wp-content\/uploads\/2021\/10\/SexualAssault-es.jpg","contentUrl":"https:\/\/www.personalinjury.blackrocklaw.com\/wp-content\/uploads\/2021\/10\/SexualAssault-es.jpg","width":723,"height":445,"caption":"Abogados de agresion sexual"},{"@type":"BreadcrumbList","@id":"https:\/\/www.personalinjury.blackrocklaw.com\/sexual-assault\/#breadcrumb","itemListElement":[{"@type":"ListItem","position":1,"name":"Home","item":"https:\/\/www.personalinjury.blackrocklaw.com\/es\/"},{"@type":"ListItem","position":2,"name":"Abogados de Agresi\u00f3n Sexual"}]},{"@type":"WebSite","@id":"https:\/\/www.personalinjury.blackrocklaw.com\/#website","url":"https:\/\/www.personalinjury.blackrocklaw.com\/","name":"Black Rock Trial Lawyers","description":"Lawyers Attorneys WordPress Theme","publisher":{"@id":"https:\/\/www.personalinjury.blackrocklaw.com\/#organization"},"potentialAction":[{"@type":"SearchAction","target":{"@type":"EntryPoint","urlTemplate":"https:\/\/www.personalinjury.blackrocklaw.com\/?s={search_term_string}"},"query-input":{"@type":"PropertyValueSpecification","valueRequired":true,"valueName":"search_term_string"}}],"inLanguage":"es"},{"@type":["Organization","Place","LegalService"],"@id":"https:\/\/www.personalinjury.blackrocklaw.com\/#organization","name":"Black Rock Trial Lawyers","url":"https:\/\/www.personalinjury.blackrocklaw.com\/","logo":{"@id":"https:\/\/www.personalinjury.blackrocklaw.com\/sexual-assault\/#local-main-organization-logo"},"image":{"@id":"https:\/\/www.personalinjury.blackrocklaw.com\/sexual-assault\/#local-main-organization-logo"},"sameAs":["https:\/\/www.facebook.com\/blackrocklaw","https:\/\/x.com\/BlackRockLaw","https:\/\/www.linkedin.com\/company\/black-rock-trial-lawyers-llc\/","https:\/\/www.instagram.com\/blackrocklaw\/","https:\/\/www.youtube.com\/channel\/UCSHAjhgiXY976HZbWUmYkZg"],"description":"Black Rock Trial Lawyers will not settle for anything less than the maximum compensation that you deserve and as allowed by law.","legalName":"Black Rock Trial Lawyers","address":{"@id":"https:\/\/www.personalinjury.blackrocklaw.com\/sexual-assault\/#local-main-place-address"},"geo":{"@type":"GeoCoordinates","latitude":"27.943170","longitude":"-82.482250"},"telephone":["1 (800) 346-7752"],"openingHoursSpecification":{"@type":"OpeningHoursSpecification","dayOfWeek":["Monday","Tuesday","Wednesday","Thursday","Friday","Saturday","Sunday"],"opens":"00:00","closes":"23:59"},"email":"info@blackrocklaw.com","faxNumber":"(813) 254-1777","areaServed":"Florida","priceRange":"$","currenciesAccepted":"Doller","paymentAccepted":"All"},{"@type":"PostalAddress","@id":"https:\/\/www.personalinjury.blackrocklaw.com\/sexual-assault\/#local-main-place-address","streetAddress":"201 S. Westland Ave., Tampa, FL 33606","addressLocality":"Tampa","postalCode":"33606","addressRegion":"Florida","addressCountry":"US"},{"@type":"ImageObject","inLanguage":"es","@id":"https:\/\/www.personalinjury.blackrocklaw.com\/sexual-assault\/#local-main-organization-logo","url":"https:\/\/www.personalinjury.blackrocklaw.com\/wp-content\/uploads\/2017\/02\/BlackRockLogoBlack.png","contentUrl":"https:\/\/www.personalinjury.blackrocklaw.com\/wp-content\/uploads\/2017\/02\/BlackRockLogoBlack.png","width":5105,"height":1024,"caption":"Black Rock Trial Lawyers"}]},"geo.placename":"Tampa","geo.position":{"lat":"27.943170","long":"-82.482250"},"geo.region":"Estados Unidos (EEUU)"},"_links":{"self":[{"href":"https:\/\/www.personalinjury.blackrocklaw.com\/es\/wp-json\/wp\/v2\/pages\/1928","targetHints":{"allow":["GET"]}}],"collection":[{"href":"https:\/\/www.personalinjury.blackrocklaw.com\/es\/wp-json\/wp\/v2\/pages"}],"about":[{"href":"https:\/\/www.personalinjury.blackrocklaw.com\/es\/wp-json\/wp\/v2\/types\/page"}],"author":[{"embeddable":true,"href":"https:\/\/www.personalinjury.blackrocklaw.com\/es\/wp-json\/wp\/v2\/users\/1"}],"replies":[{"embeddable":true,"href":"https:\/\/www.personalinjury.blackrocklaw.com\/es\/wp-json\/wp\/v2\/comments?post=1928"}],"version-history":[{"count":10,"href":"https:\/\/www.personalinjury.blackrocklaw.com\/es\/wp-json\/wp\/v2\/pages\/1928\/revisions"}],"predecessor-version":[{"id":3795,"href":"https:\/\/www.personalinjury.blackrocklaw.com\/es\/wp-json\/wp\/v2\/pages\/1928\/revisions\/3795"}],"wp:featuredmedia":[{"embeddable":true,"href":"https:\/\/www.personalinjury.blackrocklaw.com\/es\/wp-json\/wp\/v2\/media\/1929"}],"wp:attachment":[{"href":"https:\/\/www.personalinjury.blackrocklaw.com\/es\/wp-json\/wp\/v2\/media?parent=1928"}],"curies":[{"name":"wp","href":"https:\/\/api.w.org\/{rel}","templated":true}]}}