{"id":1912,"date":"2021-10-12T17:24:42","date_gmt":"2021-10-12T17:24:42","guid":{"rendered":"https:\/\/blackrocklaw.com\/new\/?page_id=1912"},"modified":"2023-10-11T09:45:29","modified_gmt":"2023-10-11T09:45:29","slug":"malapractica-medica","status":"publish","type":"page","link":"https:\/\/www.personalinjury.blackrocklaw.com\/es\/malapractica-medica\/","title":{"rendered":"MALAPRACTICA MEDICA"},"content":{"rendered":"<p>[vc_row][vc_column][vc_raw_html]JTNDYSUyMGhyZWYlM0QlMjIlMjMlMjIlMjBvbmNsaWNrJTNEJTIyd2luZG93Lm9wZW4lMjglMjdodHRwcyUzQSUyRiUyRnd3dy55b3V0dWJlLmNvbSUyRndhdGNoJTNGdiUzREkwUGhHbTR2UWlrJTI3JTJDJTIwJTI3cG9wdXAlMjclMkMlMjAlMjd3aWR0aCUzRDgwMCUyQ2hlaWdodCUzRDYwMCUyNyUyOSUzQiUyMHJldHVybiUyMGZhbHNlJTNCJTIyJTNFJTBBJTIwJTIwJTNDaW1nJTIwc3JjJTNEJTIyaHR0cHMlM0ElMkYlMkZ3d3cuYmxhY2tyb2NrbGF3LmNvbSUyRndwLWNvbnRlbnQlMkZ1cGxvYWRzJTJGMjAyMSUyRjA5JTJGTWVkaWFsTWFscHJhY3RpY2UuanBnJTIyJTIwYWx0JTNEJTIyTWVkaWNhbCUyME1hbHByYWN0aWNlJTIyJTIwJTJGJTNFJTBBJTNDJTJGYSUzRQ==[\/vc_raw_html][vc_custom_heading text=\u00bbAbogado de Mala practica Medica\u00bb font_container=\u00bbtag:h1|text_align:left\u00bb use_theme_fonts=\u00bbyes\u00bb][vc_column_text]<\/p>\n<p style=\"text-align: justify;\">La mala pr\u00e1ctica m\u00e9dica ocurre cuando alg\u00fan proveedor de servicios m\u00e9dicos la causa da\u00f1o a un paciente debido a un error por negligencia. Sin embargo, no todo error por acto de negligencia se considera mala pr\u00e1ctica ante la ley. Adem\u00e1s, la legislatura del estado de Florida ha creado un procedimiento complejo que dificulta a\u00fan m\u00e1s la habilidad de los pacientes de ser compensados por sus da\u00f1os, como la exigencia de una certificacionnotarizada (afid\u00e1vit) de un experto m\u00e9dico. Sin esa certificaci\u00f3n, no se permite traer un reclamo.<\/p>\n<p style=\"text-align: justify;\">V\u00edctimas de mala pr\u00e1ctica m\u00e9dica y sus familiares podr\u00edan sentirse perdidos sin saber qu\u00e9 hacer. Se preguntan:<\/p>\n<ul>\n<li style=\"text-align: justify;\">\u00bfQui\u00e9n puede ayudarme? <strong>A: Nosotros podemos<\/strong><\/li>\n<li style=\"text-align: justify;\">\u00bfCu\u00e1n pronto puedo obtener ayuda? <strong>A: Inmediatamente. Ll\u00e1menos<\/strong><\/li>\n<li style=\"text-align: justify;\">\u00bfCu\u00e1nto costar\u00eda contratar al abogado? <strong>A: No cobramos pagos iniciales.<\/strong><\/li>\n<\/ul>\n<p>[\/vc_column_text][vc_empty_space height=\u00bb70px\u00bb hide_on_mobile=\u00bb\u00bb][vc_custom_heading text=\u00bbPaso #1: Tome Acci\u00f3n Inmediata:\u00bb][vc_column_text]<\/p>\n<ol>\n<li style=\"text-align: justify;\">P\u00f3ngase en contacto con nosotros las 24 horas del d\u00eda, los 7 d\u00edas de la semana, para una consulta gratuita garantizada con el abogado con experiencia en casos por mala pr\u00e1ctica m\u00e9dica.<\/li>\n<li style=\"text-align: justify;\">Le garantizamos que en su primera consulta con el abogado de lesiones personales de la firma le explicaremos todo el proceso de manejo de su caso por mala pr\u00e1ctica m\u00e9dica y contestaremos todas sus preguntas.<\/li>\n<li style=\"text-align: justify;\">Se garantiza que la consulta se programar\u00e1 inmediatamente con un abogado para analizar su caso por mala pr\u00e1ctica m\u00e9dica (sin costo).<\/li>\n<li style=\"text-align: justify;\">Ofrecemos consultas por tel\u00e9fono, en la oficina, en su casa, hospital o cualquier otro lugar que sea conveniente<\/li>\n<li style=\"text-align: justify;\">Haga <a href=\"https:\/\/www.blackrocklaw.com\/es\/blog-de-lesiones-personales\/\">clic aqu\u00ed<\/a> para obtener respuestas detalladas sobre las preguntas m\u00e1s frecuentes relacionadas reclamos por mala pr\u00e1ctica m\u00e9dica.<\/li>\n<\/ol>\n<p>[\/vc_column_text][vc_empty_space height=\u00bb70px\u00bb hide_on_mobile=\u00bb\u00bb][vc_custom_heading text=\u00bbPaso #2: Lo que necesita saber:\u00bb][vc_column_text]<\/p>\n<ol>\n<li style=\"text-align: justify;\">En Florida, el t\u00e9rmino de prescripci\u00f3n para presentar un reclamo por mala pr\u00e1ctica m\u00e9dica es dos (2) a\u00f1os desde que ocurre el evento. Puede extenderse hasta (4) a\u00f1os en casos de fraude o encubrimiento del da\u00f1o por parte del m\u00e9dico.<\/li>\n<li style=\"text-align: justify;\">Para presentar un reclamo por fallecimiento debido a mala pr\u00e1ctica m\u00e9dica, personas reconocidas por la ley podr\u00edan traer un reclamo. En ese caso se debe iniciar una sucesi\u00f3n y designar un representante personal para tomar decisiones a nombre del difunto.<\/li>\n<\/ol>\n<ol start=\"3\">\n<li style=\"text-align: justify;\">La ley actualmente limita el derecho a presenter un reclamo por fallecimiento debido a mala pr\u00e1ctica m\u00e9dica a el viudo\/la viuda, hijos menores de edad del difunto o; todos los hijos del difunto en caso que no haya viudo o viuda.<\/li>\n<li style=\"text-align: justify;\">Usted no paga ning\u00fan dinero por adelantado para retenernos como su abogado. Solo paga si recibe compensaci\u00f3n en el momento en que se resuelve el caso.<\/li>\n<\/ol>\n<p>[\/vc_column_text][vc_empty_space height=\u00bb70px\u00bb hide_on_mobile=\u00bb\u00bb][vc_custom_heading text=\u00bbPaso #3: Da\u00f1os que puede tener derecho a recuperar:\u00bb][vc_column_text]<\/p>\n<ol>\n<li style=\"text-align: justify;\">Pago de facturas y costos de proveedores m\u00e9dicos pasados \u200b\u200by presentes<\/li>\n<li style=\"text-align: justify;\">Tratamiento futuro de atenci\u00f3n m\u00e9dica<\/li>\n<li style=\"text-align: justify;\">Salarios perdidos pasados, presentes y futuros<\/li>\n<li style=\"text-align: justify;\">Dolor y angustia f\u00edsica<\/li>\n<li style=\"text-align: justify;\">Dolor y angustia emocional<\/li>\n<li style=\"text-align: justify;\">Da\u00f1os personales y a la propiedad<\/li>\n<li style=\"text-align: justify;\">Da\u00f1os punitivos (en circunstancias especiales)<\/li>\n<li style=\"text-align: justify;\">P\u00e9rdida de consorcio<\/li>\n<li style=\"text-align: justify;\">Y otros da\u00f1os seg\u00fan lo permita la ley<\/li>\n<\/ol>\n<p>[\/vc_column_text][vc_column_text]<\/p>\n<p class=\"spphone_big\"><a href=\"tel:18003467752\"><strong><span style=\"font-size: 36pt;\">1 800 346 7752<\/span><\/strong><\/a><\/p>\n<p>[\/vc_column_text][\/vc_column][\/vc_row]<\/p>\n","protected":false},"excerpt":{"rendered":"<p>[vc_row][vc_column][vc_raw_html]JTNDYSUyMGhyZWYlM0QlMjIlMjMlMjIlMjBvbmNsaWNrJTNEJTIyd2luZG93Lm9wZW4lMjglMjdodHRwcyUzQSUyRiUyRnd3dy55b3V0dWJlLmNvbSUyRndhdGNoJTNGdiUzREkwUGhHbTR2UWlrJTI3JTJDJTIwJTI3cG9wdXAlMjclMkMlMjAlMjd3aWR0aCUzRDgwMCUyQ2hlaWdodCUzRDYwMCUyNyUyOSUzQiUyMHJldHVybiUyMGZhbHNlJTNCJTIyJTNFJTBBJTIwJTIwJTNDaW1nJTIwc3JjJTNEJTIyaHR0cHMlM0ElMkYlMkZ3d3cuYmxhY2tyb2NrbGF3LmNvbSUyRndwLWNvbnRlbnQlMkZ1cGxvYWRzJTJGMjAyMSUyRjA5JTJGTWVkaWFsTWFscHJhY3RpY2UuanBnJTIyJTIwYWx0JTNEJTIyTWVkaWNhbCUyME1hbHByYWN0aWNlJTIyJTIwJTJGJTNFJTBBJTNDJTJGYSUzRQ==[\/vc_raw_html][vc_custom_heading text=\u00bbAbogado de Mala practica Medica\u00bb font_container=\u00bbtag:h1|text_align:left\u00bb use_theme_fonts=\u00bbyes\u00bb][vc_column_text] La mala pr\u00e1ctica m\u00e9dica ocurre cuando alg\u00fan proveedor de servicios m\u00e9dicos la causa da\u00f1o a un paciente debido a un error por negligencia. Sin embargo, no todo error por acto de negligencia se considera mala pr\u00e1ctica ante&hellip;<\/p>\n","protected":false},"author":1,"featured_media":1158,"parent":0,"menu_order":0,"comment_status":"closed","ping_status":"closed","template":"","meta":{"footnotes":""},"class_list":["post-1912","page","type-page","status-publish","has-post-thumbnail","hentry"],"yoast_head":"<!-- This site is optimized with the Yoast SEO Premium plugin v25.3 (Yoast SEO v27.3) - https:\/\/yoast.com\/product\/yoast-seo-premium-wordpress\/ -->\n<title>Abogado de Mala practica Medica - Black Rock Trial Lawyers<\/title>\n<meta name=\"description\" content=\"\u00bfBusca un abogado de Mala practica Medica en Tampa, Florida? Obtenga apoyo legal confiable de un abogado de negligencia m\u00e9dica Hoy mismo!\" \/>\n<meta name=\"robots\" content=\"index, follow, max-snippet:-1, max-image-preview:large, max-video-preview:-1\" \/>\n<link rel=\"canonical\" href=\"https:\/\/www.personalinjury.blackrocklaw.com\/es\/medical-malpractice\/\" \/>\n<meta property=\"og:locale\" content=\"es_ES\" \/>\n<meta property=\"og:type\" content=\"article\" \/>\n<meta property=\"og:title\" content=\"MALAPRACTICA MEDICA\" \/>\n<meta property=\"og:description\" content=\"\u00bfBusca un abogado de Mala practica Medica en Tampa, Florida? Obtenga apoyo legal confiable de un abogado de negligencia m\u00e9dica Hoy mismo!\" \/>\n<meta property=\"og:url\" content=\"https:\/\/www.personalinjury.blackrocklaw.com\/medical-malpractice\/\" \/>\n<meta property=\"og:site_name\" content=\"Black Rock Trial Lawyers\" \/>\n<meta property=\"article:publisher\" content=\"https:\/\/www.facebook.com\/blackrocklaw\" \/>\n<meta property=\"article:modified_time\" content=\"2023-10-11T09:45:29+00:00\" \/>\n<meta property=\"og:image\" content=\"https:\/\/www.personalinjury.blackrocklaw.com\/wp-content\/uploads\/2021\/09\/MedialMalpractice.jpg\" \/>\n\t<meta property=\"og:image:width\" content=\"800\" \/>\n\t<meta property=\"og:image:height\" content=\"493\" \/>\n\t<meta property=\"og:image:type\" content=\"image\/jpeg\" \/>\n<meta name=\"twitter:card\" content=\"summary_large_image\" \/>\n<meta name=\"twitter:site\" content=\"@BlackRockLaw\" \/>\n<meta name=\"twitter:label1\" content=\"Tiempo de lectura\" \/>\n\t<meta name=\"twitter:data1\" content=\"3 minutos\" \/>\n<script type=\"application\/ld+json\" class=\"yoast-schema-graph\">{\"@context\":\"https:\\\/\\\/schema.org\",\"@graph\":[{\"@type\":\"WebPage\",\"@id\":\"https:\\\/\\\/www.personalinjury.blackrocklaw.com\\\/medical-malpractice\\\/\",\"url\":\"https:\\\/\\\/www.personalinjury.blackrocklaw.com\\\/medical-malpractice\\\/\",\"name\":\"Abogado de Mala practica Medica - Black Rock Trial Lawyers\",\"isPartOf\":{\"@id\":\"https:\\\/\\\/www.personalinjury.blackrocklaw.com\\\/#website\"},\"primaryImageOfPage\":{\"@id\":\"https:\\\/\\\/www.personalinjury.blackrocklaw.com\\\/medical-malpractice\\\/#primaryimage\"},\"image\":{\"@id\":\"https:\\\/\\\/www.personalinjury.blackrocklaw.com\\\/medical-malpractice\\\/#primaryimage\"},\"thumbnailUrl\":\"https:\\\/\\\/www.personalinjury.blackrocklaw.com\\\/wp-content\\\/uploads\\\/2021\\\/09\\\/MedialMalpractice.jpg\",\"datePublished\":\"2021-10-12T17:24:42+00:00\",\"dateModified\":\"2023-10-11T09:45:29+00:00\",\"description\":\"\u00bfBusca un abogado de Mala practica Medica en Tampa, Florida? Obtenga apoyo legal confiable de un abogado de negligencia m\u00e9dica Hoy mismo!\",\"breadcrumb\":{\"@id\":\"https:\\\/\\\/www.personalinjury.blackrocklaw.com\\\/medical-malpractice\\\/#breadcrumb\"},\"inLanguage\":\"es\",\"potentialAction\":[{\"@type\":\"ReadAction\",\"target\":[\"https:\\\/\\\/www.personalinjury.blackrocklaw.com\\\/medical-malpractice\\\/\"]}]},{\"@type\":\"ImageObject\",\"inLanguage\":\"es\",\"@id\":\"https:\\\/\\\/www.personalinjury.blackrocklaw.com\\\/medical-malpractice\\\/#primaryimage\",\"url\":\"https:\\\/\\\/www.personalinjury.blackrocklaw.com\\\/wp-content\\\/uploads\\\/2021\\\/09\\\/MedialMalpractice.jpg\",\"contentUrl\":\"https:\\\/\\\/www.personalinjury.blackrocklaw.com\\\/wp-content\\\/uploads\\\/2021\\\/09\\\/MedialMalpractice.jpg\",\"width\":800,\"height\":493,\"caption\":\"Black Rock Trial Lawyers - Law Firm in Miami\"},{\"@type\":\"BreadcrumbList\",\"@id\":\"https:\\\/\\\/www.personalinjury.blackrocklaw.com\\\/medical-malpractice\\\/#breadcrumb\",\"itemListElement\":[{\"@type\":\"ListItem\",\"position\":1,\"name\":\"Home\",\"item\":\"https:\\\/\\\/www.personalinjury.blackrocklaw.com\\\/es\\\/\"},{\"@type\":\"ListItem\",\"position\":2,\"name\":\"MALAPRACTICA MEDICA\"}]},{\"@type\":\"WebSite\",\"@id\":\"https:\\\/\\\/www.personalinjury.blackrocklaw.com\\\/#website\",\"url\":\"https:\\\/\\\/www.personalinjury.blackrocklaw.com\\\/\",\"name\":\"Black Rock Trial Lawyers\",\"description\":\"Lawyers Attorneys WordPress Theme\",\"publisher\":{\"@id\":\"https:\\\/\\\/www.personalinjury.blackrocklaw.com\\\/#organization\"},\"potentialAction\":[{\"@type\":\"SearchAction\",\"target\":{\"@type\":\"EntryPoint\",\"urlTemplate\":\"https:\\\/\\\/www.personalinjury.blackrocklaw.com\\\/?s={search_term_string}\"},\"query-input\":{\"@type\":\"PropertyValueSpecification\",\"valueRequired\":true,\"valueName\":\"search_term_string\"}}],\"inLanguage\":\"es\"},{\"@type\":[\"Organization\",\"Place\",\"LegalService\"],\"@id\":\"https:\\\/\\\/www.personalinjury.blackrocklaw.com\\\/#organization\",\"name\":\"Black Rock Trial Lawyers\",\"url\":\"https:\\\/\\\/www.personalinjury.blackrocklaw.com\\\/\",\"logo\":{\"@id\":\"https:\\\/\\\/www.personalinjury.blackrocklaw.com\\\/medical-malpractice\\\/#local-main-organization-logo\"},\"image\":{\"@id\":\"https:\\\/\\\/www.personalinjury.blackrocklaw.com\\\/medical-malpractice\\\/#local-main-organization-logo\"},\"sameAs\":[\"https:\\\/\\\/www.facebook.com\\\/blackrocklaw\",\"https:\\\/\\\/x.com\\\/BlackRockLaw\",\"https:\\\/\\\/www.linkedin.com\\\/company\\\/black-rock-trial-lawyers-llc\\\/\",\"https:\\\/\\\/www.instagram.com\\\/blackrocklaw\\\/\",\"https:\\\/\\\/www.youtube.com\\\/channel\\\/UCSHAjhgiXY976HZbWUmYkZg\"],\"description\":\"Black Rock Trial Lawyers will not settle for anything less than the maximum compensation that you deserve and as allowed by law.\",\"legalName\":\"Black Rock Trial Lawyers\",\"address\":{\"@id\":\"https:\\\/\\\/www.personalinjury.blackrocklaw.com\\\/medical-malpractice\\\/#local-main-place-address\"},\"geo\":{\"@type\":\"GeoCoordinates\",\"latitude\":\"27.943170\",\"longitude\":\"-82.482250\"},\"telephone\":[\"1 (800) 346-7752\"],\"openingHoursSpecification\":{\"@type\":\"OpeningHoursSpecification\",\"dayOfWeek\":[\"Monday\",\"Tuesday\",\"Wednesday\",\"Thursday\",\"Friday\",\"Saturday\",\"Sunday\"],\"opens\":\"00:00\",\"closes\":\"23:59\"},\"email\":\"info@blackrocklaw.com\",\"faxNumber\":\"(813) 254-1777\",\"areaServed\":\"Florida\",\"priceRange\":\"$\",\"currenciesAccepted\":\"Doller\",\"paymentAccepted\":\"All\"},{\"@type\":\"PostalAddress\",\"@id\":\"https:\\\/\\\/www.personalinjury.blackrocklaw.com\\\/medical-malpractice\\\/#local-main-place-address\",\"streetAddress\":\"201 S. Westland Ave., Tampa, FL 33606\",\"addressLocality\":\"Tampa\",\"postalCode\":\"33606\",\"addressRegion\":\"Florida\",\"addressCountry\":\"US\"},{\"@type\":\"ImageObject\",\"inLanguage\":\"es\",\"@id\":\"https:\\\/\\\/www.personalinjury.blackrocklaw.com\\\/medical-malpractice\\\/#local-main-organization-logo\",\"url\":\"https:\\\/\\\/www.personalinjury.blackrocklaw.com\\\/wp-content\\\/uploads\\\/2017\\\/02\\\/BlackRockLogoBlack.png\",\"contentUrl\":\"https:\\\/\\\/www.personalinjury.blackrocklaw.com\\\/wp-content\\\/uploads\\\/2017\\\/02\\\/BlackRockLogoBlack.png\",\"width\":5105,\"height\":1024,\"caption\":\"Black Rock Trial Lawyers\"}]}<\/script>\n<meta name=\"geo.placename\" content=\"Tampa\" \/>\n<meta name=\"geo.position\" content=\"27.943170;-82.482250\" \/>\n<meta name=\"geo.region\" content=\"Estados Unidos (EEUU)\" \/>\n<!-- \/ Yoast SEO Premium plugin. -->","yoast_head_json":{"title":"Abogado de Mala practica Medica - Black Rock Trial Lawyers","description":"\u00bfBusca un abogado de Mala practica Medica en Tampa, Florida? Obtenga apoyo legal confiable de un abogado de negligencia m\u00e9dica Hoy mismo!","robots":{"index":"index","follow":"follow","max-snippet":"max-snippet:-1","max-image-preview":"max-image-preview:large","max-video-preview":"max-video-preview:-1"},"canonical":"https:\/\/www.personalinjury.blackrocklaw.com\/es\/medical-malpractice\/","og_locale":"es_ES","og_type":"article","og_title":"MALAPRACTICA MEDICA","og_description":"\u00bfBusca un abogado de Mala practica Medica en Tampa, Florida? Obtenga apoyo legal confiable de un abogado de negligencia m\u00e9dica Hoy mismo!","og_url":"https:\/\/www.personalinjury.blackrocklaw.com\/medical-malpractice\/","og_site_name":"Black Rock Trial Lawyers","article_publisher":"https:\/\/www.facebook.com\/blackrocklaw","article_modified_time":"2023-10-11T09:45:29+00:00","og_image":[{"width":800,"height":493,"url":"https:\/\/www.personalinjury.blackrocklaw.com\/wp-content\/uploads\/2021\/09\/MedialMalpractice.jpg","type":"image\/jpeg"}],"twitter_card":"summary_large_image","twitter_site":"@BlackRockLaw","twitter_misc":{"Tiempo de lectura":"3 minutos"},"schema":{"@context":"https:\/\/schema.org","@graph":[{"@type":"WebPage","@id":"https:\/\/www.personalinjury.blackrocklaw.com\/medical-malpractice\/","url":"https:\/\/www.personalinjury.blackrocklaw.com\/medical-malpractice\/","name":"Abogado de Mala practica Medica - Black Rock Trial Lawyers","isPartOf":{"@id":"https:\/\/www.personalinjury.blackrocklaw.com\/#website"},"primaryImageOfPage":{"@id":"https:\/\/www.personalinjury.blackrocklaw.com\/medical-malpractice\/#primaryimage"},"image":{"@id":"https:\/\/www.personalinjury.blackrocklaw.com\/medical-malpractice\/#primaryimage"},"thumbnailUrl":"https:\/\/www.personalinjury.blackrocklaw.com\/wp-content\/uploads\/2021\/09\/MedialMalpractice.jpg","datePublished":"2021-10-12T17:24:42+00:00","dateModified":"2023-10-11T09:45:29+00:00","description":"\u00bfBusca un abogado de Mala practica Medica en Tampa, Florida? Obtenga apoyo legal confiable de un abogado de negligencia m\u00e9dica Hoy mismo!","breadcrumb":{"@id":"https:\/\/www.personalinjury.blackrocklaw.com\/medical-malpractice\/#breadcrumb"},"inLanguage":"es","potentialAction":[{"@type":"ReadAction","target":["https:\/\/www.personalinjury.blackrocklaw.com\/medical-malpractice\/"]}]},{"@type":"ImageObject","inLanguage":"es","@id":"https:\/\/www.personalinjury.blackrocklaw.com\/medical-malpractice\/#primaryimage","url":"https:\/\/www.personalinjury.blackrocklaw.com\/wp-content\/uploads\/2021\/09\/MedialMalpractice.jpg","contentUrl":"https:\/\/www.personalinjury.blackrocklaw.com\/wp-content\/uploads\/2021\/09\/MedialMalpractice.jpg","width":800,"height":493,"caption":"Black Rock Trial Lawyers - Law Firm in Miami"},{"@type":"BreadcrumbList","@id":"https:\/\/www.personalinjury.blackrocklaw.com\/medical-malpractice\/#breadcrumb","itemListElement":[{"@type":"ListItem","position":1,"name":"Home","item":"https:\/\/www.personalinjury.blackrocklaw.com\/es\/"},{"@type":"ListItem","position":2,"name":"MALAPRACTICA MEDICA"}]},{"@type":"WebSite","@id":"https:\/\/www.personalinjury.blackrocklaw.com\/#website","url":"https:\/\/www.personalinjury.blackrocklaw.com\/","name":"Black Rock Trial Lawyers","description":"Lawyers Attorneys WordPress Theme","publisher":{"@id":"https:\/\/www.personalinjury.blackrocklaw.com\/#organization"},"potentialAction":[{"@type":"SearchAction","target":{"@type":"EntryPoint","urlTemplate":"https:\/\/www.personalinjury.blackrocklaw.com\/?s={search_term_string}"},"query-input":{"@type":"PropertyValueSpecification","valueRequired":true,"valueName":"search_term_string"}}],"inLanguage":"es"},{"@type":["Organization","Place","LegalService"],"@id":"https:\/\/www.personalinjury.blackrocklaw.com\/#organization","name":"Black Rock Trial Lawyers","url":"https:\/\/www.personalinjury.blackrocklaw.com\/","logo":{"@id":"https:\/\/www.personalinjury.blackrocklaw.com\/medical-malpractice\/#local-main-organization-logo"},"image":{"@id":"https:\/\/www.personalinjury.blackrocklaw.com\/medical-malpractice\/#local-main-organization-logo"},"sameAs":["https:\/\/www.facebook.com\/blackrocklaw","https:\/\/x.com\/BlackRockLaw","https:\/\/www.linkedin.com\/company\/black-rock-trial-lawyers-llc\/","https:\/\/www.instagram.com\/blackrocklaw\/","https:\/\/www.youtube.com\/channel\/UCSHAjhgiXY976HZbWUmYkZg"],"description":"Black Rock Trial Lawyers will not settle for anything less than the maximum compensation that you deserve and as allowed by law.","legalName":"Black Rock Trial Lawyers","address":{"@id":"https:\/\/www.personalinjury.blackrocklaw.com\/medical-malpractice\/#local-main-place-address"},"geo":{"@type":"GeoCoordinates","latitude":"27.943170","longitude":"-82.482250"},"telephone":["1 (800) 346-7752"],"openingHoursSpecification":{"@type":"OpeningHoursSpecification","dayOfWeek":["Monday","Tuesday","Wednesday","Thursday","Friday","Saturday","Sunday"],"opens":"00:00","closes":"23:59"},"email":"info@blackrocklaw.com","faxNumber":"(813) 254-1777","areaServed":"Florida","priceRange":"$","currenciesAccepted":"Doller","paymentAccepted":"All"},{"@type":"PostalAddress","@id":"https:\/\/www.personalinjury.blackrocklaw.com\/medical-malpractice\/#local-main-place-address","streetAddress":"201 S. Westland Ave., Tampa, FL 33606","addressLocality":"Tampa","postalCode":"33606","addressRegion":"Florida","addressCountry":"US"},{"@type":"ImageObject","inLanguage":"es","@id":"https:\/\/www.personalinjury.blackrocklaw.com\/medical-malpractice\/#local-main-organization-logo","url":"https:\/\/www.personalinjury.blackrocklaw.com\/wp-content\/uploads\/2017\/02\/BlackRockLogoBlack.png","contentUrl":"https:\/\/www.personalinjury.blackrocklaw.com\/wp-content\/uploads\/2017\/02\/BlackRockLogoBlack.png","width":5105,"height":1024,"caption":"Black Rock Trial Lawyers"}]},"geo.placename":"Tampa","geo.position":{"lat":"27.943170","long":"-82.482250"},"geo.region":"Estados Unidos (EEUU)"},"_links":{"self":[{"href":"https:\/\/www.personalinjury.blackrocklaw.com\/es\/wp-json\/wp\/v2\/pages\/1912","targetHints":{"allow":["GET"]}}],"collection":[{"href":"https:\/\/www.personalinjury.blackrocklaw.com\/es\/wp-json\/wp\/v2\/pages"}],"about":[{"href":"https:\/\/www.personalinjury.blackrocklaw.com\/es\/wp-json\/wp\/v2\/types\/page"}],"author":[{"embeddable":true,"href":"https:\/\/www.personalinjury.blackrocklaw.com\/es\/wp-json\/wp\/v2\/users\/1"}],"replies":[{"embeddable":true,"href":"https:\/\/www.personalinjury.blackrocklaw.com\/es\/wp-json\/wp\/v2\/comments?post=1912"}],"version-history":[{"count":8,"href":"https:\/\/www.personalinjury.blackrocklaw.com\/es\/wp-json\/wp\/v2\/pages\/1912\/revisions"}],"predecessor-version":[{"id":3928,"href":"https:\/\/www.personalinjury.blackrocklaw.com\/es\/wp-json\/wp\/v2\/pages\/1912\/revisions\/3928"}],"wp:featuredmedia":[{"embeddable":true,"href":"https:\/\/www.personalinjury.blackrocklaw.com\/es\/wp-json\/wp\/v2\/media\/1158"}],"wp:attachment":[{"href":"https:\/\/www.personalinjury.blackrocklaw.com\/es\/wp-json\/wp\/v2\/media?parent=1912"}],"curies":[{"name":"wp","href":"https:\/\/api.w.org\/{rel}","templated":true}]}}