{"id":1904,"date":"2021-10-12T17:10:12","date_gmt":"2021-10-12T17:10:12","guid":{"rendered":"https:\/\/blackrocklaw.com\/new\/?page_id=1904"},"modified":"2023-10-11T09:56:00","modified_gmt":"2023-10-11T09:56:00","slug":"lesiones-por-resbalon-y-caida","status":"publish","type":"page","link":"https:\/\/www.personalinjury.blackrocklaw.com\/es\/lesiones-por-resbalon-y-caida\/","title":{"rendered":"Abogados de Lesi\u00f3nes por Resbal\u00f3n y Ca\u00edda"},"content":{"rendered":"<p>[vc_row][vc_column][vc_raw_html]JTNDYSUyMGhyZWYlM0QlMjIlMjMlMjIlMjBvbmNsaWNrJTNEJTIyd2luZG93Lm9wZW4lMjglMjdodHRwcyUzQSUyRiUyRnd3dy55b3V0dWJlLmNvbSUyRndhdGNoJTNGdiUzRFlhazNwSEMyYllZJTI3JTJDJTIwJTI3cG9wdXAlMjclMkMlMjAlMjd3aWR0aCUzRDgwMCUyQ2hlaWdodCUzRDYwMCUyNyUyOSUzQiUyMHJldHVybiUyMGZhbHNlJTNCJTIyJTNFJTBBJTIwJTIwJTNDaW1nJTIwc3JjJTNEJTIyaHR0cHMlM0ElMkYlMkZ3d3cuYmxhY2tyb2NrbGF3LmNvbSUyRndwLWNvbnRlbnQlMkZ1cGxvYWRzJTJGMjAyMSUyRjEwJTJGTEVTSU9ORVMtUE9SLVJFU0JBTE9OLVktQ0FJREEtQWJvZ2Fkby1BY2NpZGVudGVzLmpwZyUyMiUyMGFsdCUzRCUyMkFib2dhZG8lMjBkZSUyMHJlc2JhbG9uZXMlMjB5JTIwY2FpZGFzJTIyJTIwJTJGJTNFJTBBJTNDJTJGYSUzRQ==[\/vc_raw_html][vc_custom_heading text=\u00bbAbogados de Lesiones por Resbal\u00f3n y Ca\u00edda\u00bb font_container=\u00bbtag:h1|text_align:left\u00bb use_theme_fonts=\u00bbyes\u00bb][vc_column_text]<\/p>\n<p style=\"text-align: justify;\">Est\u00e1s caminando dentro de un supermercado, en la acera de una plaza o en un centro comercial, y de la nada te resbalas y te caes.Inmediatamente siente dolor y sufre una lesi\u00f3n personal. Ahora tiene dolor f\u00edsico debido a las lesiones y no sabe c\u00f3mo pagar el tratamiento m\u00e9dico ni qu\u00e9 tipo de m\u00e9dico necesita. Perdi\u00f3 d\u00edas de trabajo y salarios.<\/p>\n<p style=\"text-align: justify;\">Estos son solo algunos de los problemas con los que tiene que lidiar y dudas que pueden surgir:<\/p>\n<ul>\n<li style=\"text-align: justify;\">\u00bfQui\u00e9n puede ayudarme? <strong>A: Nosotros podemos<\/strong><\/li>\n<li style=\"text-align: justify;\">\u00bfCu\u00e1n pronto puedo obtener ayuda? <strong>A: Inmediatamente. Ll\u00e1menos<\/strong><\/li>\n<li style=\"text-align: justify;\">\u00bfComo puedo recibir tratamiento m\u00e9dico? <strong>A: Inmediatamente, pero ll\u00e1menos para explicar.<\/strong><\/li>\n<li style=\"text-align: justify;\">\u00bfComo puedo recuperar mi celular da\u00f1ado y\/o art\u00edculos personales? <strong>A: Podemos asistirle con eso.<\/strong><\/li>\n<li style=\"text-align: justify;\">\u00bfCu\u00e1nto costar\u00eda contratar al abogado? <strong>A: No cobramos pagos iniciales.<\/strong><\/li>\n<\/ul>\n<p>[\/vc_column_text][vc_empty_space height=\u00bb70px\u00bb hide_on_mobile=\u00bb\u00bb][vc_custom_heading text=\u00bbPaso #1: Tome Acci\u00f3n Inmediata:\u00bb][vc_column_text]<\/p>\n<ol>\n<li style=\"text-align: justify;\">P\u00f3ngase en contacto con nosotros las 24 horas del d\u00eda, los 7 d\u00edas de la semana, para una consulta gratuita garantizada con el abogado de lesiones personales de la firma sobre accidentes de resbal\u00f3n y ca\u00edda.<\/li>\n<li style=\"text-align: justify;\">Le garantizamos que en su primera consulta con el abogado de lesiones personales de la firma le explicaremos todo el proceso de manejo de su caso de accidente de resbal\u00f3n y ca\u00edda y contestaremos todas sus preguntas.<\/li>\n<li style=\"text-align: justify;\">Se garantiza que la consulta se programar\u00e1 inmediatamente con un abogado para analizar su accidente de resbal\u00f3n y ca\u00edda(sin costo).<\/li>\n<li style=\"text-align: justify;\">Ofrecemos consultas por tel\u00e9fono, en la oficina, en su casa, hospital o cualquier otro lugar que sea conveniente<\/li>\n<li style=\"text-align: justify;\">Haga <a href=\"https:\/\/www.blackrocklaw.com\/es\/blog-de-lesiones-personales\/\">clic aqu\u00ed<\/a> para obtener respuestas detalladas sobre las preguntas m\u00e1s frecuentes relacionadas con accidentes de resbal\u00f3n y ca\u00edda.<\/li>\n<\/ol>\n<p>[\/vc_column_text][vc_empty_space height=\u00bb70px\u00bb hide_on_mobile=\u00bb\u00bb][vc_custom_heading text=\u00bbPaso #2: Lo que necesita saber:\u00bb][vc_column_text]<\/p>\n<ol>\n<li style=\"text-align: justify;\">Es fundamental tomar fotos de la escena del incidente y obtener declaraciones de los testigos para asegurarnos de preservar la evidencia que caus\u00f3 la lesi\u00f3n.<\/li>\n<li style=\"text-align: justify;\">Necesitamos presentar un reclamo de inmediato ante el seguro de Responsabilidad Civil General para preservar sus derechos.<\/li>\n<li style=\"text-align: justify;\">Necesitamos solicitar inmediatamente cualquier video que pueda haber registrado el incidente.<\/li>\n<li style=\"text-align: justify;\">Casi todas las empresas y propiedades comerciales tienen cobertura de responsabilidad civil general que cubre reclamos por resbalones y ca\u00eddas. Por lo general, se ve al menos $ 1,000,000.00 en cobertura disponible para reclamos por lesiones personales.<\/li>\n<li style=\"text-align: justify;\">Incluso si no tiene seguro de salud, a\u00fan puede ser tratado por un m\u00e9dico calificado a trav\u00e9s de lo que se llama una \u00abCarta de Protecci\u00f3n\u00bb.<\/li>\n<li style=\"text-align: justify;\">Aunque el plazo de prescripci\u00f3n para presentar una demanda es de dos (2) a\u00f1os a partir de la fecha del accidente, usted puede da\u00f1ar su reclamo si no recibe tratamiento m\u00e9dico inmediato por su lesi\u00f3n o si tiene lagunas en el tratamiento.<\/li>\n<li style=\"text-align: justify;\">Usted no paga ning\u00fan dinero por adelantado para retenernos como su abogado de lesiones personales de accidentes de resbal\u00f3n y ca\u00edda. Solo paga si recibe una compensaci\u00f3n en el momento en que se resuelve el caso.<\/li>\n<li style=\"text-align: justify;\">Una vez que complete el tratamiento m\u00e9dico para sus lesiones, valoramos su caso y presentamos una demanda integral de liquidaci\u00f3n previa a la demanda.<\/li>\n<li style=\"text-align: justify;\">Si la compa\u00f1\u00eda de seguros no hace una oferta justa y razonable, entonces presentaremos una demanda.<\/li>\n<li style=\"text-align: justify;\">Sin costo alguno, lo ayudaremos a coordinar la reparaci\u00f3n, arreglo o reemplazo de su propiedad personal.<\/li>\n<\/ol>\n<p>[\/vc_column_text][vc_empty_space height=\u00bb70px\u00bb hide_on_mobile=\u00bb\u00bb][vc_custom_heading text=\u00bbPaso #3: Da\u00f1os que puede tener derecho a recuperar:\u00bb][vc_column_text]<\/p>\n<ol>\n<li style=\"text-align: justify;\">Pago de facturas y costos de proveedores m\u00e9dicos pasados \u200b\u200by presentes<\/li>\n<li style=\"text-align: justify;\">Tratamiento futuro de atenci\u00f3n m\u00e9dica<\/li>\n<li style=\"text-align: justify;\">Salarios perdidos pasados, presentes y futuros<\/li>\n<li style=\"text-align: justify;\">Dolor y angustia f\u00edsica<\/li>\n<li style=\"text-align: justify;\">Dolor y angustia emocional<\/li>\n<li style=\"text-align: justify;\">Da\u00f1os personales y a la propiedad<\/li>\n<li style=\"text-align: justify;\">Da\u00f1os punitivos (en circunstancias especiales)<\/li>\n<li style=\"text-align: justify;\">P\u00e9rdida de consorcio<\/li>\n<li style=\"text-align: justify;\">Y otros da\u00f1os seg\u00fan lo permita la ley<\/li>\n<\/ol>\n<p>[\/vc_column_text][vc_column_text]<\/p>\n<p class=\"spphone_big\"><a href=\"tel:18003467752\"><strong><span style=\"font-size: 36pt;\">1 800 346 7752<\/span><\/strong><\/a><\/p>\n<p>[\/vc_column_text][\/vc_column][\/vc_row]<\/p>\n","protected":false},"excerpt":{"rendered":"<p>[vc_row][vc_column][vc_raw_html]JTNDYSUyMGhyZWYlM0QlMjIlMjMlMjIlMjBvbmNsaWNrJTNEJTIyd2luZG93Lm9wZW4lMjglMjdodHRwcyUzQSUyRiUyRnd3dy55b3V0dWJlLmNvbSUyRndhdGNoJTNGdiUzRFlhazNwSEMyYllZJTI3JTJDJTIwJTI3cG9wdXAlMjclMkMlMjAlMjd3aWR0aCUzRDgwMCUyQ2hlaWdodCUzRDYwMCUyNyUyOSUzQiUyMHJldHVybiUyMGZhbHNlJTNCJTIyJTNFJTBBJTIwJTIwJTNDaW1nJTIwc3JjJTNEJTIyaHR0cHMlM0ElMkYlMkZ3d3cuYmxhY2tyb2NrbGF3LmNvbSUyRndwLWNvbnRlbnQlMkZ1cGxvYWRzJTJGMjAyMSUyRjEwJTJGTEVTSU9ORVMtUE9SLVJFU0JBTE9OLVktQ0FJREEtQWJvZ2Fkby1BY2NpZGVudGVzLmpwZyUyMiUyMGFsdCUzRCUyMkFib2dhZG8lMjBkZSUyMHJlc2JhbG9uZXMlMjB5JTIwY2FpZGFzJTIyJTIwJTJGJTNFJTBBJTNDJTJGYSUzRQ==[\/vc_raw_html][vc_custom_heading text=\u00bbAbogados de Lesiones por Resbal\u00f3n y Ca\u00edda\u00bb font_container=\u00bbtag:h1|text_align:left\u00bb use_theme_fonts=\u00bbyes\u00bb][vc_column_text] Est\u00e1s caminando dentro de un supermercado, en la acera de una plaza o en un centro comercial, y de la nada te resbalas y te caes.Inmediatamente siente dolor y sufre una lesi\u00f3n personal. Ahora tiene&hellip;<\/p>\n","protected":false},"author":1,"featured_media":1907,"parent":0,"menu_order":0,"comment_status":"closed","ping_status":"closed","template":"","meta":{"footnotes":""},"class_list":["post-1904","page","type-page","status-publish","has-post-thumbnail","hentry"],"yoast_head":"<!-- This site is optimized with the Yoast SEO Premium plugin v25.3 (Yoast SEO v27.3) - https:\/\/yoast.com\/product\/yoast-seo-premium-wordpress\/ -->\n<title>Abogados en Lesi\u00f3nes por Resbal\u00f3n y Ca\u00edda - Black Rock Trial Lawyers<\/title>\n<meta name=\"description\" content=\"Si ha resbalado en un supermercado, en la acera de una plaza comercial o en un centro comercial, nuestros Abogados en Lesi\u00f3nes por Resbal\u00f3n y Ca\u00eddas est\u00e1n aqu\u00ed para ayudarle.\" \/>\n<meta name=\"robots\" content=\"index, follow, max-snippet:-1, max-image-preview:large, max-video-preview:-1\" \/>\n<link rel=\"canonical\" href=\"https:\/\/www.personalinjury.blackrocklaw.com\/es\/slip-fall-accidents\/\" \/>\n<meta property=\"og:locale\" content=\"es_ES\" \/>\n<meta property=\"og:type\" content=\"article\" \/>\n<meta property=\"og:title\" content=\"Abogados de Lesi\u00f3nes por Resbal\u00f3n y Ca\u00edda\" \/>\n<meta property=\"og:description\" content=\"Si ha resbalado en un supermercado, en la acera de una plaza comercial o en un centro comercial, nuestros Abogados en Lesi\u00f3nes por Resbal\u00f3n y Ca\u00eddas est\u00e1n aqu\u00ed para ayudarle.\" \/>\n<meta property=\"og:url\" content=\"https:\/\/www.personalinjury.blackrocklaw.com\/slip-fall-accidents\/\" \/>\n<meta property=\"og:site_name\" content=\"Black Rock Trial Lawyers\" \/>\n<meta property=\"article:publisher\" content=\"https:\/\/www.facebook.com\/blackrocklaw\" \/>\n<meta property=\"article:modified_time\" content=\"2023-10-11T09:56:00+00:00\" \/>\n<meta property=\"og:image\" content=\"https:\/\/www.personalinjury.blackrocklaw.com\/wp-content\/uploads\/2021\/10\/LESIONES-POR-RESBALON-Y-CAIDA-Abogado-Accidentes.jpg\" \/>\n\t<meta property=\"og:image:width\" content=\"723\" \/>\n\t<meta property=\"og:image:height\" content=\"445\" \/>\n\t<meta property=\"og:image:type\" content=\"image\/jpeg\" \/>\n<meta name=\"twitter:card\" content=\"summary_large_image\" \/>\n<meta name=\"twitter:site\" content=\"@BlackRockLaw\" \/>\n<meta name=\"twitter:label1\" content=\"Tiempo de lectura\" \/>\n\t<meta name=\"twitter:data1\" content=\"4 minutos\" \/>\n<script type=\"application\/ld+json\" class=\"yoast-schema-graph\">{\"@context\":\"https:\\\/\\\/schema.org\",\"@graph\":[{\"@type\":\"WebPage\",\"@id\":\"https:\\\/\\\/www.personalinjury.blackrocklaw.com\\\/slip-fall-accidents\\\/\",\"url\":\"https:\\\/\\\/www.personalinjury.blackrocklaw.com\\\/slip-fall-accidents\\\/\",\"name\":\"Abogados en Lesi\u00f3nes por Resbal\u00f3n y Ca\u00edda - Black Rock Trial Lawyers\",\"isPartOf\":{\"@id\":\"https:\\\/\\\/www.personalinjury.blackrocklaw.com\\\/#website\"},\"primaryImageOfPage\":{\"@id\":\"https:\\\/\\\/www.personalinjury.blackrocklaw.com\\\/slip-fall-accidents\\\/#primaryimage\"},\"image\":{\"@id\":\"https:\\\/\\\/www.personalinjury.blackrocklaw.com\\\/slip-fall-accidents\\\/#primaryimage\"},\"thumbnailUrl\":\"https:\\\/\\\/www.personalinjury.blackrocklaw.com\\\/wp-content\\\/uploads\\\/2021\\\/10\\\/LESIONES-POR-RESBALON-Y-CAIDA-Abogado-Accidentes.jpg\",\"datePublished\":\"2021-10-12T17:10:12+00:00\",\"dateModified\":\"2023-10-11T09:56:00+00:00\",\"description\":\"Si ha resbalado en un supermercado, en la acera de una plaza comercial o en un centro comercial, nuestros Abogados en Lesi\u00f3nes por Resbal\u00f3n y Ca\u00eddas est\u00e1n aqu\u00ed para ayudarle.\",\"breadcrumb\":{\"@id\":\"https:\\\/\\\/www.personalinjury.blackrocklaw.com\\\/slip-fall-accidents\\\/#breadcrumb\"},\"inLanguage\":\"es\",\"potentialAction\":[{\"@type\":\"ReadAction\",\"target\":[\"https:\\\/\\\/www.personalinjury.blackrocklaw.com\\\/slip-fall-accidents\\\/\"]}]},{\"@type\":\"ImageObject\",\"inLanguage\":\"es\",\"@id\":\"https:\\\/\\\/www.personalinjury.blackrocklaw.com\\\/slip-fall-accidents\\\/#primaryimage\",\"url\":\"https:\\\/\\\/www.personalinjury.blackrocklaw.com\\\/wp-content\\\/uploads\\\/2021\\\/10\\\/LESIONES-POR-RESBALON-Y-CAIDA-Abogado-Accidentes.jpg\",\"contentUrl\":\"https:\\\/\\\/www.personalinjury.blackrocklaw.com\\\/wp-content\\\/uploads\\\/2021\\\/10\\\/LESIONES-POR-RESBALON-Y-CAIDA-Abogado-Accidentes.jpg\",\"width\":723,\"height\":445},{\"@type\":\"BreadcrumbList\",\"@id\":\"https:\\\/\\\/www.personalinjury.blackrocklaw.com\\\/slip-fall-accidents\\\/#breadcrumb\",\"itemListElement\":[{\"@type\":\"ListItem\",\"position\":1,\"name\":\"Home\",\"item\":\"https:\\\/\\\/www.personalinjury.blackrocklaw.com\\\/es\\\/\"},{\"@type\":\"ListItem\",\"position\":2,\"name\":\"Abogados de Lesi\u00f3nes por Resbal\u00f3n y Ca\u00edda\"}]},{\"@type\":\"WebSite\",\"@id\":\"https:\\\/\\\/www.personalinjury.blackrocklaw.com\\\/#website\",\"url\":\"https:\\\/\\\/www.personalinjury.blackrocklaw.com\\\/\",\"name\":\"Black Rock Trial Lawyers\",\"description\":\"Lawyers Attorneys WordPress Theme\",\"publisher\":{\"@id\":\"https:\\\/\\\/www.personalinjury.blackrocklaw.com\\\/#organization\"},\"potentialAction\":[{\"@type\":\"SearchAction\",\"target\":{\"@type\":\"EntryPoint\",\"urlTemplate\":\"https:\\\/\\\/www.personalinjury.blackrocklaw.com\\\/?s={search_term_string}\"},\"query-input\":{\"@type\":\"PropertyValueSpecification\",\"valueRequired\":true,\"valueName\":\"search_term_string\"}}],\"inLanguage\":\"es\"},{\"@type\":[\"Organization\",\"Place\",\"LegalService\"],\"@id\":\"https:\\\/\\\/www.personalinjury.blackrocklaw.com\\\/#organization\",\"name\":\"Black Rock Trial Lawyers\",\"url\":\"https:\\\/\\\/www.personalinjury.blackrocklaw.com\\\/\",\"logo\":{\"@id\":\"https:\\\/\\\/www.personalinjury.blackrocklaw.com\\\/slip-fall-accidents\\\/#local-main-organization-logo\"},\"image\":{\"@id\":\"https:\\\/\\\/www.personalinjury.blackrocklaw.com\\\/slip-fall-accidents\\\/#local-main-organization-logo\"},\"sameAs\":[\"https:\\\/\\\/www.facebook.com\\\/blackrocklaw\",\"https:\\\/\\\/x.com\\\/BlackRockLaw\",\"https:\\\/\\\/www.linkedin.com\\\/company\\\/black-rock-trial-lawyers-llc\\\/\",\"https:\\\/\\\/www.instagram.com\\\/blackrocklaw\\\/\",\"https:\\\/\\\/www.youtube.com\\\/channel\\\/UCSHAjhgiXY976HZbWUmYkZg\"],\"description\":\"Black Rock Trial Lawyers will not settle for anything less than the maximum compensation that you deserve and as allowed by law.\",\"legalName\":\"Black Rock Trial Lawyers\",\"address\":{\"@id\":\"https:\\\/\\\/www.personalinjury.blackrocklaw.com\\\/slip-fall-accidents\\\/#local-main-place-address\"},\"geo\":{\"@type\":\"GeoCoordinates\",\"latitude\":\"27.943170\",\"longitude\":\"-82.482250\"},\"telephone\":[\"1 (800) 346-7752\"],\"openingHoursSpecification\":{\"@type\":\"OpeningHoursSpecification\",\"dayOfWeek\":[\"Monday\",\"Tuesday\",\"Wednesday\",\"Thursday\",\"Friday\",\"Saturday\",\"Sunday\"],\"opens\":\"00:00\",\"closes\":\"23:59\"},\"email\":\"info@blackrocklaw.com\",\"faxNumber\":\"(813) 254-1777\",\"areaServed\":\"Florida\",\"priceRange\":\"$\",\"currenciesAccepted\":\"Doller\",\"paymentAccepted\":\"All\"},{\"@type\":\"PostalAddress\",\"@id\":\"https:\\\/\\\/www.personalinjury.blackrocklaw.com\\\/slip-fall-accidents\\\/#local-main-place-address\",\"streetAddress\":\"201 S. Westland Ave., Tampa, FL 33606\",\"addressLocality\":\"Tampa\",\"postalCode\":\"33606\",\"addressRegion\":\"Florida\",\"addressCountry\":\"US\"},{\"@type\":\"ImageObject\",\"inLanguage\":\"es\",\"@id\":\"https:\\\/\\\/www.personalinjury.blackrocklaw.com\\\/slip-fall-accidents\\\/#local-main-organization-logo\",\"url\":\"https:\\\/\\\/www.personalinjury.blackrocklaw.com\\\/wp-content\\\/uploads\\\/2017\\\/02\\\/BlackRockLogoBlack.png\",\"contentUrl\":\"https:\\\/\\\/www.personalinjury.blackrocklaw.com\\\/wp-content\\\/uploads\\\/2017\\\/02\\\/BlackRockLogoBlack.png\",\"width\":5105,\"height\":1024,\"caption\":\"Black Rock Trial Lawyers\"}]}<\/script>\n<meta name=\"geo.placename\" content=\"Tampa\" \/>\n<meta name=\"geo.position\" content=\"27.943170;-82.482250\" \/>\n<meta name=\"geo.region\" content=\"Estados Unidos (EEUU)\" \/>\n<!-- \/ Yoast SEO Premium plugin. -->","yoast_head_json":{"title":"Abogados en Lesi\u00f3nes por Resbal\u00f3n y Ca\u00edda - Black Rock Trial Lawyers","description":"Si ha resbalado en un supermercado, en la acera de una plaza comercial o en un centro comercial, nuestros Abogados en Lesi\u00f3nes por Resbal\u00f3n y Ca\u00eddas est\u00e1n aqu\u00ed para ayudarle.","robots":{"index":"index","follow":"follow","max-snippet":"max-snippet:-1","max-image-preview":"max-image-preview:large","max-video-preview":"max-video-preview:-1"},"canonical":"https:\/\/www.personalinjury.blackrocklaw.com\/es\/slip-fall-accidents\/","og_locale":"es_ES","og_type":"article","og_title":"Abogados de Lesi\u00f3nes por Resbal\u00f3n y Ca\u00edda","og_description":"Si ha resbalado en un supermercado, en la acera de una plaza comercial o en un centro comercial, nuestros Abogados en Lesi\u00f3nes por Resbal\u00f3n y Ca\u00eddas est\u00e1n aqu\u00ed para ayudarle.","og_url":"https:\/\/www.personalinjury.blackrocklaw.com\/slip-fall-accidents\/","og_site_name":"Black Rock Trial Lawyers","article_publisher":"https:\/\/www.facebook.com\/blackrocklaw","article_modified_time":"2023-10-11T09:56:00+00:00","og_image":[{"width":723,"height":445,"url":"https:\/\/www.personalinjury.blackrocklaw.com\/wp-content\/uploads\/2021\/10\/LESIONES-POR-RESBALON-Y-CAIDA-Abogado-Accidentes.jpg","type":"image\/jpeg"}],"twitter_card":"summary_large_image","twitter_site":"@BlackRockLaw","twitter_misc":{"Tiempo de lectura":"4 minutos"},"schema":{"@context":"https:\/\/schema.org","@graph":[{"@type":"WebPage","@id":"https:\/\/www.personalinjury.blackrocklaw.com\/slip-fall-accidents\/","url":"https:\/\/www.personalinjury.blackrocklaw.com\/slip-fall-accidents\/","name":"Abogados en Lesi\u00f3nes por Resbal\u00f3n y Ca\u00edda - Black Rock Trial Lawyers","isPartOf":{"@id":"https:\/\/www.personalinjury.blackrocklaw.com\/#website"},"primaryImageOfPage":{"@id":"https:\/\/www.personalinjury.blackrocklaw.com\/slip-fall-accidents\/#primaryimage"},"image":{"@id":"https:\/\/www.personalinjury.blackrocklaw.com\/slip-fall-accidents\/#primaryimage"},"thumbnailUrl":"https:\/\/www.personalinjury.blackrocklaw.com\/wp-content\/uploads\/2021\/10\/LESIONES-POR-RESBALON-Y-CAIDA-Abogado-Accidentes.jpg","datePublished":"2021-10-12T17:10:12+00:00","dateModified":"2023-10-11T09:56:00+00:00","description":"Si ha resbalado en un supermercado, en la acera de una plaza comercial o en un centro comercial, nuestros Abogados en Lesi\u00f3nes por Resbal\u00f3n y Ca\u00eddas est\u00e1n aqu\u00ed para ayudarle.","breadcrumb":{"@id":"https:\/\/www.personalinjury.blackrocklaw.com\/slip-fall-accidents\/#breadcrumb"},"inLanguage":"es","potentialAction":[{"@type":"ReadAction","target":["https:\/\/www.personalinjury.blackrocklaw.com\/slip-fall-accidents\/"]}]},{"@type":"ImageObject","inLanguage":"es","@id":"https:\/\/www.personalinjury.blackrocklaw.com\/slip-fall-accidents\/#primaryimage","url":"https:\/\/www.personalinjury.blackrocklaw.com\/wp-content\/uploads\/2021\/10\/LESIONES-POR-RESBALON-Y-CAIDA-Abogado-Accidentes.jpg","contentUrl":"https:\/\/www.personalinjury.blackrocklaw.com\/wp-content\/uploads\/2021\/10\/LESIONES-POR-RESBALON-Y-CAIDA-Abogado-Accidentes.jpg","width":723,"height":445},{"@type":"BreadcrumbList","@id":"https:\/\/www.personalinjury.blackrocklaw.com\/slip-fall-accidents\/#breadcrumb","itemListElement":[{"@type":"ListItem","position":1,"name":"Home","item":"https:\/\/www.personalinjury.blackrocklaw.com\/es\/"},{"@type":"ListItem","position":2,"name":"Abogados de Lesi\u00f3nes por Resbal\u00f3n y Ca\u00edda"}]},{"@type":"WebSite","@id":"https:\/\/www.personalinjury.blackrocklaw.com\/#website","url":"https:\/\/www.personalinjury.blackrocklaw.com\/","name":"Black Rock Trial Lawyers","description":"Lawyers Attorneys WordPress Theme","publisher":{"@id":"https:\/\/www.personalinjury.blackrocklaw.com\/#organization"},"potentialAction":[{"@type":"SearchAction","target":{"@type":"EntryPoint","urlTemplate":"https:\/\/www.personalinjury.blackrocklaw.com\/?s={search_term_string}"},"query-input":{"@type":"PropertyValueSpecification","valueRequired":true,"valueName":"search_term_string"}}],"inLanguage":"es"},{"@type":["Organization","Place","LegalService"],"@id":"https:\/\/www.personalinjury.blackrocklaw.com\/#organization","name":"Black Rock Trial Lawyers","url":"https:\/\/www.personalinjury.blackrocklaw.com\/","logo":{"@id":"https:\/\/www.personalinjury.blackrocklaw.com\/slip-fall-accidents\/#local-main-organization-logo"},"image":{"@id":"https:\/\/www.personalinjury.blackrocklaw.com\/slip-fall-accidents\/#local-main-organization-logo"},"sameAs":["https:\/\/www.facebook.com\/blackrocklaw","https:\/\/x.com\/BlackRockLaw","https:\/\/www.linkedin.com\/company\/black-rock-trial-lawyers-llc\/","https:\/\/www.instagram.com\/blackrocklaw\/","https:\/\/www.youtube.com\/channel\/UCSHAjhgiXY976HZbWUmYkZg"],"description":"Black Rock Trial Lawyers will not settle for anything less than the maximum compensation that you deserve and as allowed by law.","legalName":"Black Rock Trial Lawyers","address":{"@id":"https:\/\/www.personalinjury.blackrocklaw.com\/slip-fall-accidents\/#local-main-place-address"},"geo":{"@type":"GeoCoordinates","latitude":"27.943170","longitude":"-82.482250"},"telephone":["1 (800) 346-7752"],"openingHoursSpecification":{"@type":"OpeningHoursSpecification","dayOfWeek":["Monday","Tuesday","Wednesday","Thursday","Friday","Saturday","Sunday"],"opens":"00:00","closes":"23:59"},"email":"info@blackrocklaw.com","faxNumber":"(813) 254-1777","areaServed":"Florida","priceRange":"$","currenciesAccepted":"Doller","paymentAccepted":"All"},{"@type":"PostalAddress","@id":"https:\/\/www.personalinjury.blackrocklaw.com\/slip-fall-accidents\/#local-main-place-address","streetAddress":"201 S. Westland Ave., Tampa, FL 33606","addressLocality":"Tampa","postalCode":"33606","addressRegion":"Florida","addressCountry":"US"},{"@type":"ImageObject","inLanguage":"es","@id":"https:\/\/www.personalinjury.blackrocklaw.com\/slip-fall-accidents\/#local-main-organization-logo","url":"https:\/\/www.personalinjury.blackrocklaw.com\/wp-content\/uploads\/2017\/02\/BlackRockLogoBlack.png","contentUrl":"https:\/\/www.personalinjury.blackrocklaw.com\/wp-content\/uploads\/2017\/02\/BlackRockLogoBlack.png","width":5105,"height":1024,"caption":"Black Rock Trial Lawyers"}]},"geo.placename":"Tampa","geo.position":{"lat":"27.943170","long":"-82.482250"},"geo.region":"Estados Unidos (EEUU)"},"_links":{"self":[{"href":"https:\/\/www.personalinjury.blackrocklaw.com\/es\/wp-json\/wp\/v2\/pages\/1904","targetHints":{"allow":["GET"]}}],"collection":[{"href":"https:\/\/www.personalinjury.blackrocklaw.com\/es\/wp-json\/wp\/v2\/pages"}],"about":[{"href":"https:\/\/www.personalinjury.blackrocklaw.com\/es\/wp-json\/wp\/v2\/types\/page"}],"author":[{"embeddable":true,"href":"https:\/\/www.personalinjury.blackrocklaw.com\/es\/wp-json\/wp\/v2\/users\/1"}],"replies":[{"embeddable":true,"href":"https:\/\/www.personalinjury.blackrocklaw.com\/es\/wp-json\/wp\/v2\/comments?post=1904"}],"version-history":[{"count":11,"href":"https:\/\/www.personalinjury.blackrocklaw.com\/es\/wp-json\/wp\/v2\/pages\/1904\/revisions"}],"predecessor-version":[{"id":3927,"href":"https:\/\/www.personalinjury.blackrocklaw.com\/es\/wp-json\/wp\/v2\/pages\/1904\/revisions\/3927"}],"wp:featuredmedia":[{"embeddable":true,"href":"https:\/\/www.personalinjury.blackrocklaw.com\/es\/wp-json\/wp\/v2\/media\/1907"}],"wp:attachment":[{"href":"https:\/\/www.personalinjury.blackrocklaw.com\/es\/wp-json\/wp\/v2\/media?parent=1904"}],"curies":[{"name":"wp","href":"https:\/\/api.w.org\/{rel}","templated":true}]}}