{"id":1900,"date":"2021-10-12T17:04:55","date_gmt":"2021-10-12T17:04:55","guid":{"rendered":"https:\/\/blackrocklaw.com\/new\/?page_id=1900"},"modified":"2023-10-11T09:44:09","modified_gmt":"2023-10-11T09:44:09","slug":"accidente-en-motocicleta","status":"publish","type":"page","link":"https:\/\/www.personalinjury.blackrocklaw.com\/es\/accidente-en-motocicleta\/","title":{"rendered":"ACCIDENTE EN MOTOCICLETA"},"content":{"rendered":"<p>[vc_row][vc_column][vc_column_text]<a rel=\"noreferrer\" href=\"https:\/\/www.youtube.com\/watch?v=Yak3pHC2bYY\" class=\"vp-a vp-yt-type vp-modal-click vp-modal-click_shortcode\">Video<\/a>[\/vc_column_text][vc_single_image image=\u00bb3623&#8243; img_size=\u00bbfull\u00bb][vc_custom_heading text=\u00bbABOGADOS DE ACCIDENTES EN MOTOCICLETAS\u00bb][vc_column_text]<\/p>\n<p style=\"text-align: justify;\">Usted est\u00e1 manejando su motocicleta; es atropellado por un autom\u00f3vil y como resultado sufre lesiones personales graves o catastr\u00f3ficas. Ahora tiene dolor f\u00edsico por las lesiones y no sabe c\u00f3mo pagar el tratamiento m\u00e9dico. Tampoco sabe el tipo de m\u00e9dico que necesita. Perdi\u00f3 d\u00edas de trabajo y salarios.<\/p>\n<p>&nbsp;<\/p>\n<p style=\"text-align: justify;\">Estos son solo algunos de los problemas con los que tiene que lidiar y dudas que pueden surgir:<\/p>\n<p>&nbsp;<\/p>\n<ul>\n<li style=\"text-align: justify;\">\u00bfQui\u00e9n puede ayudarme? <strong>A: Nosotros podemos<\/strong><\/li>\n<li style=\"text-align: justify;\">\u00bfCu\u00e1n pronto puedo obtener ayuda? <strong>A: Inmediatamente. Ll\u00e1menos<\/strong><\/li>\n<li style=\"text-align: justify;\">\u00bfComo puedo recibir tratamiento m\u00e9dico? <strong>A: Inmediatamente, pero ll\u00e1menos para explicar.<\/strong><\/li>\n<li style=\"text-align: justify;\">\u00bfComo puedo reemplazar mi motocicleta? <strong>A: Podemos asistirle con eso.<\/strong><\/li>\n<li style=\"text-align: justify;\">\u00bfCu\u00e1nto costar\u00eda contratar al abogado? <strong>A: No cobramos pagos iniciales.<\/strong><\/li>\n<\/ul>\n<p>[\/vc_column_text][vc_empty_space height=\u00bb70px\u00bb hide_on_mobile=\u00bb\u00bb][vc_custom_heading text=\u00bbPaso #1: Tome Acci\u00f3n Inmediata:\u00bb][vc_column_text]<\/p>\n<ol>\n<li style=\"text-align: justify;\">P\u00f3ngase en contacto con nosotros las 24 horas del d\u00eda, los 7 d\u00edas de la semana, para una consulta gratuita garantizada con el abogado de lesiones personales de la firma sobre accidentes de motocicleta.<\/li>\n<li style=\"text-align: justify;\">Le garantizamos que en su primera consulta con el abogado de lesiones personales de la firma le explicaremos todo el proceso de manejo de su caso de accidente de motocicleta y contestaremos todas sus preguntas.<\/li>\n<li style=\"text-align: justify;\">Se garantiza que la consulta se programar\u00e1 inmediatamente con un abogado para analizar su accidente de motocicleta (sin costo).<\/li>\n<li style=\"text-align: justify;\">Ofrecemos consultas por tel\u00e9fono, en la oficina, en su casa, hospital o cualquier otro lugar que sea conveniente<\/li>\n<li style=\"text-align: justify;\">Haga clic aqu\u00ed para obtener respuestas detalladas sobre las preguntas m\u00e1s frecuentes relacionadas con accidentes de motocicleta.<\/li>\n<\/ol>\n<p>[\/vc_column_text][vc_empty_space height=\u00bb70px\u00bb hide_on_mobile=\u00bb\u00bb][vc_custom_heading text=\u00bbPaso #2: Lo que necesita saber:\u00bb][vc_column_text]<\/p>\n<ol>\n<li style=\"text-align: justify;\">Si no tiene seguro de motocicleta, pero posee un autom\u00f3vil con seguro de autom\u00f3vil, la cobertura de Protecci\u00f3n contra lesiones personales para cubrir facturas m\u00e9dicas no es aplicable.<\/li>\n<li style=\"text-align: justify;\">El estado de Florida no requiere que la persona o compa\u00f1\u00eda que caus\u00f3 el accidente de motocicleta tenga cobertura de seguro (lesiones corporales) para cubrir sus lesiones o de conductores no asegurados (UM). S\u00ed, esto es una locura y el gobierno de Florida se equivoca.<\/li>\n<li style=\"text-align: justify;\">Incluso si no tiene seguro de salud, a\u00fan puede ser tratado por un m\u00e9dico calificado a trav\u00e9s de lo que se llama una \u00abCarta de Protecci\u00f3n\u00bb.<\/li>\n<li style=\"text-align: justify;\">Aunque el plazo de prescripci\u00f3n para presentar una demanda es de dos (2) a\u00f1os a partir de la fecha del accidente, usted puede da\u00f1ar su reclamo si no recibe tratamiento m\u00e9dico inmediato por su lesi\u00f3n o si tiene lagunas en el tratamiento.<\/li>\n<li style=\"text-align: justify;\">Usted no paga ning\u00fan dinero por adelantado para retenernos como su abogado de lesiones personales de accidentes de motocicleta. Solo paga si recibe una compensaci\u00f3n en el momento en que se resuelve el caso.<\/li>\n<li style=\"text-align: justify;\">Debe presentar un reclamo tanto con su seguro como con el seguro de la parte culpable inmediatamente despu\u00e9s del accidente para preservar sus derechos y beneficiarse de ellos.<\/li>\n<li style=\"text-align: justify;\">Una vez que complete el tratamiento m\u00e9dico para sus lesiones, valoramos su caso y presentamos una demanda integral de liquidaci\u00f3n previa a la demanda.<\/li>\n<li style=\"text-align: justify;\">Si la compa\u00f1\u00eda de seguros no hace una oferta justa y razonable, entonces presentaremos una demanda.<\/li>\n<li style=\"text-align: justify;\">Sin costo alguno, lo ayudaremos a coordinar la reparaci\u00f3n, arreglo o reemplazo (da\u00f1os a la propiedad) de su motocicleta.<\/li>\n<\/ol>\n<p>[\/vc_column_text][vc_empty_space height=\u00bb70px\u00bb hide_on_mobile=\u00bb\u00bb][vc_custom_heading text=\u00bbPaso #3: Da\u00f1os que puede tener derecho a recuperar:\u00bb][vc_column_text]<\/p>\n<ol>\n<li style=\"text-align: justify;\">Pago de facturas y costos de proveedores m\u00e9dicos pasados \u200b\u200by presentes<\/li>\n<li style=\"text-align: justify;\">Tratamiento futuro de atenci\u00f3n m\u00e9dica<\/li>\n<li style=\"text-align: justify;\">Salarios perdidos pasados, presentes y futuros<\/li>\n<li style=\"text-align: justify;\">Dolor y angustia f\u00edsica<\/li>\n<li style=\"text-align: justify;\">Dolor y angustia emocional<\/li>\n<li style=\"text-align: justify;\">Da\u00f1os personales y a la propiedad<\/li>\n<li style=\"text-align: justify;\">Da\u00f1os punitivos (en circunstancias especiales)<\/li>\n<li style=\"text-align: justify;\">P\u00e9rdida de consorcio<\/li>\n<li style=\"text-align: justify;\">Y otros da\u00f1os seg\u00fan lo permita la ley<\/li>\n<\/ol>\n<p>[\/vc_column_text][vc_column_text]<\/p>\n<p class=\"spphone_big\"><a href=\"tel:18003467752\"><strong><span style=\"font-size: 36pt;\">1 800 346 7752<\/span><\/strong><\/a><\/p>\n<p>[\/vc_column_text][\/vc_column][\/vc_row]<\/p>\n","protected":false},"excerpt":{"rendered":"<p>[vc_row][vc_column][vc_column_text][\/vc_column_text][vc_single_image image=\u00bb3623&#8243; img_size=\u00bbfull\u00bb][vc_custom_heading text=\u00bbABOGADOS DE ACCIDENTES EN MOTOCICLETAS\u00bb][vc_column_text] Usted est\u00e1 manejando su motocicleta; es atropellado por un autom\u00f3vil y como resultado sufre lesiones personales graves o catastr\u00f3ficas. Ahora tiene dolor f\u00edsico por las lesiones y no sabe c\u00f3mo pagar el tratamiento m\u00e9dico. Tampoco sabe el&hellip;<\/p>\n","protected":false},"author":1,"featured_media":0,"parent":0,"menu_order":0,"comment_status":"closed","ping_status":"closed","template":"","meta":{"footnotes":""},"class_list":["post-1900","page","type-page","status-publish","hentry"],"yoast_head":"<!-- This site is optimized with the Yoast SEO Premium plugin v25.3 (Yoast SEO v27.3) - https:\/\/yoast.com\/product\/yoast-seo-premium-wordpress\/ -->\n<title>ABOGADO ACCIDENTE EN MOTOCICLETA - Black Rock Trial Lawyers<\/title>\n<meta name=\"description\" content=\"\u00bfBusca abogados expertos en accidentes de moto? Entendemos su dolor y le ayudamos a obtener la compensaci\u00f3n que necesita.\" \/>\n<meta name=\"robots\" content=\"index, follow, max-snippet:-1, max-image-preview:large, max-video-preview:-1\" \/>\n<link rel=\"canonical\" href=\"https:\/\/www.personalinjury.blackrocklaw.com\/es\/motorcycle-accidents\/\" \/>\n<meta property=\"og:locale\" content=\"es_ES\" \/>\n<meta property=\"og:type\" content=\"article\" \/>\n<meta property=\"og:title\" content=\"ACCIDENTE EN MOTOCICLETA\" \/>\n<meta property=\"og:description\" content=\"\u00bfBusca abogados expertos en accidentes de moto? Entendemos su dolor y le ayudamos a obtener la compensaci\u00f3n que necesita.\" \/>\n<meta property=\"og:url\" content=\"https:\/\/www.personalinjury.blackrocklaw.com\/motorcycle-accidents\/\" \/>\n<meta property=\"og:site_name\" content=\"Black Rock Trial Lawyers\" \/>\n<meta property=\"article:publisher\" content=\"https:\/\/www.facebook.com\/blackrocklaw\" \/>\n<meta property=\"article:modified_time\" content=\"2023-10-11T09:44:09+00:00\" \/>\n<meta name=\"twitter:card\" content=\"summary_large_image\" \/>\n<meta name=\"twitter:site\" content=\"@BlackRockLaw\" \/>\n<meta name=\"twitter:label1\" content=\"Tiempo de lectura\" \/>\n\t<meta name=\"twitter:data1\" content=\"4 minutos\" \/>\n<script type=\"application\/ld+json\" class=\"yoast-schema-graph\">{\"@context\":\"https:\\\/\\\/schema.org\",\"@graph\":[{\"@type\":\"WebPage\",\"@id\":\"https:\\\/\\\/www.personalinjury.blackrocklaw.com\\\/motorcycle-accidents\\\/\",\"url\":\"https:\\\/\\\/www.personalinjury.blackrocklaw.com\\\/motorcycle-accidents\\\/\",\"name\":\"ABOGADO ACCIDENTE EN MOTOCICLETA - Black Rock Trial Lawyers\",\"isPartOf\":{\"@id\":\"https:\\\/\\\/www.personalinjury.blackrocklaw.com\\\/#website\"},\"datePublished\":\"2021-10-12T17:04:55+00:00\",\"dateModified\":\"2023-10-11T09:44:09+00:00\",\"description\":\"\u00bfBusca abogados expertos en accidentes de moto? Entendemos su dolor y le ayudamos a obtener la compensaci\u00f3n que necesita.\",\"breadcrumb\":{\"@id\":\"https:\\\/\\\/www.personalinjury.blackrocklaw.com\\\/motorcycle-accidents\\\/#breadcrumb\"},\"inLanguage\":\"es\",\"potentialAction\":[{\"@type\":\"ReadAction\",\"target\":[\"https:\\\/\\\/www.personalinjury.blackrocklaw.com\\\/motorcycle-accidents\\\/\"]}]},{\"@type\":\"BreadcrumbList\",\"@id\":\"https:\\\/\\\/www.personalinjury.blackrocklaw.com\\\/motorcycle-accidents\\\/#breadcrumb\",\"itemListElement\":[{\"@type\":\"ListItem\",\"position\":1,\"name\":\"Home\",\"item\":\"https:\\\/\\\/www.personalinjury.blackrocklaw.com\\\/es\\\/\"},{\"@type\":\"ListItem\",\"position\":2,\"name\":\"ACCIDENTE EN MOTOCICLETA\"}]},{\"@type\":\"WebSite\",\"@id\":\"https:\\\/\\\/www.personalinjury.blackrocklaw.com\\\/#website\",\"url\":\"https:\\\/\\\/www.personalinjury.blackrocklaw.com\\\/\",\"name\":\"Black Rock Trial Lawyers\",\"description\":\"Lawyers Attorneys WordPress Theme\",\"publisher\":{\"@id\":\"https:\\\/\\\/www.personalinjury.blackrocklaw.com\\\/#organization\"},\"potentialAction\":[{\"@type\":\"SearchAction\",\"target\":{\"@type\":\"EntryPoint\",\"urlTemplate\":\"https:\\\/\\\/www.personalinjury.blackrocklaw.com\\\/?s={search_term_string}\"},\"query-input\":{\"@type\":\"PropertyValueSpecification\",\"valueRequired\":true,\"valueName\":\"search_term_string\"}}],\"inLanguage\":\"es\"},{\"@type\":[\"Organization\",\"Place\",\"LegalService\"],\"@id\":\"https:\\\/\\\/www.personalinjury.blackrocklaw.com\\\/#organization\",\"name\":\"Black Rock Trial Lawyers\",\"url\":\"https:\\\/\\\/www.personalinjury.blackrocklaw.com\\\/\",\"logo\":{\"@id\":\"https:\\\/\\\/www.personalinjury.blackrocklaw.com\\\/motorcycle-accidents\\\/#local-main-organization-logo\"},\"image\":{\"@id\":\"https:\\\/\\\/www.personalinjury.blackrocklaw.com\\\/motorcycle-accidents\\\/#local-main-organization-logo\"},\"sameAs\":[\"https:\\\/\\\/www.facebook.com\\\/blackrocklaw\",\"https:\\\/\\\/x.com\\\/BlackRockLaw\",\"https:\\\/\\\/www.linkedin.com\\\/company\\\/black-rock-trial-lawyers-llc\\\/\",\"https:\\\/\\\/www.instagram.com\\\/blackrocklaw\\\/\",\"https:\\\/\\\/www.youtube.com\\\/channel\\\/UCSHAjhgiXY976HZbWUmYkZg\"],\"description\":\"Black Rock Trial Lawyers will not settle for anything less than the maximum compensation that you deserve and as allowed by law.\",\"legalName\":\"Black Rock Trial Lawyers\",\"address\":{\"@id\":\"https:\\\/\\\/www.personalinjury.blackrocklaw.com\\\/motorcycle-accidents\\\/#local-main-place-address\"},\"geo\":{\"@type\":\"GeoCoordinates\",\"latitude\":\"27.943170\",\"longitude\":\"-82.482250\"},\"telephone\":[\"1 (800) 346-7752\"],\"openingHoursSpecification\":{\"@type\":\"OpeningHoursSpecification\",\"dayOfWeek\":[\"Monday\",\"Tuesday\",\"Wednesday\",\"Thursday\",\"Friday\",\"Saturday\",\"Sunday\"],\"opens\":\"00:00\",\"closes\":\"23:59\"},\"email\":\"info@blackrocklaw.com\",\"faxNumber\":\"(813) 254-1777\",\"areaServed\":\"Florida\",\"priceRange\":\"$\",\"currenciesAccepted\":\"Doller\",\"paymentAccepted\":\"All\"},{\"@type\":\"PostalAddress\",\"@id\":\"https:\\\/\\\/www.personalinjury.blackrocklaw.com\\\/motorcycle-accidents\\\/#local-main-place-address\",\"streetAddress\":\"201 S. Westland Ave., Tampa, FL 33606\",\"addressLocality\":\"Tampa\",\"postalCode\":\"33606\",\"addressRegion\":\"Florida\",\"addressCountry\":\"US\"},{\"@type\":\"ImageObject\",\"inLanguage\":\"es\",\"@id\":\"https:\\\/\\\/www.personalinjury.blackrocklaw.com\\\/motorcycle-accidents\\\/#local-main-organization-logo\",\"url\":\"https:\\\/\\\/www.personalinjury.blackrocklaw.com\\\/wp-content\\\/uploads\\\/2017\\\/02\\\/BlackRockLogoBlack.png\",\"contentUrl\":\"https:\\\/\\\/www.personalinjury.blackrocklaw.com\\\/wp-content\\\/uploads\\\/2017\\\/02\\\/BlackRockLogoBlack.png\",\"width\":5105,\"height\":1024,\"caption\":\"Black Rock Trial Lawyers\"}]}<\/script>\n<meta name=\"geo.placename\" content=\"Tampa\" \/>\n<meta name=\"geo.position\" content=\"27.943170;-82.482250\" \/>\n<meta name=\"geo.region\" content=\"Estados Unidos (EEUU)\" \/>\n<!-- \/ Yoast SEO Premium plugin. -->","yoast_head_json":{"title":"ABOGADO ACCIDENTE EN MOTOCICLETA - Black Rock Trial Lawyers","description":"\u00bfBusca abogados expertos en accidentes de moto? Entendemos su dolor y le ayudamos a obtener la compensaci\u00f3n que necesita.","robots":{"index":"index","follow":"follow","max-snippet":"max-snippet:-1","max-image-preview":"max-image-preview:large","max-video-preview":"max-video-preview:-1"},"canonical":"https:\/\/www.personalinjury.blackrocklaw.com\/es\/motorcycle-accidents\/","og_locale":"es_ES","og_type":"article","og_title":"ACCIDENTE EN MOTOCICLETA","og_description":"\u00bfBusca abogados expertos en accidentes de moto? Entendemos su dolor y le ayudamos a obtener la compensaci\u00f3n que necesita.","og_url":"https:\/\/www.personalinjury.blackrocklaw.com\/motorcycle-accidents\/","og_site_name":"Black Rock Trial Lawyers","article_publisher":"https:\/\/www.facebook.com\/blackrocklaw","article_modified_time":"2023-10-11T09:44:09+00:00","twitter_card":"summary_large_image","twitter_site":"@BlackRockLaw","twitter_misc":{"Tiempo de lectura":"4 minutos"},"schema":{"@context":"https:\/\/schema.org","@graph":[{"@type":"WebPage","@id":"https:\/\/www.personalinjury.blackrocklaw.com\/motorcycle-accidents\/","url":"https:\/\/www.personalinjury.blackrocklaw.com\/motorcycle-accidents\/","name":"ABOGADO ACCIDENTE EN MOTOCICLETA - Black Rock Trial Lawyers","isPartOf":{"@id":"https:\/\/www.personalinjury.blackrocklaw.com\/#website"},"datePublished":"2021-10-12T17:04:55+00:00","dateModified":"2023-10-11T09:44:09+00:00","description":"\u00bfBusca abogados expertos en accidentes de moto? Entendemos su dolor y le ayudamos a obtener la compensaci\u00f3n que necesita.","breadcrumb":{"@id":"https:\/\/www.personalinjury.blackrocklaw.com\/motorcycle-accidents\/#breadcrumb"},"inLanguage":"es","potentialAction":[{"@type":"ReadAction","target":["https:\/\/www.personalinjury.blackrocklaw.com\/motorcycle-accidents\/"]}]},{"@type":"BreadcrumbList","@id":"https:\/\/www.personalinjury.blackrocklaw.com\/motorcycle-accidents\/#breadcrumb","itemListElement":[{"@type":"ListItem","position":1,"name":"Home","item":"https:\/\/www.personalinjury.blackrocklaw.com\/es\/"},{"@type":"ListItem","position":2,"name":"ACCIDENTE EN MOTOCICLETA"}]},{"@type":"WebSite","@id":"https:\/\/www.personalinjury.blackrocklaw.com\/#website","url":"https:\/\/www.personalinjury.blackrocklaw.com\/","name":"Black Rock Trial Lawyers","description":"Lawyers Attorneys WordPress Theme","publisher":{"@id":"https:\/\/www.personalinjury.blackrocklaw.com\/#organization"},"potentialAction":[{"@type":"SearchAction","target":{"@type":"EntryPoint","urlTemplate":"https:\/\/www.personalinjury.blackrocklaw.com\/?s={search_term_string}"},"query-input":{"@type":"PropertyValueSpecification","valueRequired":true,"valueName":"search_term_string"}}],"inLanguage":"es"},{"@type":["Organization","Place","LegalService"],"@id":"https:\/\/www.personalinjury.blackrocklaw.com\/#organization","name":"Black Rock Trial Lawyers","url":"https:\/\/www.personalinjury.blackrocklaw.com\/","logo":{"@id":"https:\/\/www.personalinjury.blackrocklaw.com\/motorcycle-accidents\/#local-main-organization-logo"},"image":{"@id":"https:\/\/www.personalinjury.blackrocklaw.com\/motorcycle-accidents\/#local-main-organization-logo"},"sameAs":["https:\/\/www.facebook.com\/blackrocklaw","https:\/\/x.com\/BlackRockLaw","https:\/\/www.linkedin.com\/company\/black-rock-trial-lawyers-llc\/","https:\/\/www.instagram.com\/blackrocklaw\/","https:\/\/www.youtube.com\/channel\/UCSHAjhgiXY976HZbWUmYkZg"],"description":"Black Rock Trial Lawyers will not settle for anything less than the maximum compensation that you deserve and as allowed by law.","legalName":"Black Rock Trial Lawyers","address":{"@id":"https:\/\/www.personalinjury.blackrocklaw.com\/motorcycle-accidents\/#local-main-place-address"},"geo":{"@type":"GeoCoordinates","latitude":"27.943170","longitude":"-82.482250"},"telephone":["1 (800) 346-7752"],"openingHoursSpecification":{"@type":"OpeningHoursSpecification","dayOfWeek":["Monday","Tuesday","Wednesday","Thursday","Friday","Saturday","Sunday"],"opens":"00:00","closes":"23:59"},"email":"info@blackrocklaw.com","faxNumber":"(813) 254-1777","areaServed":"Florida","priceRange":"$","currenciesAccepted":"Doller","paymentAccepted":"All"},{"@type":"PostalAddress","@id":"https:\/\/www.personalinjury.blackrocklaw.com\/motorcycle-accidents\/#local-main-place-address","streetAddress":"201 S. Westland Ave., Tampa, FL 33606","addressLocality":"Tampa","postalCode":"33606","addressRegion":"Florida","addressCountry":"US"},{"@type":"ImageObject","inLanguage":"es","@id":"https:\/\/www.personalinjury.blackrocklaw.com\/motorcycle-accidents\/#local-main-organization-logo","url":"https:\/\/www.personalinjury.blackrocklaw.com\/wp-content\/uploads\/2017\/02\/BlackRockLogoBlack.png","contentUrl":"https:\/\/www.personalinjury.blackrocklaw.com\/wp-content\/uploads\/2017\/02\/BlackRockLogoBlack.png","width":5105,"height":1024,"caption":"Black Rock Trial Lawyers"}]},"geo.placename":"Tampa","geo.position":{"lat":"27.943170","long":"-82.482250"},"geo.region":"Estados Unidos (EEUU)"},"_links":{"self":[{"href":"https:\/\/www.personalinjury.blackrocklaw.com\/es\/wp-json\/wp\/v2\/pages\/1900","targetHints":{"allow":["GET"]}}],"collection":[{"href":"https:\/\/www.personalinjury.blackrocklaw.com\/es\/wp-json\/wp\/v2\/pages"}],"about":[{"href":"https:\/\/www.personalinjury.blackrocklaw.com\/es\/wp-json\/wp\/v2\/types\/page"}],"author":[{"embeddable":true,"href":"https:\/\/www.personalinjury.blackrocklaw.com\/es\/wp-json\/wp\/v2\/users\/1"}],"replies":[{"embeddable":true,"href":"https:\/\/www.personalinjury.blackrocklaw.com\/es\/wp-json\/wp\/v2\/comments?post=1900"}],"version-history":[{"count":8,"href":"https:\/\/www.personalinjury.blackrocklaw.com\/es\/wp-json\/wp\/v2\/pages\/1900\/revisions"}],"predecessor-version":[{"id":3759,"href":"https:\/\/www.personalinjury.blackrocklaw.com\/es\/wp-json\/wp\/v2\/pages\/1900\/revisions\/3759"}],"wp:attachment":[{"href":"https:\/\/www.personalinjury.blackrocklaw.com\/es\/wp-json\/wp\/v2\/media?parent=1900"}],"curies":[{"name":"wp","href":"https:\/\/api.w.org\/{rel}","templated":true}]}}