{"id":1837,"date":"2021-10-12T11:19:00","date_gmt":"2021-10-12T11:19:00","guid":{"rendered":"https:\/\/blackrocklaw.com\/new\/?page_id=1837"},"modified":"2023-10-11T09:24:25","modified_gmt":"2023-10-11T09:24:25","slug":"lesiones-personales","status":"publish","type":"page","link":"https:\/\/www.personalinjury.blackrocklaw.com\/es\/lesiones-personales\/","title":{"rendered":"LESIONES PERSONALES"},"content":{"rendered":"<p>[vc_row][vc_column][vc_raw_html]JTNDYSUyMGhyZWYlM0QlMjIlMjMlMjIlMjBvbmNsaWNrJTNEJTIyd2luZG93Lm9wZW4lMjglMjdodHRwcyUzQSUyRiUyRnd3dy55b3V0dWJlLmNvbSUyRndhdGNoJTNGdiUzRFlhazNwSEMyYllZJTI3JTJDJTIwJTI3cG9wdXAlMjclMkMlMjAlMjd3aWR0aCUzRDgwMCUyQ2hlaWdodCUzRDYwMCUyNyUyOSUzQiUyMHJldHVybiUyMGZhbHNlJTNCJTIyJTNFJTBBJTIwJTIwJTNDaW1nJTIwc3JjJTNEJTIyaHR0cHMlM0ElMkYlMkZ3d3cuYmxhY2tyb2NrbGF3LmNvbSUyRndwLWNvbnRlbnQlMkZ1cGxvYWRzJTJGMjAyMSUyRjEwJTJGUEVSU09OQUwtU1BBTklTSC0yLTMtMS5qcGclMjIlMjBhbHQlM0QlMjJSZXNwb25zYWJpbGlkYWQlMjBMb2NhbCUyMEFib2dhZG9zJTIyJTIwJTJGJTNFJTBBJTNDJTJGYSUzRQ==[\/vc_raw_html][vc_custom_heading text=\u00bbABOGADOS DE LESIONES PERSONALES EN TAMPA, FL\u00bb font_container=\u00bbtag:h1|text_align:left\u00bb use_theme_fonts=\u00bbyes\u00bb][vc_column_text]Est\u00e1s lesionado. No es tu culpa. Tienes dolor f\u00edsico, potencialmente perdiste ingresos y posiblemente sufriste otros da\u00f1os devastadores (i.e. auto da\u00f1ado, recibos m\u00e9dicos, etc.). La confusi\u00f3n, el estr\u00e9s y el enojo te invaden. Te sientes abrumado.<\/p>\n<p>\u201c\u00bfC\u00f3mo me salgo de esto y qui\u00e9n me puede ayudar ahora?\u201d es un pensamiento com\u00fan para aquellos que sufrieron una Lesi\u00f3n Personal.<\/p>\n<p>Los Abogados Litigantes de Black Rock son tu soluci\u00f3n. Somos un <strong><u>equipo<\/u><\/strong> entero dedicado a que nuestros clientes obtengan el mejor y m\u00e1s conveniente resultado posible.<\/p>\n<p class=\"overviewpara\" style=\"text-align: justify;\">Nuestro equipo maneja todo tipo de casos de Lesiones Personales tales como Accidentes de <u>Auto y Coche<\/u>, Lesiones de Quemaduras, <u>Accidentes en Bici, Accidentes de Peat\u00f3n,<\/u> <u>Accidentes de Cami\u00f3n,<\/u> <u>Resbalar &amp; Caer<\/u>, <u>Responsabilidad del Local<\/u>, <u>Negligencia M\u00e9dica<\/u>, <u>Abuso en Hogares de Ancianos, Accidentes de Uber\/Lyft,<\/u> <u>Abuso Sexual,<\/u> <u>Intoxicaci\u00f3n Alimenticia y Muerte Injusta<\/u>.<\/p>\n<p>[\/vc_column_text][vc_empty_space height=\u00bb35px\u00bb hide_on_mobile=\u00bb\u00bb][vc_column_text]<strong><em><u>Lo Que Hace Nuestro Equipo para Sus Clientes de Lesiones Personales:<\/u><\/em><\/strong><\/p>\n<ul>\n<li><strong><em>Consulta Inicial Garantizada con los Abogados de Juicio de Lesiones Personales de Black Rock para <u>explicar con detalles <\/u>c\u00f3mo se manejar\u00e1 su Reclamo por Lesiones personales y Responder Todas Las Preguntas Que Tenga.<\/em><\/strong><\/li>\n<li>Constante Comunicaci\u00f3n con el Cliente a Trav\u00e9s de Llamadas, Mensajes y Correos (Como Prefiera El Cliente).<\/li>\n<li>Investigar Inmediatamente el Caso de Lesiones Corporales<\/li>\n<li>Identificar Inmediatamente Todas Las Partes Culpables<\/li>\n<li>Establecer Reclamos Inmediatamente y Notificar A Las Partes Culpables y A Sus Seguros Del Reporte de Lesiones Corporales<\/li>\n<li>Si Se Solicita, Recomendar Proveedores M\u00e9dicos<\/li>\n<li>Asistir con Reclamos de Da\u00f1os a la Propiedad<\/li>\n<li>Asistir con Reclamos Por P\u00e9rdida de Sueldos<\/li>\n<li>Comunicaci\u00f3n Continua con las Compa\u00f1\u00edas de Seguros\/Evaluadores de Da\u00f1os<\/li>\n<li>Calendario de Estatuto de Limitaciones<\/li>\n<li>Seguimiento de Tratamiento M\u00e9dico &amp; Recibos M\u00e9dicos<\/li>\n<li>Obtener Todos los Registros M\u00e9dicos &amp; Los Recibos<\/li>\n<li>Redactar y Servir Demandas Por Lesiones Personales Previas a la Demanda Contra las Partes Culpables y Sus Proveedores de Seguro<\/li>\n<li>Determinar\/Calcular Valor del Caso<\/li>\n<li>Manejar Todos los Aspectos de Sus Negociaciones Previas a la Demanda<\/li>\n<li>Presentar una Notificaci\u00f3n de Recursos Civiles (Si es Necesario)<\/li>\n<li>Cubrir los Costos\/Gastos Iniciales de su Caso de Lesiones Personales<\/li>\n<li>Una Vez que Se Resuelva el Caso, Se Procede a Negociar y Pagar Todas Las Facturas M\u00e9dicas de lo Acordado.<\/li>\n<li><strong><em>Si la Compa\u00f1\u00eda de Seguros est\u00e1 fallando en pagar un acuerdo razonable, podemos presentar una demanda en un tribunal estatal o federal (una vez que obtengamos la autorizaci\u00f3n del cliente).<\/em><\/strong><\/li>\n<\/ul>\n<p>&nbsp;<\/p>\n<p>Lee las <strong><u>#10 Preguntas M\u00e1s Comunes Hechas por Clientes de Lesiones Personales <\/u><\/strong>cubre preguntas desde como: \u00bfC\u00f3mo le pago a un Abogado de Lesiones Personales para que me Represente? (Respuesta corta: No le pagas. A un Abogado de Lesiones Personales se le paga solo si obtienen una compensaci\u00f3n para usted) hasta \u00bfC\u00f3mo determino el valor de mi caso?<\/p>\n<p>Empatizamos con lo que est\u00e1 pasando. Tratamos cada uno de los casos de nuestros clientes como si fueran de un ser querido muy cercano.<\/p>\n<p>Cont\u00e1ctanos ahora para que podamos responder todas las preguntas que pueda tener con respecto a su potencial caso de Lesiones Personales. La consulta es completamente gratis.<\/p>\n<p>Podemos hacer la consulta en su casa, nuestra oficina, en el hospital o simplemente a trav\u00e9s del tel\u00e9fono.<\/p>\n<p>Finalmente, estamos aqu\u00ed para usted y no al rev\u00e9s, Contr\u00e1tenos para representarlo en esos momentos m\u00e1s cr\u00edticos y vulnerables.[\/vc_column_text][vc_column_text]<\/p>\n<p class=\"spphone_big\"><a href=\"tel:18003467752\"><strong><span style=\"font-size: 36pt;\">1 800 346 7752<\/span><\/strong><\/a><\/p>\n<p>[\/vc_column_text][\/vc_column][\/vc_row]<\/p>\n","protected":false},"excerpt":{"rendered":"<p>[vc_row][vc_column][vc_raw_html]JTNDYSUyMGhyZWYlM0QlMjIlMjMlMjIlMjBvbmNsaWNrJTNEJTIyd2luZG93Lm9wZW4lMjglMjdodHRwcyUzQSUyRiUyRnd3dy55b3V0dWJlLmNvbSUyRndhdGNoJTNGdiUzRFlhazNwSEMyYllZJTI3JTJDJTIwJTI3cG9wdXAlMjclMkMlMjAlMjd3aWR0aCUzRDgwMCUyQ2hlaWdodCUzRDYwMCUyNyUyOSUzQiUyMHJldHVybiUyMGZhbHNlJTNCJTIyJTNFJTBBJTIwJTIwJTNDaW1nJTIwc3JjJTNEJTIyaHR0cHMlM0ElMkYlMkZ3d3cuYmxhY2tyb2NrbGF3LmNvbSUyRndwLWNvbnRlbnQlMkZ1cGxvYWRzJTJGMjAyMSUyRjEwJTJGUEVSU09OQUwtU1BBTklTSC0yLTMtMS5qcGclMjIlMjBhbHQlM0QlMjJSZXNwb25zYWJpbGlkYWQlMjBMb2NhbCUyMEFib2dhZG9zJTIyJTIwJTJGJTNFJTBBJTNDJTJGYSUzRQ==[\/vc_raw_html][vc_custom_heading text=\u00bbABOGADOS DE LESIONES PERSONALES EN TAMPA, FL\u00bb font_container=\u00bbtag:h1|text_align:left\u00bb use_theme_fonts=\u00bbyes\u00bb][vc_column_text]Est\u00e1s lesionado. No es tu culpa. Tienes dolor f\u00edsico, potencialmente perdiste ingresos y posiblemente sufriste otros da\u00f1os devastadores (i.e. auto da\u00f1ado, recibos m\u00e9dicos, etc.). La confusi\u00f3n, el estr\u00e9s y el enojo te invaden. Te sientes abrumado.&hellip;<\/p>\n","protected":false},"author":1,"featured_media":0,"parent":0,"menu_order":0,"comment_status":"closed","ping_status":"closed","template":"","meta":{"footnotes":""},"class_list":["post-1837","page","type-page","status-publish","hentry"],"yoast_head":"<!-- This site is optimized with the Yoast SEO Premium plugin v25.3 (Yoast SEO v27.3) - https:\/\/yoast.com\/product\/yoast-seo-premium-wordpress\/ -->\n<title>Lesiones Personales | Black Rock Trial Lawyers | Tampa Florida<\/title>\n<meta name=\"description\" content=\"Nuestros experimentados abogados en Florida se especializan en ayudar a quienes han sufrido da\u00f1os f\u00edsicos o econ\u00f3micos en casos de lesiones personales.\" \/>\n<meta name=\"robots\" content=\"index, follow, max-snippet:-1, max-image-preview:large, max-video-preview:-1\" \/>\n<link rel=\"canonical\" href=\"https:\/\/www.personalinjury.blackrocklaw.com\/es\/personal-injury-black-rock-trial-lawyers-tampa-florida\/\" \/>\n<meta property=\"og:locale\" content=\"es_ES\" \/>\n<meta property=\"og:type\" content=\"article\" \/>\n<meta property=\"og:title\" content=\"LESIONES PERSONALES\" \/>\n<meta property=\"og:description\" content=\"Nuestros experimentados abogados en Florida se especializan en ayudar a quienes han sufrido da\u00f1os f\u00edsicos o econ\u00f3micos en casos de lesiones personales.\" \/>\n<meta property=\"og:url\" content=\"https:\/\/www.personalinjury.blackrocklaw.com\/personal-injury-black-rock-trial-lawyers-tampa-florida\/\" \/>\n<meta property=\"og:site_name\" content=\"Black Rock Trial Lawyers\" \/>\n<meta property=\"article:publisher\" content=\"https:\/\/www.facebook.com\/blackrocklaw\" \/>\n<meta property=\"article:modified_time\" content=\"2023-10-11T09:24:25+00:00\" \/>\n<meta name=\"twitter:card\" content=\"summary_large_image\" \/>\n<meta name=\"twitter:site\" content=\"@BlackRockLaw\" \/>\n<meta name=\"twitter:label1\" content=\"Tiempo de lectura\" \/>\n\t<meta name=\"twitter:data1\" content=\"3 minutos\" \/>\n<script type=\"application\/ld+json\" class=\"yoast-schema-graph\">{\"@context\":\"https:\\\/\\\/schema.org\",\"@graph\":[{\"@type\":\"WebPage\",\"@id\":\"https:\\\/\\\/www.personalinjury.blackrocklaw.com\\\/personal-injury-black-rock-trial-lawyers-tampa-florida\\\/\",\"url\":\"https:\\\/\\\/www.personalinjury.blackrocklaw.com\\\/personal-injury-black-rock-trial-lawyers-tampa-florida\\\/\",\"name\":\"Lesiones Personales | Black Rock Trial Lawyers | Tampa Florida\",\"isPartOf\":{\"@id\":\"https:\\\/\\\/www.personalinjury.blackrocklaw.com\\\/#website\"},\"datePublished\":\"2021-10-12T11:19:00+00:00\",\"dateModified\":\"2023-10-11T09:24:25+00:00\",\"description\":\"Nuestros experimentados abogados en Florida se especializan en ayudar a quienes han sufrido da\u00f1os f\u00edsicos o econ\u00f3micos en casos de lesiones personales.\",\"breadcrumb\":{\"@id\":\"https:\\\/\\\/www.personalinjury.blackrocklaw.com\\\/personal-injury-black-rock-trial-lawyers-tampa-florida\\\/#breadcrumb\"},\"inLanguage\":\"es\",\"potentialAction\":[{\"@type\":\"ReadAction\",\"target\":[\"https:\\\/\\\/www.personalinjury.blackrocklaw.com\\\/personal-injury-black-rock-trial-lawyers-tampa-florida\\\/\"]}]},{\"@type\":\"BreadcrumbList\",\"@id\":\"https:\\\/\\\/www.personalinjury.blackrocklaw.com\\\/personal-injury-black-rock-trial-lawyers-tampa-florida\\\/#breadcrumb\",\"itemListElement\":[{\"@type\":\"ListItem\",\"position\":1,\"name\":\"Home\",\"item\":\"https:\\\/\\\/www.personalinjury.blackrocklaw.com\\\/es\\\/\"},{\"@type\":\"ListItem\",\"position\":2,\"name\":\"LESIONES PERSONALES\"}]},{\"@type\":\"WebSite\",\"@id\":\"https:\\\/\\\/www.personalinjury.blackrocklaw.com\\\/#website\",\"url\":\"https:\\\/\\\/www.personalinjury.blackrocklaw.com\\\/\",\"name\":\"Black Rock Trial Lawyers\",\"description\":\"Lawyers Attorneys WordPress Theme\",\"publisher\":{\"@id\":\"https:\\\/\\\/www.personalinjury.blackrocklaw.com\\\/#organization\"},\"potentialAction\":[{\"@type\":\"SearchAction\",\"target\":{\"@type\":\"EntryPoint\",\"urlTemplate\":\"https:\\\/\\\/www.personalinjury.blackrocklaw.com\\\/?s={search_term_string}\"},\"query-input\":{\"@type\":\"PropertyValueSpecification\",\"valueRequired\":true,\"valueName\":\"search_term_string\"}}],\"inLanguage\":\"es\"},{\"@type\":[\"Organization\",\"Place\",\"LegalService\"],\"@id\":\"https:\\\/\\\/www.personalinjury.blackrocklaw.com\\\/#organization\",\"name\":\"Black Rock Trial Lawyers\",\"url\":\"https:\\\/\\\/www.personalinjury.blackrocklaw.com\\\/\",\"logo\":{\"@id\":\"https:\\\/\\\/www.personalinjury.blackrocklaw.com\\\/personal-injury-black-rock-trial-lawyers-tampa-florida\\\/#local-main-organization-logo\"},\"image\":{\"@id\":\"https:\\\/\\\/www.personalinjury.blackrocklaw.com\\\/personal-injury-black-rock-trial-lawyers-tampa-florida\\\/#local-main-organization-logo\"},\"sameAs\":[\"https:\\\/\\\/www.facebook.com\\\/blackrocklaw\",\"https:\\\/\\\/x.com\\\/BlackRockLaw\",\"https:\\\/\\\/www.linkedin.com\\\/company\\\/black-rock-trial-lawyers-llc\\\/\",\"https:\\\/\\\/www.instagram.com\\\/blackrocklaw\\\/\",\"https:\\\/\\\/www.youtube.com\\\/channel\\\/UCSHAjhgiXY976HZbWUmYkZg\"],\"description\":\"Black Rock Trial Lawyers will not settle for anything less than the maximum compensation that you deserve and as allowed by law.\",\"legalName\":\"Black Rock Trial Lawyers\",\"address\":{\"@id\":\"https:\\\/\\\/www.personalinjury.blackrocklaw.com\\\/personal-injury-black-rock-trial-lawyers-tampa-florida\\\/#local-main-place-address\"},\"geo\":{\"@type\":\"GeoCoordinates\",\"latitude\":\"27.943170\",\"longitude\":\"-82.482250\"},\"telephone\":[\"1 (800) 346-7752\"],\"openingHoursSpecification\":{\"@type\":\"OpeningHoursSpecification\",\"dayOfWeek\":[\"Monday\",\"Tuesday\",\"Wednesday\",\"Thursday\",\"Friday\",\"Saturday\",\"Sunday\"],\"opens\":\"00:00\",\"closes\":\"23:59\"},\"email\":\"info@blackrocklaw.com\",\"faxNumber\":\"(813) 254-1777\",\"areaServed\":\"Florida\",\"priceRange\":\"$\",\"currenciesAccepted\":\"Doller\",\"paymentAccepted\":\"All\"},{\"@type\":\"PostalAddress\",\"@id\":\"https:\\\/\\\/www.personalinjury.blackrocklaw.com\\\/personal-injury-black-rock-trial-lawyers-tampa-florida\\\/#local-main-place-address\",\"streetAddress\":\"201 S. Westland Ave., Tampa, FL 33606\",\"addressLocality\":\"Tampa\",\"postalCode\":\"33606\",\"addressRegion\":\"Florida\",\"addressCountry\":\"US\"},{\"@type\":\"ImageObject\",\"inLanguage\":\"es\",\"@id\":\"https:\\\/\\\/www.personalinjury.blackrocklaw.com\\\/personal-injury-black-rock-trial-lawyers-tampa-florida\\\/#local-main-organization-logo\",\"url\":\"https:\\\/\\\/www.personalinjury.blackrocklaw.com\\\/wp-content\\\/uploads\\\/2017\\\/02\\\/BlackRockLogoBlack.png\",\"contentUrl\":\"https:\\\/\\\/www.personalinjury.blackrocklaw.com\\\/wp-content\\\/uploads\\\/2017\\\/02\\\/BlackRockLogoBlack.png\",\"width\":5105,\"height\":1024,\"caption\":\"Black Rock Trial Lawyers\"}]}<\/script>\n<meta name=\"geo.placename\" content=\"Tampa\" \/>\n<meta name=\"geo.position\" content=\"27.943170;-82.482250\" \/>\n<meta name=\"geo.region\" content=\"Estados Unidos (EEUU)\" \/>\n<!-- \/ Yoast SEO Premium plugin. -->","yoast_head_json":{"title":"Lesiones Personales | Black Rock Trial Lawyers | Tampa Florida","description":"Nuestros experimentados abogados en Florida se especializan en ayudar a quienes han sufrido da\u00f1os f\u00edsicos o econ\u00f3micos en casos de lesiones personales.","robots":{"index":"index","follow":"follow","max-snippet":"max-snippet:-1","max-image-preview":"max-image-preview:large","max-video-preview":"max-video-preview:-1"},"canonical":"https:\/\/www.personalinjury.blackrocklaw.com\/es\/personal-injury-black-rock-trial-lawyers-tampa-florida\/","og_locale":"es_ES","og_type":"article","og_title":"LESIONES PERSONALES","og_description":"Nuestros experimentados abogados en Florida se especializan en ayudar a quienes han sufrido da\u00f1os f\u00edsicos o econ\u00f3micos en casos de lesiones personales.","og_url":"https:\/\/www.personalinjury.blackrocklaw.com\/personal-injury-black-rock-trial-lawyers-tampa-florida\/","og_site_name":"Black Rock Trial Lawyers","article_publisher":"https:\/\/www.facebook.com\/blackrocklaw","article_modified_time":"2023-10-11T09:24:25+00:00","twitter_card":"summary_large_image","twitter_site":"@BlackRockLaw","twitter_misc":{"Tiempo de lectura":"3 minutos"},"schema":{"@context":"https:\/\/schema.org","@graph":[{"@type":"WebPage","@id":"https:\/\/www.personalinjury.blackrocklaw.com\/personal-injury-black-rock-trial-lawyers-tampa-florida\/","url":"https:\/\/www.personalinjury.blackrocklaw.com\/personal-injury-black-rock-trial-lawyers-tampa-florida\/","name":"Lesiones Personales | Black Rock Trial Lawyers | Tampa Florida","isPartOf":{"@id":"https:\/\/www.personalinjury.blackrocklaw.com\/#website"},"datePublished":"2021-10-12T11:19:00+00:00","dateModified":"2023-10-11T09:24:25+00:00","description":"Nuestros experimentados abogados en Florida se especializan en ayudar a quienes han sufrido da\u00f1os f\u00edsicos o econ\u00f3micos en casos de lesiones personales.","breadcrumb":{"@id":"https:\/\/www.personalinjury.blackrocklaw.com\/personal-injury-black-rock-trial-lawyers-tampa-florida\/#breadcrumb"},"inLanguage":"es","potentialAction":[{"@type":"ReadAction","target":["https:\/\/www.personalinjury.blackrocklaw.com\/personal-injury-black-rock-trial-lawyers-tampa-florida\/"]}]},{"@type":"BreadcrumbList","@id":"https:\/\/www.personalinjury.blackrocklaw.com\/personal-injury-black-rock-trial-lawyers-tampa-florida\/#breadcrumb","itemListElement":[{"@type":"ListItem","position":1,"name":"Home","item":"https:\/\/www.personalinjury.blackrocklaw.com\/es\/"},{"@type":"ListItem","position":2,"name":"LESIONES PERSONALES"}]},{"@type":"WebSite","@id":"https:\/\/www.personalinjury.blackrocklaw.com\/#website","url":"https:\/\/www.personalinjury.blackrocklaw.com\/","name":"Black Rock Trial Lawyers","description":"Lawyers Attorneys WordPress Theme","publisher":{"@id":"https:\/\/www.personalinjury.blackrocklaw.com\/#organization"},"potentialAction":[{"@type":"SearchAction","target":{"@type":"EntryPoint","urlTemplate":"https:\/\/www.personalinjury.blackrocklaw.com\/?s={search_term_string}"},"query-input":{"@type":"PropertyValueSpecification","valueRequired":true,"valueName":"search_term_string"}}],"inLanguage":"es"},{"@type":["Organization","Place","LegalService"],"@id":"https:\/\/www.personalinjury.blackrocklaw.com\/#organization","name":"Black Rock Trial Lawyers","url":"https:\/\/www.personalinjury.blackrocklaw.com\/","logo":{"@id":"https:\/\/www.personalinjury.blackrocklaw.com\/personal-injury-black-rock-trial-lawyers-tampa-florida\/#local-main-organization-logo"},"image":{"@id":"https:\/\/www.personalinjury.blackrocklaw.com\/personal-injury-black-rock-trial-lawyers-tampa-florida\/#local-main-organization-logo"},"sameAs":["https:\/\/www.facebook.com\/blackrocklaw","https:\/\/x.com\/BlackRockLaw","https:\/\/www.linkedin.com\/company\/black-rock-trial-lawyers-llc\/","https:\/\/www.instagram.com\/blackrocklaw\/","https:\/\/www.youtube.com\/channel\/UCSHAjhgiXY976HZbWUmYkZg"],"description":"Black Rock Trial Lawyers will not settle for anything less than the maximum compensation that you deserve and as allowed by law.","legalName":"Black Rock Trial Lawyers","address":{"@id":"https:\/\/www.personalinjury.blackrocklaw.com\/personal-injury-black-rock-trial-lawyers-tampa-florida\/#local-main-place-address"},"geo":{"@type":"GeoCoordinates","latitude":"27.943170","longitude":"-82.482250"},"telephone":["1 (800) 346-7752"],"openingHoursSpecification":{"@type":"OpeningHoursSpecification","dayOfWeek":["Monday","Tuesday","Wednesday","Thursday","Friday","Saturday","Sunday"],"opens":"00:00","closes":"23:59"},"email":"info@blackrocklaw.com","faxNumber":"(813) 254-1777","areaServed":"Florida","priceRange":"$","currenciesAccepted":"Doller","paymentAccepted":"All"},{"@type":"PostalAddress","@id":"https:\/\/www.personalinjury.blackrocklaw.com\/personal-injury-black-rock-trial-lawyers-tampa-florida\/#local-main-place-address","streetAddress":"201 S. Westland Ave., Tampa, FL 33606","addressLocality":"Tampa","postalCode":"33606","addressRegion":"Florida","addressCountry":"US"},{"@type":"ImageObject","inLanguage":"es","@id":"https:\/\/www.personalinjury.blackrocklaw.com\/personal-injury-black-rock-trial-lawyers-tampa-florida\/#local-main-organization-logo","url":"https:\/\/www.personalinjury.blackrocklaw.com\/wp-content\/uploads\/2017\/02\/BlackRockLogoBlack.png","contentUrl":"https:\/\/www.personalinjury.blackrocklaw.com\/wp-content\/uploads\/2017\/02\/BlackRockLogoBlack.png","width":5105,"height":1024,"caption":"Black Rock Trial Lawyers"}]},"geo.placename":"Tampa","geo.position":{"lat":"27.943170","long":"-82.482250"},"geo.region":"Estados Unidos (EEUU)"},"_links":{"self":[{"href":"https:\/\/www.personalinjury.blackrocklaw.com\/es\/wp-json\/wp\/v2\/pages\/1837","targetHints":{"allow":["GET"]}}],"collection":[{"href":"https:\/\/www.personalinjury.blackrocklaw.com\/es\/wp-json\/wp\/v2\/pages"}],"about":[{"href":"https:\/\/www.personalinjury.blackrocklaw.com\/es\/wp-json\/wp\/v2\/types\/page"}],"author":[{"embeddable":true,"href":"https:\/\/www.personalinjury.blackrocklaw.com\/es\/wp-json\/wp\/v2\/users\/1"}],"replies":[{"embeddable":true,"href":"https:\/\/www.personalinjury.blackrocklaw.com\/es\/wp-json\/wp\/v2\/comments?post=1837"}],"version-history":[{"count":10,"href":"https:\/\/www.personalinjury.blackrocklaw.com\/es\/wp-json\/wp\/v2\/pages\/1837\/revisions"}],"predecessor-version":[{"id":3920,"href":"https:\/\/www.personalinjury.blackrocklaw.com\/es\/wp-json\/wp\/v2\/pages\/1837\/revisions\/3920"}],"wp:attachment":[{"href":"https:\/\/www.personalinjury.blackrocklaw.com\/es\/wp-json\/wp\/v2\/media?parent=1837"}],"curies":[{"name":"wp","href":"https:\/\/api.w.org\/{rel}","templated":true}]}}