{"id":1833,"date":"2021-09-13T09:38:05","date_gmt":"2021-09-13T09:38:05","guid":{"rendered":"https:\/\/blackrocklaw.com\/new\/?page_id=1833"},"modified":"2023-10-11T09:23:22","modified_gmt":"2023-10-11T09:23:22","slug":"our-mission","status":"publish","type":"page","link":"https:\/\/www.personalinjury.blackrocklaw.com\/es\/our-mission\/","title":{"rendered":"Nuestra misi\u00f3n"},"content":{"rendered":"<p>[vc_row full_width=\u00bbstretch_row_content\u00bb equal_height=\u00bbyes\u00bb css=\u00bb.vc_custom_1647951410019{background-color: #000000 !important;}\u00bb][vc_column width=\u00bb8\/12&#8243; el_class=\u00bbjust_white_fonts\u00bb]<div id=\"sc_title_980633078\"\r\n\t\tclass=\"sc_title sc_title_custom_image middle_descri  vc_custom_1648184167109\"><h2 class=\"sc_item_title sc_title_title sc_align_center sc_item_title_style_custom_image sc_item_title_tag\">DECLARACI\u00d3N DE MISI\u00d3N<\/h2><\/div><!-- \/.sc_title -->[vc_column_text el_class=\u00bbmiddle_descri\u00bb]Somos funcionarios de la Corte y representantes del Poder Judicial, de acuerdo con el art\u00edculo III de la Constituci\u00f3n de los Estados Unidos. Nuestra responsabilidad es defender la Constituci\u00f3n de los EE.UU. y la Constituci\u00f3n de los estados donde el bufete est\u00e1 autorizado. Nos adherimos al juramento de los abogados y actuamos con integridad, profesionalidad y empat\u00eda al servir a nuestro equipo, a nuestros clientes y a la comunidad.[\/vc_column_text][vc_column_text css=\u00bb.vc_custom_1648184186201{margin-top: 20px !important;margin-bottom: 20px !important;}\u00bb el_class=\u00bbmiddle_descri\u00bb]Nuestro nombre <strong>\u201cBlack Rock\u201d<\/strong> personifica:[\/vc_column_text][vc_column_text el_class=\u00bbmiddle_descri\u00bb]<\/p>\n<ul>\n<li><strong>Fuerza: <\/strong>Representaci\u00f3n agresiva.<\/li>\n<li><strong>Fundamentos: <\/strong>Fuerte apoyo a nuestros clientes y a nuestro equipo.<\/li>\n<li><strong>Consistencia: <\/strong>Fiabilidad y est\u00e1ndares uniformes en todas nuestras oficinas.<\/li>\n<li><strong>Crecimiento: <\/strong>Alimentar y apoyar el potencial de nuestro equipo y de nuestros clientes.<\/li>\n<li style=\"list-style-type: none;\"><\/li>\n<\/ul>\n<p>Estas son las caracter\u00edsticas esenciales para perseguir la justicia de nuestros clientes.<\/p>\n<p>En la busca de la justicia para nuestros clientes:<\/p>\n<ul>\n<li>Tratamos cada caso como si nuestros clientes fueran nuestros padres.<\/li>\n<li>Buscamos la pronta resoluci\u00f3n del caso con la m\u00e1xima compensaci\u00f3n.<\/li>\n<li>Proporcionamos una comunicaci\u00f3n clara durante todo el caso de nuestro cliente.<\/li>\n<li>Educamos continuamente a nuestros clientes sobre su caso.<\/li>\n<\/ul>\n<p>[\/vc_column_text]<div id=\"sc_title_286421962\"\r\n\t\tclass=\"sc_title sc_title_custom_image middle_descri  vc_custom_1648184277492\"><h2 class=\"sc_item_title sc_title_title sc_align_center sc_item_title_style_custom_image sc_item_title_tag\">VALORES<\/h2><\/div><!-- \/.sc_title -->[vc_column_text el_class=\u00bbmiddle_descri\u00bb css=\u00bb.vc_custom_1648184391764{margin-bottom: 100px !important;}\u00bb]<\/p>\n<ul>\n<li><strong>INTEGRITY. <\/strong>Reconocemos lo que es correcto y lo cumplimos.<\/li>\n<li><strong>RESPETO Y PROFESIONALIDAD.<\/strong> Tratamos a los dem\u00e1s como queremos que nos traten a nosotros.<\/li>\n<li><strong>RESPONSABILIDAD<\/strong>. Nos respetamos mutuamente, aprovechando las oportunidades de contribuir al bien com\u00fan.<\/li>\n<li><strong>COLEGIALIDAD Y COLABORACI\u00d3N.<\/strong> Nos esforzamos sinceramente por ayudarnos unos a otros y cumplimos los compromisos que adquirimos.<\/li>\n<li><strong>LIDERAZGO DE SERVICIO<\/strong>. Prestamos atenci\u00f3n al bien com\u00fan y hacemos lo posible por velar por \u00e9l.<\/li>\n<li><strong>INNOVACI\u00d3N.<\/strong> Pensamos fuera de la caja, para hacer el mejor trabajo posible para la firma y nuestros clientes.<\/li>\n<li><strong>DIVERSIDAD E INCLUSI\u00d3N.<\/strong> Buscamos perspectivas diferentes a las nuestras, educ\u00e1ndonos sobre otras culturas y or\u00edgenes.<\/li>\n<li><strong>EXCELENCIA<\/strong>. Nos esforzamos cada d\u00eda, para convertirnos en las mejores versiones de nosotros mismos.<\/li>\n<\/ul>\n<p>[\/vc_column_text][\/vc_column][vc_column width=\u00bb4\/12&#8243; css=\u00bb.vc_custom_1647952565375{background-image: url(https:\/\/www.blackrocklaw.com\/wp-content\/uploads\/2022\/03\/Lion-2.png?id=2758) !important;background-position: 0 0 !important;background-repeat: no-repeat !important;}\u00bb el_class=\u00bbmylion_rtimg\u00bb][\/vc_column][\/vc_row]<\/p>\n","protected":false},"excerpt":{"rendered":"<p>[vc_row full_width=\u00bbstretch_row_content\u00bb equal_height=\u00bbyes\u00bb css=\u00bb.vc_custom_1647951410019{background-color: #000000 !important;}\u00bb][vc_column width=\u00bb8\/12&#8243; el_class=\u00bbjust_white_fonts\u00bb][vc_column_text el_class=\u00bbmiddle_descri\u00bb]Somos funcionarios de la Corte y representantes del Poder Judicial, de acuerdo con el art\u00edculo III de la Constituci\u00f3n de los Estados Unidos. Nuestra responsabilidad es defender la Constituci\u00f3n de los EE.UU. y la Constituci\u00f3n de los&hellip;<\/p>\n","protected":false},"author":1,"featured_media":0,"parent":0,"menu_order":0,"comment_status":"closed","ping_status":"closed","template":"","meta":{"footnotes":""},"class_list":["post-1833","page","type-page","status-publish","hentry"],"yoast_head":"<!-- This site is optimized with the Yoast SEO Premium plugin v25.3 (Yoast SEO v27.3) - https:\/\/yoast.com\/product\/yoast-seo-premium-wordpress\/ -->\n<title>Nuestra misi\u00f3n - Black Rock Trial Lawyers<\/title>\n<meta name=\"robots\" content=\"index, follow, max-snippet:-1, max-image-preview:large, max-video-preview:-1\" \/>\n<link rel=\"canonical\" href=\"https:\/\/www.personalinjury.blackrocklaw.com\/es\/our-mission\/\" \/>\n<meta property=\"og:locale\" content=\"es_ES\" \/>\n<meta property=\"og:type\" content=\"article\" \/>\n<meta property=\"og:title\" content=\"Nuestra misi\u00f3n\" \/>\n<meta property=\"og:description\" content=\"[vc_row full_width=\u00bbstretch_row_content\u00bb equal_height=\u00bbyes\u00bb css=\u00bb.vc_custom_1647951410019{background-color: #000000 !important;}\u00bb][vc_column width=\u00bb8\/12&#8243; el_class=\u00bbjust_white_fonts\u00bb][vc_column_text el_class=\u00bbmiddle_descri\u00bb]Somos funcionarios de la Corte y representantes del Poder Judicial, de acuerdo con el art\u00edculo III de la Constituci\u00f3n de los Estados Unidos. Nuestra responsabilidad es defender la Constituci\u00f3n de los EE.UU. y la Constituci\u00f3n de los&hellip;\" \/>\n<meta property=\"og:url\" content=\"https:\/\/www.personalinjury.blackrocklaw.com\/our-mission\/\" \/>\n<meta property=\"og:site_name\" content=\"Black Rock Trial Lawyers\" \/>\n<meta property=\"article:publisher\" content=\"https:\/\/www.facebook.com\/blackrocklaw\" \/>\n<meta property=\"article:modified_time\" content=\"2023-10-11T09:23:22+00:00\" \/>\n<meta name=\"twitter:card\" content=\"summary_large_image\" \/>\n<meta name=\"twitter:site\" content=\"@BlackRockLaw\" \/>\n<meta name=\"twitter:label1\" content=\"Tiempo de lectura\" \/>\n\t<meta name=\"twitter:data1\" content=\"2 minutos\" \/>\n<script type=\"application\/ld+json\" class=\"yoast-schema-graph\">{\"@context\":\"https:\\\/\\\/schema.org\",\"@graph\":[{\"@type\":\"WebPage\",\"@id\":\"https:\\\/\\\/www.personalinjury.blackrocklaw.com\\\/our-mission\\\/\",\"url\":\"https:\\\/\\\/www.personalinjury.blackrocklaw.com\\\/our-mission\\\/\",\"name\":\"Nuestra misi\u00f3n - Black Rock Trial Lawyers\",\"isPartOf\":{\"@id\":\"https:\\\/\\\/www.personalinjury.blackrocklaw.com\\\/#website\"},\"datePublished\":\"2021-09-13T09:38:05+00:00\",\"dateModified\":\"2023-10-11T09:23:22+00:00\",\"breadcrumb\":{\"@id\":\"https:\\\/\\\/www.personalinjury.blackrocklaw.com\\\/our-mission\\\/#breadcrumb\"},\"inLanguage\":\"es\",\"potentialAction\":[{\"@type\":\"ReadAction\",\"target\":[\"https:\\\/\\\/www.personalinjury.blackrocklaw.com\\\/our-mission\\\/\"]}]},{\"@type\":\"BreadcrumbList\",\"@id\":\"https:\\\/\\\/www.personalinjury.blackrocklaw.com\\\/our-mission\\\/#breadcrumb\",\"itemListElement\":[{\"@type\":\"ListItem\",\"position\":1,\"name\":\"Home\",\"item\":\"https:\\\/\\\/www.personalinjury.blackrocklaw.com\\\/es\\\/\"},{\"@type\":\"ListItem\",\"position\":2,\"name\":\"Nuestra misi\u00f3n\"}]},{\"@type\":\"WebSite\",\"@id\":\"https:\\\/\\\/www.personalinjury.blackrocklaw.com\\\/#website\",\"url\":\"https:\\\/\\\/www.personalinjury.blackrocklaw.com\\\/\",\"name\":\"Black Rock Trial Lawyers\",\"description\":\"Lawyers Attorneys WordPress Theme\",\"publisher\":{\"@id\":\"https:\\\/\\\/www.personalinjury.blackrocklaw.com\\\/#organization\"},\"potentialAction\":[{\"@type\":\"SearchAction\",\"target\":{\"@type\":\"EntryPoint\",\"urlTemplate\":\"https:\\\/\\\/www.personalinjury.blackrocklaw.com\\\/?s={search_term_string}\"},\"query-input\":{\"@type\":\"PropertyValueSpecification\",\"valueRequired\":true,\"valueName\":\"search_term_string\"}}],\"inLanguage\":\"es\"},{\"@type\":[\"Organization\",\"Place\",\"LegalService\"],\"@id\":\"https:\\\/\\\/www.personalinjury.blackrocklaw.com\\\/#organization\",\"name\":\"Black Rock Trial Lawyers\",\"url\":\"https:\\\/\\\/www.personalinjury.blackrocklaw.com\\\/\",\"logo\":{\"@id\":\"https:\\\/\\\/www.personalinjury.blackrocklaw.com\\\/our-mission\\\/#local-main-organization-logo\"},\"image\":{\"@id\":\"https:\\\/\\\/www.personalinjury.blackrocklaw.com\\\/our-mission\\\/#local-main-organization-logo\"},\"sameAs\":[\"https:\\\/\\\/www.facebook.com\\\/blackrocklaw\",\"https:\\\/\\\/x.com\\\/BlackRockLaw\",\"https:\\\/\\\/www.linkedin.com\\\/company\\\/black-rock-trial-lawyers-llc\\\/\",\"https:\\\/\\\/www.instagram.com\\\/blackrocklaw\\\/\",\"https:\\\/\\\/www.youtube.com\\\/channel\\\/UCSHAjhgiXY976HZbWUmYkZg\"],\"description\":\"Black Rock Trial Lawyers will not settle for anything less than the maximum compensation that you deserve and as allowed by law.\",\"legalName\":\"Black Rock Trial Lawyers\",\"address\":{\"@id\":\"https:\\\/\\\/www.personalinjury.blackrocklaw.com\\\/our-mission\\\/#local-main-place-address\"},\"geo\":{\"@type\":\"GeoCoordinates\",\"latitude\":\"27.943170\",\"longitude\":\"-82.482250\"},\"telephone\":[\"1 (800) 346-7752\"],\"openingHoursSpecification\":{\"@type\":\"OpeningHoursSpecification\",\"dayOfWeek\":[\"Monday\",\"Tuesday\",\"Wednesday\",\"Thursday\",\"Friday\",\"Saturday\",\"Sunday\"],\"opens\":\"00:00\",\"closes\":\"23:59\"},\"email\":\"info@blackrocklaw.com\",\"faxNumber\":\"(813) 254-1777\",\"areaServed\":\"Florida\",\"priceRange\":\"$\",\"currenciesAccepted\":\"Doller\",\"paymentAccepted\":\"All\"},{\"@type\":\"PostalAddress\",\"@id\":\"https:\\\/\\\/www.personalinjury.blackrocklaw.com\\\/our-mission\\\/#local-main-place-address\",\"streetAddress\":\"201 S. Westland Ave., Tampa, FL 33606\",\"addressLocality\":\"Tampa\",\"postalCode\":\"33606\",\"addressRegion\":\"Florida\",\"addressCountry\":\"US\"},{\"@type\":\"ImageObject\",\"inLanguage\":\"es\",\"@id\":\"https:\\\/\\\/www.personalinjury.blackrocklaw.com\\\/our-mission\\\/#local-main-organization-logo\",\"url\":\"https:\\\/\\\/www.personalinjury.blackrocklaw.com\\\/wp-content\\\/uploads\\\/2017\\\/02\\\/BlackRockLogoBlack.png\",\"contentUrl\":\"https:\\\/\\\/www.personalinjury.blackrocklaw.com\\\/wp-content\\\/uploads\\\/2017\\\/02\\\/BlackRockLogoBlack.png\",\"width\":5105,\"height\":1024,\"caption\":\"Black Rock Trial Lawyers\"}]}<\/script>\n<meta name=\"geo.placename\" content=\"Tampa\" \/>\n<meta name=\"geo.position\" content=\"27.943170;-82.482250\" \/>\n<meta name=\"geo.region\" content=\"Estados Unidos (EEUU)\" \/>\n<!-- \/ Yoast SEO Premium plugin. -->","yoast_head_json":{"title":"Nuestra misi\u00f3n - Black Rock Trial Lawyers","robots":{"index":"index","follow":"follow","max-snippet":"max-snippet:-1","max-image-preview":"max-image-preview:large","max-video-preview":"max-video-preview:-1"},"canonical":"https:\/\/www.personalinjury.blackrocklaw.com\/es\/our-mission\/","og_locale":"es_ES","og_type":"article","og_title":"Nuestra misi\u00f3n","og_description":"[vc_row full_width=\u00bbstretch_row_content\u00bb equal_height=\u00bbyes\u00bb css=\u00bb.vc_custom_1647951410019{background-color: #000000 !important;}\u00bb][vc_column width=\u00bb8\/12&#8243; el_class=\u00bbjust_white_fonts\u00bb][vc_column_text el_class=\u00bbmiddle_descri\u00bb]Somos funcionarios de la Corte y representantes del Poder Judicial, de acuerdo con el art\u00edculo III de la Constituci\u00f3n de los Estados Unidos. Nuestra responsabilidad es defender la Constituci\u00f3n de los EE.UU. y la Constituci\u00f3n de los&hellip;","og_url":"https:\/\/www.personalinjury.blackrocklaw.com\/our-mission\/","og_site_name":"Black Rock Trial Lawyers","article_publisher":"https:\/\/www.facebook.com\/blackrocklaw","article_modified_time":"2023-10-11T09:23:22+00:00","twitter_card":"summary_large_image","twitter_site":"@BlackRockLaw","twitter_misc":{"Tiempo de lectura":"2 minutos"},"schema":{"@context":"https:\/\/schema.org","@graph":[{"@type":"WebPage","@id":"https:\/\/www.personalinjury.blackrocklaw.com\/our-mission\/","url":"https:\/\/www.personalinjury.blackrocklaw.com\/our-mission\/","name":"Nuestra misi\u00f3n - Black Rock Trial Lawyers","isPartOf":{"@id":"https:\/\/www.personalinjury.blackrocklaw.com\/#website"},"datePublished":"2021-09-13T09:38:05+00:00","dateModified":"2023-10-11T09:23:22+00:00","breadcrumb":{"@id":"https:\/\/www.personalinjury.blackrocklaw.com\/our-mission\/#breadcrumb"},"inLanguage":"es","potentialAction":[{"@type":"ReadAction","target":["https:\/\/www.personalinjury.blackrocklaw.com\/our-mission\/"]}]},{"@type":"BreadcrumbList","@id":"https:\/\/www.personalinjury.blackrocklaw.com\/our-mission\/#breadcrumb","itemListElement":[{"@type":"ListItem","position":1,"name":"Home","item":"https:\/\/www.personalinjury.blackrocklaw.com\/es\/"},{"@type":"ListItem","position":2,"name":"Nuestra misi\u00f3n"}]},{"@type":"WebSite","@id":"https:\/\/www.personalinjury.blackrocklaw.com\/#website","url":"https:\/\/www.personalinjury.blackrocklaw.com\/","name":"Black Rock Trial Lawyers","description":"Lawyers Attorneys WordPress Theme","publisher":{"@id":"https:\/\/www.personalinjury.blackrocklaw.com\/#organization"},"potentialAction":[{"@type":"SearchAction","target":{"@type":"EntryPoint","urlTemplate":"https:\/\/www.personalinjury.blackrocklaw.com\/?s={search_term_string}"},"query-input":{"@type":"PropertyValueSpecification","valueRequired":true,"valueName":"search_term_string"}}],"inLanguage":"es"},{"@type":["Organization","Place","LegalService"],"@id":"https:\/\/www.personalinjury.blackrocklaw.com\/#organization","name":"Black Rock Trial Lawyers","url":"https:\/\/www.personalinjury.blackrocklaw.com\/","logo":{"@id":"https:\/\/www.personalinjury.blackrocklaw.com\/our-mission\/#local-main-organization-logo"},"image":{"@id":"https:\/\/www.personalinjury.blackrocklaw.com\/our-mission\/#local-main-organization-logo"},"sameAs":["https:\/\/www.facebook.com\/blackrocklaw","https:\/\/x.com\/BlackRockLaw","https:\/\/www.linkedin.com\/company\/black-rock-trial-lawyers-llc\/","https:\/\/www.instagram.com\/blackrocklaw\/","https:\/\/www.youtube.com\/channel\/UCSHAjhgiXY976HZbWUmYkZg"],"description":"Black Rock Trial Lawyers will not settle for anything less than the maximum compensation that you deserve and as allowed by law.","legalName":"Black Rock Trial Lawyers","address":{"@id":"https:\/\/www.personalinjury.blackrocklaw.com\/our-mission\/#local-main-place-address"},"geo":{"@type":"GeoCoordinates","latitude":"27.943170","longitude":"-82.482250"},"telephone":["1 (800) 346-7752"],"openingHoursSpecification":{"@type":"OpeningHoursSpecification","dayOfWeek":["Monday","Tuesday","Wednesday","Thursday","Friday","Saturday","Sunday"],"opens":"00:00","closes":"23:59"},"email":"info@blackrocklaw.com","faxNumber":"(813) 254-1777","areaServed":"Florida","priceRange":"$","currenciesAccepted":"Doller","paymentAccepted":"All"},{"@type":"PostalAddress","@id":"https:\/\/www.personalinjury.blackrocklaw.com\/our-mission\/#local-main-place-address","streetAddress":"201 S. Westland Ave., Tampa, FL 33606","addressLocality":"Tampa","postalCode":"33606","addressRegion":"Florida","addressCountry":"US"},{"@type":"ImageObject","inLanguage":"es","@id":"https:\/\/www.personalinjury.blackrocklaw.com\/our-mission\/#local-main-organization-logo","url":"https:\/\/www.personalinjury.blackrocklaw.com\/wp-content\/uploads\/2017\/02\/BlackRockLogoBlack.png","contentUrl":"https:\/\/www.personalinjury.blackrocklaw.com\/wp-content\/uploads\/2017\/02\/BlackRockLogoBlack.png","width":5105,"height":1024,"caption":"Black Rock Trial Lawyers"}]},"geo.placename":"Tampa","geo.position":{"lat":"27.943170","long":"-82.482250"},"geo.region":"Estados Unidos (EEUU)"},"_links":{"self":[{"href":"https:\/\/www.personalinjury.blackrocklaw.com\/es\/wp-json\/wp\/v2\/pages\/1833","targetHints":{"allow":["GET"]}}],"collection":[{"href":"https:\/\/www.personalinjury.blackrocklaw.com\/es\/wp-json\/wp\/v2\/pages"}],"about":[{"href":"https:\/\/www.personalinjury.blackrocklaw.com\/es\/wp-json\/wp\/v2\/types\/page"}],"author":[{"embeddable":true,"href":"https:\/\/www.personalinjury.blackrocklaw.com\/es\/wp-json\/wp\/v2\/users\/1"}],"replies":[{"embeddable":true,"href":"https:\/\/www.personalinjury.blackrocklaw.com\/es\/wp-json\/wp\/v2\/comments?post=1833"}],"version-history":[{"count":9,"href":"https:\/\/www.personalinjury.blackrocklaw.com\/es\/wp-json\/wp\/v2\/pages\/1833\/revisions"}],"predecessor-version":[{"id":2792,"href":"https:\/\/www.personalinjury.blackrocklaw.com\/es\/wp-json\/wp\/v2\/pages\/1833\/revisions\/2792"}],"wp:attachment":[{"href":"https:\/\/www.personalinjury.blackrocklaw.com\/es\/wp-json\/wp\/v2\/media?parent=1833"}],"curies":[{"name":"wp","href":"https:\/\/api.w.org\/{rel}","templated":true}]}}