{"id":1598,"date":"2021-10-05T15:34:28","date_gmt":"2021-10-05T15:34:28","guid":{"rendered":"https:\/\/blackrocklaw.com\/new\/?page_id=1598"},"modified":"2023-10-11T09:30:44","modified_gmt":"2023-10-11T09:30:44","slug":"su-equipo","status":"publish","type":"page","link":"https:\/\/www.personalinjury.blackrocklaw.com\/es\/su-equipo\/","title":{"rendered":"Su Equipo"},"content":{"rendered":"<p>[vc_row][vc_column][vc_empty_space height=\u00bb2.45em\u00bb alter_height=\u00bbnone\u00bb hide_on_mobile=\u00bb1&#8243;]<div class=\"sc_team sc_team_default\"><h1 class=\"sc_item_title sc_team_title sc_align_center sc_item_title_style_custom_image sc_item_title_tag\">Su Equipo<\/h1><div class=\"sc_item_descr sc_team_descr sc_align_center\"><p>Nuestra Pasion y Enfoque Total Es Luchar #PORSUJUSTICIA<\/p>\n<\/div><div class=\"sc_team_columns sc_item_columns trx_addons_columns_wrap columns_padding_bottom\"><div class=\"trx_addons_column-1_2\"><div class=\"sc_team_item\">\r\n\t<div class=\"post_featured with_thumb hover_dots sc_team_item_thumb trx_addons_column-1_2\"><img decoding=\"async\" width=\"300\" height=\"400\" data-src=\"https:\/\/www.personalinjury.blackrocklaw.com\/wp-content\/uploads\/2017\/02\/getchi-ceo.jpg\" class=\"attachment-legal_stone-thumb-avatar size-legal_stone-thumb-avatar wp-post-image lazyload\" alt=\"Gil Sanchez, Esq.\" data-srcset=\"https:\/\/www.personalinjury.blackrocklaw.com\/wp-content\/uploads\/2017\/02\/getchi-ceo.jpg 300w, https:\/\/www.personalinjury.blackrocklaw.com\/wp-content\/uploads\/2017\/02\/getchi-ceo-225x300.jpg 225w, https:\/\/www.personalinjury.blackrocklaw.com\/wp-content\/uploads\/2017\/02\/getchi-ceo-113x150.jpg 113w\" data-sizes=\"(max-width: 300px) 100vw, 300px\" src=\"data:image\/svg+xml;base64,PHN2ZyB3aWR0aD0iMSIgaGVpZ2h0PSIxIiB4bWxucz0iaHR0cDovL3d3dy53My5vcmcvMjAwMC9zdmciPjwvc3ZnPg==\" style=\"--smush-placeholder-width: 300px; --smush-placeholder-aspect-ratio: 300\/400;\" \/><div class=\"mask\"><\/div><a href=\"https:\/\/www.personalinjury.blackrocklaw.com\/es\/team\/gil-sanchez-esq\/\" aria-hidden=\"true\" class=\"icons\"><span><\/span><span><\/span><span><\/span><\/a><\/div>\t<div class=\"sc_team_item_info trx_addons_column-1_2\">\r\n        <div class=\"sc_team_item_info_inner\">\r\n\r\n            <div class=\"sc_team_item_header\">\r\n                <h4 class=\"sc_team_item_title\"><a href=\"https:\/\/www.personalinjury.blackrocklaw.com\/es\/team\/gil-sanchez-esq\/\">Gil Sanchez, Esq.<\/a><\/h4>\r\n                <div class=\"sc_team_item_subtitle\">Directora ejecutiva<\/div>\r\n            <\/div>\r\n            <div class=\"sc_team_item_content\"><p>Mi vocaci\u00f3n en la profesi\u00f3n jur\u00eddica es dar voz a los que no pueden hablar por s\u00ed mismos. La justicia debe ser dalt\u00f3nica y accesible para todos, sin importar su aspecto, su lugar de nacimiento o su nivel econ\u00f3mico.<\/p>\n<\/div>\r\n            <div class=\"sc_team_item_socials socials_wrap\"><a target=\"_blank\" href=\"https:\/\/twitter.com\/BlackRockLaw\" class=\"social_item social_item_style_icons social_item_type_icons\"><span class=\"social_icon social_twitter\"><span class=\"icon-twitter\"><\/span><\/span><\/a><a target=\"_blank\" href=\"https:\/\/www.facebook.com\/blackrocklaw\" class=\"social_item social_item_style_icons social_item_type_icons\"><span class=\"social_icon social_facebook\"><span class=\"icon-facebook\"><\/span><\/span><\/a><a target=\"_blank\" href=\"https:\/\/www.youtube.com\/channel\/UCSHAjhgiXY976HZbWUmYkZg\" class=\"social_item social_item_style_icons social_item_type_icons\"><span class=\"social_icon social_youtube\"><span class=\"icon-youtube\"><\/span><\/span><\/a><a target=\"_blank\" href=\"https:\/\/www.linkedin.com\/company\/black-rock-trial-lawyers-llc\/\" class=\"social_item social_item_style_icons social_item_type_icons\"><span class=\"social_icon social_linkedin\"><span class=\"icon-linkedin\"><\/span><\/span><\/a><\/div>            <div class=\"sc_team_item_button\"><a href=\"https:\/\/www.personalinjury.blackrocklaw.com\/es\/team\/gil-sanchez-esq\/\" class=\"sc_button sc_button_simple\">Learn more<\/a><\/div>\r\n        <\/div>\r\n\t<\/div>\r\n<\/div>\r\n<\/div><div class=\"trx_addons_column-1_2\"><div class=\"sc_team_item\">\r\n\t<div class=\"post_featured with_thumb hover_dots sc_team_item_thumb trx_addons_column-1_2\"><img decoding=\"async\" width=\"300\" height=\"400\" data-src=\"https:\/\/www.personalinjury.blackrocklaw.com\/wp-content\/uploads\/2017\/02\/BioMonicaSanche.jpg\" class=\"attachment-legal_stone-thumb-avatar size-legal_stone-thumb-avatar wp-post-image lazyload\" alt=\"Monica A. Sanchez\" data-srcset=\"https:\/\/www.personalinjury.blackrocklaw.com\/wp-content\/uploads\/2017\/02\/BioMonicaSanche.jpg 300w, https:\/\/www.personalinjury.blackrocklaw.com\/wp-content\/uploads\/2017\/02\/BioMonicaSanche-225x300.jpg 225w, https:\/\/www.personalinjury.blackrocklaw.com\/wp-content\/uploads\/2017\/02\/BioMonicaSanche-113x150.jpg 113w\" data-sizes=\"(max-width: 300px) 100vw, 300px\" src=\"data:image\/svg+xml;base64,PHN2ZyB3aWR0aD0iMSIgaGVpZ2h0PSIxIiB4bWxucz0iaHR0cDovL3d3dy53My5vcmcvMjAwMC9zdmciPjwvc3ZnPg==\" style=\"--smush-placeholder-width: 300px; --smush-placeholder-aspect-ratio: 300\/400;\" \/><div class=\"mask\"><\/div><a href=\"https:\/\/www.personalinjury.blackrocklaw.com\/es\/team\/monica-a-sanchez\/\" aria-hidden=\"true\" class=\"icons\"><span><\/span><span><\/span><span><\/span><\/a><\/div>\t<div class=\"sc_team_item_info trx_addons_column-1_2\">\r\n        <div class=\"sc_team_item_info_inner\">\r\n\r\n            <div class=\"sc_team_item_header\">\r\n                <h4 class=\"sc_team_item_title\"><a href=\"https:\/\/www.personalinjury.blackrocklaw.com\/es\/team\/monica-a-sanchez\/\">Monica A. Sanchez<\/a><\/h4>\r\n                <div class=\"sc_team_item_subtitle\">Directora de operaciones<\/div>\r\n            <\/div>\r\n            <div class=\"sc_team_item_content\"><p>Tratamos a cada cliente como si fuera el caso de nuestros padres. Todos merecen la mejor representaci\u00f3n legal y actualizaciones constantes de su caso.<\/p>\n<\/div>\r\n            <div class=\"sc_team_item_socials socials_wrap\"><a target=\"_blank\" href=\"https:\/\/twitter.com\/BlackRockLaw\" class=\"social_item social_item_style_icons social_item_type_icons\"><span class=\"social_icon social_twitter\"><span class=\"icon-twitter\"><\/span><\/span><\/a><a target=\"_blank\" href=\"https:\/\/www.facebook.com\/blackrocklaw\" class=\"social_item social_item_style_icons social_item_type_icons\"><span class=\"social_icon social_facebook\"><span class=\"icon-facebook\"><\/span><\/span><\/a><a target=\"_blank\" href=\"https:\/\/www.youtube.com\/channel\/UCSHAjhgiXY976HZbWUmYkZg\" class=\"social_item social_item_style_icons social_item_type_icons\"><span class=\"social_icon social_youtube\"><span class=\"icon-youtube\"><\/span><\/span><\/a><a target=\"_blank\" href=\"https:\/\/www.linkedin.com\/company\/black-rock-trial-lawyers-llc\/\" class=\"social_item social_item_style_icons social_item_type_icons\"><span class=\"social_icon social_linkedin\"><span class=\"icon-linkedin\"><\/span><\/span><\/a><\/div>            <div class=\"sc_team_item_button\"><a href=\"https:\/\/www.personalinjury.blackrocklaw.com\/es\/team\/monica-a-sanchez\/\" class=\"sc_button sc_button_simple\">Learn more<\/a><\/div>\r\n        <\/div>\r\n\t<\/div>\r\n<\/div>\r\n<\/div><\/div><\/div><!-- \/.sc_team -->[\/vc_column][\/vc_row][vc_row][vc_column][vc_empty_space height=\u00bb132px\u00bb hide_on_mobile=\u00bb\u00bb][vc_column_text]I am text block. Click edit button to change this text. Lorem ipsum dolor sit amet, consectetur adipiscing elit. Ut elit tellus, luctus nec ullamcorper mattis, pulvinar dapibus leo.[\/vc_column_text][\/vc_column][\/vc_row]<\/p>\n","protected":false},"excerpt":{"rendered":"<p>[vc_row][vc_column][vc_empty_space height=\u00bb2.45em\u00bb alter_height=\u00bbnone\u00bb hide_on_mobile=\u00bb1&#8243;][\/vc_column][\/vc_row][vc_row][vc_column][vc_empty_space height=\u00bb132px\u00bb hide_on_mobile=\u00bb\u00bb][vc_column_text]I am text block. Click edit button to change this text. Lorem ipsum dolor sit amet, consectetur adipiscing elit. Ut elit tellus, luctus nec ullamcorper mattis, pulvinar dapibus leo.[\/vc_column_text][\/vc_column][\/vc_row]<\/p>\n","protected":false},"author":1,"featured_media":0,"parent":0,"menu_order":0,"comment_status":"closed","ping_status":"closed","template":"","meta":{"footnotes":""},"class_list":["post-1598","page","type-page","status-publish","hentry"],"yoast_head":"<!-- This site is optimized with the Yoast SEO Premium plugin v25.3 (Yoast SEO v27.3) - https:\/\/yoast.com\/product\/yoast-seo-premium-wordpress\/ -->\n<title>Su Equipo - Black Rock Trial Lawyers<\/title>\n<meta name=\"robots\" content=\"index, follow, max-snippet:-1, max-image-preview:large, max-video-preview:-1\" \/>\n<link rel=\"canonical\" href=\"https:\/\/www.personalinjury.blackrocklaw.com\/es\/the-team\/\" \/>\n<meta property=\"og:locale\" content=\"es_ES\" \/>\n<meta property=\"og:type\" content=\"article\" \/>\n<meta property=\"og:title\" content=\"Su Equipo\" \/>\n<meta property=\"og:description\" content=\"[vc_row][vc_column][vc_empty_space height=\u00bb2.45em\u00bb alter_height=\u00bbnone\u00bb hide_on_mobile=\u00bb1&#8243;][\/vc_column][\/vc_row][vc_row][vc_column][vc_empty_space height=\u00bb132px\u00bb hide_on_mobile=\u00bb\u00bb][vc_column_text]I am text block. Click edit button to change this text. Lorem ipsum dolor sit amet, consectetur adipiscing elit. Ut elit tellus, luctus nec ullamcorper mattis, pulvinar dapibus leo.[\/vc_column_text][\/vc_column][\/vc_row]\" \/>\n<meta property=\"og:url\" content=\"https:\/\/www.personalinjury.blackrocklaw.com\/the-team\/\" \/>\n<meta property=\"og:site_name\" content=\"Black Rock Trial Lawyers\" \/>\n<meta property=\"article:publisher\" content=\"https:\/\/www.facebook.com\/blackrocklaw\" \/>\n<meta property=\"article:modified_time\" content=\"2023-10-11T09:30:44+00:00\" \/>\n<meta name=\"twitter:card\" content=\"summary_large_image\" \/>\n<meta name=\"twitter:site\" content=\"@BlackRockLaw\" \/>\n<meta name=\"twitter:label1\" content=\"Tiempo de lectura\" \/>\n\t<meta name=\"twitter:data1\" content=\"1 minuto\" \/>\n<script type=\"application\/ld+json\" class=\"yoast-schema-graph\">{\"@context\":\"https:\\\/\\\/schema.org\",\"@graph\":[{\"@type\":\"WebPage\",\"@id\":\"https:\\\/\\\/www.personalinjury.blackrocklaw.com\\\/the-team\\\/\",\"url\":\"https:\\\/\\\/www.personalinjury.blackrocklaw.com\\\/the-team\\\/\",\"name\":\"Su Equipo - Black Rock Trial Lawyers\",\"isPartOf\":{\"@id\":\"https:\\\/\\\/www.personalinjury.blackrocklaw.com\\\/#website\"},\"datePublished\":\"2021-10-05T15:34:28+00:00\",\"dateModified\":\"2023-10-11T09:30:44+00:00\",\"breadcrumb\":{\"@id\":\"https:\\\/\\\/www.personalinjury.blackrocklaw.com\\\/the-team\\\/#breadcrumb\"},\"inLanguage\":\"es\",\"potentialAction\":[{\"@type\":\"ReadAction\",\"target\":[\"https:\\\/\\\/www.personalinjury.blackrocklaw.com\\\/the-team\\\/\"]}]},{\"@type\":\"BreadcrumbList\",\"@id\":\"https:\\\/\\\/www.personalinjury.blackrocklaw.com\\\/the-team\\\/#breadcrumb\",\"itemListElement\":[{\"@type\":\"ListItem\",\"position\":1,\"name\":\"Home\",\"item\":\"https:\\\/\\\/www.personalinjury.blackrocklaw.com\\\/es\\\/\"},{\"@type\":\"ListItem\",\"position\":2,\"name\":\"Su Equipo\"}]},{\"@type\":\"WebSite\",\"@id\":\"https:\\\/\\\/www.personalinjury.blackrocklaw.com\\\/#website\",\"url\":\"https:\\\/\\\/www.personalinjury.blackrocklaw.com\\\/\",\"name\":\"Black Rock Trial Lawyers\",\"description\":\"Lawyers Attorneys WordPress Theme\",\"publisher\":{\"@id\":\"https:\\\/\\\/www.personalinjury.blackrocklaw.com\\\/#organization\"},\"potentialAction\":[{\"@type\":\"SearchAction\",\"target\":{\"@type\":\"EntryPoint\",\"urlTemplate\":\"https:\\\/\\\/www.personalinjury.blackrocklaw.com\\\/?s={search_term_string}\"},\"query-input\":{\"@type\":\"PropertyValueSpecification\",\"valueRequired\":true,\"valueName\":\"search_term_string\"}}],\"inLanguage\":\"es\"},{\"@type\":[\"Organization\",\"Place\",\"LegalService\"],\"@id\":\"https:\\\/\\\/www.personalinjury.blackrocklaw.com\\\/#organization\",\"name\":\"Black Rock Trial Lawyers\",\"url\":\"https:\\\/\\\/www.personalinjury.blackrocklaw.com\\\/\",\"logo\":{\"@id\":\"https:\\\/\\\/www.personalinjury.blackrocklaw.com\\\/the-team\\\/#local-main-organization-logo\"},\"image\":{\"@id\":\"https:\\\/\\\/www.personalinjury.blackrocklaw.com\\\/the-team\\\/#local-main-organization-logo\"},\"sameAs\":[\"https:\\\/\\\/www.facebook.com\\\/blackrocklaw\",\"https:\\\/\\\/x.com\\\/BlackRockLaw\",\"https:\\\/\\\/www.linkedin.com\\\/company\\\/black-rock-trial-lawyers-llc\\\/\",\"https:\\\/\\\/www.instagram.com\\\/blackrocklaw\\\/\",\"https:\\\/\\\/www.youtube.com\\\/channel\\\/UCSHAjhgiXY976HZbWUmYkZg\"],\"description\":\"Black Rock Trial Lawyers will not settle for anything less than the maximum compensation that you deserve and as allowed by law.\",\"legalName\":\"Black Rock Trial Lawyers\",\"address\":{\"@id\":\"https:\\\/\\\/www.personalinjury.blackrocklaw.com\\\/the-team\\\/#local-main-place-address\"},\"geo\":{\"@type\":\"GeoCoordinates\",\"latitude\":\"27.943170\",\"longitude\":\"-82.482250\"},\"telephone\":[\"1 (800) 346-7752\"],\"openingHoursSpecification\":{\"@type\":\"OpeningHoursSpecification\",\"dayOfWeek\":[\"Monday\",\"Tuesday\",\"Wednesday\",\"Thursday\",\"Friday\",\"Saturday\",\"Sunday\"],\"opens\":\"00:00\",\"closes\":\"23:59\"},\"email\":\"info@blackrocklaw.com\",\"faxNumber\":\"(813) 254-1777\",\"areaServed\":\"Florida\",\"priceRange\":\"$\",\"currenciesAccepted\":\"Doller\",\"paymentAccepted\":\"All\"},{\"@type\":\"PostalAddress\",\"@id\":\"https:\\\/\\\/www.personalinjury.blackrocklaw.com\\\/the-team\\\/#local-main-place-address\",\"streetAddress\":\"201 S. Westland Ave., Tampa, FL 33606\",\"addressLocality\":\"Tampa\",\"postalCode\":\"33606\",\"addressRegion\":\"Florida\",\"addressCountry\":\"US\"},{\"@type\":\"ImageObject\",\"inLanguage\":\"es\",\"@id\":\"https:\\\/\\\/www.personalinjury.blackrocklaw.com\\\/the-team\\\/#local-main-organization-logo\",\"url\":\"https:\\\/\\\/www.personalinjury.blackrocklaw.com\\\/wp-content\\\/uploads\\\/2017\\\/02\\\/BlackRockLogoBlack.png\",\"contentUrl\":\"https:\\\/\\\/www.personalinjury.blackrocklaw.com\\\/wp-content\\\/uploads\\\/2017\\\/02\\\/BlackRockLogoBlack.png\",\"width\":5105,\"height\":1024,\"caption\":\"Black Rock Trial Lawyers\"}]}<\/script>\n<meta name=\"geo.placename\" content=\"Tampa\" \/>\n<meta name=\"geo.position\" content=\"27.943170;-82.482250\" \/>\n<meta name=\"geo.region\" content=\"Estados Unidos (EEUU)\" \/>\n<!-- \/ Yoast SEO Premium plugin. -->","yoast_head_json":{"title":"Su Equipo - Black Rock Trial Lawyers","robots":{"index":"index","follow":"follow","max-snippet":"max-snippet:-1","max-image-preview":"max-image-preview:large","max-video-preview":"max-video-preview:-1"},"canonical":"https:\/\/www.personalinjury.blackrocklaw.com\/es\/the-team\/","og_locale":"es_ES","og_type":"article","og_title":"Su Equipo","og_description":"[vc_row][vc_column][vc_empty_space height=\u00bb2.45em\u00bb alter_height=\u00bbnone\u00bb hide_on_mobile=\u00bb1&#8243;][\/vc_column][\/vc_row][vc_row][vc_column][vc_empty_space height=\u00bb132px\u00bb hide_on_mobile=\u00bb\u00bb][vc_column_text]I am text block. Click edit button to change this text. Lorem ipsum dolor sit amet, consectetur adipiscing elit. Ut elit tellus, luctus nec ullamcorper mattis, pulvinar dapibus leo.[\/vc_column_text][\/vc_column][\/vc_row]","og_url":"https:\/\/www.personalinjury.blackrocklaw.com\/the-team\/","og_site_name":"Black Rock Trial Lawyers","article_publisher":"https:\/\/www.facebook.com\/blackrocklaw","article_modified_time":"2023-10-11T09:30:44+00:00","twitter_card":"summary_large_image","twitter_site":"@BlackRockLaw","twitter_misc":{"Tiempo de lectura":"1 minuto"},"schema":{"@context":"https:\/\/schema.org","@graph":[{"@type":"WebPage","@id":"https:\/\/www.personalinjury.blackrocklaw.com\/the-team\/","url":"https:\/\/www.personalinjury.blackrocklaw.com\/the-team\/","name":"Su Equipo - Black Rock Trial Lawyers","isPartOf":{"@id":"https:\/\/www.personalinjury.blackrocklaw.com\/#website"},"datePublished":"2021-10-05T15:34:28+00:00","dateModified":"2023-10-11T09:30:44+00:00","breadcrumb":{"@id":"https:\/\/www.personalinjury.blackrocklaw.com\/the-team\/#breadcrumb"},"inLanguage":"es","potentialAction":[{"@type":"ReadAction","target":["https:\/\/www.personalinjury.blackrocklaw.com\/the-team\/"]}]},{"@type":"BreadcrumbList","@id":"https:\/\/www.personalinjury.blackrocklaw.com\/the-team\/#breadcrumb","itemListElement":[{"@type":"ListItem","position":1,"name":"Home","item":"https:\/\/www.personalinjury.blackrocklaw.com\/es\/"},{"@type":"ListItem","position":2,"name":"Su Equipo"}]},{"@type":"WebSite","@id":"https:\/\/www.personalinjury.blackrocklaw.com\/#website","url":"https:\/\/www.personalinjury.blackrocklaw.com\/","name":"Black Rock Trial Lawyers","description":"Lawyers Attorneys WordPress Theme","publisher":{"@id":"https:\/\/www.personalinjury.blackrocklaw.com\/#organization"},"potentialAction":[{"@type":"SearchAction","target":{"@type":"EntryPoint","urlTemplate":"https:\/\/www.personalinjury.blackrocklaw.com\/?s={search_term_string}"},"query-input":{"@type":"PropertyValueSpecification","valueRequired":true,"valueName":"search_term_string"}}],"inLanguage":"es"},{"@type":["Organization","Place","LegalService"],"@id":"https:\/\/www.personalinjury.blackrocklaw.com\/#organization","name":"Black Rock Trial Lawyers","url":"https:\/\/www.personalinjury.blackrocklaw.com\/","logo":{"@id":"https:\/\/www.personalinjury.blackrocklaw.com\/the-team\/#local-main-organization-logo"},"image":{"@id":"https:\/\/www.personalinjury.blackrocklaw.com\/the-team\/#local-main-organization-logo"},"sameAs":["https:\/\/www.facebook.com\/blackrocklaw","https:\/\/x.com\/BlackRockLaw","https:\/\/www.linkedin.com\/company\/black-rock-trial-lawyers-llc\/","https:\/\/www.instagram.com\/blackrocklaw\/","https:\/\/www.youtube.com\/channel\/UCSHAjhgiXY976HZbWUmYkZg"],"description":"Black Rock Trial Lawyers will not settle for anything less than the maximum compensation that you deserve and as allowed by law.","legalName":"Black Rock Trial Lawyers","address":{"@id":"https:\/\/www.personalinjury.blackrocklaw.com\/the-team\/#local-main-place-address"},"geo":{"@type":"GeoCoordinates","latitude":"27.943170","longitude":"-82.482250"},"telephone":["1 (800) 346-7752"],"openingHoursSpecification":{"@type":"OpeningHoursSpecification","dayOfWeek":["Monday","Tuesday","Wednesday","Thursday","Friday","Saturday","Sunday"],"opens":"00:00","closes":"23:59"},"email":"info@blackrocklaw.com","faxNumber":"(813) 254-1777","areaServed":"Florida","priceRange":"$","currenciesAccepted":"Doller","paymentAccepted":"All"},{"@type":"PostalAddress","@id":"https:\/\/www.personalinjury.blackrocklaw.com\/the-team\/#local-main-place-address","streetAddress":"201 S. Westland Ave., Tampa, FL 33606","addressLocality":"Tampa","postalCode":"33606","addressRegion":"Florida","addressCountry":"US"},{"@type":"ImageObject","inLanguage":"es","@id":"https:\/\/www.personalinjury.blackrocklaw.com\/the-team\/#local-main-organization-logo","url":"https:\/\/www.personalinjury.blackrocklaw.com\/wp-content\/uploads\/2017\/02\/BlackRockLogoBlack.png","contentUrl":"https:\/\/www.personalinjury.blackrocklaw.com\/wp-content\/uploads\/2017\/02\/BlackRockLogoBlack.png","width":5105,"height":1024,"caption":"Black Rock Trial Lawyers"}]},"geo.placename":"Tampa","geo.position":{"lat":"27.943170","long":"-82.482250"},"geo.region":"Estados Unidos (EEUU)"},"_links":{"self":[{"href":"https:\/\/www.personalinjury.blackrocklaw.com\/es\/wp-json\/wp\/v2\/pages\/1598","targetHints":{"allow":["GET"]}}],"collection":[{"href":"https:\/\/www.personalinjury.blackrocklaw.com\/es\/wp-json\/wp\/v2\/pages"}],"about":[{"href":"https:\/\/www.personalinjury.blackrocklaw.com\/es\/wp-json\/wp\/v2\/types\/page"}],"author":[{"embeddable":true,"href":"https:\/\/www.personalinjury.blackrocklaw.com\/es\/wp-json\/wp\/v2\/users\/1"}],"replies":[{"embeddable":true,"href":"https:\/\/www.personalinjury.blackrocklaw.com\/es\/wp-json\/wp\/v2\/comments?post=1598"}],"version-history":[{"count":12,"href":"https:\/\/www.personalinjury.blackrocklaw.com\/es\/wp-json\/wp\/v2\/pages\/1598\/revisions"}],"predecessor-version":[{"id":1613,"href":"https:\/\/www.personalinjury.blackrocklaw.com\/es\/wp-json\/wp\/v2\/pages\/1598\/revisions\/1613"}],"wp:attachment":[{"href":"https:\/\/www.personalinjury.blackrocklaw.com\/es\/wp-json\/wp\/v2\/media?parent=1598"}],"curies":[{"name":"wp","href":"https:\/\/api.w.org\/{rel}","templated":true}]}}